{"id":737,"date":"2025-07-24T10:36:50","date_gmt":"2025-07-24T10:36:50","guid":{"rendered":"https:\/\/www.xhplasticlife.com\/?post_type=product&#038;p=737"},"modified":"2025-07-24T10:36:50","modified_gmt":"2025-07-24T10:36:50","slug":"freezer-storage-containers-wholesale","status":"publish","type":"product","link":"https:\/\/www.xhplasticlife.com\/fr\/produit\/freezer-storage-containers-wholesale\/","title":{"rendered":"Best Freezer Storage Containers Wholesale Food Storage Container Set Supplier"},"content":{"rendered":"<div class=\"wp-block-columns is-layout-flex wp-container-core-columns-is-layout-9d6595d7 wp-block-columns-is-layout-flex\">\n<div class=\"wp-block-column is-layout-flow wp-block-column-is-layout-flow\">\n<h2 class=\"wp-block-heading\">R\u00e9cipients de cong\u00e9lation en gros Caract\u00e9ristiques :<\/h2>\n\n\n\n<ul class=\"wp-block-list\">\n<li><strong>Fonction de stockage dans le cong\u00e9lateur<\/strong>Les r\u00e9cipients de cong\u00e9lation : plastique de haute qualit\u00e9, adapt\u00e9 au stockage \u00e0 long terme d'ingr\u00e9dients congel\u00e9s, est le produit pr\u00e9f\u00e9r\u00e9 des grossistes en r\u00e9cipients de cong\u00e9lation, pour conserver la fra\u00eecheur des aliments.<\/li>\n\n\n\n<li><strong>Conception multifonctionnelle<\/strong>La bo\u00eete de conservation : peut \u00eatre utilis\u00e9e pour le stockage dans le r\u00e9frig\u00e9rateur, la pr\u00e9paration des repas, la bo\u00eete \u00e0 salade et d'autres sc\u00e9narios, r\u00e9pond aux besoins familiaux et commerciaux, est un mod\u00e8le tr\u00e8s vendu par les fournisseurs de bo\u00eetes de conservation.<\/li>\n\n\n\n<li><strong>Scell\u00e9 et \u00e9tanche<\/strong>La bo\u00eete est \u00e9quip\u00e9e d'un couvercle herm\u00e9tique et d'une serrure pour \u00e9viter les fuites d'aliments. Elle convient \u00e0 la r\u00e9frig\u00e9ration, \u00e0 la cong\u00e9lation et au chauffage au micro-ondes.<\/li>\n\n\n\n<li><strong>Stockage par partition<\/strong>Le syst\u00e8me de cloisons multiples permet d'emballer diff\u00e9rents types d'aliments. Il est particuli\u00e8rement adapt\u00e9 \u00e0 la restauration \u00e0 emporter et \u00e0 la pr\u00e9paration de repas familiaux.<\/li>\n\n\n\n<li><strong>Mat\u00e9riau respectueux de l'environnement<\/strong>: Plastique sans BPA, sain et s\u00fbr, durable et non d\u00e9formable, adapt\u00e9 \u00e0 un usage quotidien.<\/li>\n\n\n\n<li><strong>Soutien aux achats en gros<\/strong>Les produits de l'entreprise sont des produits de consommation courante, des produits de conservation, des produits de stockage, des produits d'emballage, des produits de stockage de produits alimentaires, des produits de stockage de produits alimentaires, des produits de stockage de produits alimentaires, etc.<\/li>\n<\/ul>\n<\/div>\n\n\n\n<div class=\"wp-block-column is-layout-flow wp-block-column-is-layout-flow\">\n<figure class=\"wp-block-image size-full\"><img decoding=\"async\" width=\"800\" height=\"800\" src=\"https:\/\/www.xhplasticlife.com\/wp-content\/uploads\/2025\/07\/Best-Freezer-Storage-Containers-Wholesaler-4.webp\" alt=\"Best Freezer Storage Containers Wholesaler (4)\" class=\"wp-image-749\" srcset=\"https:\/\/www.xhplasticlife.com\/wp-content\/uploads\/2025\/07\/Best-Freezer-Storage-Containers-Wholesaler-4.webp 800w, https:\/\/www.xhplasticlife.com\/wp-content\/uploads\/2025\/07\/Best-Freezer-Storage-Containers-Wholesaler-4-300x300.webp 300w, https:\/\/www.xhplasticlife.com\/wp-content\/uploads\/2025\/07\/Best-Freezer-Storage-Containers-Wholesaler-4-150x150.webp 150w, https:\/\/www.xhplasticlife.com\/wp-content\/uploads\/2025\/07\/Best-Freezer-Storage-Containers-Wholesaler-4-768x768.webp 768w, https:\/\/www.xhplasticlife.com\/wp-content\/uploads\/2025\/07\/Best-Freezer-Storage-Containers-Wholesaler-4-600x600.webp 600w, https:\/\/www.xhplasticlife.com\/wp-content\/uploads\/2025\/07\/Best-Freezer-Storage-Containers-Wholesaler-4-100x100.webp 100w\" sizes=\"(max-width: 800px) 100vw, 800px\" \/><\/figure>\n<\/div>\n<\/div>\n\n\n\n<h2 class=\"wp-block-heading\">Conteneurs de cong\u00e9lation en vrac Taille :<\/h2>\n\n\n\n<figure class=\"wp-block-table is-style-stripes\"><table class=\"has-fixed-layout\"><tbody><tr><td>Mod\u00e8le<\/td><td>Capacit\u00e9<\/td><td>N.W.\/PCS<\/td><td>G.W.\/Cas<\/td><td>Quantit\u00e9 par caisse<\/td><td>Taille de la bo\u00eete ext\u00e9rieure<\/td><\/tr><tr><td>BX1131<\/td><td>300ML<\/td><td>13.5KG<\/td><td>38G<\/td><td>300pcs<\/td><td>60x53x47cm<\/td><\/tr><tr><td>BX1132<\/td><td>600ML<\/td><td>12.2KG<\/td><td>63G<\/td><td>160pcs<\/td><td>61\u00d745.5x56cm<\/td><\/tr><tr><td>BX1133<\/td><td>1000ML<\/td><td>11KG<\/td><td>94G<\/td><td>100pcs<\/td><td>65x36x66cm<\/td><\/tr><tr><td>BX1134<\/td><td>1500ML<\/td><td>11.5KG<\/td><td>126G<\/td><td>80pcs<\/td><td>57.5x41x75.5cm<\/td><\/tr><tr><td>BX1135<\/td><td>2000ML<\/td><td>11.4KG<\/td><td>155G<\/td><td>64 pi\u00e8ces<\/td><td>63x44x72.5cm<\/td><\/tr><tr><td>BX1136<\/td><td>3050ML<\/td><td>11.3KG<\/td><td>208G<\/td><td>48pcs<\/td><td>54\u00d750.5x78cm<\/td><\/tr><\/tbody><\/table><\/figure>\n\n\n\n<div class=\"wp-block-columns is-layout-flex wp-container-core-columns-is-layout-9d6595d7 wp-block-columns-is-layout-flex\">\n<div class=\"wp-block-column is-layout-flow wp-block-column-is-layout-flow\">\n<figure class=\"wp-block-image size-full\"><img decoding=\"async\" width=\"800\" height=\"800\" src=\"https:\/\/www.xhplasticlife.com\/wp-content\/uploads\/2025\/07\/Wholesale-Freezer-Storage-Containers-3.webp\" alt=\"Conteneurs de cong\u00e9lation en gros (3)\" class=\"wp-image-752\" srcset=\"https:\/\/www.xhplasticlife.com\/wp-content\/uploads\/2025\/07\/Wholesale-Freezer-Storage-Containers-3.webp 800w, https:\/\/www.xhplasticlife.com\/wp-content\/uploads\/2025\/07\/Wholesale-Freezer-Storage-Containers-3-300x300.webp 300w, https:\/\/www.xhplasticlife.com\/wp-content\/uploads\/2025\/07\/Wholesale-Freezer-Storage-Containers-3-150x150.webp 150w, https:\/\/www.xhplasticlife.com\/wp-content\/uploads\/2025\/07\/Wholesale-Freezer-Storage-Containers-3-768x768.webp 768w, https:\/\/www.xhplasticlife.com\/wp-content\/uploads\/2025\/07\/Wholesale-Freezer-Storage-Containers-3-600x600.webp 600w, https:\/\/www.xhplasticlife.com\/wp-content\/uploads\/2025\/07\/Wholesale-Freezer-Storage-Containers-3-100x100.webp 100w\" sizes=\"(max-width: 800px) 100vw, 800px\" \/><\/figure>\n<\/div>\n\n\n\n<div class=\"wp-block-column is-layout-flow wp-block-column-is-layout-flow\">\n<figure class=\"wp-block-image size-full\"><img decoding=\"async\" width=\"790\" height=\"950\" src=\"https:\/\/www.xhplasticlife.com\/wp-content\/uploads\/2025\/07\/Best-Freezer-Storage-Containers-Wholesaler-3.webp\" alt=\"Best Freezer Storage Containers Wholesaler (3)\" class=\"wp-image-748\" srcset=\"https:\/\/www.xhplasticlife.com\/wp-content\/uploads\/2025\/07\/Best-Freezer-Storage-Containers-Wholesaler-3.webp 790w, https:\/\/www.xhplasticlife.com\/wp-content\/uploads\/2025\/07\/Best-Freezer-Storage-Containers-Wholesaler-3-249x300.webp 249w, https:\/\/www.xhplasticlife.com\/wp-content\/uploads\/2025\/07\/Best-Freezer-Storage-Containers-Wholesaler-3-768x924.webp 768w, https:\/\/www.xhplasticlife.com\/wp-content\/uploads\/2025\/07\/Best-Freezer-Storage-Containers-Wholesaler-3-600x722.webp 600w\" sizes=\"(max-width: 790px) 100vw, 790px\" \/><\/figure>\n<\/div>\n<\/div>","protected":false},"excerpt":{"rendered":"<p>Bienvenue pour acheter en gros les meilleurs conteneurs de stockage pour cong\u00e9lateur. En tant que fournisseur de confiance de conteneurs de stockage alimentaire, nous proposons des conteneurs empilables 6-pack sans BPA avec des couvercles herm\u00e9tiques et des fonctions de verrouillage s\u00e9curis\u00e9es, id\u00e9ales pour le stockage des aliments congel\u00e9s, la pr\u00e9paration des repas et les salades. Durables, ils passent au micro-ondes et sont parfaits pour la maison, le restaurant ou les plats \u00e0 emporter.<\/p>\n<h2>Param\u00e8tres des conteneurs de cong\u00e9lation en gros<\/h2>\n<p><strong>Mod\u00e8le<\/strong>: BX1131-BX1136<br \/><strong>Nom de la marque<\/strong>: Xinghui<br \/><strong>Mat\u00e9riau<\/strong>: PP + PET<br \/><strong>Couleur<\/strong>: Blanc cr\u00e8me+Transparent<br \/><strong>Emballage : <\/strong>Sac OPP<br \/><strong>OEM\/ODM<\/strong>: Disponible<br \/><strong>Option personnalis\u00e9e<\/strong>: Couleur\/Taille\/Logo\/Emballage<\/p>\n<h2>De la part du fabricant de r\u00e9cipients de stockage d'aliments :<\/h2>\n<p>Fond\u00e9e en 2000,<a href=\"https:\/\/www.xhplasticlife.com\/fr\/\">\u00a0<strong>Xinghui<\/strong><\/a>\u00a0est sp\u00e9cialis\u00e9e dans la production et la vente en gros de bo\u00eetes \u00e0 lunch, de r\u00e9cipients pour la conservation des aliments, de r\u00e9cipients pour les boissons, de r\u00e9cipients pour la conservation des produits m\u00e9nagers et d'autres produits quotidiens en plastique. Elle propose \u00e0 ses clients des services OEM et ODM ainsi que des services d'approvisionnement en ligne.<\/p>","protected":false},"featured_media":750,"comment_status":"closed","ping_status":"closed","template":"","meta":{"_acf_changed":false},"product_brand":[],"product_cat":[18],"product_tag":[],"class_list":{"0":"post-737","1":"product","2":"type-product","3":"status-publish","4":"has-post-thumbnail","6":"product_cat-bulk-food-storage-container","8":"first","9":"instock","10":"shipping-taxable","11":"product-type-simple"},"acf":[],"_links":{"self":[{"href":"https:\/\/www.xhplasticlife.com\/fr\/wp-json\/wp\/v2\/product\/737","targetHints":{"allow":["GET"]}}],"collection":[{"href":"https:\/\/www.xhplasticlife.com\/fr\/wp-json\/wp\/v2\/product"}],"about":[{"href":"https:\/\/www.xhplasticlife.com\/fr\/wp-json\/wp\/v2\/types\/product"}],"replies":[{"embeddable":true,"href":"https:\/\/www.xhplasticlife.com\/fr\/wp-json\/wp\/v2\/comments?post=737"}],"wp:featuredmedia":[{"embeddable":true,"href":"https:\/\/www.xhplasticlife.com\/fr\/wp-json\/wp\/v2\/media\/750"}],"wp:attachment":[{"href":"https:\/\/www.xhplasticlife.com\/fr\/wp-json\/wp\/v2\/media?parent=737"}],"wp:term":[{"taxonomy":"product_brand","embeddable":true,"href":"https:\/\/www.xhplasticlife.com\/fr\/wp-json\/wp\/v2\/product_brand?post=737"},{"taxonomy":"product_cat","embeddable":true,"href":"https:\/\/www.xhplasticlife.com\/fr\/wp-json\/wp\/v2\/product_cat?post=737"},{"taxonomy":"product_tag","embeddable":true,"href":"https:\/\/www.xhplasticlife.com\/fr\/wp-json\/wp\/v2\/product_tag?post=737"}],"curies":[{"name":"wp","href":"https:\/\/api.w.org\/{rel}","templated":true}]}}