{"id":729,"date":"2025-07-24T08:29:36","date_gmt":"2025-07-24T08:29:36","guid":{"rendered":"https:\/\/www.xhplasticlife.com\/?post_type=product&#038;p=729"},"modified":"2025-07-24T08:29:37","modified_gmt":"2025-07-24T08:29:37","slug":"custom-food-storage-container","status":"publish","type":"product","link":"https:\/\/www.xhplasticlife.com\/fr\/produit\/custom-food-storage-container\/","title":{"rendered":"Bo\u00eete de conservation personnalis\u00e9e avec fermeture \u00e0 glissi\u00e8re, bo\u00eete \u00e0 salade Bento herm\u00e9tique pour la pr\u00e9paration des repas"},"content":{"rendered":"<div class=\"wp-block-columns is-layout-flex wp-container-core-columns-is-layout-9d6595d7 wp-block-columns-is-layout-flex\">\n<div class=\"wp-block-column is-layout-flow wp-block-column-is-layout-flow\">\n<h2 class=\"wp-block-heading\">R\u00e9cipients de stockage d'aliments personnalis\u00e9s Caract\u00e9ristiques :<\/h2>\n\n\n\n<ul class=\"wp-block-list\">\n<li><strong>Conception personnalis\u00e9e<\/strong>Le produit : permet de personnaliser le logo et la taille pour r\u00e9pondre aux besoins des diff\u00e9rentes marques, et constitue un choix id\u00e9al pour les conteneurs de stockage alimentaire personnalis\u00e9s.<\/li>\n\n\n\n<li><strong>Joint d'\u00e9tanch\u00e9it\u00e9<\/strong>: La conception de la fermeture \u00e0 d\u00e9clic assure une bonne \u00e9tanch\u00e9it\u00e9 et emp\u00eache efficacement les fuites. Elle convient \u00e0 une vari\u00e9t\u00e9 de sc\u00e9narios de bo\u00eetes \u00e0 salade bento pour la pr\u00e9paration de repas.<\/li>\n\n\n\n<li><strong>Micro-ondes<\/strong>: Fabriqu\u00e9 en mat\u00e9riaux de qualit\u00e9 alimentaire, r\u00e9sistant aux temp\u00e9ratures \u00e9lev\u00e9es, il peut \u00eatre chauff\u00e9 directement au micro-ondes, ce qui est pratique et rapide, refl\u00e9tant l'aspect pratique du r\u00e9cipient de conservation des aliments personnalis\u00e9.<\/li>\n\n\n\n<li><strong>Compartiment de rangement<\/strong>Bo\u00eete \u00e0 salade bento : conception \u00e0 compartiments multiples, facile \u00e0 emballer les salades, les bento ou les aliments de base, am\u00e9liore l'efficacit\u00e9 de la pr\u00e9paration des repas bento salade produits fournisseur.<\/li>\n\n\n\n<li><strong>Mat\u00e9riau respectueux de l'environnement<\/strong>Les produits sont fabriqu\u00e9s en plastique sans BPA, sain et inodore, et conviennent \u00e0 la maison, au bureau ou \u00e0 une utilisation portable en plein air.<\/li>\n<\/ul>\n<\/div>\n\n\n\n<div class=\"wp-block-column is-layout-flow wp-block-column-is-layout-flow\">\n<figure class=\"wp-block-image size-full\"><img decoding=\"async\" width=\"720\" height=\"720\" src=\"https:\/\/www.xhplasticlife.com\/wp-content\/uploads\/2025\/07\/Custom-Food-Storage-Container-Supplier-2.webp\" alt=\"Fournisseur de r\u00e9cipients de stockage alimentaire personnalis\u00e9s (2)\" class=\"wp-image-732\" srcset=\"https:\/\/www.xhplasticlife.com\/wp-content\/uploads\/2025\/07\/Custom-Food-Storage-Container-Supplier-2.webp 720w, https:\/\/www.xhplasticlife.com\/wp-content\/uploads\/2025\/07\/Custom-Food-Storage-Container-Supplier-2-300x300.webp 300w, https:\/\/www.xhplasticlife.com\/wp-content\/uploads\/2025\/07\/Custom-Food-Storage-Container-Supplier-2-150x150.webp 150w, https:\/\/www.xhplasticlife.com\/wp-content\/uploads\/2025\/07\/Custom-Food-Storage-Container-Supplier-2-600x600.webp 600w, https:\/\/www.xhplasticlife.com\/wp-content\/uploads\/2025\/07\/Custom-Food-Storage-Container-Supplier-2-100x100.webp 100w\" sizes=\"(max-width: 720px) 100vw, 720px\" \/><\/figure>\n<\/div>\n<\/div>\n\n\n\n<h2 class=\"wp-block-heading\">R\u00e9cipients de stockage d'aliments en gros Taille :<\/h2>\n\n\n\n<figure class=\"wp-block-table is-style-stripes\"><table class=\"has-fixed-layout\"><tbody><tr><td>Mod\u00e8le<\/td><td>Capacit\u00e9<\/td><td>N.W.\/PCS<\/td><td>G.W.\/Cas<\/td><td>Quantit\u00e9 par caisse<\/td><td>Taille de la bo\u00eete ext\u00e9rieure<\/td><\/tr><tr><td>BX1047<\/td><td>400ML<\/td><td>3,6 kg<\/td><td>72G<\/td><td>160pcs<\/td><td>55.5x40x56cm<\/td><\/tr><tr><td>BX1048<\/td><td>800ML<\/td><td>11,8 kg<\/td><td>100G<\/td><td>96pcs<\/td><td>51\u00d748.5\u00d751.5cm<\/td><\/tr><tr><td>BX1049<\/td><td>1400ML<\/td><td>12,9 kg<\/td><td>154KG<\/td><td>72pcs<\/td><td>60x45x57cm<\/td><\/tr><\/tbody><\/table><\/figure>\n\n\n\n<figure class=\"wp-block-image size-full\"><img decoding=\"async\" width=\"750\" height=\"266\" src=\"https:\/\/www.xhplasticlife.com\/wp-content\/uploads\/2025\/07\/Custom-Food-Storage-Container-Sizes.webp\" alt=\"Tailles personnalis\u00e9es des contenants de conservation des aliments\" class=\"wp-image-730\" srcset=\"https:\/\/www.xhplasticlife.com\/wp-content\/uploads\/2025\/07\/Custom-Food-Storage-Container-Sizes.webp 750w, https:\/\/www.xhplasticlife.com\/wp-content\/uploads\/2025\/07\/Custom-Food-Storage-Container-Sizes-300x106.webp 300w, https:\/\/www.xhplasticlife.com\/wp-content\/uploads\/2025\/07\/Custom-Food-Storage-Container-Sizes-600x213.webp 600w\" sizes=\"(max-width: 750px) 100vw, 750px\" \/><\/figure>\n\n\n\n<figure class=\"wp-block-image size-full\"><img decoding=\"async\" width=\"800\" height=\"421\" src=\"https:\/\/www.xhplasticlife.com\/wp-content\/uploads\/2025\/07\/Custom-Food-Storage-Container-Supplier.webp\" alt=\"Fournisseur de r\u00e9cipients de stockage alimentaire personnalis\u00e9s\" class=\"wp-image-735\" srcset=\"https:\/\/www.xhplasticlife.com\/wp-content\/uploads\/2025\/07\/Custom-Food-Storage-Container-Supplier.webp 800w, https:\/\/www.xhplasticlife.com\/wp-content\/uploads\/2025\/07\/Custom-Food-Storage-Container-Supplier-300x158.webp 300w, https:\/\/www.xhplasticlife.com\/wp-content\/uploads\/2025\/07\/Custom-Food-Storage-Container-Supplier-768x404.webp 768w, https:\/\/www.xhplasticlife.com\/wp-content\/uploads\/2025\/07\/Custom-Food-Storage-Container-Supplier-600x316.webp 600w\" sizes=\"(max-width: 800px) 100vw, 800px\" \/><\/figure>","protected":false},"excerpt":{"rendered":"<p>Bienvenue sur notre site d'achat de bo\u00eetes de conservation personnalis\u00e9es. En tant que fournisseur de bo\u00eetes \u00e0 salade bento pour la pr\u00e9paration de repas, nous proposons des r\u00e9cipients sans BPA, r\u00e9sistants aux micro-ondes, dot\u00e9s de couvercles herm\u00e9tiques \u00e0 fermeture rapide et d'un design \u00e0 compartiments multiples. Id\u00e9ales pour les d\u00e9jeuners, les salades ou les repas pr\u00e9par\u00e9s, elles conviennent parfaitement aux commerces de d\u00e9tail, aux bureaux et aux services de restauration \u00e0 emporter.<\/p>\n<h2>Param\u00e8tres des r\u00e9cipients de conservation personnalis\u00e9s<\/h2>\n<p><strong>Mod\u00e8le<\/strong>: BX1047-BX1049<br \/>\n<strong>Nom de la marque<\/strong>: Xinghui<br \/>\n<strong>Mat\u00e9riau<\/strong>: PP+Silicone<br \/>\n<strong>Couleur<\/strong>: Noir, rouge et kaki\/transparent<br \/>\n<strong>OEM\/ODM<\/strong>: Disponible<br \/>\n<strong>Option personnalis\u00e9e<\/strong>: Couleur\/Taille\/Logo\/Emballage<\/p>\n<h2>De Daily Plasticware, fabricant de produits en plastique :<\/h2>\n<p>Fond\u00e9e en 2000,\u00a0<strong>Xinghui<\/strong>\u00a0est sp\u00e9cialis\u00e9e dans la production et la vente en gros de bo\u00eetes \u00e0 lunch, de r\u00e9cipients pour la conservation des aliments, de r\u00e9cipients pour les boissons, de r\u00e9cipients pour la conservation des produits m\u00e9nagers et d'autres produits quotidiens en plastique. Elle propose \u00e0 ses clients des services OEM et ODM ainsi que des services d'approvisionnement en ligne.<\/p>","protected":false},"featured_media":734,"comment_status":"closed","ping_status":"closed","template":"","meta":{"_acf_changed":false},"product_brand":[],"product_cat":[18],"product_tag":[],"class_list":{"0":"post-729","1":"product","2":"type-product","3":"status-publish","4":"has-post-thumbnail","6":"product_cat-bulk-food-storage-container","8":"first","9":"instock","10":"shipping-taxable","11":"product-type-simple"},"acf":[],"_links":{"self":[{"href":"https:\/\/www.xhplasticlife.com\/fr\/wp-json\/wp\/v2\/product\/729","targetHints":{"allow":["GET"]}}],"collection":[{"href":"https:\/\/www.xhplasticlife.com\/fr\/wp-json\/wp\/v2\/product"}],"about":[{"href":"https:\/\/www.xhplasticlife.com\/fr\/wp-json\/wp\/v2\/types\/product"}],"replies":[{"embeddable":true,"href":"https:\/\/www.xhplasticlife.com\/fr\/wp-json\/wp\/v2\/comments?post=729"}],"wp:featuredmedia":[{"embeddable":true,"href":"https:\/\/www.xhplasticlife.com\/fr\/wp-json\/wp\/v2\/media\/734"}],"wp:attachment":[{"href":"https:\/\/www.xhplasticlife.com\/fr\/wp-json\/wp\/v2\/media?parent=729"}],"wp:term":[{"taxonomy":"product_brand","embeddable":true,"href":"https:\/\/www.xhplasticlife.com\/fr\/wp-json\/wp\/v2\/product_brand?post=729"},{"taxonomy":"product_cat","embeddable":true,"href":"https:\/\/www.xhplasticlife.com\/fr\/wp-json\/wp\/v2\/product_cat?post=729"},{"taxonomy":"product_tag","embeddable":true,"href":"https:\/\/www.xhplasticlife.com\/fr\/wp-json\/wp\/v2\/product_tag?post=729"}],"curies":[{"name":"wp","href":"https:\/\/api.w.org\/{rel}","templated":true}]}}