{"id":719,"date":"2025-07-24T07:45:38","date_gmt":"2025-07-24T07:45:38","guid":{"rendered":"https:\/\/www.xhplasticlife.com\/?post_type=product&#038;p=719"},"modified":"2025-07-24T07:45:39","modified_gmt":"2025-07-24T07:45:39","slug":"round-food-storage-containers-set-bulk","status":"publish","type":"product","link":"https:\/\/www.xhplasticlife.com\/fr\/produit\/round-food-storage-containers-set-bulk\/","title":{"rendered":"Set de bocaux \u00e0 c\u00e9r\u00e9ales en plastique herm\u00e9tiquement ferm\u00e9s Bulk Round Food Storage Containers Supplier"},"content":{"rendered":"<div class=\"wp-block-columns is-layout-flex wp-container-core-columns-is-layout-9d6595d7 wp-block-columns-is-layout-flex\">\n<div class=\"wp-block-column is-layout-flow wp-block-column-is-layout-flow\">\n<h2 class=\"wp-block-heading\">Ensemble de contenants ronds de conservation des aliments en vrac Caract\u00e9ristiques :<\/h2>\n\n\n\n<ul class=\"wp-block-list\">\n<li><strong>Conception ronde de grande capacit\u00e9<\/strong>La structure ronde du tonneau, la grande capacit\u00e9 de stockage, conviennent aux c\u00e9r\u00e9ales, aux flocons d'avoine, aux fruits secs, etc.<\/li>\n\n\n\n<li><strong>Couvercle scell\u00e9 \u00e0 fermeture herm\u00e9tique<\/strong>Le produit est \u00e9quip\u00e9 d'un couvercle herm\u00e9tique qui isole efficacement l'air et l'humidit\u00e9, prolonge la dur\u00e9e de conservation des ingr\u00e9dients alimentaires et constitue un produit recommand\u00e9 par les fournisseurs professionnels de r\u00e9cipients alimentaires herm\u00e9tiques.<\/li>\n\n\n\n<li><strong>Corps de la bo\u00eete transparent pour une identification facile<\/strong>Le syst\u00e8me est con\u00e7u en plastique transparent, ce qui permet de v\u00e9rifier la quantit\u00e9 restante, de proc\u00e9der au r\u00e9approvisionnement quotidien et de g\u00e9rer la classification.<\/li>\n\n\n\n<li><strong>Empilable pour un gain de place<\/strong>La conception plate de l'appareil permet de l'empiler de mani\u00e8re stable. Il convient aux cuisines, aux cuisines de restauration, aux pr\u00e9sentoirs de vente au d\u00e9tail et \u00e0 d'autres sc\u00e9narios.<\/li>\n\n\n\n<li><strong>Mat\u00e9riau de qualit\u00e9 alimentaire<\/strong>Mat\u00e9riau PP de haute qualit\u00e9, sans BPA, s\u00fbr et inodore, conforme aux normes de contact alimentaire.<\/li>\n\n\n\n<li><strong>Prise en charge de la vente en gros personnalis\u00e9e<\/strong>Nous sommes un fournisseur professionnel de r\u00e9cipients alimentaires herm\u00e9tiques et nous pouvons fournir une personnalisation OEM pour r\u00e9pondre aux besoins d'approvisionnement de divers ensembles de r\u00e9cipients de stockage alimentaires ronds en vrac.<\/li>\n<\/ul>\n<\/div>\n\n\n\n<div class=\"wp-block-column is-layout-flow wp-block-column-is-layout-flow\">\n<figure class=\"wp-block-image size-full\"><img decoding=\"async\" width=\"838\" height=\"838\" src=\"https:\/\/www.xhplasticlife.com\/wp-content\/uploads\/2025\/07\/Bulk-Round-Food-Storage-Containers-Set-1_1.webp\" alt=\"R\u00e9cipients ronds de conservation des aliments en vrac (1)_1\" class=\"wp-image-721\" srcset=\"https:\/\/www.xhplasticlife.com\/wp-content\/uploads\/2025\/07\/Bulk-Round-Food-Storage-Containers-Set-1_1.webp 838w, https:\/\/www.xhplasticlife.com\/wp-content\/uploads\/2025\/07\/Bulk-Round-Food-Storage-Containers-Set-1_1-300x300.webp 300w, https:\/\/www.xhplasticlife.com\/wp-content\/uploads\/2025\/07\/Bulk-Round-Food-Storage-Containers-Set-1_1-150x150.webp 150w, https:\/\/www.xhplasticlife.com\/wp-content\/uploads\/2025\/07\/Bulk-Round-Food-Storage-Containers-Set-1_1-768x768.webp 768w, https:\/\/www.xhplasticlife.com\/wp-content\/uploads\/2025\/07\/Bulk-Round-Food-Storage-Containers-Set-1_1-600x600.webp 600w, https:\/\/www.xhplasticlife.com\/wp-content\/uploads\/2025\/07\/Bulk-Round-Food-Storage-Containers-Set-1_1-100x100.webp 100w\" sizes=\"(max-width: 838px) 100vw, 838px\" \/><\/figure>\n<\/div>\n<\/div>\n\n\n\n<div class=\"wp-block-columns is-layout-flex wp-container-core-columns-is-layout-9d6595d7 wp-block-columns-is-layout-flex\">\n<div class=\"wp-block-column is-layout-flow wp-block-column-is-layout-flow\">\n<figure class=\"wp-block-image size-full\"><img decoding=\"async\" width=\"800\" height=\"800\" src=\"https:\/\/www.xhplasticlife.com\/wp-content\/uploads\/2025\/07\/Bulk-Round-Food-Storage-Containers-Set-1.webp\" alt=\"Ensemble de r\u00e9cipients ronds de conservation des aliments en vrac (1)\" class=\"wp-image-720\" srcset=\"https:\/\/www.xhplasticlife.com\/wp-content\/uploads\/2025\/07\/Bulk-Round-Food-Storage-Containers-Set-1.webp 800w, https:\/\/www.xhplasticlife.com\/wp-content\/uploads\/2025\/07\/Bulk-Round-Food-Storage-Containers-Set-1-300x300.webp 300w, https:\/\/www.xhplasticlife.com\/wp-content\/uploads\/2025\/07\/Bulk-Round-Food-Storage-Containers-Set-1-150x150.webp 150w, https:\/\/www.xhplasticlife.com\/wp-content\/uploads\/2025\/07\/Bulk-Round-Food-Storage-Containers-Set-1-768x768.webp 768w, https:\/\/www.xhplasticlife.com\/wp-content\/uploads\/2025\/07\/Bulk-Round-Food-Storage-Containers-Set-1-600x600.webp 600w, https:\/\/www.xhplasticlife.com\/wp-content\/uploads\/2025\/07\/Bulk-Round-Food-Storage-Containers-Set-1-100x100.webp 100w\" sizes=\"(max-width: 800px) 100vw, 800px\" \/><\/figure>\n<\/div>\n\n\n\n<div class=\"wp-block-column is-layout-flow wp-block-column-is-layout-flow\">\n<figure class=\"wp-block-image size-full\"><img decoding=\"async\" width=\"800\" height=\"800\" src=\"https:\/\/www.xhplasticlife.com\/wp-content\/uploads\/2025\/07\/Bulk-Round-Food-Storage-Containers-Set-2.webp\" alt=\"R\u00e9cipients ronds de conservation des aliments en vrac (2)\" class=\"wp-image-722\" srcset=\"https:\/\/www.xhplasticlife.com\/wp-content\/uploads\/2025\/07\/Bulk-Round-Food-Storage-Containers-Set-2.webp 800w, https:\/\/www.xhplasticlife.com\/wp-content\/uploads\/2025\/07\/Bulk-Round-Food-Storage-Containers-Set-2-300x300.webp 300w, https:\/\/www.xhplasticlife.com\/wp-content\/uploads\/2025\/07\/Bulk-Round-Food-Storage-Containers-Set-2-150x150.webp 150w, https:\/\/www.xhplasticlife.com\/wp-content\/uploads\/2025\/07\/Bulk-Round-Food-Storage-Containers-Set-2-768x768.webp 768w, https:\/\/www.xhplasticlife.com\/wp-content\/uploads\/2025\/07\/Bulk-Round-Food-Storage-Containers-Set-2-600x600.webp 600w, https:\/\/www.xhplasticlife.com\/wp-content\/uploads\/2025\/07\/Bulk-Round-Food-Storage-Containers-Set-2-100x100.webp 100w\" sizes=\"(max-width: 800px) 100vw, 800px\" \/><\/figure>\n<\/div>\n\n\n\n<div class=\"wp-block-column is-layout-flow wp-block-column-is-layout-flow\">\n<figure class=\"wp-block-image size-full\"><img decoding=\"async\" width=\"800\" height=\"800\" src=\"https:\/\/www.xhplasticlife.com\/wp-content\/uploads\/2025\/07\/Bulk-Round-Food-Storage-Containers-Set-3.webp\" alt=\"Lot de 3 r\u00e9cipients ronds pour la conservation des aliments en vrac\" class=\"wp-image-723\" srcset=\"https:\/\/www.xhplasticlife.com\/wp-content\/uploads\/2025\/07\/Bulk-Round-Food-Storage-Containers-Set-3.webp 800w, https:\/\/www.xhplasticlife.com\/wp-content\/uploads\/2025\/07\/Bulk-Round-Food-Storage-Containers-Set-3-300x300.webp 300w, https:\/\/www.xhplasticlife.com\/wp-content\/uploads\/2025\/07\/Bulk-Round-Food-Storage-Containers-Set-3-150x150.webp 150w, https:\/\/www.xhplasticlife.com\/wp-content\/uploads\/2025\/07\/Bulk-Round-Food-Storage-Containers-Set-3-768x768.webp 768w, https:\/\/www.xhplasticlife.com\/wp-content\/uploads\/2025\/07\/Bulk-Round-Food-Storage-Containers-Set-3-600x600.webp 600w, https:\/\/www.xhplasticlife.com\/wp-content\/uploads\/2025\/07\/Bulk-Round-Food-Storage-Containers-Set-3-100x100.webp 100w\" sizes=\"(max-width: 800px) 100vw, 800px\" \/><\/figure>\n<\/div>\n<\/div>","protected":false},"excerpt":{"rendered":"<p data-start=\"911\" data-end=\"1210\">Nous vous invitons \u00e0 acheter des r\u00e9cipients ronds en vrac pour le stockage des aliments. En tant que fournisseur de r\u00e9cipients alimentaires herm\u00e9tiques, nous proposons des pots \u00e0 c\u00e9r\u00e9ales en plastique sans BPA avec des couvercles herm\u00e9tiques, id\u00e9aux pour conserver les c\u00e9r\u00e9ales, les fruits secs et les produits essentiels du garde-manger. Empilables, peu encombrants et sans danger pour les aliments, ils sont parfaits pour la maison, la vente au d\u00e9tail ou l'utilisation commerciale.<\/p>\n<h2>R\u00e9cipients ronds pour la conservation des aliments Param\u00e8tres<\/h2>\n<p><strong>Mod\u00e8le<\/strong>: BX1052<br \/>\n<strong>Nom de la marque<\/strong>: Xinghui<br \/>\n<strong>Mat\u00e9riau<\/strong>: PP+Silicone<br \/>\n<strong>Couleur<\/strong>: Noir, rouge et kaki\/transparent<br \/>\n<strong>Poids brut<\/strong>: 16,2 kg<br \/>\n<strong>Grammage<\/strong>: 298G<br \/>\n<strong>Taille de la bo\u00eete<\/strong>Dimensions : 68x36x56,5cm<br \/>\n<strong>Emballage<\/strong>: 48 pi\u00e8ces<br \/>\n<strong>OEM\/ODM<\/strong>: Disponible<br \/>\n<strong>Option personnalis\u00e9e<\/strong>: Couleur\/Taille\/Logo\/Emballage<\/p>\n<h2>De Daily Plasticware, fabricant de produits en plastique :<\/h2>\n<p>Fond\u00e9e en 2000,\u00a0<strong>Xinghui<\/strong>\u00a0est sp\u00e9cialis\u00e9e dans la production et la vente en gros de bo\u00eetes \u00e0 lunch, de r\u00e9cipients pour la conservation des aliments, de r\u00e9cipients pour les boissons, de r\u00e9cipients pour la conservation des produits m\u00e9nagers et d'autres produits quotidiens en plastique. Elle propose \u00e0 ses clients des services OEM et ODM ainsi que des services d'approvisionnement en ligne.<\/p>","protected":false},"featured_media":721,"comment_status":"closed","ping_status":"closed","template":"","meta":{"_acf_changed":false},"product_brand":[],"product_cat":[18],"product_tag":[],"class_list":{"0":"post-719","1":"product","2":"type-product","3":"status-publish","4":"has-post-thumbnail","6":"product_cat-bulk-food-storage-container","8":"first","9":"instock","10":"shipping-taxable","11":"product-type-simple"},"acf":[],"_links":{"self":[{"href":"https:\/\/www.xhplasticlife.com\/fr\/wp-json\/wp\/v2\/product\/719","targetHints":{"allow":["GET"]}}],"collection":[{"href":"https:\/\/www.xhplasticlife.com\/fr\/wp-json\/wp\/v2\/product"}],"about":[{"href":"https:\/\/www.xhplasticlife.com\/fr\/wp-json\/wp\/v2\/types\/product"}],"replies":[{"embeddable":true,"href":"https:\/\/www.xhplasticlife.com\/fr\/wp-json\/wp\/v2\/comments?post=719"}],"wp:featuredmedia":[{"embeddable":true,"href":"https:\/\/www.xhplasticlife.com\/fr\/wp-json\/wp\/v2\/media\/721"}],"wp:attachment":[{"href":"https:\/\/www.xhplasticlife.com\/fr\/wp-json\/wp\/v2\/media?parent=719"}],"wp:term":[{"taxonomy":"product_brand","embeddable":true,"href":"https:\/\/www.xhplasticlife.com\/fr\/wp-json\/wp\/v2\/product_brand?post=719"},{"taxonomy":"product_cat","embeddable":true,"href":"https:\/\/www.xhplasticlife.com\/fr\/wp-json\/wp\/v2\/product_cat?post=719"},{"taxonomy":"product_tag","embeddable":true,"href":"https:\/\/www.xhplasticlife.com\/fr\/wp-json\/wp\/v2\/product_tag?post=719"}],"curies":[{"name":"wp","href":"https:\/\/api.w.org\/{rel}","templated":true}]}}