{"id":680,"date":"2025-07-23T18:50:52","date_gmt":"2025-07-23T18:50:52","guid":{"rendered":"https:\/\/www.xhplasticlife.com\/?post_type=product&#038;p=680"},"modified":"2025-07-23T18:51:03","modified_gmt":"2025-07-23T18:51:03","slug":"large-food-storage-containers-bulk","status":"publish","type":"product","link":"https:\/\/www.xhplasticlife.com\/fr\/produit\/large-food-storage-containers-bulk\/","title":{"rendered":"Grandes bo\u00eetes de conservation alimentaire Bulk Round Plastic Airtight Food Container Wholesaler"},"content":{"rendered":"<div class=\"wp-block-columns is-layout-flex wp-container-core-columns-is-layout-9d6595d7 wp-block-columns-is-layout-flex\">\n<div class=\"wp-block-column is-layout-flow wp-block-column-is-layout-flow\">\n<h2 class=\"wp-block-heading\">Grands r\u00e9cipients de stockage des aliments Caract\u00e9ristiques :<\/h2>\n\n\n\n<ul class=\"wp-block-list\">\n<li><strong>Conception \u00e0 grande capacit\u00e9<\/strong>La structure \u00e0 tr\u00e8s grande capacit\u00e9 convient au stockage des c\u00e9r\u00e9ales, des fruits secs, de la farine, des aliments pour animaux, etc. C'est la solution id\u00e9ale pour le stockage des aliments en vrac.<\/li>\n\n\n\n<li><strong>Scell\u00e9 et \u00e9tanche \u00e0 l'humidit\u00e9<\/strong>Le couvercle herm\u00e9tique isole efficacement l'air et l'humidit\u00e9 pour prot\u00e9ger la fra\u00eecheur des ingr\u00e9dients. Il s'agit d'un produit de vente en gros de conteneurs alimentaires herm\u00e9tiques.<\/li>\n\n\n\n<li><strong>Forme ronde, empilage pratique<\/strong>Les bo\u00eetes rondes peuvent \u00eatre empil\u00e9es les unes sur les autres, ce qui permet de gagner de l'espace dans la cuisine et de faciliter le classement et le stockage.<\/li>\n\n\n\n<li><strong>Sc\u00e9nario polyvalent<\/strong>Le syst\u00e8me d'entreposage des aliments : convient \u00e0 une vari\u00e9t\u00e9 de besoins d'entreposage dans la cuisine, le garde-manger, les magasins de d\u00e9tail, etc. et r\u00e9pond aux exigences de l'entreposage des aliments \u00e0 la maison et dans les commerces.<\/li>\n\n\n\n<li><strong>Mat\u00e9riau PP respectueux de l'environnement<\/strong>Les produits sont fabriqu\u00e9s en plastique PP de qualit\u00e9 alimentaire, non toxique et inodore, robuste et durable, conforme aux normes de s\u00e9curit\u00e9 en mati\u00e8re de contact avec les denr\u00e9es alimentaires.<\/li>\n\n\n\n<li><strong>Prise en charge des achats group\u00e9s<\/strong>OEM : en tant que grossiste professionnel en conteneurs alimentaires herm\u00e9tiques, nous fournissons un service personnalis\u00e9 OEM pour r\u00e9pondre \u00e0 la demande de commandes en vrac de grands volumes de conteneurs alimentaires.<\/li>\n<\/ul>\n<\/div>\n\n\n\n<div class=\"wp-block-column is-layout-flow wp-block-column-is-layout-flow\">\n<figure class=\"wp-block-image size-full\"><img decoding=\"async\" width=\"750\" height=\"780\" src=\"https:\/\/www.xhplasticlife.com\/wp-content\/uploads\/2025\/07\/Large-Food-Storage-Containers-Bulk-1.webp\" alt=\"Grandes bo\u00eetes de conservation en vrac (1)\" class=\"wp-image-704\" srcset=\"https:\/\/www.xhplasticlife.com\/wp-content\/uploads\/2025\/07\/Large-Food-Storage-Containers-Bulk-1.webp 750w, https:\/\/www.xhplasticlife.com\/wp-content\/uploads\/2025\/07\/Large-Food-Storage-Containers-Bulk-1-288x300.webp 288w, https:\/\/www.xhplasticlife.com\/wp-content\/uploads\/2025\/07\/Large-Food-Storage-Containers-Bulk-1-600x624.webp 600w\" sizes=\"(max-width: 750px) 100vw, 750px\" \/><\/figure>\n<\/div>\n<\/div>\n\n\n\n<h2 class=\"wp-block-heading\">Grandes bo\u00eetes de conservation en vrac Taille :<\/h2>\n\n\n\n<figure class=\"wp-block-table is-style-stripes\"><table class=\"has-fixed-layout\"><tbody><tr><td>Mod\u00e8le<\/td><td>Capacit\u00e9<\/td><td>N.W.\/PCS<\/td><td>G.W.\/Cas<\/td><td>Quantit\u00e9 par caisse<\/td><td>Taille de la bo\u00eete ext\u00e9rieure<\/td><\/tr><tr><td>BX1044<\/td><td>130ML<\/td><td>12,8 kg<\/td><td>100G<\/td><td>100pcs<\/td><td>57x48x82cm<\/td><\/tr><tr><td>BX1045<\/td><td>2100ML<\/td><td>9,9 kg<\/td><td>134G<\/td><td>60pcs<\/td><td>72x43x70cm<\/td><\/tr><tr><td>BX1046<\/td><td>3100ML<\/td><td>11kg<\/td><td>190G<\/td><td>48pcs<\/td><td>70X52X74cm<\/td><\/tr><\/tbody><\/table><\/figure>\n\n\n\n<div class=\"wp-block-columns is-layout-flex wp-container-core-columns-is-layout-9d6595d7 wp-block-columns-is-layout-flex\">\n<div class=\"wp-block-column is-layout-flow wp-block-column-is-layout-flow\">\n<figure class=\"wp-block-image size-full\"><img decoding=\"async\" width=\"800\" height=\"800\" src=\"https:\/\/www.xhplasticlife.com\/wp-content\/uploads\/2025\/07\/1300ml-Large-Food-Storage-Containers-Bulk-BX1044-1.webp\" alt=\"Grandes bo\u00eetes de conservation 1300ml Bulk-BX1044 (1)\" class=\"wp-image-695\" srcset=\"https:\/\/www.xhplasticlife.com\/wp-content\/uploads\/2025\/07\/1300ml-Large-Food-Storage-Containers-Bulk-BX1044-1.webp 800w, https:\/\/www.xhplasticlife.com\/wp-content\/uploads\/2025\/07\/1300ml-Large-Food-Storage-Containers-Bulk-BX1044-1-300x300.webp 300w, https:\/\/www.xhplasticlife.com\/wp-content\/uploads\/2025\/07\/1300ml-Large-Food-Storage-Containers-Bulk-BX1044-1-150x150.webp 150w, https:\/\/www.xhplasticlife.com\/wp-content\/uploads\/2025\/07\/1300ml-Large-Food-Storage-Containers-Bulk-BX1044-1-768x768.webp 768w, https:\/\/www.xhplasticlife.com\/wp-content\/uploads\/2025\/07\/1300ml-Large-Food-Storage-Containers-Bulk-BX1044-1-600x600.webp 600w, https:\/\/www.xhplasticlife.com\/wp-content\/uploads\/2025\/07\/1300ml-Large-Food-Storage-Containers-Bulk-BX1044-1-100x100.webp 100w\" sizes=\"(max-width: 800px) 100vw, 800px\" \/><\/figure>\n<\/div>\n\n\n\n<div class=\"wp-block-column is-layout-flow wp-block-column-is-layout-flow\">\n<figure class=\"wp-block-image size-full\"><img decoding=\"async\" width=\"800\" height=\"800\" src=\"https:\/\/www.xhplasticlife.com\/wp-content\/uploads\/2025\/07\/2100ml-Large-Food-Storage-Containers-Bulk-BX1045.webp\" alt=\"\" class=\"wp-image-700\" srcset=\"https:\/\/www.xhplasticlife.com\/wp-content\/uploads\/2025\/07\/2100ml-Large-Food-Storage-Containers-Bulk-BX1045.webp 800w, https:\/\/www.xhplasticlife.com\/wp-content\/uploads\/2025\/07\/2100ml-Large-Food-Storage-Containers-Bulk-BX1045-300x300.webp 300w, https:\/\/www.xhplasticlife.com\/wp-content\/uploads\/2025\/07\/2100ml-Large-Food-Storage-Containers-Bulk-BX1045-150x150.webp 150w, https:\/\/www.xhplasticlife.com\/wp-content\/uploads\/2025\/07\/2100ml-Large-Food-Storage-Containers-Bulk-BX1045-768x768.webp 768w, https:\/\/www.xhplasticlife.com\/wp-content\/uploads\/2025\/07\/2100ml-Large-Food-Storage-Containers-Bulk-BX1045-600x600.webp 600w, https:\/\/www.xhplasticlife.com\/wp-content\/uploads\/2025\/07\/2100ml-Large-Food-Storage-Containers-Bulk-BX1045-100x100.webp 100w\" sizes=\"(max-width: 800px) 100vw, 800px\" \/><\/figure>\n<\/div>\n\n\n\n<div class=\"wp-block-column is-layout-flow wp-block-column-is-layout-flow\">\n<figure class=\"wp-block-image size-full\"><img decoding=\"async\" width=\"800\" height=\"800\" src=\"https:\/\/www.xhplasticlife.com\/wp-content\/uploads\/2025\/07\/3100ml-Large-Food-Storage-Containers-Bulk-BX1046.webp\" alt=\"\" class=\"wp-image-703\" srcset=\"https:\/\/www.xhplasticlife.com\/wp-content\/uploads\/2025\/07\/3100ml-Large-Food-Storage-Containers-Bulk-BX1046.webp 800w, https:\/\/www.xhplasticlife.com\/wp-content\/uploads\/2025\/07\/3100ml-Large-Food-Storage-Containers-Bulk-BX1046-300x300.webp 300w, https:\/\/www.xhplasticlife.com\/wp-content\/uploads\/2025\/07\/3100ml-Large-Food-Storage-Containers-Bulk-BX1046-150x150.webp 150w, https:\/\/www.xhplasticlife.com\/wp-content\/uploads\/2025\/07\/3100ml-Large-Food-Storage-Containers-Bulk-BX1046-768x768.webp 768w, https:\/\/www.xhplasticlife.com\/wp-content\/uploads\/2025\/07\/3100ml-Large-Food-Storage-Containers-Bulk-BX1046-600x600.webp 600w, https:\/\/www.xhplasticlife.com\/wp-content\/uploads\/2025\/07\/3100ml-Large-Food-Storage-Containers-Bulk-BX1046-100x100.webp 100w\" sizes=\"(max-width: 800px) 100vw, 800px\" \/><\/figure>\n<\/div>\n<\/div>","protected":false},"excerpt":{"rendered":"<p>Bienvenue sur le site d'achat en vrac de grands r\u00e9cipients de stockage alimentaire. En tant que grossiste en contenants alimentaires herm\u00e9tiques, nous offrons des bocaux en plastique sans BPA avec des couvercles s\u00e9curitaires, id\u00e9aux pour conserver les c\u00e9r\u00e9ales, les grains, les fruits secs et les articles du garde-manger. Empilables, peu encombrants et durables, ils sont parfaits pour la cuisine, la vente au d\u00e9tail ou le stockage en vrac.<\/p>\n<h2>Param\u00e8tres des grands r\u00e9cipients de stockage des aliments<\/h2>\n<p><strong>Mod\u00e8le<\/strong>: BX1044-BX1046<br \/><strong>Nom de la marque<\/strong>: Xinghui<br \/><strong>Mat\u00e9riau<\/strong>: PP+Silicone<br \/><strong>Couleur<\/strong>: Noir, rouge et kaki\/transparent<br \/><strong>OEM\/ODM<\/strong>: Disponible<br \/><strong>Option personnalis\u00e9e<\/strong>: Couleur\/Taille\/Logo\/Emballage<\/p>\n<h2>De la part du fabricant de r\u00e9cipients de stockage d'aliments :<\/h2>\n<p>Fond\u00e9e en 2000,<a href=\"https:\/\/www.xhplasticlife.com\/fr\/\">\u00a0<strong>Xinghui<\/strong><\/a>\u00a0est sp\u00e9cialis\u00e9e dans la production et la vente en gros de bo\u00eetes \u00e0 lunch, de r\u00e9cipients pour la conservation des aliments, de r\u00e9cipients pour les boissons, de r\u00e9cipients pour la conservation des produits m\u00e9nagers et d'autres produits quotidiens en plastique. Elle propose \u00e0 ses clients des services OEM et ODM ainsi que des services d'approvisionnement en ligne.<\/p>","protected":false},"featured_media":705,"comment_status":"closed","ping_status":"closed","template":"","meta":{"_acf_changed":false},"product_brand":[],"product_cat":[18],"product_tag":[],"class_list":{"0":"post-680","1":"product","2":"type-product","3":"status-publish","4":"has-post-thumbnail","6":"product_cat-bulk-food-storage-container","8":"first","9":"instock","10":"shipping-taxable","11":"product-type-simple"},"acf":[],"_links":{"self":[{"href":"https:\/\/www.xhplasticlife.com\/fr\/wp-json\/wp\/v2\/product\/680","targetHints":{"allow":["GET"]}}],"collection":[{"href":"https:\/\/www.xhplasticlife.com\/fr\/wp-json\/wp\/v2\/product"}],"about":[{"href":"https:\/\/www.xhplasticlife.com\/fr\/wp-json\/wp\/v2\/types\/product"}],"replies":[{"embeddable":true,"href":"https:\/\/www.xhplasticlife.com\/fr\/wp-json\/wp\/v2\/comments?post=680"}],"wp:featuredmedia":[{"embeddable":true,"href":"https:\/\/www.xhplasticlife.com\/fr\/wp-json\/wp\/v2\/media\/705"}],"wp:attachment":[{"href":"https:\/\/www.xhplasticlife.com\/fr\/wp-json\/wp\/v2\/media?parent=680"}],"wp:term":[{"taxonomy":"product_brand","embeddable":true,"href":"https:\/\/www.xhplasticlife.com\/fr\/wp-json\/wp\/v2\/product_brand?post=680"},{"taxonomy":"product_cat","embeddable":true,"href":"https:\/\/www.xhplasticlife.com\/fr\/wp-json\/wp\/v2\/product_cat?post=680"},{"taxonomy":"product_tag","embeddable":true,"href":"https:\/\/www.xhplasticlife.com\/fr\/wp-json\/wp\/v2\/product_tag?post=680"}],"curies":[{"name":"wp","href":"https:\/\/api.w.org\/{rel}","templated":true}]}}