{"id":665,"date":"2025-07-23T18:12:55","date_gmt":"2025-07-23T18:12:55","guid":{"rendered":"https:\/\/www.xhplasticlife.com\/?post_type=product&#038;p=665"},"modified":"2025-07-23T18:44:01","modified_gmt":"2025-07-23T18:44:01","slug":"round-storage-containers-wholesale","status":"publish","type":"product","link":"https:\/\/www.xhplasticlife.com\/fr\/produit\/round-storage-containers-wholesale\/","title":{"rendered":"R\u00e9cipients de stockage ronds Wholesale PP Food Container With Snap Lock"},"content":{"rendered":"<div class=\"wp-block-columns is-layout-flex wp-container-core-columns-is-layout-9d6595d7 wp-block-columns-is-layout-flex\">\n<div class=\"wp-block-column is-layout-flow wp-block-column-is-layout-flow\">\n<h2 class=\"wp-block-heading\">R\u00e9cipients de stockage ronds en gros Caract\u00e9ristiques :<\/h2>\n\n\n\n<ul class=\"wp-block-list\">\n<li><strong>Design rond, pratique et portable<\/strong>La structure ronde de ce conteneur convient au stockage de toutes sortes de soupes, d'en-cas, de sauces, etc.<\/li>\n\n\n\n<li><strong>Mat\u00e9riau PP s\u00fbr<\/strong>: Fabriqu\u00e9 en plastique PP de qualit\u00e9 alimentaire, l\u00e9ger et durable, sans BPA, adapt\u00e9 \u00e0 un usage quotidien multiple, r\u00e9cipient alimentaire en vrac id\u00e9al en PP avec fermeture \u00e0 pression.<\/li>\n\n\n\n<li><strong>Couvercle scell\u00e9 et \u00e9tanche<\/strong>: \u00c9quip\u00e9 d'un couvercle \u00e0 verrouillage sur quatre c\u00f4t\u00e9s, il est tr\u00e8s \u00e9tanche et emp\u00eache efficacement les fuites, ce qui convient aux d\u00e9jeuners \u00e0 emporter ou aux pique-niques.<\/li>\n\n\n\n<li><strong>Soutenir le chauffage par micro-ondes<\/strong>Le r\u00e9cipient peut \u00eatre chauff\u00e9 directement au micro-ondes. Facile \u00e0 utiliser, il convient au rythme de vie rapide et aux besoins de pr\u00e9paration des repas.<\/li>\n\n\n\n<li><strong>Stockage empilable<\/strong>: La conception empilable permet d'\u00e9conomiser de l'espace et convient \u00e0 la cuisine, \u00e0 la r\u00e9frig\u00e9ration commerciale, \u00e0 la livraison de plats \u00e0 emporter et \u00e0 d'autres sc\u00e9narios multiples.<\/li>\n\n\n\n<li><strong>Convient \u00e0 l'achat en gros<\/strong>Les produits de la soci\u00e9t\u00e9 sont disponibles sur demande et peuvent \u00eatre personnalis\u00e9s en fonction des besoins du client. Les produits de la soci\u00e9t\u00e9 sont disponibles \u00e0 long terme et peuvent \u00eatre achet\u00e9s par les propri\u00e9taires de marques et les distributeurs.<\/li>\n<\/ul>\n<\/div>\n\n\n\n<div class=\"wp-block-column is-layout-flow wp-block-column-is-layout-flow\">\n<figure class=\"wp-block-image size-full\"><img decoding=\"async\" width=\"720\" height=\"720\" src=\"https:\/\/www.xhplasticlife.com\/wp-content\/uploads\/2025\/07\/Round-Storage-Containers-Wholesale-manufacturer-2.webp\" alt=\"Conteneurs de stockage ronds grossiste-fabricant (2)\" class=\"wp-image-676\" srcset=\"https:\/\/www.xhplasticlife.com\/wp-content\/uploads\/2025\/07\/Round-Storage-Containers-Wholesale-manufacturer-2.webp 720w, https:\/\/www.xhplasticlife.com\/wp-content\/uploads\/2025\/07\/Round-Storage-Containers-Wholesale-manufacturer-2-300x300.webp 300w, https:\/\/www.xhplasticlife.com\/wp-content\/uploads\/2025\/07\/Round-Storage-Containers-Wholesale-manufacturer-2-150x150.webp 150w, https:\/\/www.xhplasticlife.com\/wp-content\/uploads\/2025\/07\/Round-Storage-Containers-Wholesale-manufacturer-2-600x600.webp 600w, https:\/\/www.xhplasticlife.com\/wp-content\/uploads\/2025\/07\/Round-Storage-Containers-Wholesale-manufacturer-2-100x100.webp 100w\" sizes=\"(max-width: 720px) 100vw, 720px\" \/><\/figure>\n<\/div>\n<\/div>\n\n\n\n<h2 class=\"wp-block-heading\">Conteneurs de stockage ronds en vrac Taille :<\/h2>\n\n\n\n<figure class=\"wp-block-table is-style-stripes\"><table class=\"has-fixed-layout\"><tbody><tr><td>Mod\u00e8le<\/td><td>Capacit\u00e9<\/td><td>N.W.\/PCS<\/td><td>G.W.\/Cas<\/td><td>Quantit\u00e9 par caisse<\/td><td>Taille de la bo\u00eete ext\u00e9rieure<\/td><\/tr><tr><td>BX1041<\/td><td>450ML<\/td><td>10,3 kg<\/td><td>68G<\/td><td>120pcs<\/td><td>59X35X61cm<\/td><\/tr><tr><td>BX1042<\/td><td>800ML<\/td><td>9,8 kg<\/td><td>90G<\/td><td>84pcs<\/td><td>59,5\u00d743,5\u00d754,5cm<\/td><\/tr><tr><td>BX1043<\/td><td>1400ML<\/td><td>11,6 kg<\/td><td>132KG<\/td><td>72pcs<\/td><td>68X52X54cm<\/td><\/tr><\/tbody><\/table><\/figure>\n\n\n\n<div class=\"wp-block-columns is-layout-flex wp-container-core-columns-is-layout-9d6595d7 wp-block-columns-is-layout-flex\">\n<div class=\"wp-block-column is-layout-flow wp-block-column-is-layout-flow\">\n<figure class=\"wp-block-image size-full\"><img decoding=\"async\" width=\"800\" height=\"800\" src=\"https:\/\/www.xhplasticlife.com\/wp-content\/uploads\/2025\/07\/450ml-Round-Storage-Containers-Wholesale-BX1041.webp\" alt=\"R\u00e9cipients de stockage ronds 450ml Wholesale -BX1041\" class=\"wp-image-668\" srcset=\"https:\/\/www.xhplasticlife.com\/wp-content\/uploads\/2025\/07\/450ml-Round-Storage-Containers-Wholesale-BX1041.webp 800w, https:\/\/www.xhplasticlife.com\/wp-content\/uploads\/2025\/07\/450ml-Round-Storage-Containers-Wholesale-BX1041-300x300.webp 300w, https:\/\/www.xhplasticlife.com\/wp-content\/uploads\/2025\/07\/450ml-Round-Storage-Containers-Wholesale-BX1041-150x150.webp 150w, https:\/\/www.xhplasticlife.com\/wp-content\/uploads\/2025\/07\/450ml-Round-Storage-Containers-Wholesale-BX1041-768x768.webp 768w, https:\/\/www.xhplasticlife.com\/wp-content\/uploads\/2025\/07\/450ml-Round-Storage-Containers-Wholesale-BX1041-600x600.webp 600w, https:\/\/www.xhplasticlife.com\/wp-content\/uploads\/2025\/07\/450ml-Round-Storage-Containers-Wholesale-BX1041-100x100.webp 100w\" sizes=\"(max-width: 800px) 100vw, 800px\" \/><\/figure>\n<\/div>\n\n\n\n<div class=\"wp-block-column is-layout-flow wp-block-column-is-layout-flow\">\n<figure class=\"wp-block-image size-full\"><img decoding=\"async\" width=\"800\" height=\"800\" src=\"https:\/\/www.xhplasticlife.com\/wp-content\/uploads\/2025\/07\/800ml-Round-Storage-Containers-Wholesale-BX1042-1.webp\" alt=\"800ml Round Storage Containers Wholesale -BX1042 (1)\" class=\"wp-image-669\" srcset=\"https:\/\/www.xhplasticlife.com\/wp-content\/uploads\/2025\/07\/800ml-Round-Storage-Containers-Wholesale-BX1042-1.webp 800w, https:\/\/www.xhplasticlife.com\/wp-content\/uploads\/2025\/07\/800ml-Round-Storage-Containers-Wholesale-BX1042-1-300x300.webp 300w, https:\/\/www.xhplasticlife.com\/wp-content\/uploads\/2025\/07\/800ml-Round-Storage-Containers-Wholesale-BX1042-1-150x150.webp 150w, https:\/\/www.xhplasticlife.com\/wp-content\/uploads\/2025\/07\/800ml-Round-Storage-Containers-Wholesale-BX1042-1-768x768.webp 768w, https:\/\/www.xhplasticlife.com\/wp-content\/uploads\/2025\/07\/800ml-Round-Storage-Containers-Wholesale-BX1042-1-600x600.webp 600w, https:\/\/www.xhplasticlife.com\/wp-content\/uploads\/2025\/07\/800ml-Round-Storage-Containers-Wholesale-BX1042-1-100x100.webp 100w\" sizes=\"(max-width: 800px) 100vw, 800px\" \/><\/figure>\n<\/div>\n\n\n\n<div class=\"wp-block-column is-layout-flow wp-block-column-is-layout-flow\">\n<figure class=\"wp-block-image size-full\"><img decoding=\"async\" width=\"800\" height=\"800\" src=\"https:\/\/www.xhplasticlife.com\/wp-content\/uploads\/2025\/07\/1400ml-Round-Storage-Containers-Wholesale-BX1043-2.webp\" alt=\"1400ml R\u00e9cipients de stockage ronds Wholesale -BX1043 (2)\" class=\"wp-image-673\" srcset=\"https:\/\/www.xhplasticlife.com\/wp-content\/uploads\/2025\/07\/1400ml-Round-Storage-Containers-Wholesale-BX1043-2.webp 800w, https:\/\/www.xhplasticlife.com\/wp-content\/uploads\/2025\/07\/1400ml-Round-Storage-Containers-Wholesale-BX1043-2-300x300.webp 300w, https:\/\/www.xhplasticlife.com\/wp-content\/uploads\/2025\/07\/1400ml-Round-Storage-Containers-Wholesale-BX1043-2-150x150.webp 150w, https:\/\/www.xhplasticlife.com\/wp-content\/uploads\/2025\/07\/1400ml-Round-Storage-Containers-Wholesale-BX1043-2-768x768.webp 768w, https:\/\/www.xhplasticlife.com\/wp-content\/uploads\/2025\/07\/1400ml-Round-Storage-Containers-Wholesale-BX1043-2-600x600.webp 600w, https:\/\/www.xhplasticlife.com\/wp-content\/uploads\/2025\/07\/1400ml-Round-Storage-Containers-Wholesale-BX1043-2-100x100.webp 100w\" sizes=\"(max-width: 800px) 100vw, 800px\" \/><\/figure>\n<\/div>\n<\/div>","protected":false},"excerpt":{"rendered":"<p>Bienvenue sur notre site de vente en gros de r\u00e9cipients de stockage ronds. Nos r\u00e9cipients alimentaires en PP avec fermeture \u00e0 pression sont fabriqu\u00e9s en PP sans BPA, \u00e9tanches \u00e0 l'air avec couvercles \u00e0 pression, micro-ondables et parfaits pour conserver les sauces, les en-cas, les soupes ou les pr\u00e9parations de repas. Le design empilable le rend id\u00e9al pour la cuisine, la livraison de nourriture ou les besoins commerciaux en vrac.<\/p>\n<h2>Conteneurs de stockage ronds en gros Param\u00e8tre<\/h2>\n<p><strong>Mod\u00e8le<\/strong>: BX1041-BX1043 <strong>Nom de la marque<\/strong>: Xinghui <strong>Mat\u00e9riau<\/strong>: PP+Silicone <strong>Couleur<\/strong>: Noir, rouge et kaki\/transparent <strong>OEM\/ODM<\/strong>: Disponible <strong>Option personnalis\u00e9e<\/strong>: Couleur\/Taille\/Logo\/Emballage<\/p>\n<h2>De la part du fabricant de r\u00e9cipients de stockage d'aliments :<\/h2>\n<p>Fond\u00e9e en 2000,<a href=\"https:\/\/www.xhplasticlife.com\/fr\/\">\u00a0<strong>Xinghui<\/strong><\/a>\u00a0est sp\u00e9cialis\u00e9e dans la production et la vente en gros de bo\u00eetes \u00e0 lunch, de r\u00e9cipients pour la conservation des aliments, de r\u00e9cipients pour les boissons, de r\u00e9cipients pour la conservation des produits m\u00e9nagers et d'autres produits quotidiens en plastique. Elle propose \u00e0 ses clients des services OEM et ODM ainsi que des services d'approvisionnement en ligne.<\/p>","protected":false},"featured_media":677,"comment_status":"closed","ping_status":"closed","template":"","meta":{"_acf_changed":false},"product_brand":[],"product_cat":[18],"product_tag":[],"class_list":{"0":"post-665","1":"product","2":"type-product","3":"status-publish","4":"has-post-thumbnail","6":"product_cat-bulk-food-storage-container","8":"first","9":"instock","10":"shipping-taxable","11":"product-type-simple"},"acf":[],"_links":{"self":[{"href":"https:\/\/www.xhplasticlife.com\/fr\/wp-json\/wp\/v2\/product\/665","targetHints":{"allow":["GET"]}}],"collection":[{"href":"https:\/\/www.xhplasticlife.com\/fr\/wp-json\/wp\/v2\/product"}],"about":[{"href":"https:\/\/www.xhplasticlife.com\/fr\/wp-json\/wp\/v2\/types\/product"}],"replies":[{"embeddable":true,"href":"https:\/\/www.xhplasticlife.com\/fr\/wp-json\/wp\/v2\/comments?post=665"}],"wp:featuredmedia":[{"embeddable":true,"href":"https:\/\/www.xhplasticlife.com\/fr\/wp-json\/wp\/v2\/media\/677"}],"wp:attachment":[{"href":"https:\/\/www.xhplasticlife.com\/fr\/wp-json\/wp\/v2\/media?parent=665"}],"wp:term":[{"taxonomy":"product_brand","embeddable":true,"href":"https:\/\/www.xhplasticlife.com\/fr\/wp-json\/wp\/v2\/product_brand?post=665"},{"taxonomy":"product_cat","embeddable":true,"href":"https:\/\/www.xhplasticlife.com\/fr\/wp-json\/wp\/v2\/product_cat?post=665"},{"taxonomy":"product_tag","embeddable":true,"href":"https:\/\/www.xhplasticlife.com\/fr\/wp-json\/wp\/v2\/product_tag?post=665"}],"curies":[{"name":"wp","href":"https:\/\/api.w.org\/{rel}","templated":true}]}}