{"id":659,"date":"2025-07-23T16:52:41","date_gmt":"2025-07-23T16:52:41","guid":{"rendered":"https:\/\/www.xhplasticlife.com\/?post_type=product&#038;p=659"},"modified":"2025-07-23T16:52:59","modified_gmt":"2025-07-23T16:52:59","slug":"glass-food-storage-containers-bulk","status":"publish","type":"product","link":"https:\/\/www.xhplasticlife.com\/fr\/produit\/glass-food-storage-containers-bulk\/","title":{"rendered":"R\u00e9cipients de conservation en verre avec couvercle, bo\u00eete \u00e0 lunch s\u00fbre et herm\u00e9tique"},"content":{"rendered":"<div class=\"wp-block-columns is-layout-flex wp-container-core-columns-is-layout-9d6595d7 wp-block-columns-is-layout-flex\">\n<div class=\"wp-block-column is-layout-flow wp-block-column-is-layout-flow\">\n<h2 class=\"wp-block-heading\">R\u00e9cipients de stockage des aliments en verre en gros Caract\u00e9ristiques :<\/h2>\n\n\n\n<ul class=\"wp-block-list\">\n<li><strong>Mat\u00e9riau en verre borosilicate \u00e0 haute teneur en oxyg\u00e8ne<\/strong>Le verre borosilicat\u00e9 est r\u00e9sistant aux temp\u00e9ratures \u00e9lev\u00e9es et aux chocs chauds et froids. Il convient au chauffage par micro-ondes et \u00e0 la cong\u00e9lation par r\u00e9frig\u00e9ration, c'est un produit en vrac tr\u00e8s appr\u00e9ci\u00e9 pour la pr\u00e9paration des repas.<\/li>\n\n\n\n<li><strong>Formes multiples disponibles<\/strong>: Rond, carr\u00e9, rectangle et autres sp\u00e9cifications sont disponibles pour r\u00e9pondre aux diff\u00e9rents besoins de stockage, ce qui constitue un choix flexible et pratique pour les r\u00e9cipients de stockage alimentaire en verre en gros.<\/li>\n\n\n\n<li><strong>Scell\u00e9 et \u00e9tanche<\/strong>: Le couvercle scell\u00e9 assorti est \u00e9tanche \u00e0 l'air et conserve efficacement la fra\u00eecheur, ce qui convient aux repas \u00e0 emporter ou \u00e0 la conservation des aliments.<\/li>\n\n\n\n<li><strong>Passe au micro-ondes et au four<\/strong>La bo\u00eete en verre peut \u00eatre utilis\u00e9e au four et au micro-ondes (il est n\u00e9cessaire de retirer le couvercle), alliant ainsi sant\u00e9 et commodit\u00e9.<\/li>\n\n\n\n<li><strong>Facile \u00e0 nettoyer et sans odeur<\/strong>: La surface en verre est lisse et inodore, elle peut \u00eatre lav\u00e9e au lave-vaisselle et convient \u00e0 une r\u00e9utilisation fr\u00e9quente.<\/li>\n\n\n\n<li><strong>Convient \u00e0 l'achat en gros<\/strong>: Nous proposons un service de vente en gros de r\u00e9cipients en verre pour la conservation des aliments et de r\u00e9cipients en verre pour la pr\u00e9paration des repas, adapt\u00e9 aux d\u00e9taillants et aux marques qui souhaitent faire des achats personnalis\u00e9s.<\/li>\n<\/ul>\n<\/div>\n\n\n\n<div class=\"wp-block-column is-layout-flow wp-block-column-is-layout-flow\">\n<figure class=\"wp-block-image size-full\"><img decoding=\"async\" width=\"1070\" height=\"1070\" src=\"https:\/\/www.xhplasticlife.com\/wp-content\/uploads\/2025\/07\/Wholesale-Glass-Food-Storage-Containers-Sizes.webp\" alt=\"Taille des r\u00e9cipients de stockage des aliments en verre en gros\" class=\"wp-image-664\" srcset=\"https:\/\/www.xhplasticlife.com\/wp-content\/uploads\/2025\/07\/Wholesale-Glass-Food-Storage-Containers-Sizes.webp 1070w, https:\/\/www.xhplasticlife.com\/wp-content\/uploads\/2025\/07\/Wholesale-Glass-Food-Storage-Containers-Sizes-300x300.webp 300w, https:\/\/www.xhplasticlife.com\/wp-content\/uploads\/2025\/07\/Wholesale-Glass-Food-Storage-Containers-Sizes-150x150.webp 150w, https:\/\/www.xhplasticlife.com\/wp-content\/uploads\/2025\/07\/Wholesale-Glass-Food-Storage-Containers-Sizes-768x768.webp 768w, https:\/\/www.xhplasticlife.com\/wp-content\/uploads\/2025\/07\/Wholesale-Glass-Food-Storage-Containers-Sizes-600x600.webp 600w, https:\/\/www.xhplasticlife.com\/wp-content\/uploads\/2025\/07\/Wholesale-Glass-Food-Storage-Containers-Sizes-100x100.webp 100w\" sizes=\"(max-width: 1070px) 100vw, 1070px\" \/><\/figure>\n<\/div>\n<\/div>\n\n\n\n<p><\/p>","protected":false},"excerpt":{"rendered":"<p>Bienvenue sur le site de vente en gros de r\u00e9cipients en verre pour la conservation des aliments. Nos r\u00e9cipients en verre pour la pr\u00e9paration des repas sont fabriqu\u00e9s en verre borosilicat\u00e9 r\u00e9sistant \u00e0 la chaleur, avec des couvercles herm\u00e9tiques et de multiples options de forme. Passant au micro-ondes et au lave-vaisselle, ils sont id\u00e9aux pour la pr\u00e9paration des repas, le stockage ou la livraison de nourriture en vrac.<\/p>\n<h2>Param\u00e8tres des r\u00e9cipients de stockage des aliments en verre en vrac<\/h2>\n<p><strong>Mod\u00e8le<\/strong>: BX1021-BX1029<br \/>\n<strong>Nom de la marque<\/strong>: Xinghui<br \/>\n<strong>Mat\u00e9riau<\/strong>: Verre borosilicat\u00e9+plastique<br \/>\n<strong>Capacit\u00e9<\/strong>: 320ml-1040ml<br \/>\n<strong>Couleur<\/strong>: Rose\/Bleu\/Noir<br \/>\n<strong>Emballage<\/strong>: Bo\u00eete de couleur Emballage<br \/>\n<strong>OEM\/ODM<\/strong>: Disponible<br \/>\n<strong>Option personnalis\u00e9e<\/strong>: Couleur\/Taille\/Logo\/Emballage<\/p>\n<h2>De Daily Plasticware, fabricant de produits en plastique :<\/h2>\n<p>Fond\u00e9e en 2000,\u00a0<strong>Xinghui<\/strong>\u00a0est sp\u00e9cialis\u00e9e dans la production et la vente en gros de bo\u00eetes \u00e0 lunch, de r\u00e9cipients pour la conservation des aliments, de r\u00e9cipients pour les boissons, de r\u00e9cipients pour la conservation des produits m\u00e9nagers et d'autres produits quotidiens en plastique. Elle propose \u00e0 ses clients des services OEM et ODM ainsi que des services d'approvisionnement en ligne.<\/p>","protected":false},"featured_media":663,"comment_status":"closed","ping_status":"closed","template":"","meta":{"_acf_changed":false},"product_brand":[],"product_cat":[17,18],"product_tag":[],"class_list":{"0":"post-659","1":"product","2":"type-product","3":"status-publish","4":"has-post-thumbnail","6":"product_cat-wholesale-lunch-boxes","7":"product_cat-bulk-food-storage-container","9":"first","10":"instock","11":"shipping-taxable","12":"product-type-simple"},"acf":[],"_links":{"self":[{"href":"https:\/\/www.xhplasticlife.com\/fr\/wp-json\/wp\/v2\/product\/659","targetHints":{"allow":["GET"]}}],"collection":[{"href":"https:\/\/www.xhplasticlife.com\/fr\/wp-json\/wp\/v2\/product"}],"about":[{"href":"https:\/\/www.xhplasticlife.com\/fr\/wp-json\/wp\/v2\/types\/product"}],"replies":[{"embeddable":true,"href":"https:\/\/www.xhplasticlife.com\/fr\/wp-json\/wp\/v2\/comments?post=659"}],"wp:featuredmedia":[{"embeddable":true,"href":"https:\/\/www.xhplasticlife.com\/fr\/wp-json\/wp\/v2\/media\/663"}],"wp:attachment":[{"href":"https:\/\/www.xhplasticlife.com\/fr\/wp-json\/wp\/v2\/media?parent=659"}],"wp:term":[{"taxonomy":"product_brand","embeddable":true,"href":"https:\/\/www.xhplasticlife.com\/fr\/wp-json\/wp\/v2\/product_brand?post=659"},{"taxonomy":"product_cat","embeddable":true,"href":"https:\/\/www.xhplasticlife.com\/fr\/wp-json\/wp\/v2\/product_cat?post=659"},{"taxonomy":"product_tag","embeddable":true,"href":"https:\/\/www.xhplasticlife.com\/fr\/wp-json\/wp\/v2\/product_tag?post=659"}],"curies":[{"name":"wp","href":"https:\/\/api.w.org\/{rel}","templated":true}]}}