{"id":622,"date":"2025-07-23T15:13:19","date_gmt":"2025-07-23T15:13:19","guid":{"rendered":"https:\/\/www.xhplasticlife.com\/?post_type=product&#038;p=622"},"modified":"2025-07-23T15:13:20","modified_gmt":"2025-07-23T15:13:20","slug":"bulk-freezer-storage-containers","status":"publish","type":"product","link":"https:\/\/www.xhplasticlife.com\/fr\/produit\/bulk-freezer-storage-containers\/","title":{"rendered":"Bo\u00eetes de conservation pour cong\u00e9lateur en vrac 1.4L Bo\u00eetes de conservation pour r\u00e9frig\u00e9rateur en plastique Fabricant"},"content":{"rendered":"<div class=\"wp-block-columns is-layout-flex wp-container-core-columns-is-layout-9d6595d7 wp-block-columns-is-layout-flex\">\n<div class=\"wp-block-column is-layout-flow wp-block-column-is-layout-flow\">\n<h2 class=\"wp-block-heading\">Conteneurs de cong\u00e9lation en vrac Caract\u00e9ristiques :<\/h2>\n\n\n\n<ul class=\"wp-block-list\">\n<li><strong>Stockage multifonctionnel<\/strong>La bo\u00eete de conservation : peut \u00eatre utilis\u00e9e pour la r\u00e9frig\u00e9ration, la cong\u00e9lation, le chauffage au micro-ondes, une bo\u00eete peut \u00eatre utilis\u00e9e \u00e0 des fins multiples, convient \u00e0 l'organisation de diff\u00e9rents ingr\u00e9dients, c'est un choix rentable de conteneurs de stockage en vrac pour la cong\u00e9lation.<\/li>\n\n\n\n<li><strong>Compartiment amovible<\/strong>: Comprend des s\u00e9parateurs amovibles pour s\u00e9parer librement les ingr\u00e9dients, faciles \u00e0 classer et \u00e0 organiser, am\u00e9liorant l'efficacit\u00e9 de l'utilisation du r\u00e9frig\u00e9rateur.<\/li>\n\n\n\n<li><strong>En option avec la conception du filtre \u00e0 eau<\/strong>La structure de drainage du fond permet de garder les aliments au sec. Elle convient au stockage de diff\u00e9rents ingr\u00e9dients tels que les fruits et l\u00e9gumes, la viande, etc.<\/li>\n\n\n\n<li><strong>Mat\u00e9riau durable<\/strong>Les bo\u00eetes de rangement en plastique pour r\u00e9frig\u00e9rateur sont fabriqu\u00e9es en plastique de haute qualit\u00e9, sans BPA, s\u00fbres et fiables, c'est un produit de vente en gros de bo\u00eetes de rangement en plastique pour r\u00e9frig\u00e9rateur tr\u00e8s appr\u00e9ci\u00e9.<\/li>\n\n\n\n<li><strong>Empilable et peu encombrant<\/strong>La conception empilable permet d'\u00e9conomiser de l'espace dans le r\u00e9frig\u00e9rateur et convient \u00e0 la cuisine domestique et \u00e0 l'arri\u00e8re-boutique de la restauration pour une utilisation \u00e0 grande \u00e9chelle.<\/li>\n\n\n\n<li><strong>Soutien \u00e0 la personnalisation de la vente en gros<\/strong>Les produits de cette cat\u00e9gorie sont les suivants : produits d'usine, service OEM\/ODM, adapt\u00e9s aux acheteurs et aux propri\u00e9taires de marques qui recherchent des conteneurs de stockage pour cong\u00e9lateur en vrac et des bo\u00eetes de stockage pour r\u00e9frig\u00e9rateur en plastique en gros.<\/li>\n<\/ul>\n<\/div>\n\n\n\n<div class=\"wp-block-column is-layout-flow wp-block-column-is-layout-flow\">\n<figure class=\"wp-block-image size-full\"><img decoding=\"async\" width=\"800\" height=\"800\" src=\"https:\/\/www.xhplasticlife.com\/wp-content\/uploads\/2025\/07\/Bulk-Freezer-Storage-Containers-Manufacturer-4.webp\" alt=\"Fabricant de conteneurs de cong\u00e9lation en vrac (4)\" class=\"wp-image-632\" srcset=\"https:\/\/www.xhplasticlife.com\/wp-content\/uploads\/2025\/07\/Bulk-Freezer-Storage-Containers-Manufacturer-4.webp 800w, https:\/\/www.xhplasticlife.com\/wp-content\/uploads\/2025\/07\/Bulk-Freezer-Storage-Containers-Manufacturer-4-300x300.webp 300w, https:\/\/www.xhplasticlife.com\/wp-content\/uploads\/2025\/07\/Bulk-Freezer-Storage-Containers-Manufacturer-4-150x150.webp 150w, https:\/\/www.xhplasticlife.com\/wp-content\/uploads\/2025\/07\/Bulk-Freezer-Storage-Containers-Manufacturer-4-768x768.webp 768w, https:\/\/www.xhplasticlife.com\/wp-content\/uploads\/2025\/07\/Bulk-Freezer-Storage-Containers-Manufacturer-4-600x600.webp 600w, https:\/\/www.xhplasticlife.com\/wp-content\/uploads\/2025\/07\/Bulk-Freezer-Storage-Containers-Manufacturer-4-100x100.webp 100w\" sizes=\"(max-width: 800px) 100vw, 800px\" \/><\/figure>\n<\/div>\n<\/div>\n\n\n\n<h2 class=\"wp-block-heading\">Conteneurs de cong\u00e9lation en vrac Taille :<\/h2>\n\n\n\n<figure class=\"wp-block-table is-style-stripes\"><table class=\"has-fixed-layout\"><tbody><tr><td>Mod\u00e8le<\/td><td>Structures<\/td><td>N.W.\/PCS<\/td><td>G.W.\/Cas<\/td><\/tr><tr><td>BX1094<\/td><td>2 compartiments<\/td><td>195G<\/td><td>15.5KG<\/td><\/tr><tr><td>BX1095<\/td><td>3 compartiments<\/td><td>203G<\/td><td>16KG<\/td><\/tr><tr><td>BX1096<\/td><td>4 compartiments<\/td><td>212G<\/td><td>16.6KG<\/td><\/tr><tr><td>BX1097<\/td><td>2 compartiments avec trou de drainage<\/td><td>185G<\/td><td>14.7KG<\/td><\/tr><tr><td>BX1098<\/td><td>3 compartiments avec trou de drainage<\/td><td>192G<\/td><td>15.2KG<\/td><\/tr><tr><td>BX1099<\/td><td>4 compartiments avec trou de drainage<\/td><td>199G<\/td><td>15.6KG<\/td><\/tr><\/tbody><\/table><\/figure>\n\n\n\n<div class=\"wp-block-columns is-layout-flex wp-container-core-columns-is-layout-9d6595d7 wp-block-columns-is-layout-flex\">\n<div class=\"wp-block-column is-layout-flow wp-block-column-is-layout-flow\"><div class=\"wp-block-image\">\n<figure class=\"aligncenter size-full\"><img decoding=\"async\" width=\"800\" height=\"800\" src=\"https:\/\/www.xhplasticlife.com\/wp-content\/uploads\/2025\/07\/2-compartment-food-containers-Wholesale.webp\" alt=\"Conteneurs alimentaires \u00e0 2 compartiments Vente en gros\" class=\"wp-image-623\" srcset=\"https:\/\/www.xhplasticlife.com\/wp-content\/uploads\/2025\/07\/2-compartment-food-containers-Wholesale.webp 800w, https:\/\/www.xhplasticlife.com\/wp-content\/uploads\/2025\/07\/2-compartment-food-containers-Wholesale-300x300.webp 300w, https:\/\/www.xhplasticlife.com\/wp-content\/uploads\/2025\/07\/2-compartment-food-containers-Wholesale-150x150.webp 150w, https:\/\/www.xhplasticlife.com\/wp-content\/uploads\/2025\/07\/2-compartment-food-containers-Wholesale-768x768.webp 768w, https:\/\/www.xhplasticlife.com\/wp-content\/uploads\/2025\/07\/2-compartment-food-containers-Wholesale-600x600.webp 600w, https:\/\/www.xhplasticlife.com\/wp-content\/uploads\/2025\/07\/2-compartment-food-containers-Wholesale-100x100.webp 100w\" sizes=\"(max-width: 800px) 100vw, 800px\" \/><figcaption class=\"wp-element-caption\">BX1094<\/figcaption><\/figure>\n<\/div><\/div>\n\n\n\n<div class=\"wp-block-column is-layout-flow wp-block-column-is-layout-flow\"><div class=\"wp-block-image\">\n<figure class=\"aligncenter size-full\"><img decoding=\"async\" width=\"800\" height=\"800\" src=\"https:\/\/www.xhplasticlife.com\/wp-content\/uploads\/2025\/07\/3compartment-food-containers-wholesale-2.webp\" alt=\"Conteneurs alimentaires \u00e0 3 compartiments wholesale-2\" class=\"wp-image-626\" srcset=\"https:\/\/www.xhplasticlife.com\/wp-content\/uploads\/2025\/07\/3compartment-food-containers-wholesale-2.webp 800w, https:\/\/www.xhplasticlife.com\/wp-content\/uploads\/2025\/07\/3compartment-food-containers-wholesale-2-300x300.webp 300w, https:\/\/www.xhplasticlife.com\/wp-content\/uploads\/2025\/07\/3compartment-food-containers-wholesale-2-150x150.webp 150w, https:\/\/www.xhplasticlife.com\/wp-content\/uploads\/2025\/07\/3compartment-food-containers-wholesale-2-768x768.webp 768w, https:\/\/www.xhplasticlife.com\/wp-content\/uploads\/2025\/07\/3compartment-food-containers-wholesale-2-600x600.webp 600w, https:\/\/www.xhplasticlife.com\/wp-content\/uploads\/2025\/07\/3compartment-food-containers-wholesale-2-100x100.webp 100w\" sizes=\"(max-width: 800px) 100vw, 800px\" \/><figcaption class=\"wp-element-caption\">BX1095<\/figcaption><\/figure>\n<\/div><\/div>\n\n\n\n<div class=\"wp-block-column is-layout-flow wp-block-column-is-layout-flow\"><div class=\"wp-block-image\">\n<figure class=\"aligncenter size-full\"><img decoding=\"async\" width=\"800\" height=\"800\" src=\"https:\/\/www.xhplasticlife.com\/wp-content\/uploads\/2025\/07\/4-compartment-food-containers-wholesale.webp\" alt=\"Conteneurs alimentaires \u00e0 4 compartiments\" class=\"wp-image-627\" srcset=\"https:\/\/www.xhplasticlife.com\/wp-content\/uploads\/2025\/07\/4-compartment-food-containers-wholesale.webp 800w, https:\/\/www.xhplasticlife.com\/wp-content\/uploads\/2025\/07\/4-compartment-food-containers-wholesale-300x300.webp 300w, https:\/\/www.xhplasticlife.com\/wp-content\/uploads\/2025\/07\/4-compartment-food-containers-wholesale-150x150.webp 150w, https:\/\/www.xhplasticlife.com\/wp-content\/uploads\/2025\/07\/4-compartment-food-containers-wholesale-768x768.webp 768w, https:\/\/www.xhplasticlife.com\/wp-content\/uploads\/2025\/07\/4-compartment-food-containers-wholesale-600x600.webp 600w, https:\/\/www.xhplasticlife.com\/wp-content\/uploads\/2025\/07\/4-compartment-food-containers-wholesale-100x100.webp 100w\" sizes=\"(max-width: 800px) 100vw, 800px\" \/><figcaption class=\"wp-element-caption\">BX1096<\/figcaption><\/figure>\n<\/div><\/div>\n<\/div>\n\n\n\n<div class=\"wp-block-columns is-layout-flex wp-container-core-columns-is-layout-9d6595d7 wp-block-columns-is-layout-flex\">\n<div class=\"wp-block-column is-layout-flow wp-block-column-is-layout-flow\"><div class=\"wp-block-image\">\n<figure class=\"aligncenter size-full\"><img decoding=\"async\" width=\"800\" height=\"800\" src=\"https:\/\/www.xhplasticlife.com\/wp-content\/uploads\/2025\/07\/2-compartment-food-containers-with-Drain-Hole-wholesale.webp\" alt=\"Conteneurs alimentaires \u00e0 2 compartiments avec trou de drainage en gros\" class=\"wp-image-624\" srcset=\"https:\/\/www.xhplasticlife.com\/wp-content\/uploads\/2025\/07\/2-compartment-food-containers-with-Drain-Hole-wholesale.webp 800w, https:\/\/www.xhplasticlife.com\/wp-content\/uploads\/2025\/07\/2-compartment-food-containers-with-Drain-Hole-wholesale-300x300.webp 300w, https:\/\/www.xhplasticlife.com\/wp-content\/uploads\/2025\/07\/2-compartment-food-containers-with-Drain-Hole-wholesale-150x150.webp 150w, https:\/\/www.xhplasticlife.com\/wp-content\/uploads\/2025\/07\/2-compartment-food-containers-with-Drain-Hole-wholesale-768x768.webp 768w, https:\/\/www.xhplasticlife.com\/wp-content\/uploads\/2025\/07\/2-compartment-food-containers-with-Drain-Hole-wholesale-600x600.webp 600w, https:\/\/www.xhplasticlife.com\/wp-content\/uploads\/2025\/07\/2-compartment-food-containers-with-Drain-Hole-wholesale-100x100.webp 100w\" sizes=\"(max-width: 800px) 100vw, 800px\" \/><figcaption class=\"wp-element-caption\">BX1097<\/figcaption><\/figure>\n<\/div><\/div>\n\n\n\n<div class=\"wp-block-column is-layout-flow wp-block-column-is-layout-flow\"><div class=\"wp-block-image\">\n<figure class=\"aligncenter size-full\"><img decoding=\"async\" width=\"800\" height=\"800\" src=\"https:\/\/www.xhplasticlife.com\/wp-content\/uploads\/2025\/07\/3-compartment-food-containers-with-Drain-Hole.webp\" alt=\"Conteneurs alimentaires \u00e0 3 compartiments avec trou de vidange\" class=\"wp-image-625\" srcset=\"https:\/\/www.xhplasticlife.com\/wp-content\/uploads\/2025\/07\/3-compartment-food-containers-with-Drain-Hole.webp 800w, https:\/\/www.xhplasticlife.com\/wp-content\/uploads\/2025\/07\/3-compartment-food-containers-with-Drain-Hole-300x300.webp 300w, https:\/\/www.xhplasticlife.com\/wp-content\/uploads\/2025\/07\/3-compartment-food-containers-with-Drain-Hole-150x150.webp 150w, https:\/\/www.xhplasticlife.com\/wp-content\/uploads\/2025\/07\/3-compartment-food-containers-with-Drain-Hole-768x768.webp 768w, https:\/\/www.xhplasticlife.com\/wp-content\/uploads\/2025\/07\/3-compartment-food-containers-with-Drain-Hole-600x600.webp 600w, https:\/\/www.xhplasticlife.com\/wp-content\/uploads\/2025\/07\/3-compartment-food-containers-with-Drain-Hole-100x100.webp 100w\" sizes=\"(max-width: 800px) 100vw, 800px\" \/><figcaption class=\"wp-element-caption\">BX1098<\/figcaption><\/figure>\n<\/div><\/div>\n\n\n\n<div class=\"wp-block-column is-layout-flow wp-block-column-is-layout-flow\"><div class=\"wp-block-image\">\n<figure class=\"aligncenter size-full\"><img decoding=\"async\" width=\"800\" height=\"800\" src=\"https:\/\/www.xhplasticlife.com\/wp-content\/uploads\/2025\/07\/4-compartment-food-containers-with-Drain-Hole.webp\" alt=\"Conteneurs alimentaires \u00e0 4 compartiments avec trou de vidange\" class=\"wp-image-628\" srcset=\"https:\/\/www.xhplasticlife.com\/wp-content\/uploads\/2025\/07\/4-compartment-food-containers-with-Drain-Hole.webp 800w, https:\/\/www.xhplasticlife.com\/wp-content\/uploads\/2025\/07\/4-compartment-food-containers-with-Drain-Hole-300x300.webp 300w, https:\/\/www.xhplasticlife.com\/wp-content\/uploads\/2025\/07\/4-compartment-food-containers-with-Drain-Hole-150x150.webp 150w, https:\/\/www.xhplasticlife.com\/wp-content\/uploads\/2025\/07\/4-compartment-food-containers-with-Drain-Hole-768x768.webp 768w, https:\/\/www.xhplasticlife.com\/wp-content\/uploads\/2025\/07\/4-compartment-food-containers-with-Drain-Hole-600x600.webp 600w, https:\/\/www.xhplasticlife.com\/wp-content\/uploads\/2025\/07\/4-compartment-food-containers-with-Drain-Hole-100x100.webp 100w\" sizes=\"(max-width: 800px) 100vw, 800px\" \/><figcaption class=\"wp-element-caption\">BX1099<\/figcaption><\/figure>\n<\/div><\/div>\n<\/div>","protected":false},"excerpt":{"rendered":"<p>Bienvenue dans l'achat de conteneurs de stockage pour cong\u00e9lateur en vrac. Nos bo\u00eetes de rangement en plastique pour r\u00e9frig\u00e9rateur sont fabriqu\u00e9es \u00e0 partir de mat\u00e9riaux sans BPA, avec des compartiments amovibles et des plateaux d'\u00e9gouttage. Con\u00e7ues pour une organisation efficace de la cuisine, elles sont empilables, micro-ondables, r\u00e9sistantes \u00e0 la cong\u00e9lation et parfaites pour un usage domestique ou un stockage commercial en vrac.<\/p>\n<h2>Param\u00e8tres des conteneurs de cong\u00e9lation en gros<\/h2>\n<p><strong>Mod\u00e8le<\/strong>: BX1094-BX1099<br \/><strong>Nom de la marque<\/strong>: Xinghui<br \/><strong>Mat\u00e9riau<\/strong>: PP<br \/><strong>Dimension<\/strong>: 1.4L<br \/><strong>Couleur<\/strong>: Couleur cr\u00e8me ou personnalis\u00e9e<br \/><strong>Taille<\/strong>Dimensions : 20,3cm*15cm*6,5cm\u00a0<br \/><strong>Taille de la bo\u00eete<\/strong>: 59.5\u00d743.5\u00d753.5cm<br \/><strong>Emballage<\/strong>72pcs<br \/><strong>OEM\/ODM<\/strong>: Disponible<br \/><strong>Option personnalis\u00e9e<\/strong>: Couleur\/Taille\/Logo\/Emballage<\/p>\n<h2>De la part du fabricant de r\u00e9cipients de stockage d'aliments :<\/h2>\n<p>Fond\u00e9e en 2000,<a href=\"https:\/\/www.xhplasticlife.com\/fr\/\">\u00a0<strong>Xinghui<\/strong><\/a>\u00a0est sp\u00e9cialis\u00e9e dans la production et la vente en gros de bo\u00eetes \u00e0 lunch, de r\u00e9cipients pour la conservation des aliments, de r\u00e9cipients pour les boissons, de r\u00e9cipients pour la conservation des produits m\u00e9nagers et d'autres produits quotidiens en plastique. Elle propose \u00e0 ses clients des services OEM et ODM ainsi que des services d'approvisionnement en ligne.<\/p>","protected":false},"featured_media":633,"comment_status":"closed","ping_status":"closed","template":"","meta":{"_acf_changed":false},"product_brand":[],"product_cat":[18],"product_tag":[],"class_list":{"0":"post-622","1":"product","2":"type-product","3":"status-publish","4":"has-post-thumbnail","6":"product_cat-bulk-food-storage-container","8":"first","9":"instock","10":"shipping-taxable","11":"product-type-simple"},"acf":[],"_links":{"self":[{"href":"https:\/\/www.xhplasticlife.com\/fr\/wp-json\/wp\/v2\/product\/622","targetHints":{"allow":["GET"]}}],"collection":[{"href":"https:\/\/www.xhplasticlife.com\/fr\/wp-json\/wp\/v2\/product"}],"about":[{"href":"https:\/\/www.xhplasticlife.com\/fr\/wp-json\/wp\/v2\/types\/product"}],"replies":[{"embeddable":true,"href":"https:\/\/www.xhplasticlife.com\/fr\/wp-json\/wp\/v2\/comments?post=622"}],"wp:featuredmedia":[{"embeddable":true,"href":"https:\/\/www.xhplasticlife.com\/fr\/wp-json\/wp\/v2\/media\/633"}],"wp:attachment":[{"href":"https:\/\/www.xhplasticlife.com\/fr\/wp-json\/wp\/v2\/media?parent=622"}],"wp:term":[{"taxonomy":"product_brand","embeddable":true,"href":"https:\/\/www.xhplasticlife.com\/fr\/wp-json\/wp\/v2\/product_brand?post=622"},{"taxonomy":"product_cat","embeddable":true,"href":"https:\/\/www.xhplasticlife.com\/fr\/wp-json\/wp\/v2\/product_cat?post=622"},{"taxonomy":"product_tag","embeddable":true,"href":"https:\/\/www.xhplasticlife.com\/fr\/wp-json\/wp\/v2\/product_tag?post=622"}],"curies":[{"name":"wp","href":"https:\/\/api.w.org\/{rel}","templated":true}]}}