{"id":609,"date":"2025-07-23T09:51:33","date_gmt":"2025-07-23T09:51:33","guid":{"rendered":"https:\/\/www.xhplasticlife.com\/?post_type=product&#038;p=609"},"modified":"2026-04-02T10:02:58","modified_gmt":"2026-04-02T10:02:58","slug":"bulk-microwavable-ramen-bowl","status":"publish","type":"product","link":"https:\/\/www.xhplasticlife.com\/fr\/produit\/bulk-microwavable-ramen-bowl\/","title":{"rendered":"Bol \u00e0 ramen en vrac pour micro-ondes avec couvercle herm\u00e9tique rond et poign\u00e9e design \u00a0"},"content":{"rendered":"<div class=\"wp-block-columns is-layout-flex wp-container-core-columns-is-layout-9d6595d7 wp-block-columns-is-layout-flex\">\n<div class=\"wp-block-column is-layout-flow wp-block-column-is-layout-flow\">\n<h2 class=\"wp-block-heading\">Bulk Bol \u00e0 ramen micro-ondable Caract\u00e9ristiques :<\/h2>\n\n\n\n<ul class=\"wp-block-list\">\n<li><strong>Micro-ondes<\/strong>Le bol \u00e0 ramen est fabriqu\u00e9 dans un mat\u00e9riau r\u00e9sistant \u00e0 la chaleur et peut \u00eatre directement pass\u00e9 au four \u00e0 micro-ondes. Il est pratique et rapide, c'est le choix id\u00e9al pour un bol \u00e0 ramen en vrac \u00e0 passer au four \u00e0 micro-ondes.<\/li>\n\n\n\n<li><strong>Conception \u00e9tanche<\/strong>Couvercle \u00e0 fermeture ronde, emp\u00eachant efficacement les fuites et pr\u00e9servant la fra\u00eecheur. Convient pour les soupes et les p\u00e2tes chaudes.<\/li>\n\n\n\n<li><strong>Poign\u00e9e portable<\/strong>: Poign\u00e9e humanis\u00e9e, ne chauffe pas, convient \u00e0 la restauration, aux plats \u00e0 emporter et \u00e0 l'usage domestique.<\/li>\n\n\n\n<li><strong>Large utilisation<\/strong>R\u00e9cipient en plastique pour soupe : convient non seulement pour les ramen, mais peut \u00e9galement \u00eatre utilis\u00e9 pour toutes sortes de soupes chaudes ; il s'agit d'un produit de gros populaire.<\/li>\n\n\n\n<li><strong>Prise en charge des achats group\u00e9s<\/strong>Nous fournissons un approvisionnement stable et un service personnalis\u00e9, ce qui convient aux hommes d'affaires qui recherchent des bols de ramen micro-ondables et des r\u00e9cipients de soupe en plastique en gros.<\/li>\n\n\n\n<li><strong>Sain et s\u00fbr<\/strong>Les produits sont fabriqu\u00e9s en plastique de qualit\u00e9 alimentaire, sans BPA. Ils sont plus s\u00fbrs et conviennent \u00e0 une utilisation quotidienne et fr\u00e9quente.<\/li>\n<\/ul>\n<\/div>\n\n\n\n<div class=\"wp-block-column is-layout-flow wp-block-column-is-layout-flow\">\n<figure class=\"wp-block-image size-full\"><img decoding=\"async\" width=\"800\" height=\"800\" src=\"https:\/\/www.xhplasticlife.com\/wp-content\/uploads\/2025\/07\/Bulk-Microwavable-Ramen-Bowl-Wholesaler-4.webp\" alt=\"Grossiste en bols de ramen micro-ondables en vrac (4)\" class=\"wp-image-614\" srcset=\"https:\/\/www.xhplasticlife.com\/wp-content\/uploads\/2025\/07\/Bulk-Microwavable-Ramen-Bowl-Wholesaler-4.webp 800w, https:\/\/www.xhplasticlife.com\/wp-content\/uploads\/2025\/07\/Bulk-Microwavable-Ramen-Bowl-Wholesaler-4-300x300.webp 300w, https:\/\/www.xhplasticlife.com\/wp-content\/uploads\/2025\/07\/Bulk-Microwavable-Ramen-Bowl-Wholesaler-4-150x150.webp 150w, https:\/\/www.xhplasticlife.com\/wp-content\/uploads\/2025\/07\/Bulk-Microwavable-Ramen-Bowl-Wholesaler-4-768x768.webp 768w, https:\/\/www.xhplasticlife.com\/wp-content\/uploads\/2025\/07\/Bulk-Microwavable-Ramen-Bowl-Wholesaler-4-600x600.webp 600w, https:\/\/www.xhplasticlife.com\/wp-content\/uploads\/2025\/07\/Bulk-Microwavable-Ramen-Bowl-Wholesaler-4-100x100.webp 100w\" sizes=\"(max-width: 800px) 100vw, 800px\" \/><\/figure>\n<\/div>\n<\/div>\n\n\n\n<div class=\"wp-block-columns is-layout-flex wp-container-core-columns-is-layout-9d6595d7 wp-block-columns-is-layout-flex\">\n<div class=\"wp-block-column is-layout-flow wp-block-column-is-layout-flow\">\n<figure class=\"wp-block-image size-full\"><img decoding=\"async\" width=\"800\" height=\"800\" src=\"https:\/\/www.xhplasticlife.com\/wp-content\/uploads\/2025\/07\/Bulk-Microwavable-Ramen-Bowl-Green.webp\" alt=\"Bol \u00e0 ramen micro-ondable en vrac - vert\" class=\"wp-image-618\" srcset=\"https:\/\/www.xhplasticlife.com\/wp-content\/uploads\/2025\/07\/Bulk-Microwavable-Ramen-Bowl-Green.webp 800w, https:\/\/www.xhplasticlife.com\/wp-content\/uploads\/2025\/07\/Bulk-Microwavable-Ramen-Bowl-Green-300x300.webp 300w, https:\/\/www.xhplasticlife.com\/wp-content\/uploads\/2025\/07\/Bulk-Microwavable-Ramen-Bowl-Green-150x150.webp 150w, https:\/\/www.xhplasticlife.com\/wp-content\/uploads\/2025\/07\/Bulk-Microwavable-Ramen-Bowl-Green-768x768.webp 768w, https:\/\/www.xhplasticlife.com\/wp-content\/uploads\/2025\/07\/Bulk-Microwavable-Ramen-Bowl-Green-600x600.webp 600w, https:\/\/www.xhplasticlife.com\/wp-content\/uploads\/2025\/07\/Bulk-Microwavable-Ramen-Bowl-Green-100x100.webp 100w\" sizes=\"(max-width: 800px) 100vw, 800px\" \/><\/figure>\n<\/div>\n\n\n\n<div class=\"wp-block-column is-layout-flow wp-block-column-is-layout-flow\">\n<figure class=\"wp-block-image size-full\"><img decoding=\"async\" width=\"800\" height=\"800\" src=\"https:\/\/www.xhplasticlife.com\/wp-content\/uploads\/2025\/07\/Bulk-Microwavable-Ramen-Bowl-Bule.webp\" alt=\"Bulk Bol Ramen micro-ondable-Bule\" class=\"wp-image-617\" srcset=\"https:\/\/www.xhplasticlife.com\/wp-content\/uploads\/2025\/07\/Bulk-Microwavable-Ramen-Bowl-Bule.webp 800w, https:\/\/www.xhplasticlife.com\/wp-content\/uploads\/2025\/07\/Bulk-Microwavable-Ramen-Bowl-Bule-300x300.webp 300w, https:\/\/www.xhplasticlife.com\/wp-content\/uploads\/2025\/07\/Bulk-Microwavable-Ramen-Bowl-Bule-150x150.webp 150w, https:\/\/www.xhplasticlife.com\/wp-content\/uploads\/2025\/07\/Bulk-Microwavable-Ramen-Bowl-Bule-768x768.webp 768w, https:\/\/www.xhplasticlife.com\/wp-content\/uploads\/2025\/07\/Bulk-Microwavable-Ramen-Bowl-Bule-600x600.webp 600w, https:\/\/www.xhplasticlife.com\/wp-content\/uploads\/2025\/07\/Bulk-Microwavable-Ramen-Bowl-Bule-100x100.webp 100w\" sizes=\"(max-width: 800px) 100vw, 800px\" \/><\/figure>\n<\/div>\n\n\n\n<div class=\"wp-block-column is-layout-flow wp-block-column-is-layout-flow\">\n<figure class=\"wp-block-image size-full\"><img decoding=\"async\" width=\"800\" height=\"800\" src=\"https:\/\/www.xhplasticlife.com\/wp-content\/uploads\/2025\/07\/Bulk-Microwavable-Ramen-Bowl-Pink.webp\" alt=\"Bol \u00e0 ramen micro-ondable en vrac - rose\" class=\"wp-image-610\" srcset=\"https:\/\/www.xhplasticlife.com\/wp-content\/uploads\/2025\/07\/Bulk-Microwavable-Ramen-Bowl-Pink.webp 800w, https:\/\/www.xhplasticlife.com\/wp-content\/uploads\/2025\/07\/Bulk-Microwavable-Ramen-Bowl-Pink-300x300.webp 300w, https:\/\/www.xhplasticlife.com\/wp-content\/uploads\/2025\/07\/Bulk-Microwavable-Ramen-Bowl-Pink-150x150.webp 150w, https:\/\/www.xhplasticlife.com\/wp-content\/uploads\/2025\/07\/Bulk-Microwavable-Ramen-Bowl-Pink-768x768.webp 768w, https:\/\/www.xhplasticlife.com\/wp-content\/uploads\/2025\/07\/Bulk-Microwavable-Ramen-Bowl-Pink-600x600.webp 600w, https:\/\/www.xhplasticlife.com\/wp-content\/uploads\/2025\/07\/Bulk-Microwavable-Ramen-Bowl-Pink-100x100.webp 100w\" sizes=\"(max-width: 800px) 100vw, 800px\" \/><\/figure>\n<\/div>\n<\/div>\n\n\n\n<p><\/p>","protected":false},"excerpt":{"rendered":"<p>Bienvenue sur le site d'achat en gros de bol \u00e0 ramen micro-ondable. Nos options de vente en gros de r\u00e9cipients \u00e0 soupe en plastique sont dot\u00e9es d'un couvercle rond herm\u00e9tique et d'une poign\u00e9e r\u00e9sistante \u00e0 la chaleur, id\u00e9ale pour les ramen, les soupes et les nouilles. Fabriqu\u00e9s \u00e0 partir de mat\u00e9riaux sans BPA, ils peuvent \u00eatre utilis\u00e9s au micro-ondes, sont r\u00e9utilisables et respectueux de l'environnement. Ils sont parfaits pour la livraison de repas, les plats \u00e0 emporter ou l'utilisation \u00e0 domicile.<\/p>\n<h2>1200ML Bol \u00e0 ramen micro-ondable Param\u00e8tre<\/h2>\n<p><strong>Mod\u00e8le<\/strong>: BX1069<br \/>\n<strong>Nom de la marque<\/strong>: Xinghui<br \/>\n<strong>Mat\u00e9riau<\/strong>: PP+Silicone<br \/>\n<strong>Dimension<\/strong>: 1200ML<br \/>\n<strong>Couleur<\/strong>: Vert, bleu et rose<br \/>\n<strong>Grammage<\/strong>: 135G<br \/>\n<strong>Emballage<\/strong>: Bo\u00eete en papier kraft<br \/>\n<strong>Emballage<\/strong>: 60pcs<br \/>\n<strong>OEM\/ODM<\/strong>: Disponible<br \/>\n<strong>Option personnalis\u00e9e<\/strong>: Couleur\/Taille\/Logo\/Emballage<\/p>\n<h2>De la bo\u00eete \u00e0 lunch en plastique Fabricant :<\/h2>\n<p>Fond\u00e9e en 2000,\u00a0<a href=\"https:\/\/www.xhplasticlife.com\/fr\/\"><strong>Xinghui<\/strong>\u00a0<\/a>est sp\u00e9cialis\u00e9e dans la production et la vente en gros de bo\u00eetes \u00e0 lunch, de r\u00e9cipients pour la conservation des aliments, de r\u00e9cipients pour les boissons, de r\u00e9cipients pour la conservation des produits m\u00e9nagers et d'autres produits quotidiens en plastique. Elle propose \u00e0 ses clients des services OEM et ODM ainsi que des services d'approvisionnement en ligne.<\/p>","protected":false},"featured_media":612,"comment_status":"closed","ping_status":"closed","template":"","meta":{"_acf_changed":false},"product_brand":[],"product_cat":[17,34],"product_tag":[],"class_list":{"0":"post-609","1":"product","2":"type-product","3":"status-publish","4":"has-post-thumbnail","6":"product_cat-wholesale-lunch-boxes","7":"product_cat-plastic-lunch-box-manufacturer","9":"first","10":"instock","11":"shipping-taxable","12":"product-type-simple"},"acf":[],"_links":{"self":[{"href":"https:\/\/www.xhplasticlife.com\/fr\/wp-json\/wp\/v2\/product\/609","targetHints":{"allow":["GET"]}}],"collection":[{"href":"https:\/\/www.xhplasticlife.com\/fr\/wp-json\/wp\/v2\/product"}],"about":[{"href":"https:\/\/www.xhplasticlife.com\/fr\/wp-json\/wp\/v2\/types\/product"}],"replies":[{"embeddable":true,"href":"https:\/\/www.xhplasticlife.com\/fr\/wp-json\/wp\/v2\/comments?post=609"}],"wp:featuredmedia":[{"embeddable":true,"href":"https:\/\/www.xhplasticlife.com\/fr\/wp-json\/wp\/v2\/media\/612"}],"wp:attachment":[{"href":"https:\/\/www.xhplasticlife.com\/fr\/wp-json\/wp\/v2\/media?parent=609"}],"wp:term":[{"taxonomy":"product_brand","embeddable":true,"href":"https:\/\/www.xhplasticlife.com\/fr\/wp-json\/wp\/v2\/product_brand?post=609"},{"taxonomy":"product_cat","embeddable":true,"href":"https:\/\/www.xhplasticlife.com\/fr\/wp-json\/wp\/v2\/product_cat?post=609"},{"taxonomy":"product_tag","embeddable":true,"href":"https:\/\/www.xhplasticlife.com\/fr\/wp-json\/wp\/v2\/product_tag?post=609"}],"curies":[{"name":"wp","href":"https:\/\/api.w.org\/{rel}","templated":true}]}}