{"id":590,"date":"2025-07-22T16:06:10","date_gmt":"2025-07-22T16:06:10","guid":{"rendered":"https:\/\/www.xhplasticlife.com\/?post_type=product&#038;p=590"},"modified":"2026-04-02T10:03:05","modified_gmt":"2026-04-02T10:03:05","slug":"wholesale-lunch-boxes-in-bulk","status":"publish","type":"product","link":"https:\/\/www.xhplasticlife.com\/fr\/produit\/wholesale-lunch-boxes-in-bulk\/","title":{"rendered":"Bo\u00eetes \u00e0 lunch en gros 1.3L R\u00e9cipients en plastique sans BPA pour la conservation des aliments en vrac"},"content":{"rendered":"<div class=\"wp-block-columns is-layout-flex wp-container-core-columns-is-layout-9d6595d7 wp-block-columns-is-layout-flex\">\n<div class=\"wp-block-column is-layout-flow wp-block-column-is-layout-flow\">\n<h2 class=\"wp-block-heading\">Bo\u00eetes \u00e0 lunch en plastique en gros Caract\u00e9ristiques :<\/h2>\n\n\n\n<ul class=\"wp-block-list\">\n<li><strong>S\u00fbr et sain :<\/strong> Fabriqu\u00e9es en mat\u00e9riaux sans BPA et respectueux de l'environnement, nos bo\u00eetes \u00e0 lunch en gros r\u00e9pondent aux normes de s\u00e9curit\u00e9 en mati\u00e8re de contact alimentaire, garantissant la sant\u00e9 et l'absence d'odeur d\u00e9sagr\u00e9able.<\/li>\n\n\n\n<li><strong>S\u00e9paration raisonnable<\/strong>: 3 compartiments, faciles \u00e0 classer et \u00e0 ranger les diff\u00e9rents aliments, pour r\u00e9pondre aux besoins quotidiens ou de sortie.<\/li>\n\n\n\n<li><strong>Scell\u00e9 et \u00e9tanche<\/strong>: Le couvercle en plastique PP est herm\u00e9tique et \u00e9tanche, ce qui permet de le transporter sans le renverser et de prot\u00e9ger la fra\u00eecheur des aliments.<\/li>\n\n\n\n<li><strong>Peu encombrant<\/strong>La cuisine est un espace de rangement empilable qui permet d'utiliser pleinement l'espace de la cuisine. Elle convient \u00e0 la famille, au restaurant et \u00e0 d'autres contextes.<\/li>\n\n\n\n<li><strong>Pratique et respectueux de l'environnement<\/strong>Les produits d'hygi\u00e8ne : r\u00e9utilisables et faciles \u00e0 nettoyer, ils peuvent \u00eatre lav\u00e9s au lave-vaisselle, ce qui permet de r\u00e9duire l'utilisation d'articles jetables, de respecter l'environnement et d'\u00e9viter les d\u00e9sagr\u00e9ments.<\/li>\n\n\n\n<li><strong>Option de stockage en vrac<\/strong>La bo\u00eete de conservation en plastique est id\u00e9ale pour le stockage des aliments dans la cuisine ou pour les repas \u00e0 emporter, et pour le stockage des aliments en vrac.<\/li>\n\n\n\n<li><strong>Soutenir les achats en gros<\/strong>La soci\u00e9t\u00e9 : propose un service de vente en gros de bo\u00eetes \u00e0 lunch, qui convient aux d\u00e9taillants, aux marques et aux groupes qui effectuent des achats sur mesure.<\/li>\n<\/ul>\n<\/div>\n\n\n\n<div class=\"wp-block-column is-layout-flow wp-block-column-is-layout-flow\">\n<figure class=\"wp-block-image size-full\"><img decoding=\"async\" width=\"800\" height=\"800\" src=\"https:\/\/www.xhplasticlife.com\/wp-content\/uploads\/2025\/07\/Wholesale-Lunch-Boxes-in-Bulk-4.webp\" alt=\"Bo\u00eetes \u00e0 lunch en gros (4)\" class=\"wp-image-599\" srcset=\"https:\/\/www.xhplasticlife.com\/wp-content\/uploads\/2025\/07\/Wholesale-Lunch-Boxes-in-Bulk-4.webp 800w, https:\/\/www.xhplasticlife.com\/wp-content\/uploads\/2025\/07\/Wholesale-Lunch-Boxes-in-Bulk-4-300x300.webp 300w, https:\/\/www.xhplasticlife.com\/wp-content\/uploads\/2025\/07\/Wholesale-Lunch-Boxes-in-Bulk-4-150x150.webp 150w, https:\/\/www.xhplasticlife.com\/wp-content\/uploads\/2025\/07\/Wholesale-Lunch-Boxes-in-Bulk-4-768x768.webp 768w, https:\/\/www.xhplasticlife.com\/wp-content\/uploads\/2025\/07\/Wholesale-Lunch-Boxes-in-Bulk-4-600x600.webp 600w, https:\/\/www.xhplasticlife.com\/wp-content\/uploads\/2025\/07\/Wholesale-Lunch-Boxes-in-Bulk-4-100x100.webp 100w\" sizes=\"(max-width: 800px) 100vw, 800px\" \/><\/figure>\n<\/div>\n<\/div>\n\n\n\n<div class=\"wp-block-columns is-layout-flex wp-container-core-columns-is-layout-9d6595d7 wp-block-columns-is-layout-flex\">\n<div class=\"wp-block-column is-layout-flow wp-block-column-is-layout-flow\">\n<figure class=\"wp-block-image size-full\"><img decoding=\"async\" width=\"800\" height=\"800\" src=\"https:\/\/www.xhplasticlife.com\/wp-content\/uploads\/2025\/07\/Transparent-black-lunch-box-wholesaler.webp\" alt=\"Bo\u00eete \u00e0 lunch noire transparente grossiste\" class=\"wp-image-591\" srcset=\"https:\/\/www.xhplasticlife.com\/wp-content\/uploads\/2025\/07\/Transparent-black-lunch-box-wholesaler.webp 800w, https:\/\/www.xhplasticlife.com\/wp-content\/uploads\/2025\/07\/Transparent-black-lunch-box-wholesaler-300x300.webp 300w, https:\/\/www.xhplasticlife.com\/wp-content\/uploads\/2025\/07\/Transparent-black-lunch-box-wholesaler-150x150.webp 150w, https:\/\/www.xhplasticlife.com\/wp-content\/uploads\/2025\/07\/Transparent-black-lunch-box-wholesaler-768x768.webp 768w, https:\/\/www.xhplasticlife.com\/wp-content\/uploads\/2025\/07\/Transparent-black-lunch-box-wholesaler-600x600.webp 600w, https:\/\/www.xhplasticlife.com\/wp-content\/uploads\/2025\/07\/Transparent-black-lunch-box-wholesaler-100x100.webp 100w\" sizes=\"(max-width: 800px) 100vw, 800px\" \/><\/figure>\n<\/div>\n\n\n\n<div class=\"wp-block-column is-layout-flow wp-block-column-is-layout-flow\">\n<figure class=\"wp-block-image size-full\"><img decoding=\"async\" width=\"800\" height=\"800\" src=\"https:\/\/www.xhplasticlife.com\/wp-content\/uploads\/2025\/07\/Transparent-red-lunch-box-wholesaler.webp\" alt=\"Bo\u00eete \u00e0 lunch rouge transparente grossiste\" class=\"wp-image-593\" srcset=\"https:\/\/www.xhplasticlife.com\/wp-content\/uploads\/2025\/07\/Transparent-red-lunch-box-wholesaler.webp 800w, https:\/\/www.xhplasticlife.com\/wp-content\/uploads\/2025\/07\/Transparent-red-lunch-box-wholesaler-300x300.webp 300w, https:\/\/www.xhplasticlife.com\/wp-content\/uploads\/2025\/07\/Transparent-red-lunch-box-wholesaler-150x150.webp 150w, https:\/\/www.xhplasticlife.com\/wp-content\/uploads\/2025\/07\/Transparent-red-lunch-box-wholesaler-768x768.webp 768w, https:\/\/www.xhplasticlife.com\/wp-content\/uploads\/2025\/07\/Transparent-red-lunch-box-wholesaler-600x600.webp 600w, https:\/\/www.xhplasticlife.com\/wp-content\/uploads\/2025\/07\/Transparent-red-lunch-box-wholesaler-100x100.webp 100w\" sizes=\"(max-width: 800px) 100vw, 800px\" \/><\/figure>\n<\/div>\n\n\n\n<div class=\"wp-block-column is-layout-flow wp-block-column-is-layout-flow\">\n<figure class=\"wp-block-image size-full\"><img decoding=\"async\" width=\"800\" height=\"800\" src=\"https:\/\/www.xhplasticlife.com\/wp-content\/uploads\/2025\/07\/Transparent-khaki-lunch-box-wholesaler.webp\" alt=\"Bo\u00eete \u00e0 lunch kaki transparente grossiste\" class=\"wp-image-592\" srcset=\"https:\/\/www.xhplasticlife.com\/wp-content\/uploads\/2025\/07\/Transparent-khaki-lunch-box-wholesaler.webp 800w, https:\/\/www.xhplasticlife.com\/wp-content\/uploads\/2025\/07\/Transparent-khaki-lunch-box-wholesaler-300x300.webp 300w, https:\/\/www.xhplasticlife.com\/wp-content\/uploads\/2025\/07\/Transparent-khaki-lunch-box-wholesaler-150x150.webp 150w, https:\/\/www.xhplasticlife.com\/wp-content\/uploads\/2025\/07\/Transparent-khaki-lunch-box-wholesaler-768x768.webp 768w, https:\/\/www.xhplasticlife.com\/wp-content\/uploads\/2025\/07\/Transparent-khaki-lunch-box-wholesaler-600x600.webp 600w, https:\/\/www.xhplasticlife.com\/wp-content\/uploads\/2025\/07\/Transparent-khaki-lunch-box-wholesaler-100x100.webp 100w\" sizes=\"(max-width: 800px) 100vw, 800px\" \/><\/figure>\n<\/div>\n<\/div>\n\n\n\n<p><\/p>","protected":false},"excerpt":{"rendered":"<p>Nous vous invitons \u00e0 acheter des r\u00e9cipients en plastique pour la conservation des aliments en vrac. Nos bo\u00eetes \u00e0 lunch en gros ont une capacit\u00e9 de 1,3 L, une fermeture herm\u00e9tique et un design \u00e0 trois compartiments pour garder les repas organis\u00e9s et frais. Fabriqu\u00e9es \u00e0 partir de mat\u00e9riaux sans BPA et respectueux de l'environnement, elles sont r\u00e9utilisables, lavables au lave-vaisselle et parfaites pour la cuisine, la pr\u00e9paration des repas et les plats \u00e0 emporter.<\/p>\n<h2>Param\u00e8tres des bo\u00eetes \u00e0 lunch en plastique 1.3L<\/h2>\n<p><strong>Mod\u00e8le<\/strong>: BX1051<br \/>\n<strong>Nom de la marque<\/strong>: Xinghui<br \/>\n<strong>Mat\u00e9riau<\/strong>: PP+Silicone<br \/>\n<strong>Dimension<\/strong>: 1.3L<br \/>\n<strong>Couleur<\/strong>: Noir, rouge et kaki\/transparent<br \/>\n<strong>Poids brut<\/strong>: 14,3 kg<br \/>\n<strong>Grammage<\/strong>: 182G<br \/>\n<strong>Taille de la bo\u00eete<\/strong>Dimensions : 62\u00d747.5\u00d758.5cm<br \/>\n<strong>Emballage<\/strong>72pcs<br \/>\n<strong>D\u00e9lai d'ex\u00e9cution de l'\u00e9chantillon<\/strong>: Dans les 3 jours<br \/>\n<strong>OEM\/ODM<\/strong>: Disponible<br \/>\n<strong>Option personnalis\u00e9e<\/strong>: Couleur\/Taille\/Logo\/Emballage<\/p>\n<h2>De la bo\u00eete \u00e0 lunch en plastique Fabricant :<\/h2>\n<p>Fond\u00e9e en 2000, <strong>Xinghui<\/strong> est sp\u00e9cialis\u00e9e dans la production et la vente en gros de bo\u00eetes \u00e0 lunch, de r\u00e9cipients pour la conservation des aliments, de r\u00e9cipients pour les boissons, de r\u00e9cipients pour la conservation des produits m\u00e9nagers et d'autres produits quotidiens en plastique. Elle propose \u00e0 ses clients des services OEM et ODM ainsi que des services d'approvisionnement en ligne.<\/p>","protected":false},"featured_media":600,"comment_status":"closed","ping_status":"closed","template":"","meta":{"_acf_changed":false},"product_brand":[],"product_cat":[17,34],"product_tag":[],"class_list":{"0":"post-590","1":"product","2":"type-product","3":"status-publish","4":"has-post-thumbnail","6":"product_cat-wholesale-lunch-boxes","7":"product_cat-plastic-lunch-box-manufacturer","9":"first","10":"instock","11":"shipping-taxable","12":"product-type-simple"},"acf":[],"_links":{"self":[{"href":"https:\/\/www.xhplasticlife.com\/fr\/wp-json\/wp\/v2\/product\/590","targetHints":{"allow":["GET"]}}],"collection":[{"href":"https:\/\/www.xhplasticlife.com\/fr\/wp-json\/wp\/v2\/product"}],"about":[{"href":"https:\/\/www.xhplasticlife.com\/fr\/wp-json\/wp\/v2\/types\/product"}],"replies":[{"embeddable":true,"href":"https:\/\/www.xhplasticlife.com\/fr\/wp-json\/wp\/v2\/comments?post=590"}],"wp:featuredmedia":[{"embeddable":true,"href":"https:\/\/www.xhplasticlife.com\/fr\/wp-json\/wp\/v2\/media\/600"}],"wp:attachment":[{"href":"https:\/\/www.xhplasticlife.com\/fr\/wp-json\/wp\/v2\/media?parent=590"}],"wp:term":[{"taxonomy":"product_brand","embeddable":true,"href":"https:\/\/www.xhplasticlife.com\/fr\/wp-json\/wp\/v2\/product_brand?post=590"},{"taxonomy":"product_cat","embeddable":true,"href":"https:\/\/www.xhplasticlife.com\/fr\/wp-json\/wp\/v2\/product_cat?post=590"},{"taxonomy":"product_tag","embeddable":true,"href":"https:\/\/www.xhplasticlife.com\/fr\/wp-json\/wp\/v2\/product_tag?post=590"}],"curies":[{"name":"wp","href":"https:\/\/api.w.org\/{rel}","templated":true}]}}