{"id":2130,"date":"2026-01-27T02:39:02","date_gmt":"2026-01-27T02:39:02","guid":{"rendered":"https:\/\/www.xhplasticlife.com\/?post_type=product&#038;p=2130"},"modified":"2026-01-27T02:53:45","modified_gmt":"2026-01-27T02:53:45","slug":"custom-pill-boxes-manufacturer","status":"publish","type":"product","link":"https:\/\/www.xhplasticlife.com\/fr\/produit\/custom-pill-boxes-manufacturer\/","title":{"rendered":"Bo\u00eetes \u00e0 pilules personnalis\u00e9es, Fabricant de bo\u00eetes \u00e0 pilules personnalis\u00e9es en plastique en vrac"},"content":{"rendered":"<div class=\"wp-block-columns is-layout-flex wp-container-core-columns-is-layout-9d6595d7 wp-block-columns-is-layout-flex\">\n<div class=\"wp-block-column is-layout-flow wp-block-column-is-layout-flow\">\n<h2 class=\"wp-block-heading\">Piluliers personnalis\u00e9s Caract\u00e9ristiques :<\/h2>\n\n\n\n<ul class=\"wp-block-list\">\n<li><strong>La conception \u00e0 compartiments multiples facilite la prise des m\u00e9dicaments quotidiens.<\/strong>: Les compartiments scientifiquement divis\u00e9s permettent de ranger et d'organiser facilement diff\u00e9rentes pilules ou suppl\u00e9ments. Ils conviennent \u00e0 un usage quotidien, aux voyages ou aux cadeaux promotionnels. Il s'agit d'une bo\u00eete \u00e0 pilules personnalis\u00e9e tr\u00e8s pratique.<\/li>\n\n\n\n<li><strong>Mati\u00e8re plastique s\u00fbre, l\u00e9g\u00e8re et durable : <\/strong>Fabriqu\u00e9 en plastique de haute qualit\u00e9, il est l\u00e9ger et ne s'ab\u00eeme pas facilement. Il convient \u00e0 une utilisation r\u00e9p\u00e9t\u00e9e \u00e0 long terme et r\u00e9pond aux besoins des ventes en vrac et \u00e0 la demande du march\u00e9 \u00e0 long terme.<\/li>\n\n\n\n<li><strong>Permet la personnalisation, ce qui renforce la diff\u00e9renciation de la marque : <\/strong>Les couleurs, les logos, l'impression de textes et les options d'emballage personnalisables permettent de cr\u00e9er facilement des styles exclusifs, ce qui renforce la reconnaissance des bo\u00eetes de pilules personnalis\u00e9es sur le march\u00e9 final.<\/li>\n\n\n\n<li><strong>M\u00e9canisme d'ouverture et de fermeture convivial pour une utilisation plus facile :<\/strong> Le couvercle s'ouvre et se ferme en douceur avec une bonne \u00e9tanch\u00e9it\u00e9, \u00e9vitant toute ouverture accidentelle. Il convient aux personnes \u00e2g\u00e9es et aux utilisateurs fr\u00e9quents.<\/li>\n\n\n\n<li><strong>Plusieurs tailles sont disponibles pour couvrir diff\u00e9rents sc\u00e9narios d'achat :<\/strong> Il est possible de concevoir des produits d'un jour, de plusieurs jours et de plusieurs compartiments afin de r\u00e9pondre aux divers besoins des pharmacies, des boutiques de souvenirs, des plateformes de commerce \u00e9lectronique et des canaux de promotion.<\/li>\n\n\n\n<li><strong>Mod\u00e8le de fourniture directe par l'usine, prix de gros plus comp\u00e9titifs : <\/strong>Notre propre usine de fabrication \u00e9limine les interm\u00e9diaires, ce qui permet aux clients d'obtenir des prix de gros plus comp\u00e9titifs et un approvisionnement stable.<\/li>\n\n\n\n<li><strong>Les \u00e9chantillons gratuits r\u00e9duisent les risques li\u00e9s \u00e0 la d\u00e9cision d'achat :<\/strong> Des \u00e9chantillons gratuits sont disponibles pour les essais, ce qui permet aux clients de confirmer la qualit\u00e9 et la conception, et d'acc\u00e9l\u00e9rer les demandes et les commandes.<\/li>\n<\/ul>\n<\/div>\n\n\n\n<div class=\"wp-block-column is-layout-flow wp-block-column-is-layout-flow\">\n<figure class=\"wp-block-image size-full\"><img decoding=\"async\" width=\"712\" height=\"712\" src=\"https:\/\/www.xhplasticlife.com\/wp-content\/uploads\/2026\/01\/Custom-Pill-Boxes-Manufacturer-1.webp\" alt=\"Fabricant de piluliers sur mesure (1)\" class=\"wp-image-2131\" srcset=\"https:\/\/www.xhplasticlife.com\/wp-content\/uploads\/2026\/01\/Custom-Pill-Boxes-Manufacturer-1.webp 712w, https:\/\/www.xhplasticlife.com\/wp-content\/uploads\/2026\/01\/Custom-Pill-Boxes-Manufacturer-1-300x300.webp 300w, https:\/\/www.xhplasticlife.com\/wp-content\/uploads\/2026\/01\/Custom-Pill-Boxes-Manufacturer-1-150x150.webp 150w, https:\/\/www.xhplasticlife.com\/wp-content\/uploads\/2026\/01\/Custom-Pill-Boxes-Manufacturer-1-12x12.webp 12w, https:\/\/www.xhplasticlife.com\/wp-content\/uploads\/2026\/01\/Custom-Pill-Boxes-Manufacturer-1-600x600.webp 600w, https:\/\/www.xhplasticlife.com\/wp-content\/uploads\/2026\/01\/Custom-Pill-Boxes-Manufacturer-1-100x100.webp 100w\" sizes=\"(max-width: 712px) 100vw, 712px\" \/><\/figure>\n<\/div>\n<\/div>\n\n\n\n<figure class=\"wp-block-table is-style-stripes\"><table class=\"has-fixed-layout\"><tbody><tr><td>Mod\u00e8le<\/td><td>Taille du produit<\/td><td>Taille du carton<\/td><td>Poids brut<\/td><td>Poids de base<\/td><td>Emballage<\/td><\/tr><tr><td>BX398<\/td><td>7,8*7,2*3,5cm<\/td><td>26*32*56cm<\/td><td>9kg<\/td><td>50g<\/td><td>168 pcs\/ctn<\/td><\/tr><tr><td>BX399<\/td><td>11*7.2*3.5cm<\/td><td>35*33*45cm<\/td><td>10kg<\/td><td>67g<\/td><td>144 pcs\/ctn<\/td><\/tr><\/tbody><\/table><\/figure>\n\n\n\n<div class=\"wp-block-columns is-layout-flex wp-container-core-columns-is-layout-9d6595d7 wp-block-columns-is-layout-flex\">\n<div class=\"wp-block-column is-layout-flow wp-block-column-is-layout-flow\"><div class=\"wp-block-image\">\n<figure class=\"aligncenter size-full\"><img decoding=\"async\" width=\"800\" height=\"800\" src=\"https:\/\/www.xhplasticlife.com\/wp-content\/uploads\/2025\/10\/Large-white-Pill-Boxes-Supplier.webp\" alt=\"Large white - Pill Boxes Supplier\" class=\"wp-image-1510\" srcset=\"https:\/\/www.xhplasticlife.com\/wp-content\/uploads\/2025\/10\/Large-white-Pill-Boxes-Supplier.webp 800w, https:\/\/www.xhplasticlife.com\/wp-content\/uploads\/2025\/10\/Large-white-Pill-Boxes-Supplier-300x300.webp 300w, https:\/\/www.xhplasticlife.com\/wp-content\/uploads\/2025\/10\/Large-white-Pill-Boxes-Supplier-150x150.webp 150w, https:\/\/www.xhplasticlife.com\/wp-content\/uploads\/2025\/10\/Large-white-Pill-Boxes-Supplier-768x768.webp 768w, https:\/\/www.xhplasticlife.com\/wp-content\/uploads\/2025\/10\/Large-white-Pill-Boxes-Supplier-12x12.webp 12w, https:\/\/www.xhplasticlife.com\/wp-content\/uploads\/2025\/10\/Large-white-Pill-Boxes-Supplier-600x600.webp 600w, https:\/\/www.xhplasticlife.com\/wp-content\/uploads\/2025\/10\/Large-white-Pill-Boxes-Supplier-100x100.webp 100w\" sizes=\"(max-width: 800px) 100vw, 800px\" \/><figcaption class=\"wp-element-caption\">Grand pilulier blanc<\/figcaption><\/figure>\n<\/div><\/div>\n\n\n\n<div class=\"wp-block-column is-layout-flow wp-block-column-is-layout-flow\"><div class=\"wp-block-image\">\n<figure class=\"aligncenter size-full\"><img decoding=\"async\" width=\"800\" height=\"800\" src=\"https:\/\/www.xhplasticlife.com\/wp-content\/uploads\/2025\/10\/Large-purple-Pill-Boxes-Supplier.webp\" alt=\"Grand violet - Pill Boxes Supplier\" class=\"wp-image-1509\" srcset=\"https:\/\/www.xhplasticlife.com\/wp-content\/uploads\/2025\/10\/Large-purple-Pill-Boxes-Supplier.webp 800w, https:\/\/www.xhplasticlife.com\/wp-content\/uploads\/2025\/10\/Large-purple-Pill-Boxes-Supplier-300x300.webp 300w, https:\/\/www.xhplasticlife.com\/wp-content\/uploads\/2025\/10\/Large-purple-Pill-Boxes-Supplier-150x150.webp 150w, https:\/\/www.xhplasticlife.com\/wp-content\/uploads\/2025\/10\/Large-purple-Pill-Boxes-Supplier-768x768.webp 768w, https:\/\/www.xhplasticlife.com\/wp-content\/uploads\/2025\/10\/Large-purple-Pill-Boxes-Supplier-12x12.webp 12w, https:\/\/www.xhplasticlife.com\/wp-content\/uploads\/2025\/10\/Large-purple-Pill-Boxes-Supplier-600x600.webp 600w, https:\/\/www.xhplasticlife.com\/wp-content\/uploads\/2025\/10\/Large-purple-Pill-Boxes-Supplier-100x100.webp 100w\" sizes=\"(max-width: 800px) 100vw, 800px\" \/><figcaption class=\"wp-element-caption\">Grand pilulier violet<\/figcaption><\/figure>\n<\/div><\/div>\n\n\n\n<div class=\"wp-block-column is-layout-flow wp-block-column-is-layout-flow\"><div class=\"wp-block-image\">\n<figure class=\"aligncenter size-full\"><img decoding=\"async\" width=\"800\" height=\"800\" src=\"https:\/\/www.xhplasticlife.com\/wp-content\/uploads\/2025\/10\/Large-pink-Pill-Boxes-Supplier.webp\" alt=\"Grand rose - Piluliers Fournisseur\" class=\"wp-image-1508\" srcset=\"https:\/\/www.xhplasticlife.com\/wp-content\/uploads\/2025\/10\/Large-pink-Pill-Boxes-Supplier.webp 800w, https:\/\/www.xhplasticlife.com\/wp-content\/uploads\/2025\/10\/Large-pink-Pill-Boxes-Supplier-300x300.webp 300w, https:\/\/www.xhplasticlife.com\/wp-content\/uploads\/2025\/10\/Large-pink-Pill-Boxes-Supplier-150x150.webp 150w, https:\/\/www.xhplasticlife.com\/wp-content\/uploads\/2025\/10\/Large-pink-Pill-Boxes-Supplier-768x768.webp 768w, https:\/\/www.xhplasticlife.com\/wp-content\/uploads\/2025\/10\/Large-pink-Pill-Boxes-Supplier-12x12.webp 12w, https:\/\/www.xhplasticlife.com\/wp-content\/uploads\/2025\/10\/Large-pink-Pill-Boxes-Supplier-600x600.webp 600w, https:\/\/www.xhplasticlife.com\/wp-content\/uploads\/2025\/10\/Large-pink-Pill-Boxes-Supplier-100x100.webp 100w\" sizes=\"(max-width: 800px) 100vw, 800px\" \/><figcaption class=\"wp-element-caption\">Grand pilulier rose<\/figcaption><\/figure>\n<\/div><\/div>\n<\/div>\n\n\n\n<div class=\"wp-block-columns is-layout-flex wp-container-core-columns-is-layout-9d6595d7 wp-block-columns-is-layout-flex\">\n<div class=\"wp-block-column is-layout-flow wp-block-column-is-layout-flow\"><div class=\"wp-block-image\">\n<figure class=\"aligncenter size-full\"><img decoding=\"async\" width=\"800\" height=\"800\" src=\"https:\/\/www.xhplasticlife.com\/wp-content\/uploads\/2025\/10\/Small-white-Pill-Boxes-Manufacturer.webp\" alt=\"Petit blanc - Fabricant de piluliers\" class=\"wp-image-1516\" srcset=\"https:\/\/www.xhplasticlife.com\/wp-content\/uploads\/2025\/10\/Small-white-Pill-Boxes-Manufacturer.webp 800w, https:\/\/www.xhplasticlife.com\/wp-content\/uploads\/2025\/10\/Small-white-Pill-Boxes-Manufacturer-300x300.webp 300w, https:\/\/www.xhplasticlife.com\/wp-content\/uploads\/2025\/10\/Small-white-Pill-Boxes-Manufacturer-150x150.webp 150w, https:\/\/www.xhplasticlife.com\/wp-content\/uploads\/2025\/10\/Small-white-Pill-Boxes-Manufacturer-768x768.webp 768w, https:\/\/www.xhplasticlife.com\/wp-content\/uploads\/2025\/10\/Small-white-Pill-Boxes-Manufacturer-12x12.webp 12w, https:\/\/www.xhplasticlife.com\/wp-content\/uploads\/2025\/10\/Small-white-Pill-Boxes-Manufacturer-600x600.webp 600w, https:\/\/www.xhplasticlife.com\/wp-content\/uploads\/2025\/10\/Small-white-Pill-Boxes-Manufacturer-100x100.webp 100w\" sizes=\"(max-width: 800px) 100vw, 800px\" \/><figcaption class=\"wp-element-caption\">Petit pilulier blanc<\/figcaption><\/figure>\n<\/div><\/div>\n\n\n\n<div class=\"wp-block-column is-layout-flow wp-block-column-is-layout-flow\"><div class=\"wp-block-image\">\n<figure class=\"aligncenter size-full\"><img decoding=\"async\" width=\"800\" height=\"800\" src=\"https:\/\/www.xhplasticlife.com\/wp-content\/uploads\/2025\/10\/Small-purple-Pill-Boxes-Manufacturer.webp\" alt=\"Petit violet - Fabricant de piluliers\" class=\"wp-image-1515\" srcset=\"https:\/\/www.xhplasticlife.com\/wp-content\/uploads\/2025\/10\/Small-purple-Pill-Boxes-Manufacturer.webp 800w, https:\/\/www.xhplasticlife.com\/wp-content\/uploads\/2025\/10\/Small-purple-Pill-Boxes-Manufacturer-300x300.webp 300w, https:\/\/www.xhplasticlife.com\/wp-content\/uploads\/2025\/10\/Small-purple-Pill-Boxes-Manufacturer-150x150.webp 150w, https:\/\/www.xhplasticlife.com\/wp-content\/uploads\/2025\/10\/Small-purple-Pill-Boxes-Manufacturer-768x768.webp 768w, https:\/\/www.xhplasticlife.com\/wp-content\/uploads\/2025\/10\/Small-purple-Pill-Boxes-Manufacturer-12x12.webp 12w, https:\/\/www.xhplasticlife.com\/wp-content\/uploads\/2025\/10\/Small-purple-Pill-Boxes-Manufacturer-600x600.webp 600w, https:\/\/www.xhplasticlife.com\/wp-content\/uploads\/2025\/10\/Small-purple-Pill-Boxes-Manufacturer-100x100.webp 100w\" sizes=\"(max-width: 800px) 100vw, 800px\" \/><figcaption class=\"wp-element-caption\">Petit pilulier violet<\/figcaption><\/figure>\n<\/div><\/div>\n\n\n\n<div class=\"wp-block-column is-layout-flow wp-block-column-is-layout-flow\"><div class=\"wp-block-image\">\n<figure class=\"aligncenter size-full\"><img decoding=\"async\" width=\"800\" height=\"800\" src=\"https:\/\/www.xhplasticlife.com\/wp-content\/uploads\/2025\/10\/Small-pink-Pill-Boxes-Manufacturer.webp\" alt=\"Petit rose - Fabricant de piluliers\" class=\"wp-image-1514\" srcset=\"https:\/\/www.xhplasticlife.com\/wp-content\/uploads\/2025\/10\/Small-pink-Pill-Boxes-Manufacturer.webp 800w, https:\/\/www.xhplasticlife.com\/wp-content\/uploads\/2025\/10\/Small-pink-Pill-Boxes-Manufacturer-300x300.webp 300w, https:\/\/www.xhplasticlife.com\/wp-content\/uploads\/2025\/10\/Small-pink-Pill-Boxes-Manufacturer-150x150.webp 150w, https:\/\/www.xhplasticlife.com\/wp-content\/uploads\/2025\/10\/Small-pink-Pill-Boxes-Manufacturer-768x768.webp 768w, https:\/\/www.xhplasticlife.com\/wp-content\/uploads\/2025\/10\/Small-pink-Pill-Boxes-Manufacturer-12x12.webp 12w, https:\/\/www.xhplasticlife.com\/wp-content\/uploads\/2025\/10\/Small-pink-Pill-Boxes-Manufacturer-600x600.webp 600w, https:\/\/www.xhplasticlife.com\/wp-content\/uploads\/2025\/10\/Small-pink-Pill-Boxes-Manufacturer-100x100.webp 100w\" sizes=\"(max-width: 800px) 100vw, 800px\" \/><figcaption class=\"wp-element-caption\">Petit pilulier rose<\/figcaption><\/figure>\n<\/div><\/div>\n<\/div>","protected":false},"excerpt":{"rendered":"<p>Bienvenue dans l'achat de bo\u00eetes \u00e0 pilules personnalis\u00e9es. Les piluliers personnalis\u00e9s en plastique sont fournis en vrac aux pharmacies et aux marques. Prix de gros direct d'usine avantageux, personnalisation OEM possible et \u00e9chantillons gratuits disponibles.<\/p>\n<h2>Piluliers personnalis\u00e9s Param\u00e8tre :<\/h2>\n<ul>\n<li><strong>Mod\u00e8le<\/strong>: BX398-BX399<\/li>\n<li><strong>Nom de la marque<\/strong>: Xinghui<\/li>\n<li><strong>Mat\u00e9riau<\/strong>: PP+silicone<\/li>\n<li><strong>Couleur<\/strong>: blanc, violet, rose<\/li>\n<li><strong>Emballage<\/strong>: Couleur Carton<\/li>\n<li><strong>OEM\/ODM<\/strong>: Disponible<\/li>\n<li><strong>MOQ :\u00a0<\/strong>2000 pi\u00e8ces<\/li>\n<li><strong>Option personnalis\u00e9e<\/strong>: Couleur\/Taille\/Logo\/Emballage<\/li>\n<\/ul>\n<h2>De Daily Plasticware, fabricant de produits en plastique :<\/h2>\n<p>Fond\u00e9e en 2000,\u00a0<a href=\"https:\/\/www.xhplasticlife.com\/fr\/\"><strong>Xinghui<\/strong><\/a>\u00a0est sp\u00e9cialis\u00e9e dans la production et la vente en gros de bo\u00eetes \u00e0 lunch, de r\u00e9cipients pour la conservation des aliments, de r\u00e9cipients pour les boissons, de r\u00e9cipients pour la conservation des produits m\u00e9nagers et d'autres produits quotidiens en plastique. Fournir un guichet unique <a href=\"https:\/\/www.xhplasticlife.com\/fr\/custom-food-storage-containers\/\">OEM ET ODM<\/a> et e<a href=\"https:\/\/www.xhplasticlife.com\/fr\/e-commerce-service\/\"><strong>-Services d'achat en ligne<\/strong><\/a> pour les clients.<\/p>","protected":false},"featured_media":2135,"comment_status":"closed","ping_status":"closed","template":"","meta":{"_acf_changed":false},"product_brand":[],"product_cat":[22],"product_tag":[],"class_list":{"0":"post-2130","1":"product","2":"type-product","3":"status-publish","4":"has-post-thumbnail","6":"product_cat-portable-organizers-wholesale","8":"first","9":"instock","10":"shipping-taxable","11":"product-type-simple"},"acf":[],"_links":{"self":[{"href":"https:\/\/www.xhplasticlife.com\/fr\/wp-json\/wp\/v2\/product\/2130","targetHints":{"allow":["GET"]}}],"collection":[{"href":"https:\/\/www.xhplasticlife.com\/fr\/wp-json\/wp\/v2\/product"}],"about":[{"href":"https:\/\/www.xhplasticlife.com\/fr\/wp-json\/wp\/v2\/types\/product"}],"replies":[{"embeddable":true,"href":"https:\/\/www.xhplasticlife.com\/fr\/wp-json\/wp\/v2\/comments?post=2130"}],"wp:featuredmedia":[{"embeddable":true,"href":"https:\/\/www.xhplasticlife.com\/fr\/wp-json\/wp\/v2\/media\/2135"}],"wp:attachment":[{"href":"https:\/\/www.xhplasticlife.com\/fr\/wp-json\/wp\/v2\/media?parent=2130"}],"wp:term":[{"taxonomy":"product_brand","embeddable":true,"href":"https:\/\/www.xhplasticlife.com\/fr\/wp-json\/wp\/v2\/product_brand?post=2130"},{"taxonomy":"product_cat","embeddable":true,"href":"https:\/\/www.xhplasticlife.com\/fr\/wp-json\/wp\/v2\/product_cat?post=2130"},{"taxonomy":"product_tag","embeddable":true,"href":"https:\/\/www.xhplasticlife.com\/fr\/wp-json\/wp\/v2\/product_tag?post=2130"}],"curies":[{"name":"wp","href":"https:\/\/api.w.org\/{rel}","templated":true}]}}