{"id":2122,"date":"2026-01-27T01:49:57","date_gmt":"2026-01-27T01:49:57","guid":{"rendered":"https:\/\/www.xhplasticlife.com\/?post_type=product&#038;p=2122"},"modified":"2026-01-27T02:33:54","modified_gmt":"2026-01-27T02:33:54","slug":"custom-glass-pitcher-factory","status":"publish","type":"product","link":"https:\/\/www.xhplasticlife.com\/fr\/produit\/custom-glass-pitcher-factory\/","title":{"rendered":"Pichet en verre avec couvercle en plastique, Bouilloire 2200ML Ventes directes \u00e0 l'usine"},"content":{"rendered":"<div class=\"wp-block-columns is-layout-flex wp-container-core-columns-is-layout-9d6595d7 wp-block-columns-is-layout-flex\">\n<div class=\"wp-block-column is-layout-flow wp-block-column-is-layout-flow\">\n<h2 class=\"wp-block-heading\">Pichet en verre personnalis\u00e9 Caract\u00e9ristiques :<\/h2>\n\n\n\n<ul class=\"wp-block-list\">\n<li><strong>La grande capacit\u00e9 de 2200 ml r\u00e9pond \u00e0 divers sc\u00e9narios d'utilisation :<\/strong> Satisfait les besoins en boisson de plusieurs utilisateurs \u00e0 la fois, convient \u00e0 la maison, au bureau, \u00e0 la restauration et \u00e0 l'h\u00f4tellerie. Ce pichet en verre personnalis\u00e9 avec couvercle en plastique a un fort potentiel de r\u00e9achat.<\/li>\n\n\n\n<li><strong>Le corps en verre \u00e0 haute transparence garantit la s\u00e9curit\u00e9, la durabilit\u00e9 et une sensation de qualit\u00e9 sup\u00e9rieure : <\/strong>Le verre transparent permet de voir facilement le niveau d'eau, id\u00e9al pour l'eau froide, les jus de fruits, le th\u00e9 et les boissons quotidiennes. L'aspect \u00e9pur\u00e9 s'aligne sur l'esth\u00e9tique des march\u00e9s internationaux.<\/li>\n\n\n\n<li><strong>Le couvercle en plastique emp\u00eache la poussi\u00e8re et les \u00e9claboussures pour plus de praticit\u00e9 :<\/strong> Le couvercle bien ajust\u00e9 bloque efficacement la poussi\u00e8re tout en garantissant un versement fluide et sans fuite, am\u00e9liorant ainsi l'exp\u00e9rience globale de l'utilisateur.<\/li>\n\n\n\n<li><strong>Polyvalent pour les boissons chaudes et froides : <\/strong>Adapt\u00e9 au service de boissons fra\u00eeches ou chaudes, il se positionne comme une bouilloire ou un pichet polyvalent pour r\u00e9pondre aux divers besoins d'approvisionnement des cha\u00eenes de distribution.<\/li>\n\n\n\n<li><strong>Poign\u00e9e ergonomique pour un versement sans effort :<\/strong> La prise en main confortable et la stabilit\u00e9 de la coul\u00e9e en font un outil id\u00e9al pour une utilisation \u00e0 haute fr\u00e9quence, r\u00e9duisant la fatigue.<\/li>\n\n\n\n<li><strong>Services OEM\/personnalisation pour renforcer le d\u00e9veloppement de la marque :<\/strong> La capacit\u00e9, la couleur du couvercle, le logo et les solutions d'emballage personnalisables r\u00e9pondent de mani\u00e8re flexible aux exigences des marques et des canaux de distribution pour les pichets en verre personnalis\u00e9s avec couvercles en plastique.<\/li>\n\n\n\n<li><strong>Approvisionnement direct de l'usine avec des prix de gros comp\u00e9titifs<\/strong>: Notre cha\u00eene de production interne garantit des d\u00e9lais de livraison stables, id\u00e9aux pour les achats en gros, ce qui permet aux clients de maintenir des prix comp\u00e9titifs et une fiabilit\u00e9 d'approvisionnement.<\/li>\n\n\n\n<li><strong>\u00c9chantillons gratuits pour r\u00e9duire les co\u00fbts des d\u00e9cisions d'achat<\/strong>: Nous fournissons des \u00e9chantillons gratuits pour les tests de qualit\u00e9 et les r\u00e9actions du march\u00e9, ce qui acc\u00e9l\u00e8re les processus de demande et de commande.<\/li>\n<\/ul>\n<\/div>\n\n\n\n<div class=\"wp-block-column is-layout-flow wp-block-column-is-layout-flow\">\n<figure class=\"wp-block-image size-full\"><img decoding=\"async\" width=\"800\" height=\"800\" src=\"https:\/\/www.xhplasticlife.com\/wp-content\/uploads\/2026\/01\/Custom-Glass-Pitcher-with-Plastic-Lid-5.webp\" alt=\"Pichet en verre personnalis\u00e9 avec couvercle en plastique (5)\" class=\"wp-image-2128\" srcset=\"https:\/\/www.xhplasticlife.com\/wp-content\/uploads\/2026\/01\/Custom-Glass-Pitcher-with-Plastic-Lid-5.webp 800w, https:\/\/www.xhplasticlife.com\/wp-content\/uploads\/2026\/01\/Custom-Glass-Pitcher-with-Plastic-Lid-5-300x300.webp 300w, https:\/\/www.xhplasticlife.com\/wp-content\/uploads\/2026\/01\/Custom-Glass-Pitcher-with-Plastic-Lid-5-150x150.webp 150w, https:\/\/www.xhplasticlife.com\/wp-content\/uploads\/2026\/01\/Custom-Glass-Pitcher-with-Plastic-Lid-5-768x768.webp 768w, https:\/\/www.xhplasticlife.com\/wp-content\/uploads\/2026\/01\/Custom-Glass-Pitcher-with-Plastic-Lid-5-12x12.webp 12w, https:\/\/www.xhplasticlife.com\/wp-content\/uploads\/2026\/01\/Custom-Glass-Pitcher-with-Plastic-Lid-5-600x600.webp 600w, https:\/\/www.xhplasticlife.com\/wp-content\/uploads\/2026\/01\/Custom-Glass-Pitcher-with-Plastic-Lid-5-100x100.webp 100w\" sizes=\"(max-width: 800px) 100vw, 800px\" \/><\/figure>\n<\/div>\n<\/div>\n\n\n<div class=\"wp-block-image\">\n<figure class=\"aligncenter size-full\"><img decoding=\"async\" width=\"690\" height=\"345\" src=\"https:\/\/www.xhplasticlife.com\/wp-content\/uploads\/2026\/01\/Custom-Glass-Pitcher-2200ML.webp\" alt=\"Pichet en verre personnalis\u00e9 2200ML\" class=\"wp-image-2123\" srcset=\"https:\/\/www.xhplasticlife.com\/wp-content\/uploads\/2026\/01\/Custom-Glass-Pitcher-2200ML.webp 690w, https:\/\/www.xhplasticlife.com\/wp-content\/uploads\/2026\/01\/Custom-Glass-Pitcher-2200ML-300x150.webp 300w, https:\/\/www.xhplasticlife.com\/wp-content\/uploads\/2026\/01\/Custom-Glass-Pitcher-2200ML-18x9.webp 18w, https:\/\/www.xhplasticlife.com\/wp-content\/uploads\/2026\/01\/Custom-Glass-Pitcher-2200ML-600x300.webp 600w\" sizes=\"(max-width: 690px) 100vw, 690px\" \/><\/figure>\n<\/div>","protected":false},"excerpt":{"rendered":"<p>Nous vous invitons \u00e0 acheter des pichets en verre personnalis\u00e9s avec couvercle en plastique. Bouilloire de grande capacit\u00e9 (2200ML) pour l'utilisation quotidienne de boissons. Prix de gros direct de l'usine, approvisionnement stable et \u00e9chantillons gratuits pour les acheteurs en gros.<\/p>\n<h2>Pichet en verre personnalis\u00e9 Param\u00e8tre :<\/h2>\n<p><strong>Mod\u00e8le<\/strong>: <strong><span data-spm-anchor-id=\"a2700.details-description.0.i4.67b0zO51zO51nR\">SH3185<\/span><\/strong><br \/><strong>Nom de la marque<\/strong>: Xinghui<br \/><strong>Mat\u00e9riau<\/strong>: PP+verre<br \/><strong>Couleur<\/strong>: vert\/rose\/violet\/kaki<br \/><strong>Capacit\u00e9 : <\/strong>2200m<strong>l<br \/>Taille du produit : <\/strong>14.5*11.5*22cm<br \/><strong>Taille du carton : <\/strong>62.5*39*74cm<br \/><strong>Poids brut : <\/strong>13 kg<br \/><strong>Emballage :<\/strong>1 pi\u00e8ce dans une bo\u00eete, 24 pi\u00e8ces\/ctn<br \/><strong>OEM\/ODM<\/strong>: Disponible<br \/><strong>\u00c9chantillon : <\/strong>\u00c9chantillons gratuits<br \/><strong>Option personnalis\u00e9e<\/strong>: Couleur\/Taille\/Logo\/Emballage<\/p>\n<h2>De <a href=\"https:\/\/www.xhplasticlife.com\/fr\/categorie-produit\/custom-drinkware-wholesaler\/\">Vaisselle en plastique<\/a> Fabricant :<\/h2>\n<p>Fond\u00e9e en 2000,<a href=\"https:\/\/www.xhplasticlife.com\/fr\/\">\u00a0<strong>Xinghui<\/strong><\/a>\u00a0est sp\u00e9cialis\u00e9e dans la production et la vente en gros de bo\u00eetes \u00e0 lunch, de r\u00e9cipients pour la conservation des aliments, de r\u00e9cipients pour les boissons, de r\u00e9cipients pour la conservation des produits m\u00e9nagers et d'autres produits quotidiens en plastique. Elle propose \u00e0 ses clients des services OEM et ODM ainsi que des services d'approvisionnement en ligne.<\/p>","protected":false},"featured_media":2126,"comment_status":"closed","ping_status":"closed","template":"","meta":{"_acf_changed":false},"product_brand":[],"product_cat":[20],"product_tag":[],"class_list":{"0":"post-2122","1":"product","2":"type-product","3":"status-publish","4":"has-post-thumbnail","6":"product_cat-custom-drinkware-wholesaler","8":"first","9":"instock","10":"shipping-taxable","11":"product-type-simple"},"acf":[],"_links":{"self":[{"href":"https:\/\/www.xhplasticlife.com\/fr\/wp-json\/wp\/v2\/product\/2122","targetHints":{"allow":["GET"]}}],"collection":[{"href":"https:\/\/www.xhplasticlife.com\/fr\/wp-json\/wp\/v2\/product"}],"about":[{"href":"https:\/\/www.xhplasticlife.com\/fr\/wp-json\/wp\/v2\/types\/product"}],"replies":[{"embeddable":true,"href":"https:\/\/www.xhplasticlife.com\/fr\/wp-json\/wp\/v2\/comments?post=2122"}],"wp:featuredmedia":[{"embeddable":true,"href":"https:\/\/www.xhplasticlife.com\/fr\/wp-json\/wp\/v2\/media\/2126"}],"wp:attachment":[{"href":"https:\/\/www.xhplasticlife.com\/fr\/wp-json\/wp\/v2\/media?parent=2122"}],"wp:term":[{"taxonomy":"product_brand","embeddable":true,"href":"https:\/\/www.xhplasticlife.com\/fr\/wp-json\/wp\/v2\/product_brand?post=2122"},{"taxonomy":"product_cat","embeddable":true,"href":"https:\/\/www.xhplasticlife.com\/fr\/wp-json\/wp\/v2\/product_cat?post=2122"},{"taxonomy":"product_tag","embeddable":true,"href":"https:\/\/www.xhplasticlife.com\/fr\/wp-json\/wp\/v2\/product_tag?post=2122"}],"curies":[{"name":"wp","href":"https:\/\/api.w.org\/{rel}","templated":true}]}}