{"id":2114,"date":"2026-01-25T06:43:51","date_gmt":"2026-01-25T06:43:51","guid":{"rendered":"https:\/\/www.xhplasticlife.com\/?post_type=product&#038;p=2114"},"modified":"2026-01-25T06:56:56","modified_gmt":"2026-01-25T06:56:56","slug":"bulk-plastic-water-pitcher-set-oem","status":"publish","type":"product","link":"https:\/\/www.xhplasticlife.com\/fr\/produit\/bulk-plastic-water-pitcher-set-oem\/","title":{"rendered":"Pichet d'eau en plastique en vrac, pichet d'eau sans BPA avec couvercle 4 tasses pour th\u00e9i\u00e8res et bouilloires"},"content":{"rendered":"<div class=\"wp-block-columns is-layout-flex wp-container-core-columns-is-layout-9d6595d7 wp-block-columns-is-layout-flex\">\n<div class=\"wp-block-column is-layout-flow wp-block-column-is-layout-flow\">\n<h2 class=\"wp-block-heading\">Set de pichets d'eau en plastique en vrac Caract\u00e9ristiques :<\/h2>\n\n\n\n<ul class=\"wp-block-list\">\n<li><strong>La conception d'un ensemble complet am\u00e9liore la valeur globale des ventes :<\/strong> La bouilloire est livr\u00e9e avec quatre gobelets, ce qui la rend compatible avec les ensembles de pichets \u00e0 eau en plastique vendus en vrac dans les maisons, les h\u00f4tels, les bureaux ou comme cadeaux, augmentant ainsi la valeur d'affichage et la valeur moyenne de la commande.<\/li>\n\n\n\n<li><strong>Mat\u00e9riau sans BPA de qualit\u00e9 alimentaire conforme aux normes internationales d'approvisionnement<\/strong>: Fabriqu\u00e9 en plastique s\u00fbr, sans BPA, il convient \u00e0 la consommation quotidienne, \u00e0 l'infusion de th\u00e9 et \u00e0 l'utilisation de boissons froides, et r\u00e9pond aux exigences sanitaires et environnementales de base des march\u00e9s d'outre-mer.<\/li>\n\n\n\n<li><strong>Couvercle assorti pour la pr\u00e9vention des poussi\u00e8res et des d\u00e9versements<\/strong>: Le couvercle emp\u00eache efficacement la poussi\u00e8re de p\u00e9n\u00e9trer et garantit un versement stable sans d\u00e9bordement. Il convient \u00e0 diverses utilisations telles que les th\u00e9i\u00e8res et les bouilloires.<\/li>\n\n\n\n<li><strong>L\u00e9ger et durable, adapt\u00e9 \u00e0 une utilisation \u00e0 haute fr\u00e9quence :<\/strong> Plus l\u00e9ger et plus r\u00e9sistant aux chocs que les produits en verre, il convient \u00e0 une utilisation \u00e0 long terme dans la restauration, les bureaux et les habitations, r\u00e9duisant les dommages pendant le transport et l'utilisation.<\/li>\n\n\n\n<li><strong>L'apparence simple s'adapte aux diff\u00e9rents styles de march\u00e9 : <\/strong>Le design simple et \u00e9l\u00e9gant convient aux ventes dans diff\u00e9rents pays et canaux, et s'int\u00e8gre facilement aux march\u00e9s de la maison, de la restauration et de la promotion.<\/li>\n\n\n\n<li><strong>Prise en charge des services OEM\/personnalisation, cr\u00e9ation de produits diff\u00e9renci\u00e9s :<\/strong> Les couleurs, capacit\u00e9s, logos et options d'emballage personnalisables r\u00e9pondent aux divers besoins des propri\u00e9taires de marques et des grossistes en mati\u00e8re de pichets d'eau en plastique en vrac.<\/li>\n\n\n\n<li><strong>Fourniture directe par l'usine, prix de gros plus comp\u00e9titifs :<\/strong> Notre propre syst\u00e8me de production \u00e9limine les interm\u00e9diaires, ce qui garantit un approvisionnement stable et des prix de gros d'usine plus avantageux pour les achats en gros.<\/li>\n\n\n\n<li><strong>Soutien \u00e0 l'\u00e9chantillonnage gratuit, r\u00e9duction du risque d'ordonnance de premi\u00e8re instance : <\/strong>La fourniture d'\u00e9chantillons gratuits permet aux clients de tester la qualit\u00e9, les combinaisons de produits et les r\u00e9actions du march\u00e9, ce qui acc\u00e9l\u00e8re la prise de d\u00e9cision et l'efficacit\u00e9 des commandes.<\/li>\n<\/ul>\n<\/div>\n\n\n\n<div class=\"wp-block-column is-layout-flow wp-block-column-is-layout-flow\">\n<figure class=\"wp-block-image size-full\"><img decoding=\"async\" width=\"800\" height=\"800\" src=\"https:\/\/www.xhplasticlife.com\/wp-content\/uploads\/2026\/01\/Bulk-Plastic-Water-Pitcher-Set-Factory-xinghui-3.webp\" alt=\"Set de pichets d&#039;eau en plastique en vrac Factory - xinghui (3)\" class=\"wp-image-2117\" srcset=\"https:\/\/www.xhplasticlife.com\/wp-content\/uploads\/2026\/01\/Bulk-Plastic-Water-Pitcher-Set-Factory-xinghui-3.webp 800w, https:\/\/www.xhplasticlife.com\/wp-content\/uploads\/2026\/01\/Bulk-Plastic-Water-Pitcher-Set-Factory-xinghui-3-300x300.webp 300w, https:\/\/www.xhplasticlife.com\/wp-content\/uploads\/2026\/01\/Bulk-Plastic-Water-Pitcher-Set-Factory-xinghui-3-150x150.webp 150w, https:\/\/www.xhplasticlife.com\/wp-content\/uploads\/2026\/01\/Bulk-Plastic-Water-Pitcher-Set-Factory-xinghui-3-768x768.webp 768w, https:\/\/www.xhplasticlife.com\/wp-content\/uploads\/2026\/01\/Bulk-Plastic-Water-Pitcher-Set-Factory-xinghui-3-12x12.webp 12w, https:\/\/www.xhplasticlife.com\/wp-content\/uploads\/2026\/01\/Bulk-Plastic-Water-Pitcher-Set-Factory-xinghui-3-600x600.webp 600w, https:\/\/www.xhplasticlife.com\/wp-content\/uploads\/2026\/01\/Bulk-Plastic-Water-Pitcher-Set-Factory-xinghui-3-100x100.webp 100w\" sizes=\"(max-width: 800px) 100vw, 800px\" \/><\/figure>\n<\/div>\n<\/div>\n\n\n\n<h2 class=\"wp-block-heading\">Pichet d'eau en plastique avec couvercle Taille :<\/h2>\n\n\n\n<figure class=\"wp-block-table is-style-stripes\"><table class=\"has-fixed-layout\"><tbody><tr><td>Mod\u00e8le<\/td><td>Capacit\u00e9<\/td><td>Taille du carton<\/td><td>Poids brut<\/td><td>Poids de base<\/td><\/tr><tr><td>SH3139<\/td><td>2200ML<\/td><td>67X40X74cm<\/td><td>12,4 kg<\/td><td>240G<\/td><\/tr><tr><td>SH3141<\/td><td>2600ML<\/td><td>67X40X74cm<\/td><td>16,3 kg<\/td><td>344G<\/td><\/tr><\/tbody><\/table><\/figure>\n\n\n<div class=\"wp-block-image\">\n<figure class=\"aligncenter size-full\"><img decoding=\"async\" width=\"750\" height=\"377\" src=\"https:\/\/www.xhplasticlife.com\/wp-content\/uploads\/2026\/01\/Sizes-OEM-Plastic-Water-Pitcher-with-Lid.webp\" alt=\"Tailles - Pichet d&#039;eau en plastique OEM avec couvercle\" class=\"wp-image-2111\" srcset=\"https:\/\/www.xhplasticlife.com\/wp-content\/uploads\/2026\/01\/Sizes-OEM-Plastic-Water-Pitcher-with-Lid.webp 750w, https:\/\/www.xhplasticlife.com\/wp-content\/uploads\/2026\/01\/Sizes-OEM-Plastic-Water-Pitcher-with-Lid-300x151.webp 300w, https:\/\/www.xhplasticlife.com\/wp-content\/uploads\/2026\/01\/Sizes-OEM-Plastic-Water-Pitcher-with-Lid-18x9.webp 18w, https:\/\/www.xhplasticlife.com\/wp-content\/uploads\/2026\/01\/Sizes-OEM-Plastic-Water-Pitcher-with-Lid-600x302.webp 600w\" sizes=\"(max-width: 750px) 100vw, 750px\" \/><\/figure>\n<\/div>\n\n<div class=\"wp-block-image\">\n<figure class=\"aligncenter size-full\"><img decoding=\"async\" width=\"750\" height=\"449\" src=\"https:\/\/www.xhplasticlife.com\/wp-content\/uploads\/2026\/01\/Factory-Bulk-Plastic-Water-Pitcher-Set-Supplier.webp\" alt=\"Set de pichets d&#039;eau en plastique en vrac Fournisseur\" class=\"wp-image-2121\" srcset=\"https:\/\/www.xhplasticlife.com\/wp-content\/uploads\/2026\/01\/Factory-Bulk-Plastic-Water-Pitcher-Set-Supplier.webp 750w, https:\/\/www.xhplasticlife.com\/wp-content\/uploads\/2026\/01\/Factory-Bulk-Plastic-Water-Pitcher-Set-Supplier-300x180.webp 300w, https:\/\/www.xhplasticlife.com\/wp-content\/uploads\/2026\/01\/Factory-Bulk-Plastic-Water-Pitcher-Set-Supplier-18x12.webp 18w, https:\/\/www.xhplasticlife.com\/wp-content\/uploads\/2026\/01\/Factory-Bulk-Plastic-Water-Pitcher-Set-Supplier-600x359.webp 600w\" sizes=\"(max-width: 750px) 100vw, 750px\" \/><\/figure>\n<\/div>","protected":false},"excerpt":{"rendered":"<p>Bienvenue dans l'achat d'un ensemble de pichets \u00e0 eau en plastique en vrac. Pichet d'eau sans BPA avec couvercle et 4 tasses, id\u00e9al pour les th\u00e9i\u00e8res et les bouilloires. Prix de gros direct de l'usine, approvisionnement stable et \u00e9chantillons gratuits pour les acheteurs en gros.<\/p>\n<h2>Set de pichets d'eau en plastique en vrac Param\u00e8tres :<\/h2>\n<p><strong>Mod\u00e8le<\/strong>: <strong><span data-spm-anchor-id=\"a2700.details-description.0.i4.67b0zO51zO51nR\">SH3139, SH3141<\/span><\/strong><br \/><strong>Nom de la marque<\/strong>: Xinghui<br \/><strong>Mat\u00e9riau<\/strong>: PP\u00a0<br \/><strong>Couleur<\/strong>: rose\/vert\/bleu<br \/><strong>Emballage : <\/strong>Sac OPP<br \/><strong>OEM\/ODM<\/strong>: Disponible<br \/><strong>\u00c9chantillon : <\/strong>\u00c9chantillons gratuits<br \/><strong>Option personnalis\u00e9e<\/strong>: Couleur\/Taille\/Logo\/Emballage<\/p>\n<h2>De <a href=\"https:\/\/www.xhplasticlife.com\/fr\/categorie-produit\/custom-drinkware-wholesaler\/\">Vaisselle en plastique<\/a> Fabricant :<\/h2>\n<p>Fond\u00e9e en 2000,<a href=\"https:\/\/www.xhplasticlife.com\/fr\/\">\u00a0<strong>Xinghui<\/strong><\/a>\u00a0est sp\u00e9cialis\u00e9e dans la production et la vente en gros de bo\u00eetes \u00e0 lunch, de r\u00e9cipients pour la conservation des aliments, de r\u00e9cipients pour les boissons, de r\u00e9cipients pour la conservation des produits m\u00e9nagers et d'autres produits quotidiens en plastique. Elle propose \u00e0 ses clients des services OEM et ODM ainsi que des services d'approvisionnement en ligne.<\/p>","protected":false},"featured_media":2120,"comment_status":"closed","ping_status":"closed","template":"","meta":{"_acf_changed":false},"product_brand":[],"product_cat":[20],"product_tag":[],"class_list":{"0":"post-2114","1":"product","2":"type-product","3":"status-publish","4":"has-post-thumbnail","6":"product_cat-custom-drinkware-wholesaler","8":"first","9":"instock","10":"shipping-taxable","11":"product-type-simple"},"acf":[],"_links":{"self":[{"href":"https:\/\/www.xhplasticlife.com\/fr\/wp-json\/wp\/v2\/product\/2114","targetHints":{"allow":["GET"]}}],"collection":[{"href":"https:\/\/www.xhplasticlife.com\/fr\/wp-json\/wp\/v2\/product"}],"about":[{"href":"https:\/\/www.xhplasticlife.com\/fr\/wp-json\/wp\/v2\/types\/product"}],"replies":[{"embeddable":true,"href":"https:\/\/www.xhplasticlife.com\/fr\/wp-json\/wp\/v2\/comments?post=2114"}],"wp:featuredmedia":[{"embeddable":true,"href":"https:\/\/www.xhplasticlife.com\/fr\/wp-json\/wp\/v2\/media\/2120"}],"wp:attachment":[{"href":"https:\/\/www.xhplasticlife.com\/fr\/wp-json\/wp\/v2\/media?parent=2114"}],"wp:term":[{"taxonomy":"product_brand","embeddable":true,"href":"https:\/\/www.xhplasticlife.com\/fr\/wp-json\/wp\/v2\/product_brand?post=2114"},{"taxonomy":"product_cat","embeddable":true,"href":"https:\/\/www.xhplasticlife.com\/fr\/wp-json\/wp\/v2\/product_cat?post=2114"},{"taxonomy":"product_tag","embeddable":true,"href":"https:\/\/www.xhplasticlife.com\/fr\/wp-json\/wp\/v2\/product_tag?post=2114"}],"curies":[{"name":"wp","href":"https:\/\/api.w.org\/{rel}","templated":true}]}}