{"id":2088,"date":"2026-01-24T18:17:09","date_gmt":"2026-01-21T19:05:05","guid":{"rendered":"https:\/\/www.xhplasticlife.com\/?post_type=product&#038;p=2088"},"modified":"2026-01-25T06:28:04","modified_gmt":"2026-01-25T06:28:04","slug":"oem-plastic-water-pitcher-with-lid","status":"publish","type":"product","link":"https:\/\/www.xhplasticlife.com\/fr\/produit\/oem-plastic-water-pitcher-with-lid\/","title":{"rendered":"Pichet d'eau en plastique OEM avec couvercle, transparent 2600ml sans BPA, grande capacit\u00e9"},"content":{"rendered":"<div class=\"wp-block-columns is-layout-flex wp-container-core-columns-is-layout-9d6595d7 wp-block-columns-is-layout-flex\">\n<div class=\"wp-block-column is-layout-flow wp-block-column-is-layout-flow\">\n<h2 class=\"wp-block-heading\">Pichet d'eau en plastique avec couvercle OEM Caract\u00e9ristiques :<\/h2>\n\n\n\n<ul class=\"wp-block-list\">\n<li><strong>Grande capacit\u00e9 de 2600 ml pour une utilisation fr\u00e9quente :<\/strong> La grande capacit\u00e9 convient \u00e0 la maison, au restaurant, \u00e0 l'h\u00f4tel et au bureau, ce qui r\u00e9duit la fr\u00e9quence des remplissages et en fait un choix id\u00e9al pour les pichets d'eau en plastique OEM avec couvercle.<\/li>\n\n\n\n<li><strong>Corps transparent pour un affichage clair du niveau d'eau : <\/strong>Le mat\u00e9riau plastique hautement transparent permet d'observer facilement le niveau d'eau restant et l'\u00e9tat de la boisson, ce qui am\u00e9liore l'exp\u00e9rience de l'utilisateur et facilite la pr\u00e9sentation au d\u00e9tail.<\/li>\n\n\n\n<li><strong>Mat\u00e9riau sans BPA de qualit\u00e9 alimentaire pour la s\u00e9curit\u00e9 et la fiabilit\u00e9<\/strong>: Fabriqu\u00e9 en plastique de qualit\u00e9 alimentaire sans BPA, il convient aux boissons de tous les jours telles que l'eau froide et les jus de fruits, et r\u00e9pond aux normes internationales du march\u00e9 en mati\u00e8re de sant\u00e9 et de s\u00e9curit\u00e9.<\/li>\n\n\n\n<li><strong>Couvercle scell\u00e9 pour \u00e9viter la poussi\u00e8re et les d\u00e9versements : <\/strong>Le couvercle inclus emp\u00eache efficacement la poussi\u00e8re de p\u00e9n\u00e9trer et offre une plus grande stabilit\u00e9 lors du versement. Il convient pour une utilisation quotidienne au r\u00e9frig\u00e9rateur et sur le bureau, am\u00e9liorant ainsi l'aspect pratique du pichet d'eau en plastique OEM avec couvercle.<\/li>\n\n\n\n<li><strong>Structure ergonomique de la poign\u00e9e : <\/strong>La poign\u00e9e confortable facilite le versement et convient aux utilisateurs de tous \u00e2ges, r\u00e9duisant la fatigue lors d'une utilisation prolong\u00e9e.<\/li>\n\n\n\n<li><strong>Permet la personnalisation OEM\/ODM pour cr\u00e9er votre propre marque :<\/strong> En tant qu'usine professionnelle de pichets \u00e0 eau en plastique avec couvercle OEM, nous pouvons personnaliser la capacit\u00e9, la couleur, le logo et les solutions d'emballage pour r\u00e9pondre aux besoins des diff\u00e9rents march\u00e9s.<\/li>\n\n\n\n<li><strong>Approvisionnement direct de l'usine, Prix de gros significatifs Avantage<\/strong>: Avec notre propre ligne de production, nous assurons un approvisionnement stable, \u00e9liminant les co\u00fbts interm\u00e9diaires et fournissant aux acheteurs en gros des prix de gros d'usine plus comp\u00e9titifs.<\/li>\n\n\n\n<li><strong>Soutien \u00e0 l'\u00e9chantillonnage gratuit, R\u00e9duction du risque li\u00e9 \u00e0 la d\u00e9cision d'achat :<\/strong> Nous fournissons des \u00e9chantillons gratuits pour faciliter les tests de qualit\u00e9 des clients et les r\u00e9actions du march\u00e9, ce qui acc\u00e9l\u00e8re le processus de s\u00e9lection et de commande des produits.<\/li>\n<\/ul>\n<\/div>\n\n\n\n<div class=\"wp-block-column is-layout-flow wp-block-column-is-layout-flow\">\n<figure class=\"wp-block-image size-full\"><img decoding=\"async\" width=\"800\" height=\"800\" src=\"https:\/\/www.xhplasticlife.com\/wp-content\/uploads\/2026\/01\/OEM-Plastic-Water-Pitcher-with-Lid-4.webp\" alt=\"Pichet d&#039;eau en plastique OEM avec couvercle (4)\" class=\"wp-image-2110\" srcset=\"https:\/\/www.xhplasticlife.com\/wp-content\/uploads\/2026\/01\/OEM-Plastic-Water-Pitcher-with-Lid-4.webp 800w, https:\/\/www.xhplasticlife.com\/wp-content\/uploads\/2026\/01\/OEM-Plastic-Water-Pitcher-with-Lid-4-300x300.webp 300w, https:\/\/www.xhplasticlife.com\/wp-content\/uploads\/2026\/01\/OEM-Plastic-Water-Pitcher-with-Lid-4-150x150.webp 150w, https:\/\/www.xhplasticlife.com\/wp-content\/uploads\/2026\/01\/OEM-Plastic-Water-Pitcher-with-Lid-4-768x768.webp 768w, https:\/\/www.xhplasticlife.com\/wp-content\/uploads\/2026\/01\/OEM-Plastic-Water-Pitcher-with-Lid-4-12x12.webp 12w, https:\/\/www.xhplasticlife.com\/wp-content\/uploads\/2026\/01\/OEM-Plastic-Water-Pitcher-with-Lid-4-600x600.webp 600w, https:\/\/www.xhplasticlife.com\/wp-content\/uploads\/2026\/01\/OEM-Plastic-Water-Pitcher-with-Lid-4-100x100.webp 100w\" sizes=\"(max-width: 800px) 100vw, 800px\" \/><\/figure>\n<\/div>\n<\/div>\n\n\n\n<h2 class=\"wp-block-heading\">Pichet d'eau en plastique avec couvercle Taille :<\/h2>\n\n\n\n<figure class=\"wp-block-table is-style-stripes\"><table class=\"has-fixed-layout\"><tbody><tr><td>Mod\u00e8le<\/td><td>Capacit\u00e9<\/td><td>Taille du carton<\/td><td>Poids brut<\/td><td>Poids de base<\/td><\/tr><tr><td>SH3139<\/td><td>2200ML<\/td><td>67X40X74cm<\/td><td>12,4 kg<\/td><td>240G<\/td><\/tr><tr><td>SH3141<\/td><td>2600ML<\/td><td>67X40X74cm<\/td><td>16,3 kg<\/td><td>344G<\/td><\/tr><\/tbody><\/table><\/figure>\n\n\n\n<div class=\"wp-block-columns is-layout-flex wp-container-core-columns-is-layout-9d6595d7 wp-block-columns-is-layout-flex\">\n<div class=\"wp-block-column is-layout-flow wp-block-column-is-layout-flow\">\n<figure class=\"wp-block-image size-full\"><img decoding=\"async\" width=\"750\" height=\"586\" src=\"https:\/\/www.xhplasticlife.com\/wp-content\/uploads\/2026\/01\/Custom-Plastic-Water-Pitcher-with-Lid.webp\" alt=\"Pichet d&#039;eau en plastique personnalis\u00e9 avec couvercle\" class=\"wp-image-2106\" srcset=\"https:\/\/www.xhplasticlife.com\/wp-content\/uploads\/2026\/01\/Custom-Plastic-Water-Pitcher-with-Lid.webp 750w, https:\/\/www.xhplasticlife.com\/wp-content\/uploads\/2026\/01\/Custom-Plastic-Water-Pitcher-with-Lid-300x234.webp 300w, https:\/\/www.xhplasticlife.com\/wp-content\/uploads\/2026\/01\/Custom-Plastic-Water-Pitcher-with-Lid-15x12.webp 15w, https:\/\/www.xhplasticlife.com\/wp-content\/uploads\/2026\/01\/Custom-Plastic-Water-Pitcher-with-Lid-600x469.webp 600w\" sizes=\"(max-width: 750px) 100vw, 750px\" \/><\/figure>\n<\/div>\n\n\n\n<div class=\"wp-block-column is-layout-flow wp-block-column-is-layout-flow\">\n<figure class=\"wp-block-image size-full\"><img decoding=\"async\" width=\"750\" height=\"546\" src=\"https:\/\/www.xhplasticlife.com\/wp-content\/uploads\/2026\/01\/Custom-Plastic-Water-Pitcher-with-Lid-2.webp\" alt=\"Pichet d&#039;eau en plastique personnalis\u00e9 avec couvercle (2)\" class=\"wp-image-2104\" srcset=\"https:\/\/www.xhplasticlife.com\/wp-content\/uploads\/2026\/01\/Custom-Plastic-Water-Pitcher-with-Lid-2.webp 750w, https:\/\/www.xhplasticlife.com\/wp-content\/uploads\/2026\/01\/Custom-Plastic-Water-Pitcher-with-Lid-2-300x218.webp 300w, https:\/\/www.xhplasticlife.com\/wp-content\/uploads\/2026\/01\/Custom-Plastic-Water-Pitcher-with-Lid-2-16x12.webp 16w, https:\/\/www.xhplasticlife.com\/wp-content\/uploads\/2026\/01\/Custom-Plastic-Water-Pitcher-with-Lid-2-600x437.webp 600w\" sizes=\"(max-width: 750px) 100vw, 750px\" \/><\/figure>\n<\/div>\n<\/div>\n\n\n<div class=\"wp-block-image\">\n<figure class=\"aligncenter size-full\"><img decoding=\"async\" width=\"750\" height=\"449\" src=\"https:\/\/www.xhplasticlife.com\/wp-content\/uploads\/2025\/11\/Custom-Plastic-Water-Pitcher.webp\" alt=\"Pichet d&#039;eau en plastique personnalis\u00e9\" class=\"wp-image-1642\" srcset=\"https:\/\/www.xhplasticlife.com\/wp-content\/uploads\/2025\/11\/Custom-Plastic-Water-Pitcher.webp 750w, https:\/\/www.xhplasticlife.com\/wp-content\/uploads\/2025\/11\/Custom-Plastic-Water-Pitcher-300x180.webp 300w, https:\/\/www.xhplasticlife.com\/wp-content\/uploads\/2025\/11\/Custom-Plastic-Water-Pitcher-18x12.webp 18w, https:\/\/www.xhplasticlife.com\/wp-content\/uploads\/2025\/11\/Custom-Plastic-Water-Pitcher-600x359.webp 600w\" sizes=\"(max-width: 750px) 100vw, 750px\" \/><\/figure>\n<\/div>","protected":false},"excerpt":{"rendered":"<p>Bienvenue \u00e0 l'achat d'un pichet d'eau en plastique OEM avec couvercle. Pichet transparent de grande capacit\u00e9 de 2600 ml sans BPA pour une utilisation domestique ou commerciale. Prix de gros direct de l'usine, support de personnalisation OEM et \u00e9chantillons gratuits disponibles.<\/p>\n<h2>Pichet d'eau en plastique avec couvercle Param\u00e8tre :<\/h2>\n<p><strong>Mod\u00e8le<\/strong>: <strong><span data-spm-anchor-id=\"a2700.details-description.0.i4.67b0zO51zO51nR\">SH3139, SH3141<\/span><\/strong><br \/><strong>Nom de la marque<\/strong>: Xinghui<br \/><strong>Mat\u00e9riau<\/strong>: PP\u00a0<br \/><strong>Couleur<\/strong>: rose\/vert\/bleu<br \/><strong>Emballage : <\/strong>Sac OPP<br \/><strong>OEM\/ODM<\/strong>: Disponible<br \/><strong>\u00c9chantillon : <\/strong>\u00c9chantillons gratuits<br \/><strong>Option personnalis\u00e9e<\/strong>: Couleur\/Taille\/Logo\/Emballage<\/p>\n<h2>De <a href=\"https:\/\/www.xhplasticlife.com\/fr\/categorie-produit\/custom-drinkware-wholesaler\/\">Vaisselle en plastique<\/a> Fabricant :<\/h2>\n<p>Fond\u00e9e en 2000,<a href=\"https:\/\/www.xhplasticlife.com\/fr\/\">\u00a0<strong>Xinghui<\/strong><\/a>\u00a0est sp\u00e9cialis\u00e9e dans la production et la vente en gros de bo\u00eetes \u00e0 lunch, de r\u00e9cipients pour la conservation des aliments, de r\u00e9cipients pour les boissons, de r\u00e9cipients pour la conservation des produits m\u00e9nagers et d'autres produits quotidiens en plastique. Elle propose \u00e0 ses clients des services OEM et ODM ainsi que des services d'approvisionnement en ligne.<\/p>","protected":false},"featured_media":2107,"comment_status":"closed","ping_status":"closed","template":"","meta":{"_acf_changed":false},"product_brand":[],"product_cat":[20],"product_tag":[],"class_list":{"0":"post-2088","1":"product","2":"type-product","3":"status-publish","4":"has-post-thumbnail","6":"product_cat-custom-drinkware-wholesaler","8":"first","9":"instock","10":"shipping-taxable","11":"product-type-simple"},"acf":[],"_links":{"self":[{"href":"https:\/\/www.xhplasticlife.com\/fr\/wp-json\/wp\/v2\/product\/2088","targetHints":{"allow":["GET"]}}],"collection":[{"href":"https:\/\/www.xhplasticlife.com\/fr\/wp-json\/wp\/v2\/product"}],"about":[{"href":"https:\/\/www.xhplasticlife.com\/fr\/wp-json\/wp\/v2\/types\/product"}],"replies":[{"embeddable":true,"href":"https:\/\/www.xhplasticlife.com\/fr\/wp-json\/wp\/v2\/comments?post=2088"}],"wp:featuredmedia":[{"embeddable":true,"href":"https:\/\/www.xhplasticlife.com\/fr\/wp-json\/wp\/v2\/media\/2107"}],"wp:attachment":[{"href":"https:\/\/www.xhplasticlife.com\/fr\/wp-json\/wp\/v2\/media?parent=2088"}],"wp:term":[{"taxonomy":"product_brand","embeddable":true,"href":"https:\/\/www.xhplasticlife.com\/fr\/wp-json\/wp\/v2\/product_brand?post=2088"},{"taxonomy":"product_cat","embeddable":true,"href":"https:\/\/www.xhplasticlife.com\/fr\/wp-json\/wp\/v2\/product_cat?post=2088"},{"taxonomy":"product_tag","embeddable":true,"href":"https:\/\/www.xhplasticlife.com\/fr\/wp-json\/wp\/v2\/product_tag?post=2088"}],"curies":[{"name":"wp","href":"https:\/\/api.w.org\/{rel}","templated":true}]}}