{"id":2065,"date":"2026-01-21T01:18:43","date_gmt":"2026-01-21T01:18:43","guid":{"rendered":"https:\/\/www.xhplasticlife.com\/?post_type=product&#038;p=2065"},"modified":"2026-01-21T02:01:55","modified_gmt":"2026-01-21T02:01:55","slug":"airtight-grain-storage-containers-wholesale","status":"publish","type":"product","link":"https:\/\/www.xhplasticlife.com\/fr\/produit\/airtight-grain-storage-containers-wholesale\/","title":{"rendered":"R\u00e9cipients herm\u00e9tiques pour le stockage des c\u00e9r\u00e9ales Wholesale, Pots en plastique pour le stockage des aliments Manufacturer"},"content":{"rendered":"<div class=\"wp-block-columns is-layout-flex wp-container-core-columns-is-layout-9d6595d7 wp-block-columns-is-layout-flex\">\n<div class=\"wp-block-column is-layout-flow wp-block-column-is-layout-flow\">\n<h2 class=\"wp-block-heading\">R\u00e9cipients herm\u00e9tiques pour le stockage des c\u00e9r\u00e9ales Caract\u00e9ristiques en gros :<\/h2>\n\n\n\n<ul class=\"wp-block-list\">\n<li><strong>Conception \u00e9tanche \u00e0 l'air pour une protection durable contre l'humidit\u00e9 et la fra\u00eecheur :<\/strong> Le couvercle herm\u00e9tique bloque efficacement l'air et l'humidit\u00e9, r\u00e9duisant ainsi les probl\u00e8mes d'humidit\u00e9 et de parasites et permettant aux produits secs tels que le riz, la farine, les c\u00e9r\u00e9ales et les haricots de conserver leur go\u00fbt frais pendant longtemps. Id\u00e9al pour les projets de vente en gros de conteneurs de stockage de c\u00e9r\u00e9ales \u00e9tanches \u00e0 l'air.<\/li>\n\n\n\n<li><strong>Mati\u00e8re plastique de qualit\u00e9 alimentaire, s\u00fbre pour un usage quotidien :<\/strong> Fabriqu\u00e9 en plastique alimentaire, inodore et difficilement d\u00e9formable, il convient aux cuisines domestiques et aux sc\u00e9narios de stockage commercial des aliments, ce qui renforce la confiance des utilisateurs finaux.<\/li>\n\n\n\n<li><strong>R\u00e9cipient transparent, le contenu est clairement visible :<\/strong> L'aspect tr\u00e8s transparent permet d'identifier rapidement le contenu et la quantit\u00e9, ce qui am\u00e9liore l'efficacit\u00e9 de la gestion de la cuisine et facilite la pr\u00e9sentation dans le commerce de d\u00e9tail, augmentant ainsi l'attrait de l'achat.<\/li>\n\n\n\n<li><strong>Plusieurs options de capacit\u00e9 pour r\u00e9pondre \u00e0 diff\u00e9rents besoins de stockage :<\/strong> Disponibles en diff\u00e9rentes capacit\u00e9s, ils conviennent au stockage s\u00e9par\u00e9 de diff\u00e9rents types de grains, ce qui facilite les combinaisons pour les propri\u00e9taires de marques et les grossistes.<\/li>\n\n\n\n<li><strong>Prend en charge les services de personnalisation OEM\/ODM : <\/strong>Des options de capacit\u00e9, de couleur, de logo et d'emballage personnalisables sont disponibles, ce qui permet aux clients de cr\u00e9er des gammes de produits de stockage de c\u00e9r\u00e9ales diff\u00e9renci\u00e9es et d'am\u00e9liorer la reconnaissance de la marque.<\/li>\n\n\n\n<li><strong>Convient pour les achats en gros, approvisionnement stable et fiable<\/strong>: La structure du produit est mature et la production est stable, ce qui en fait un produit id\u00e9al pour les besoins d'approvisionnement en vrac \u00e0 long terme dans les conteneurs herm\u00e9tiques de stockage de c\u00e9r\u00e9ales en gros.<\/li>\n\n\n\n<li><strong>Fourniture directe \u00e0 l'usine, avantage important en termes de prix de gros<\/strong>: Notre propre syst\u00e8me de production et notre capacit\u00e9 stable nous permettent de proposer des prix de gros comp\u00e9titifs, ce qui aide les acheteurs \u00e0 contr\u00f4ler efficacement leurs co\u00fbts.<\/li>\n<\/ul>\n<\/div>\n\n\n\n<div class=\"wp-block-column is-layout-flow wp-block-column-is-layout-flow\">\n<figure class=\"wp-block-image size-full\"><img decoding=\"async\" width=\"800\" height=\"800\" src=\"https:\/\/www.xhplasticlife.com\/wp-content\/uploads\/2026\/01\/Airtight-Grain-Storage-Containers-Wholesale-Supplier-5.webp\" alt=\"Conteneurs herm\u00e9tiques pour le stockage des c\u00e9r\u00e9ales Fournisseur grossiste (5)\" class=\"wp-image-2074\" srcset=\"https:\/\/www.xhplasticlife.com\/wp-content\/uploads\/2026\/01\/Airtight-Grain-Storage-Containers-Wholesale-Supplier-5.webp 800w, https:\/\/www.xhplasticlife.com\/wp-content\/uploads\/2026\/01\/Airtight-Grain-Storage-Containers-Wholesale-Supplier-5-300x300.webp 300w, https:\/\/www.xhplasticlife.com\/wp-content\/uploads\/2026\/01\/Airtight-Grain-Storage-Containers-Wholesale-Supplier-5-150x150.webp 150w, https:\/\/www.xhplasticlife.com\/wp-content\/uploads\/2026\/01\/Airtight-Grain-Storage-Containers-Wholesale-Supplier-5-768x768.webp 768w, https:\/\/www.xhplasticlife.com\/wp-content\/uploads\/2026\/01\/Airtight-Grain-Storage-Containers-Wholesale-Supplier-5-12x12.webp 12w, https:\/\/www.xhplasticlife.com\/wp-content\/uploads\/2026\/01\/Airtight-Grain-Storage-Containers-Wholesale-Supplier-5-600x600.webp 600w, https:\/\/www.xhplasticlife.com\/wp-content\/uploads\/2026\/01\/Airtight-Grain-Storage-Containers-Wholesale-Supplier-5-100x100.webp 100w\" sizes=\"(max-width: 800px) 100vw, 800px\" \/><\/figure>\n<\/div>\n<\/div>\n\n\n\n<h2 class=\"wp-block-heading\">R\u00e9cipients herm\u00e9tiques pour le stockage des c\u00e9r\u00e9ales Taille :<\/h2>\n\n\n\n<figure class=\"wp-block-table is-style-stripes\"><table class=\"has-fixed-layout\"><tbody><tr><td>Mod\u00e8le<\/td><td>Capacit\u00e9<\/td><td>Volume d'emballage<\/td><td>G.W.\/Cas<\/td><td>Dimensions du produit<\/td><td>Taille de la bo\u00eete ext\u00e9rieure<\/td><\/tr><tr><td>3040<\/td><td>1700ML<\/td><td>60<\/td><td>11KG<\/td><td>10.3\u00d710.3\u00d720.4cm<\/td><td>53x43x63cm<\/td><\/tr><tr><td>3041<\/td><td>1300ML<\/td><td>80<\/td><td>11KG<\/td><td>10.3\u00d710.3\u00d716.3cm<\/td><td>53\u00d745.5x56cm<\/td><\/tr><tr><td>3042<\/td><td>800ML<\/td><td>100<\/td><td>11KG<\/td><td>10.3\u00d710.3\u00d720.4cm<\/td><td>65x36x66cm<\/td><\/tr><tr><td>3043<\/td><td>400ML<\/td><td>120<\/td><td>10KG<\/td><td>10.3\u00d710.3\u00d76.2cm<\/td><td>57.5x41x75.5cm<\/td><\/tr><\/tbody><\/table><\/figure>\n\n\n\n<div class=\"wp-block-columns is-layout-flex wp-container-core-columns-is-layout-9d6595d7 wp-block-columns-is-layout-flex\">\n<div class=\"wp-block-column is-layout-flow wp-block-column-is-layout-flow\">\n<figure class=\"wp-block-image size-full\"><img decoding=\"async\" width=\"630\" height=\"664\" src=\"https:\/\/www.xhplasticlife.com\/wp-content\/uploads\/2026\/01\/1700ML-Airtight-Grain-Storage-Containers-3040.webp\" alt=\"1700ML R\u00e9cipients herm\u00e9tiques pour le stockage des c\u00e9r\u00e9ales - 3040\" class=\"wp-image-2069\" srcset=\"https:\/\/www.xhplasticlife.com\/wp-content\/uploads\/2026\/01\/1700ML-Airtight-Grain-Storage-Containers-3040.webp 630w, https:\/\/www.xhplasticlife.com\/wp-content\/uploads\/2026\/01\/1700ML-Airtight-Grain-Storage-Containers-3040-285x300.webp 285w, https:\/\/www.xhplasticlife.com\/wp-content\/uploads\/2026\/01\/1700ML-Airtight-Grain-Storage-Containers-3040-11x12.webp 11w, https:\/\/www.xhplasticlife.com\/wp-content\/uploads\/2026\/01\/1700ML-Airtight-Grain-Storage-Containers-3040-600x632.webp 600w\" sizes=\"(max-width: 630px) 100vw, 630px\" \/><\/figure>\n<\/div>\n\n\n\n<div class=\"wp-block-column is-layout-flow wp-block-column-is-layout-flow\">\n<figure class=\"wp-block-image size-full\"><img decoding=\"async\" width=\"734\" height=\"630\" src=\"https:\/\/www.xhplasticlife.com\/wp-content\/uploads\/2026\/01\/1300ML-Airtight-Grain-Storage-Containers-3041.webp\" alt=\"R\u00e9cipients herm\u00e9tiques pour le stockage des c\u00e9r\u00e9ales 1300ML -3041\" class=\"wp-image-2068\" srcset=\"https:\/\/www.xhplasticlife.com\/wp-content\/uploads\/2026\/01\/1300ML-Airtight-Grain-Storage-Containers-3041.webp 734w, https:\/\/www.xhplasticlife.com\/wp-content\/uploads\/2026\/01\/1300ML-Airtight-Grain-Storage-Containers-3041-300x257.webp 300w, https:\/\/www.xhplasticlife.com\/wp-content\/uploads\/2026\/01\/1300ML-Airtight-Grain-Storage-Containers-3041-14x12.webp 14w, https:\/\/www.xhplasticlife.com\/wp-content\/uploads\/2026\/01\/1300ML-Airtight-Grain-Storage-Containers-3041-600x515.webp 600w\" sizes=\"(max-width: 734px) 100vw, 734px\" \/><\/figure>\n<\/div>\n\n\n\n<div class=\"wp-block-column is-layout-flow wp-block-column-is-layout-flow\">\n<figure class=\"wp-block-image size-full\"><img decoding=\"async\" width=\"644\" height=\"548\" src=\"https:\/\/www.xhplasticlife.com\/wp-content\/uploads\/2026\/01\/800ML-Airtight-Grain-Storage-Containers-3042.webp\" alt=\"800ML R\u00e9cipients herm\u00e9tiques pour le stockage des c\u00e9r\u00e9ales - 3042\" class=\"wp-image-2067\" srcset=\"https:\/\/www.xhplasticlife.com\/wp-content\/uploads\/2026\/01\/800ML-Airtight-Grain-Storage-Containers-3042.webp 644w, https:\/\/www.xhplasticlife.com\/wp-content\/uploads\/2026\/01\/800ML-Airtight-Grain-Storage-Containers-3042-300x255.webp 300w, https:\/\/www.xhplasticlife.com\/wp-content\/uploads\/2026\/01\/800ML-Airtight-Grain-Storage-Containers-3042-14x12.webp 14w, https:\/\/www.xhplasticlife.com\/wp-content\/uploads\/2026\/01\/800ML-Airtight-Grain-Storage-Containers-3042-600x511.webp 600w\" sizes=\"(max-width: 644px) 100vw, 644px\" \/><\/figure>\n<\/div>\n\n\n\n<div class=\"wp-block-column is-layout-flow wp-block-column-is-layout-flow\">\n<figure class=\"wp-block-image size-full\"><img decoding=\"async\" width=\"664\" height=\"532\" src=\"https:\/\/www.xhplasticlife.com\/wp-content\/uploads\/2026\/01\/400ML-Airtight-Grain-Storage-Containers-3043.webp\" alt=\"400ML R\u00e9cipients herm\u00e9tiques pour le stockage des c\u00e9r\u00e9ales - 3043\" class=\"wp-image-2066\" srcset=\"https:\/\/www.xhplasticlife.com\/wp-content\/uploads\/2026\/01\/400ML-Airtight-Grain-Storage-Containers-3043.webp 664w, https:\/\/www.xhplasticlife.com\/wp-content\/uploads\/2026\/01\/400ML-Airtight-Grain-Storage-Containers-3043-300x240.webp 300w, https:\/\/www.xhplasticlife.com\/wp-content\/uploads\/2026\/01\/400ML-Airtight-Grain-Storage-Containers-3043-15x12.webp 15w, https:\/\/www.xhplasticlife.com\/wp-content\/uploads\/2026\/01\/400ML-Airtight-Grain-Storage-Containers-3043-600x481.webp 600w\" sizes=\"(max-width: 664px) 100vw, 664px\" \/><\/figure>\n<\/div>\n<\/div>","protected":false},"excerpt":{"rendered":"<p>Bienvenue pour acheter en gros des conteneurs herm\u00e9tiques pour le stockage des c\u00e9r\u00e9ales. En tant que fabricant professionnel de pots de conservation en plastique, nous fournissons des r\u00e9cipients herm\u00e9tiques durables pour la conservation des c\u00e9r\u00e9ales et des aliments secs. Les prix de gros directs, le support OEM\/ODM et les \u00e9chantillons gratuits aident les acheteurs \u00e0 s'approvisionner efficacement.<\/p>\n<h2>Param\u00e8tres des conteneurs herm\u00e9tiques pour le stockage des c\u00e9r\u00e9ales<\/h2>\n<p><strong>Mod\u00e8le<\/strong>: 3040-3043<br \/><strong>Nom de la marque<\/strong>: Xinghui<br \/><strong>Mat\u00e9riau<\/strong>: PP\u00a0<br \/><strong>Couleur<\/strong>: Rose, Bleu<br \/><strong>Emballage : <\/strong>Sac OPP<br \/><strong>OEM\/ODM<\/strong>: Disponible<br \/><strong>Option personnalis\u00e9e<\/strong>: Couleur\/Taille\/Logo\/Emballage<\/p>\n<h2>De la part du fabricant de r\u00e9cipients de stockage d'aliments :<\/h2>\n<p>Fond\u00e9e en 2000,<a href=\"https:\/\/www.xhplasticlife.com\/fr\/\">\u00a0<strong>Xinghui<\/strong><\/a>\u00a0est sp\u00e9cialis\u00e9e dans la production et la vente en gros de bo\u00eetes \u00e0 lunch, de r\u00e9cipients pour la conservation des aliments, de r\u00e9cipients pour les boissons, de r\u00e9cipients pour la conservation des produits m\u00e9nagers et d'autres produits quotidiens en plastique. Elle propose \u00e0 ses clients des services OEM et ODM ainsi que des services d'approvisionnement en ligne.<\/p>","protected":false},"featured_media":2072,"comment_status":"closed","ping_status":"closed","template":"","meta":{"_acf_changed":false},"product_brand":[],"product_cat":[18],"product_tag":[],"class_list":{"0":"post-2065","1":"product","2":"type-product","3":"status-publish","4":"has-post-thumbnail","6":"product_cat-bulk-food-storage-container","8":"first","9":"instock","10":"shipping-taxable","11":"product-type-simple"},"acf":[],"_links":{"self":[{"href":"https:\/\/www.xhplasticlife.com\/fr\/wp-json\/wp\/v2\/product\/2065","targetHints":{"allow":["GET"]}}],"collection":[{"href":"https:\/\/www.xhplasticlife.com\/fr\/wp-json\/wp\/v2\/product"}],"about":[{"href":"https:\/\/www.xhplasticlife.com\/fr\/wp-json\/wp\/v2\/types\/product"}],"replies":[{"embeddable":true,"href":"https:\/\/www.xhplasticlife.com\/fr\/wp-json\/wp\/v2\/comments?post=2065"}],"wp:featuredmedia":[{"embeddable":true,"href":"https:\/\/www.xhplasticlife.com\/fr\/wp-json\/wp\/v2\/media\/2072"}],"wp:attachment":[{"href":"https:\/\/www.xhplasticlife.com\/fr\/wp-json\/wp\/v2\/media?parent=2065"}],"wp:term":[{"taxonomy":"product_brand","embeddable":true,"href":"https:\/\/www.xhplasticlife.com\/fr\/wp-json\/wp\/v2\/product_brand?post=2065"},{"taxonomy":"product_cat","embeddable":true,"href":"https:\/\/www.xhplasticlife.com\/fr\/wp-json\/wp\/v2\/product_cat?post=2065"},{"taxonomy":"product_tag","embeddable":true,"href":"https:\/\/www.xhplasticlife.com\/fr\/wp-json\/wp\/v2\/product_tag?post=2065"}],"curies":[{"name":"wp","href":"https:\/\/api.w.org\/{rel}","templated":true}]}}