{"id":2055,"date":"2026-01-20T10:46:03","date_gmt":"2026-01-20T10:46:03","guid":{"rendered":"https:\/\/www.xhplasticlife.com\/?post_type=product&#038;p=2055"},"modified":"2026-01-20T11:04:05","modified_gmt":"2026-01-20T11:04:05","slug":"tall-food-storage-containers-bulk","status":"publish","type":"product","link":"https:\/\/www.xhplasticlife.com\/fr\/produit\/tall-food-storage-containers-bulk\/","title":{"rendered":"Wholesale Tall Food Storage Containers, OEM Plastic Food Container Set Supplier"},"content":{"rendered":"<div class=\"wp-block-columns is-layout-flex wp-container-core-columns-is-layout-9d6595d7 wp-block-columns-is-layout-flex\">\n<div class=\"wp-block-column is-layout-flow wp-block-column-is-layout-flow\">\n<h2 class=\"wp-block-heading\">R\u00e9cipients de stockage alimentaire grands en gros Caract\u00e9ristiques :<\/h2>\n\n\n\n<ul class=\"wp-block-list\">\n<li><strong>Structure haute, am\u00e9liorant l'efficacit\u00e9 du rangement dans la cuisine<\/strong>: Le design haut utilise pleinement l'espace vertical de la cuisine, id\u00e9al pour stocker les p\u00e2tes, les c\u00e9r\u00e9ales, les grains de caf\u00e9, les aliments pour animaux et les produits secs, am\u00e9liorant ainsi l'exp\u00e9rience de l'utilisateur final.<\/li>\n\n\n\n<li><strong>Mati\u00e8re plastique de qualit\u00e9 alimentaire, s\u00fbre et durable : <\/strong>Fabriqu\u00e9 en plastique alimentaire, inodore et r\u00e9sistant au vieillissement, il convient \u00e0 une utilisation quotidienne r\u00e9p\u00e9t\u00e9e et r\u00e9pond aux exigences de s\u00e9curit\u00e9 des r\u00e9cipients de cuisine sur les diff\u00e9rents march\u00e9s.<\/li>\n\n\n\n<li><strong>Couvercle scell\u00e9 pour une protection contre l'humidit\u00e9 et la poussi\u00e8re : <\/strong>Le couvercle se ferme herm\u00e9tiquement, r\u00e9duisant efficacement l'entr\u00e9e d'air et d'humidit\u00e9, ce qui permet de conserver la fra\u00eecheur des ingr\u00e9dients et d'am\u00e9liorer la praticit\u00e9 du produit et son potentiel de r\u00e9achat.<\/li>\n\n\n\n<li><strong>Aspect transparent ou translucide pour une visualisation ais\u00e9e du contenu : <\/strong>Le design clair permet aux utilisateurs de d\u00e9terminer rapidement la quantit\u00e9 restante et est \u00e9galement propice \u00e0 la vente au d\u00e9tail, augmentant ainsi les taux de conversion des ventes.<\/li>\n\n\n\n<li><strong>Prend en charge les services de personnalisation OEM\/ODM : <\/strong>En tant que fournisseur en gros de conteneurs de stockage alimentaire hauts, nous pouvons fournir une personnalisation de la hauteur, de la capacit\u00e9, de la couleur, du logo et de l'emballage pour r\u00e9pondre aux besoins diff\u00e9renci\u00e9s des marques et des clients de canal.<\/li>\n\n\n\n<li>Convient aux achats en gros, capacit\u00e9 d'approvisionnement stable : La structure du produit est mature et la production est stable, ce qui en fait un produit id\u00e9al pour les achats en gros \u00e0 long terme et les projets d'approvisionnement continu.<\/li>\n\n\n\n<li><strong>Fourniture directe par l'usine, avantage significatif en termes de prix :<\/strong> Notre propre syst\u00e8me de production et nos lignes de production matures permettent d'obtenir des prix de gros comp\u00e9titifs, ce qui aide les acheteurs \u00e0 contr\u00f4ler efficacement leurs co\u00fbts et \u00e0 augmenter leurs marges b\u00e9n\u00e9ficiaires.<\/li>\n\n\n\n<li><strong>Aide \u00e0 l'\u00e9chantillonnage gratuite pour r\u00e9duire les risques li\u00e9s aux d\u00e9cisions d'achat : <\/strong>Des \u00e9chantillons gratuits sont fournis pour faciliter les tests de qualit\u00e9 et la v\u00e9rification du march\u00e9 avant de passer une commande formelle, ce qui acc\u00e9l\u00e8re le processus de coop\u00e9ration.<\/li>\n<\/ul>\n<\/div>\n\n\n\n<div class=\"wp-block-column is-layout-flow wp-block-column-is-layout-flow\">\n<figure class=\"wp-block-image size-full\"><img decoding=\"async\" width=\"800\" height=\"800\" src=\"https:\/\/www.xhplasticlife.com\/wp-content\/uploads\/2026\/01\/Wholesale-Tall-Food-Storage-Containers-Supplier-1.webp\" alt=\"Fournisseur en gros de grands r\u00e9cipients de conservation des aliments (1)\" class=\"wp-image-2060\" srcset=\"https:\/\/www.xhplasticlife.com\/wp-content\/uploads\/2026\/01\/Wholesale-Tall-Food-Storage-Containers-Supplier-1.webp 800w, https:\/\/www.xhplasticlife.com\/wp-content\/uploads\/2026\/01\/Wholesale-Tall-Food-Storage-Containers-Supplier-1-300x300.webp 300w, https:\/\/www.xhplasticlife.com\/wp-content\/uploads\/2026\/01\/Wholesale-Tall-Food-Storage-Containers-Supplier-1-150x150.webp 150w, https:\/\/www.xhplasticlife.com\/wp-content\/uploads\/2026\/01\/Wholesale-Tall-Food-Storage-Containers-Supplier-1-768x768.webp 768w, https:\/\/www.xhplasticlife.com\/wp-content\/uploads\/2026\/01\/Wholesale-Tall-Food-Storage-Containers-Supplier-1-12x12.webp 12w, https:\/\/www.xhplasticlife.com\/wp-content\/uploads\/2026\/01\/Wholesale-Tall-Food-Storage-Containers-Supplier-1-600x600.webp 600w, https:\/\/www.xhplasticlife.com\/wp-content\/uploads\/2026\/01\/Wholesale-Tall-Food-Storage-Containers-Supplier-1-100x100.webp 100w\" sizes=\"(max-width: 800px) 100vw, 800px\" \/><\/figure>\n<\/div>\n<\/div>\n\n\n\n<h2 class=\"wp-block-heading\">R\u00e9cipients en plastique pour la conservation des aliments Taille :<\/h2>\n\n\n\n<figure class=\"wp-block-table is-style-stripes\"><table class=\"has-fixed-layout\"><tbody><tr><td>Mod\u00e8le<\/td><td>Tailles<\/td><td>Capacit\u00e9<\/td><td>Sp\u00e9cifications<\/td><td>Emballage<\/td><td>Taille de la bo\u00eete<\/td><td>Poids brut<\/td><\/tr><tr><td>3335<\/td><td>Grandes dimensions<\/td><td>1900ML\/3PCS<\/td><td>13.5*13.5*20.5<\/td><td>60<\/td><td>69*56*63<\/td><td>18.3<\/td><\/tr><tr><td>3336<\/td><td>Petit<\/td><td>1900ML\/4PCS<\/td><td>13.5*13.5*22.5<\/td><td>48<\/td><td>56*56*68<\/td><td>19.3<\/td><\/tr><tr><td>3337<\/td><td>Grandes dimensions<\/td><td>1170ML\/3PCS<\/td><td>12*12*17.5<\/td><td>80<\/td><td>62*50*72<\/td><td>18.4<\/td><\/tr><tr><td>3338<\/td><td>Petit<\/td><td>1170ML\/4PCS<\/td><td>12*12*19.5<\/td><td>60<\/td><td>62*50*61<\/td><td>18.2<\/td><\/tr><\/tbody><\/table><\/figure>\n\n\n\n<div class=\"wp-block-columns is-layout-flex wp-container-core-columns-is-layout-9d6595d7 wp-block-columns-is-layout-flex\">\n<div class=\"wp-block-column is-layout-flow wp-block-column-is-layout-flow\">\n<figure class=\"wp-block-image size-full\"><img decoding=\"async\" width=\"800\" height=\"800\" src=\"https:\/\/www.xhplasticlife.com\/wp-content\/uploads\/2026\/01\/SKU-04-1900ML-4.webp\" alt=\"SKU-04-1900ML - 4\" class=\"wp-image-2059\" srcset=\"https:\/\/www.xhplasticlife.com\/wp-content\/uploads\/2026\/01\/SKU-04-1900ML-4.webp 800w, https:\/\/www.xhplasticlife.com\/wp-content\/uploads\/2026\/01\/SKU-04-1900ML-4-300x300.webp 300w, https:\/\/www.xhplasticlife.com\/wp-content\/uploads\/2026\/01\/SKU-04-1900ML-4-150x150.webp 150w, https:\/\/www.xhplasticlife.com\/wp-content\/uploads\/2026\/01\/SKU-04-1900ML-4-768x768.webp 768w, https:\/\/www.xhplasticlife.com\/wp-content\/uploads\/2026\/01\/SKU-04-1900ML-4-12x12.webp 12w, https:\/\/www.xhplasticlife.com\/wp-content\/uploads\/2026\/01\/SKU-04-1900ML-4-600x600.webp 600w, https:\/\/www.xhplasticlife.com\/wp-content\/uploads\/2026\/01\/SKU-04-1900ML-4-100x100.webp 100w\" sizes=\"(max-width: 800px) 100vw, 800px\" \/><\/figure>\n<\/div>\n\n\n\n<div class=\"wp-block-column is-layout-flow wp-block-column-is-layout-flow\">\n<figure class=\"wp-block-image size-full\"><img decoding=\"async\" width=\"800\" height=\"800\" src=\"https:\/\/www.xhplasticlife.com\/wp-content\/uploads\/2026\/01\/SKU-03-1900ML-3.webp\" alt=\"SKU-03-1900ML -3\" class=\"wp-image-2058\" srcset=\"https:\/\/www.xhplasticlife.com\/wp-content\/uploads\/2026\/01\/SKU-03-1900ML-3.webp 800w, https:\/\/www.xhplasticlife.com\/wp-content\/uploads\/2026\/01\/SKU-03-1900ML-3-300x300.webp 300w, https:\/\/www.xhplasticlife.com\/wp-content\/uploads\/2026\/01\/SKU-03-1900ML-3-150x150.webp 150w, https:\/\/www.xhplasticlife.com\/wp-content\/uploads\/2026\/01\/SKU-03-1900ML-3-768x768.webp 768w, https:\/\/www.xhplasticlife.com\/wp-content\/uploads\/2026\/01\/SKU-03-1900ML-3-12x12.webp 12w, https:\/\/www.xhplasticlife.com\/wp-content\/uploads\/2026\/01\/SKU-03-1900ML-3-600x600.webp 600w, https:\/\/www.xhplasticlife.com\/wp-content\/uploads\/2026\/01\/SKU-03-1900ML-3-100x100.webp 100w\" sizes=\"(max-width: 800px) 100vw, 800px\" \/><\/figure>\n<\/div>\n\n\n\n<div class=\"wp-block-column is-layout-flow wp-block-column-is-layout-flow\">\n<figure class=\"wp-block-image size-full\"><img decoding=\"async\" width=\"800\" height=\"800\" src=\"https:\/\/www.xhplasticlife.com\/wp-content\/uploads\/2026\/01\/SKU-02-1170ML-4.webp\" alt=\"SKU-02-1170ML - 4\" class=\"wp-image-2057\" srcset=\"https:\/\/www.xhplasticlife.com\/wp-content\/uploads\/2026\/01\/SKU-02-1170ML-4.webp 800w, https:\/\/www.xhplasticlife.com\/wp-content\/uploads\/2026\/01\/SKU-02-1170ML-4-300x300.webp 300w, https:\/\/www.xhplasticlife.com\/wp-content\/uploads\/2026\/01\/SKU-02-1170ML-4-150x150.webp 150w, https:\/\/www.xhplasticlife.com\/wp-content\/uploads\/2026\/01\/SKU-02-1170ML-4-768x768.webp 768w, https:\/\/www.xhplasticlife.com\/wp-content\/uploads\/2026\/01\/SKU-02-1170ML-4-12x12.webp 12w, https:\/\/www.xhplasticlife.com\/wp-content\/uploads\/2026\/01\/SKU-02-1170ML-4-600x600.webp 600w, https:\/\/www.xhplasticlife.com\/wp-content\/uploads\/2026\/01\/SKU-02-1170ML-4-100x100.webp 100w\" sizes=\"(max-width: 800px) 100vw, 800px\" \/><\/figure>\n<\/div>\n\n\n\n<div class=\"wp-block-column is-layout-flow wp-block-column-is-layout-flow\">\n<figure class=\"wp-block-image size-full\"><img decoding=\"async\" width=\"800\" height=\"800\" src=\"https:\/\/www.xhplasticlife.com\/wp-content\/uploads\/2026\/01\/SKU-01-1170ML-3.webp\" alt=\"SKU-01-1170ML -3\" class=\"wp-image-2056\" srcset=\"https:\/\/www.xhplasticlife.com\/wp-content\/uploads\/2026\/01\/SKU-01-1170ML-3.webp 800w, https:\/\/www.xhplasticlife.com\/wp-content\/uploads\/2026\/01\/SKU-01-1170ML-3-300x300.webp 300w, https:\/\/www.xhplasticlife.com\/wp-content\/uploads\/2026\/01\/SKU-01-1170ML-3-150x150.webp 150w, https:\/\/www.xhplasticlife.com\/wp-content\/uploads\/2026\/01\/SKU-01-1170ML-3-768x768.webp 768w, https:\/\/www.xhplasticlife.com\/wp-content\/uploads\/2026\/01\/SKU-01-1170ML-3-12x12.webp 12w, https:\/\/www.xhplasticlife.com\/wp-content\/uploads\/2026\/01\/SKU-01-1170ML-3-600x600.webp 600w, https:\/\/www.xhplasticlife.com\/wp-content\/uploads\/2026\/01\/SKU-01-1170ML-3-100x100.webp 100w\" sizes=\"(max-width: 800px) 100vw, 800px\" \/><\/figure>\n<\/div>\n<\/div>","protected":false},"excerpt":{"rendered":"<p data-start=\"403\" data-end=\"669\">Nous vous invitons \u00e0 acheter en gros des conteneurs de stockage pour aliments hauts. En tant que fournisseur d'ensembles de r\u00e9cipients alimentaires en plastique OEM, nous fournissons des r\u00e9cipients de stockage d'aliments hauts pour la cuisine. Les prix de gros directs, le support OEM\/ODM et les \u00e9chantillons gratuits aident les acheteurs \u00e0 s'approvisionner efficacement.<\/p>\n<h2>Param\u00e8tres de vente en gros des grands r\u00e9cipients de conservation des aliments<\/h2>\n<ul>\n<li><strong>Mod\u00e8le<\/strong>: 3335-3338<\/li>\n<li><strong>Nom de la marque<\/strong>: <a href=\"https:\/\/www.xhplasticlife.com\/fr\/\"><strong>Xinghui<\/strong><\/a><\/li>\n<li><strong>Mat\u00e9riau<\/strong>: PP\u00a0<\/li>\n<li><strong>Couleur<\/strong>: Blanc+Transparent<\/li>\n<li><strong>Emballage : <\/strong>Appel d'offres sur papier<\/li>\n<li><strong>OEM\/ODM<\/strong>: Disponible<\/li>\n<li><strong>Option personnalis\u00e9e<\/strong>: Couleur\/Taille\/Logo\/Emballage<\/li>\n<\/ul>\n<h2>De la part du fabricant de r\u00e9cipients de stockage d'aliments :<\/h2>\n<p>Fond\u00e9e en 2000,<a href=\"https:\/\/www.xhplasticlife.com\/fr\/\">\u00a0<strong>Xinghui<\/strong><\/a>\u00a0est sp\u00e9cialis\u00e9e dans la production et la vente en gros de bo\u00eetes \u00e0 lunch, de r\u00e9cipients pour la conservation des aliments, de r\u00e9cipients pour les boissons, de r\u00e9cipients pour la conservation des produits m\u00e9nagers et d'autres produits quotidiens en plastique. Elle propose \u00e0 ses clients des services OEM et ODM ainsi que des services d'approvisionnement en ligne.<\/p>","protected":false},"featured_media":2063,"comment_status":"closed","ping_status":"closed","template":"","meta":{"_acf_changed":false},"product_brand":[],"product_cat":[18],"product_tag":[],"class_list":{"0":"post-2055","1":"product","2":"type-product","3":"status-publish","4":"has-post-thumbnail","6":"product_cat-bulk-food-storage-container","8":"first","9":"instock","10":"shipping-taxable","11":"product-type-simple"},"acf":[],"_links":{"self":[{"href":"https:\/\/www.xhplasticlife.com\/fr\/wp-json\/wp\/v2\/product\/2055","targetHints":{"allow":["GET"]}}],"collection":[{"href":"https:\/\/www.xhplasticlife.com\/fr\/wp-json\/wp\/v2\/product"}],"about":[{"href":"https:\/\/www.xhplasticlife.com\/fr\/wp-json\/wp\/v2\/types\/product"}],"replies":[{"embeddable":true,"href":"https:\/\/www.xhplasticlife.com\/fr\/wp-json\/wp\/v2\/comments?post=2055"}],"wp:featuredmedia":[{"embeddable":true,"href":"https:\/\/www.xhplasticlife.com\/fr\/wp-json\/wp\/v2\/media\/2063"}],"wp:attachment":[{"href":"https:\/\/www.xhplasticlife.com\/fr\/wp-json\/wp\/v2\/media?parent=2055"}],"wp:term":[{"taxonomy":"product_brand","embeddable":true,"href":"https:\/\/www.xhplasticlife.com\/fr\/wp-json\/wp\/v2\/product_brand?post=2055"},{"taxonomy":"product_cat","embeddable":true,"href":"https:\/\/www.xhplasticlife.com\/fr\/wp-json\/wp\/v2\/product_cat?post=2055"},{"taxonomy":"product_tag","embeddable":true,"href":"https:\/\/www.xhplasticlife.com\/fr\/wp-json\/wp\/v2\/product_tag?post=2055"}],"curies":[{"name":"wp","href":"https:\/\/api.w.org\/{rel}","templated":true}]}}