{"id":2048,"date":"2026-01-20T09:49:09","date_gmt":"2026-01-20T09:49:09","guid":{"rendered":"https:\/\/www.xhplasticlife.com\/?post_type=product&#038;p=2048"},"modified":"2026-01-20T10:44:10","modified_gmt":"2026-01-20T10:44:10","slug":"custom-tall-food-storage-containers","status":"publish","type":"product","link":"https:\/\/www.xhplasticlife.com\/fr\/produit\/custom-tall-food-storage-containers\/","title":{"rendered":"R\u00e9cipients de stockage d'aliments grands et personnalis\u00e9s R\u00e9cipients de cuisine en plastique Fabricant de r\u00e9cipients de cuisine"},"content":{"rendered":"<div class=\"wp-block-columns is-layout-flex wp-container-core-columns-is-layout-9d6595d7 wp-block-columns-is-layout-flex\">\n<div class=\"wp-block-column is-layout-flow wp-block-column-is-layout-flow\">\n<h2 class=\"wp-block-heading\">Contenants de stockage d'aliments grands et personnalis\u00e9s Caract\u00e9ristiques :<\/h2>\n\n\n\n<ul class=\"wp-block-list\">\n<li><strong>Le design haut permet de maximiser l'espace vertical de la cuisine :<\/strong> La structure haute du conteneur est id\u00e9ale pour le stockage de produits alimentaires longs ou de grande capacit\u00e9 tels que les p\u00e2tes, les c\u00e9r\u00e9ales, les grains de caf\u00e9 et les en-cas, ce qui permet aux utilisateurs finaux d'optimiser l'espace de leur cuisine et d'accro\u00eetre la valeur pratique du produit.<\/li>\n\n\n\n<li><strong>Mati\u00e8re plastique de qualit\u00e9 alimentaire, s\u00fbre pour un usage quotidien : <\/strong>Fabriqu\u00e9s \u00e0 partir de mat\u00e9riaux plastiques sans danger pour le contact alimentaire, inodores et durables, ils conviennent \u00e0 une utilisation \u00e0 long terme et r\u00e9p\u00e9t\u00e9e et r\u00e9pondent aux exigences de s\u00e9curit\u00e9 des diff\u00e9rents march\u00e9s pour les produits de conservation des aliments dans la cuisine.<\/li>\n\n\n\n<li><strong>La conception herm\u00e9tique maintient la fra\u00eecheur des aliments<\/strong>: Le couvercle \u00e9tanche emp\u00eache efficacement l'humidit\u00e9 et la poussi\u00e8re, r\u00e9duisant l'entr\u00e9e d'air et aidant les produits secs et les ingr\u00e9dients \u00e0 conserver leur go\u00fbt et leur qualit\u00e9 d'origine.<\/li>\n\n\n\n<li><strong>Aspect transparent ou translucide pour une visualisation ais\u00e9e du contenu<\/strong>: Le design clair permet aux utilisateurs de voir facilement le contenu, ce qui facilite \u00e9galement la pr\u00e9sentation au d\u00e9tail et augmente l'attrait pour le consommateur.<\/li>\n\n\n\n<li><strong>Prise en charge de la personnalisation de la taille et de l'apparence, adapt\u00e9e aux clients de la marque : <\/strong>En tant que fabricant de conteneurs de stockage alimentaire hauts et personnalis\u00e9s, nous pouvons personnaliser la hauteur, la capacit\u00e9, la couleur, le logo et l'emballage, afin d'aider nos clients \u00e0 cr\u00e9er des lignes de produits diff\u00e9renci\u00e9es.<\/li>\n\n\n\n<li><strong>Convient aux achats en gros, capacit\u00e9 d'approvisionnement stable :<\/strong> La structure du produit est m\u00fbre et adapt\u00e9e aux projets de vente en gros de conteneurs de stockage alimentaire hauts et personnalis\u00e9s \u00e0 long terme, r\u00e9pondant aux besoins d'approvisionnement continu des marques, des grossistes et des canaux de distribution.<\/li>\n<\/ul>\n<\/div>\n\n\n\n<div class=\"wp-block-column is-layout-flow wp-block-column-is-layout-flow\">\n<figure class=\"wp-block-image size-full\"><img decoding=\"async\" width=\"800\" height=\"800\" src=\"https:\/\/www.xhplasticlife.com\/wp-content\/uploads\/2026\/01\/Custom-Tall-Food-Storage-Containers-Manufacturer-2.webp\" alt=\"Fabricant de grands r\u00e9cipients alimentaires sur mesure (2)\" class=\"wp-image-2050\" srcset=\"https:\/\/www.xhplasticlife.com\/wp-content\/uploads\/2026\/01\/Custom-Tall-Food-Storage-Containers-Manufacturer-2.webp 800w, https:\/\/www.xhplasticlife.com\/wp-content\/uploads\/2026\/01\/Custom-Tall-Food-Storage-Containers-Manufacturer-2-300x300.webp 300w, https:\/\/www.xhplasticlife.com\/wp-content\/uploads\/2026\/01\/Custom-Tall-Food-Storage-Containers-Manufacturer-2-150x150.webp 150w, https:\/\/www.xhplasticlife.com\/wp-content\/uploads\/2026\/01\/Custom-Tall-Food-Storage-Containers-Manufacturer-2-768x768.webp 768w, https:\/\/www.xhplasticlife.com\/wp-content\/uploads\/2026\/01\/Custom-Tall-Food-Storage-Containers-Manufacturer-2-12x12.webp 12w, https:\/\/www.xhplasticlife.com\/wp-content\/uploads\/2026\/01\/Custom-Tall-Food-Storage-Containers-Manufacturer-2-600x600.webp 600w, https:\/\/www.xhplasticlife.com\/wp-content\/uploads\/2026\/01\/Custom-Tall-Food-Storage-Containers-Manufacturer-2-100x100.webp 100w\" sizes=\"(max-width: 800px) 100vw, 800px\" \/><\/figure>\n<\/div>\n<\/div>\n\n\n\n<h2 class=\"wp-block-heading\">R\u00e9cipients en plastique pour la conservation des aliments Taille :<\/h2>\n\n\n\n<figure class=\"wp-block-table is-style-stripes\"><table class=\"has-fixed-layout\"><tbody><tr><td>Mod\u00e8le<\/td><td>Tailles<\/td><td>Capacit\u00e9<\/td><td>Sp\u00e9cifications<\/td><\/tr><tr><td rowspan=\"3\">3334<\/td><td>Grandes dimensions<\/td><td>1900ML<\/td><td>13.5*<em>13.5<\/em>*15.6<\/td><\/tr><tr><td>Petit<\/td><td>1170ML<\/td><td>13.5*<em>13.5<\/em>*15.6<\/td><\/tr><\/tbody><\/table><\/figure>\n\n\n\n<p><\/p>","protected":false},"excerpt":{"rendered":"<p>Bienvenue pour l'achat de conteneurs de stockage d'aliments hauts personnalis\u00e9s. Nous sommes un fabricant professionnel de r\u00e9cipients alimentaires en plastique pour la cuisine et fournissons des r\u00e9cipients alimentaires hauts pour les aliments secs et la cuisine. Prix de gros direct, service OEM\/ODM et \u00e9chantillons gratuits disponibles.<\/p>\n<h2>Param\u00e8tres des grands r\u00e9cipients de conservation des aliments personnalis\u00e9s<\/h2>\n<ul>\n<li><strong>Mod\u00e8le<\/strong>: 3334<\/li>\n<li><strong>Nom de la marque<\/strong>: <a href=\"https:\/\/www.xhplasticlife.com\/fr\/\"><strong>Xinghui<\/strong><\/a><\/li>\n<li><strong>Mat\u00e9riau<\/strong>: PP\u00a0<\/li>\n<li><strong>Couleur<\/strong>: Blanc+Transparent<\/li>\n<li><strong>Poids brut<\/strong>: 14,7 kg<\/li>\n<li><strong>Taille de la bo\u00eete<\/strong>: 59*56*65<\/li>\n<li><strong>Emballage<\/strong>80pcs<\/li>\n<li><strong>Emballage : <\/strong>Appel d'offres sur papier<\/li>\n<li><strong>OEM\/ODM<\/strong>: Disponible<\/li>\n<li><strong>Option personnalis\u00e9e<\/strong>: Couleur\/Taille\/Logo\/Emballage<\/li>\n<\/ul>\n<h2>De la part du fabricant de r\u00e9cipients de stockage d'aliments :<\/h2>\n<p>Fond\u00e9e en 2000,<a href=\"https:\/\/www.xhplasticlife.com\/fr\/\">\u00a0<strong>Xinghui<\/strong><\/a>\u00a0est sp\u00e9cialis\u00e9e dans la production et la vente en gros de bo\u00eetes \u00e0 lunch, de r\u00e9cipients pour la conservation des aliments, de r\u00e9cipients pour les boissons, de r\u00e9cipients pour la conservation des produits m\u00e9nagers et d'autres produits quotidiens en plastique. Elle propose \u00e0 ses clients des services OEM et ODM ainsi que des services d'approvisionnement en ligne.<\/p>","protected":false},"featured_media":2054,"comment_status":"closed","ping_status":"closed","template":"","meta":{"_acf_changed":false},"product_brand":[],"product_cat":[18],"product_tag":[],"class_list":{"0":"post-2048","1":"product","2":"type-product","3":"status-publish","4":"has-post-thumbnail","6":"product_cat-bulk-food-storage-container","8":"first","9":"instock","10":"shipping-taxable","11":"product-type-simple"},"acf":[],"_links":{"self":[{"href":"https:\/\/www.xhplasticlife.com\/fr\/wp-json\/wp\/v2\/product\/2048","targetHints":{"allow":["GET"]}}],"collection":[{"href":"https:\/\/www.xhplasticlife.com\/fr\/wp-json\/wp\/v2\/product"}],"about":[{"href":"https:\/\/www.xhplasticlife.com\/fr\/wp-json\/wp\/v2\/types\/product"}],"replies":[{"embeddable":true,"href":"https:\/\/www.xhplasticlife.com\/fr\/wp-json\/wp\/v2\/comments?post=2048"}],"wp:featuredmedia":[{"embeddable":true,"href":"https:\/\/www.xhplasticlife.com\/fr\/wp-json\/wp\/v2\/media\/2054"}],"wp:attachment":[{"href":"https:\/\/www.xhplasticlife.com\/fr\/wp-json\/wp\/v2\/media?parent=2048"}],"wp:term":[{"taxonomy":"product_brand","embeddable":true,"href":"https:\/\/www.xhplasticlife.com\/fr\/wp-json\/wp\/v2\/product_brand?post=2048"},{"taxonomy":"product_cat","embeddable":true,"href":"https:\/\/www.xhplasticlife.com\/fr\/wp-json\/wp\/v2\/product_cat?post=2048"},{"taxonomy":"product_tag","embeddable":true,"href":"https:\/\/www.xhplasticlife.com\/fr\/wp-json\/wp\/v2\/product_tag?post=2048"}],"curies":[{"name":"wp","href":"https:\/\/api.w.org\/{rel}","templated":true}]}}