{"id":2042,"date":"2026-01-20T09:03:18","date_gmt":"2026-01-20T09:03:18","guid":{"rendered":"https:\/\/www.xhplasticlife.com\/?post_type=product&#038;p=2042"},"modified":"2026-01-20T09:42:59","modified_gmt":"2026-01-20T09:42:59","slug":"plastic-kitchen-food-container-bulk","status":"publish","type":"product","link":"https:\/\/www.xhplasticlife.com\/fr\/produit\/plastic-kitchen-food-container-bulk\/","title":{"rendered":"R\u00e9cipients alimentaires en plastique pour la cuisine, Set de r\u00e9cipients alimentaires herm\u00e9tiques transparents en vrac"},"content":{"rendered":"<div class=\"wp-block-columns is-layout-flex wp-container-core-columns-is-layout-9d6595d7 wp-block-columns-is-layout-flex\">\n<div class=\"wp-block-column is-layout-flow wp-block-column-is-layout-flow\">\n<h2 class=\"wp-block-heading\">R\u00e9cipients alimentaires en plastique pour la cuisine Caract\u00e9ristiques en vrac :<\/h2>\n\n\n\n<ul class=\"wp-block-list\">\n<li><strong>Couvercle herm\u00e9tique pour une protection fiable contre l'humidit\u00e9 et la pr\u00e9servation de la fra\u00eecheur :<\/strong> La structure herm\u00e9tique isole efficacement l'air et l'humidit\u00e9. Id\u00e9ale pour le stockage du riz, de la farine, des c\u00e9r\u00e9ales, des noix et des snacks, elle aide les utilisateurs finaux \u00e0 maintenir la fra\u00eecheur des aliments et \u00e0 am\u00e9liorer la valeur pratique du produit.<\/li>\n\n\n\n<li><strong>Corps transparent pour une meilleure visibilit\u00e9 du contenu :<\/strong> Le mat\u00e9riau hautement transparent permet d'identifier rapidement le contenu et les quantit\u00e9s restantes, ce qui am\u00e9liore l'efficacit\u00e9 de la cuisine et facilite la pr\u00e9sentation au d\u00e9tail, augmentant ainsi l'attrait de l'achat.<\/li>\n\n\n\n<li><strong>Mati\u00e8re plastique de qualit\u00e9 alimentaire, s\u00fbre pour une utilisation quotidienne dans la cuisine :<\/strong> Fabriqu\u00e9s \u00e0 partir de mat\u00e9riaux plastiques sans danger pour le contact alimentaire, inodores et durables, ils conviennent pour une utilisation r\u00e9p\u00e9t\u00e9e et \u00e0 long terme dans les cuisines domestiques et commerciales.<\/li>\n\n\n\n<li><strong>Plusieurs tailles et combinaisons pour r\u00e9pondre \u00e0 divers besoins de stockage<\/strong>: Disponibles en diff\u00e9rentes capacit\u00e9s et ensembles combin\u00e9s, pratiques pour classer et stocker diff\u00e9rents ingr\u00e9dients, particuli\u00e8rement adapt\u00e9s \u00e0 l'achat en vrac et \u00e0 la vente d'ensembles de r\u00e9cipients alimentaires en plastique pour la cuisine.<\/li>\n\n\n\n<li><strong>La conception empilable permet d'\u00e9conomiser de l'espace de stockage et de transport : <\/strong>La structure stable permet un empilage soign\u00e9, r\u00e9duisant efficacement les co\u00fbts de stockage et de logistique, ce qui est id\u00e9al pour l'approvisionnement \u00e0 long terme des grossistes et des clients de la cha\u00eene de distribution.<\/li>\n\n\n\n<li><strong>Prise en charge des services de personnalisation OEM\/ODM<\/strong>: Des couleurs, logos, ratios de capacit\u00e9 et solutions d'emballage personnalisables sont disponibles, aidant les marques \u00e0 cr\u00e9er des gammes de produits de stockage de cuisine diff\u00e9renci\u00e9es.<\/li>\n\n\n\n<li><strong>Fourniture directe par l'usine, prix avantageux : <\/strong>Gr\u00e2ce \u00e0 notre propre syst\u00e8me de production et \u00e0 notre capacit\u00e9 stable, nous proposons des prix de gros d'usine, ce qui permet aux acheteurs de b\u00e9n\u00e9ficier d'un meilleur rapport co\u00fbt-efficacit\u00e9 dans le cadre de commandes group\u00e9es.<\/li>\n<\/ul>\n<\/div>\n\n\n\n<div class=\"wp-block-column is-layout-flow wp-block-column-is-layout-flow\">\n<figure class=\"wp-block-image size-full\"><img decoding=\"async\" width=\"634\" height=\"588\" src=\"https:\/\/www.xhplasticlife.com\/wp-content\/uploads\/2026\/01\/Plastic-Kitchen-Food-Container-Bulk-Factory-5.webp\" alt=\"R\u00e9cipients alimentaires en plastique pour la cuisine (5)\" class=\"wp-image-2047\" srcset=\"https:\/\/www.xhplasticlife.com\/wp-content\/uploads\/2026\/01\/Plastic-Kitchen-Food-Container-Bulk-Factory-5.webp 634w, https:\/\/www.xhplasticlife.com\/wp-content\/uploads\/2026\/01\/Plastic-Kitchen-Food-Container-Bulk-Factory-5-300x278.webp 300w, https:\/\/www.xhplasticlife.com\/wp-content\/uploads\/2026\/01\/Plastic-Kitchen-Food-Container-Bulk-Factory-5-13x12.webp 13w, https:\/\/www.xhplasticlife.com\/wp-content\/uploads\/2026\/01\/Plastic-Kitchen-Food-Container-Bulk-Factory-5-600x556.webp 600w\" sizes=\"(max-width: 634px) 100vw, 634px\" \/><\/figure>\n<\/div>\n<\/div>\n\n\n\n<h2 class=\"wp-block-heading\">R\u00e9cipient de cuisine en plastique Taille :<\/h2>\n\n\n\n<figure class=\"wp-block-table is-style-stripes\"><table class=\"has-fixed-layout\"><tbody><tr><td>Mod\u00e8le<\/td><td>Tailles<\/td><td>Capacit\u00e9<\/td><td>Sp\u00e9cifications<\/td><\/tr><tr><td rowspan=\"3\">3332<\/td><td>Grandes dimensions<\/td><td>2060ML<\/td><td>22.3*14.8*7.5<\/td><\/tr><tr><td>Moyen<\/td><td>1200ML<\/td><td>21.5*13.5*6.7<\/td><\/tr><tr><td>Petit<\/td><td>800ML<\/td><td>20*12*5.3<\/td><\/tr><\/tbody><\/table><\/figure>","protected":false},"excerpt":{"rendered":"<p>Nous vous invitons \u00e0 acheter des r\u00e9cipients alimentaires en plastique pour la cuisine en vrac. Nous fournissons des ensembles de r\u00e9cipients de cuisine transparents et herm\u00e9tiques pour le stockage d'aliments secs. Les prix de gros directs de l'usine, l'approvisionnement stable et les \u00e9chantillons gratuits aident les acheteurs \u00e0 s'approvisionner efficacement.<\/p>\n<h2>Param\u00e8tres des r\u00e9cipients alimentaires en plastique pour la cuisine<\/h2>\n<ul>\n<li><strong>Mod\u00e8le<\/strong>: 3332<\/li>\n<li><strong>Nom de la marque<\/strong>: <a href=\"https:\/\/www.xhplasticlife.com\/fr\/\"><strong>Xinghui<\/strong><\/a><\/li>\n<li><strong>Mat\u00e9riau<\/strong>: PP\u00a0<\/li>\n<li><strong>Couleur<\/strong>: Blanc+Transparent<\/li>\n<li><strong>Poids brut<\/strong>: 16,1 kg<\/li>\n<li><strong>Taille de la bo\u00eete<\/strong>: 64*49*56<\/li>\n<li><strong>Emballage<\/strong>: 56pcs<\/li>\n<li><strong>Emballage : <\/strong>Appel d'offres sur papier<\/li>\n<li><strong>OEM\/ODM<\/strong>: Disponible<\/li>\n<li><strong>Option personnalis\u00e9e<\/strong>: Couleur\/Taille\/Logo\/Emballage<\/li>\n<\/ul>\n<h2>De la part du fabricant de r\u00e9cipients de stockage d'aliments :<\/h2>\n<p>Fond\u00e9e en 2000,<a href=\"https:\/\/www.xhplasticlife.com\/fr\/\">\u00a0<strong>Xinghui<\/strong><\/a>\u00a0est sp\u00e9cialis\u00e9e dans la production et la vente en gros de bo\u00eetes \u00e0 lunch, de r\u00e9cipients pour la conservation des aliments, de r\u00e9cipients pour les boissons, de r\u00e9cipients pour la conservation des produits m\u00e9nagers et d'autres produits quotidiens en plastique. Elle propose \u00e0 ses clients des services OEM et ODM ainsi que des services d'approvisionnement en ligne.<\/p>","protected":false},"featured_media":2043,"comment_status":"closed","ping_status":"closed","template":"","meta":{"_acf_changed":false},"product_brand":[],"product_cat":[18],"product_tag":[],"class_list":{"0":"post-2042","1":"product","2":"type-product","3":"status-publish","4":"has-post-thumbnail","6":"product_cat-bulk-food-storage-container","8":"first","9":"instock","10":"shipping-taxable","11":"product-type-simple"},"acf":[],"_links":{"self":[{"href":"https:\/\/www.xhplasticlife.com\/fr\/wp-json\/wp\/v2\/product\/2042","targetHints":{"allow":["GET"]}}],"collection":[{"href":"https:\/\/www.xhplasticlife.com\/fr\/wp-json\/wp\/v2\/product"}],"about":[{"href":"https:\/\/www.xhplasticlife.com\/fr\/wp-json\/wp\/v2\/types\/product"}],"replies":[{"embeddable":true,"href":"https:\/\/www.xhplasticlife.com\/fr\/wp-json\/wp\/v2\/comments?post=2042"}],"wp:featuredmedia":[{"embeddable":true,"href":"https:\/\/www.xhplasticlife.com\/fr\/wp-json\/wp\/v2\/media\/2043"}],"wp:attachment":[{"href":"https:\/\/www.xhplasticlife.com\/fr\/wp-json\/wp\/v2\/media?parent=2042"}],"wp:term":[{"taxonomy":"product_brand","embeddable":true,"href":"https:\/\/www.xhplasticlife.com\/fr\/wp-json\/wp\/v2\/product_brand?post=2042"},{"taxonomy":"product_cat","embeddable":true,"href":"https:\/\/www.xhplasticlife.com\/fr\/wp-json\/wp\/v2\/product_cat?post=2042"},{"taxonomy":"product_tag","embeddable":true,"href":"https:\/\/www.xhplasticlife.com\/fr\/wp-json\/wp\/v2\/product_tag?post=2042"}],"curies":[{"name":"wp","href":"https:\/\/api.w.org\/{rel}","templated":true}]}}