{"id":2035,"date":"2026-01-20T08:56:34","date_gmt":"2026-01-20T08:28:17","guid":{"rendered":"https:\/\/www.xhplasticlife.com\/?post_type=product&#038;p=2035"},"modified":"2026-01-20T09:00:09","modified_gmt":"2026-01-20T09:00:09","slug":"oem-frozen-food-containers-wholesale","status":"publish","type":"product","link":"https:\/\/www.xhplasticlife.com\/fr\/produit\/oem-frozen-food-containers-wholesale\/","title":{"rendered":"OEM Conteneurs pour aliments surgel\u00e9s Wholesale, Rectangular Storage Box Set Supplier"},"content":{"rendered":"<div class=\"wp-block-columns is-layout-flex wp-container-core-columns-is-layout-9d6595d7 wp-block-columns-is-layout-flex\">\n<div class=\"wp-block-column is-layout-flow wp-block-column-is-layout-flow\">\n<h2 class=\"wp-block-heading\">R\u00e9cipients pour aliments surgel\u00e9s en gros Caract\u00e9ristiques :<\/h2>\n\n\n\n<ul class=\"wp-block-list\">\n<li><strong>Sp\u00e9cialement con\u00e7u pour le stockage de produits congel\u00e9s, il convient \u00e0 diverses applications alimentaires.<\/strong>: Ce produit est id\u00e9al pour la cong\u00e9lation de la viande, des fruits de mer, des plats pr\u00e9par\u00e9s et des repas pr\u00e9par\u00e9s \u00e0 la maison. Sa structure stable r\u00e9siste \u00e0 la d\u00e9formation \u00e0 basse temp\u00e9rature, ce qui le rend adapt\u00e9 \u00e0 une utilisation \u00e0 long terme et id\u00e9al pour la fourniture en gros de r\u00e9cipients pour aliments surgel\u00e9s.<\/li>\n\n\n\n<li><strong>Ensemble rectangulaire de trois pi\u00e8ces pour un rangement efficace :<\/strong> La structure rectangulaire maximise l'espace du r\u00e9frig\u00e9rateur et l'ensemble de trois pi\u00e8ces facilite le classement et le stockage, r\u00e9duisant ainsi l'encombrement dans le cong\u00e9lateur et am\u00e9liorant l'exp\u00e9rience de l'utilisateur final. En tant que fournisseur professionnel de bo\u00eetes de rangement rectangulaires, nous donnons la priorit\u00e9 \u00e0 la conception pratique.<\/li>\n\n\n\n<li><strong>Mat\u00e9riaux de qualit\u00e9 alimentaire, s\u00fbrs et durables :<\/strong> Fabriqu\u00e9s \u00e0 partir de mat\u00e9riaux plastiques conformes au contact alimentaire, inodores et r\u00e9sistants aux basses temp\u00e9ratures, ils conviennent \u00e0 un usage r\u00e9p\u00e9t\u00e9 et r\u00e9pondent aux exigences de s\u00e9curit\u00e9 alimentaire dans diff\u00e9rents pays.<\/li>\n\n\n\n<li><strong>Excellente \u00e9tanch\u00e9it\u00e9, r\u00e9duisant le transfert d'ar\u00f4mes et la perte d'humidit\u00e9 :<\/strong> Le couvercle \u00e9tanche isole efficacement l'air, ce qui permet aux aliments congel\u00e9s de conserver leur go\u00fbt et leur qualit\u00e9 et de r\u00e9duire les pertes dues \u00e0 la cong\u00e9lation.<\/li>\n\n\n\n<li><strong>Prise en charge des services de personnalisation OEM\/ODM<\/strong>: Nous pouvons personnaliser les dimensions, les couleurs, les logos et les solutions d'emballage en fonction des besoins des clients, ce qui permet aux marques de cr\u00e9er des gammes de produits de conservation des aliments surgel\u00e9s diff\u00e9renci\u00e9es.<\/li>\n\n\n\n<li><strong>Fourniture directe par l'usine, avantages consid\u00e9rables en termes de prix de gros : <\/strong>Avec notre propre syst\u00e8me de production et notre capacit\u00e9 stable, nous sommes un fournisseur exp\u00e9riment\u00e9 de bo\u00eetes de rangement rectangulaires et nous offrons des prix de gros comp\u00e9titifs.<\/li>\n\n\n\n<li><strong>Aide \u00e0 l'\u00e9chantillonnage gratuite pour r\u00e9duire les risques li\u00e9s aux d\u00e9cisions d'achat :<\/strong> Nous fournissons des \u00e9chantillons gratuits pour permettre aux acheteurs d'effectuer des tests de qualit\u00e9 et de v\u00e9rifier le march\u00e9 avant de passer une commande formelle, ce qui acc\u00e9l\u00e8re le processus de coop\u00e9ration.<\/li>\n<\/ul>\n<\/div>\n\n\n\n<div class=\"wp-block-column is-layout-flow wp-block-column-is-layout-flow\">\n<figure class=\"wp-block-image size-full\"><img decoding=\"async\" width=\"750\" height=\"750\" src=\"https:\/\/www.xhplasticlife.com\/wp-content\/uploads\/2026\/01\/OEM-Frozen-Food-Containers-Wholesale.webp\" alt=\"Conteneurs OEM pour aliments surgel\u00e9s Wholesale\" class=\"wp-image-2041\" srcset=\"https:\/\/www.xhplasticlife.com\/wp-content\/uploads\/2026\/01\/OEM-Frozen-Food-Containers-Wholesale.webp 750w, https:\/\/www.xhplasticlife.com\/wp-content\/uploads\/2026\/01\/OEM-Frozen-Food-Containers-Wholesale-300x300.webp 300w, https:\/\/www.xhplasticlife.com\/wp-content\/uploads\/2026\/01\/OEM-Frozen-Food-Containers-Wholesale-150x150.webp 150w, https:\/\/www.xhplasticlife.com\/wp-content\/uploads\/2026\/01\/OEM-Frozen-Food-Containers-Wholesale-12x12.webp 12w, https:\/\/www.xhplasticlife.com\/wp-content\/uploads\/2026\/01\/OEM-Frozen-Food-Containers-Wholesale-600x600.webp 600w, https:\/\/www.xhplasticlife.com\/wp-content\/uploads\/2026\/01\/OEM-Frozen-Food-Containers-Wholesale-100x100.webp 100w\" sizes=\"(max-width: 750px) 100vw, 750px\" \/><\/figure>\n<\/div>\n<\/div>\n\n\n\n<h2 class=\"wp-block-heading\">R\u00e9cipients pour aliments surgel\u00e9s Taille :<\/h2>\n\n\n\n<figure class=\"wp-block-table is-style-stripes\"><table class=\"has-fixed-layout\"><tbody><tr><td>Mod\u00e8le<\/td><td>Tailles<\/td><td>Capacit\u00e9<\/td><td>Sp\u00e9cifications<\/td><\/tr><tr><td rowspan=\"3\">3332<\/td><td>Grandes dimensions<\/td><td>2060ML<\/td><td>22.3*14.8*7.5<\/td><\/tr><tr><td>Moyen<\/td><td>1200ML<\/td><td>21.5*13.5*6.7<\/td><\/tr><tr><td>Petit<\/td><td>800ML<\/td><td>20*12*5.3<\/td><\/tr><\/tbody><\/table><\/figure>\n\n\n\n<div class=\"wp-block-columns is-layout-flex wp-container-core-columns-is-layout-9d6595d7 wp-block-columns-is-layout-flex\">\n<div class=\"wp-block-column is-layout-flow wp-block-column-is-layout-flow\">\n<figure class=\"wp-block-image size-full\"><img decoding=\"async\" width=\"608\" height=\"405\" src=\"https:\/\/www.xhplasticlife.com\/wp-content\/uploads\/2026\/01\/OEM-Frozen-Food-Containers-Wholesale-Supplier-2.webp\" alt=\"OEM R\u00e9cipients pour aliments surgel\u00e9s Fournisseur en gros (2)\" class=\"wp-image-2040\" srcset=\"https:\/\/www.xhplasticlife.com\/wp-content\/uploads\/2026\/01\/OEM-Frozen-Food-Containers-Wholesale-Supplier-2.webp 608w, https:\/\/www.xhplasticlife.com\/wp-content\/uploads\/2026\/01\/OEM-Frozen-Food-Containers-Wholesale-Supplier-2-300x200.webp 300w, https:\/\/www.xhplasticlife.com\/wp-content\/uploads\/2026\/01\/OEM-Frozen-Food-Containers-Wholesale-Supplier-2-18x12.webp 18w, https:\/\/www.xhplasticlife.com\/wp-content\/uploads\/2026\/01\/OEM-Frozen-Food-Containers-Wholesale-Supplier-2-600x400.webp 600w\" sizes=\"(max-width: 608px) 100vw, 608px\" \/><\/figure>\n<\/div>\n\n\n\n<div class=\"wp-block-column is-layout-flow wp-block-column-is-layout-flow\">\n<figure class=\"wp-block-image size-full\"><img decoding=\"async\" width=\"928\" height=\"619\" src=\"https:\/\/www.xhplasticlife.com\/wp-content\/uploads\/2026\/01\/OEM-Frozen-Food-Containers-Wholesale-Supplier-1.webp\" alt=\"OEM R\u00e9cipients pour aliments surgel\u00e9s Fournisseur en gros (1)\" class=\"wp-image-2039\" srcset=\"https:\/\/www.xhplasticlife.com\/wp-content\/uploads\/2026\/01\/OEM-Frozen-Food-Containers-Wholesale-Supplier-1.webp 928w, https:\/\/www.xhplasticlife.com\/wp-content\/uploads\/2026\/01\/OEM-Frozen-Food-Containers-Wholesale-Supplier-1-300x200.webp 300w, https:\/\/www.xhplasticlife.com\/wp-content\/uploads\/2026\/01\/OEM-Frozen-Food-Containers-Wholesale-Supplier-1-768x512.webp 768w, https:\/\/www.xhplasticlife.com\/wp-content\/uploads\/2026\/01\/OEM-Frozen-Food-Containers-Wholesale-Supplier-1-18x12.webp 18w, https:\/\/www.xhplasticlife.com\/wp-content\/uploads\/2026\/01\/OEM-Frozen-Food-Containers-Wholesale-Supplier-1-600x400.webp 600w\" sizes=\"(max-width: 928px) 100vw, 928px\" \/><\/figure>\n<\/div>\n<\/div>","protected":false},"excerpt":{"rendered":"<p>Bienvenue pour acheter en gros des r\u00e9cipients pour aliments surgel\u00e9s. En tant que fournisseur professionnel de bo\u00eetes de conservation rectangulaires, nous proposons des r\u00e9cipients alimentaires en plastique OEM r\u00e9sistants \u00e0 la cong\u00e9lation pour la conservation des aliments congel\u00e9s. Les prix de gros directs, le support OEM\/ODM et les \u00e9chantillons gratuits aident les acheteurs \u00e0 s'approvisionner efficacement.<\/p>\n<h2>Conteneurs pour aliments surgel\u00e9s Param\u00e8tre de gros<\/h2>\n<ul>\n<li><strong>Mod\u00e8le<\/strong>: 3332<\/li>\n<li><strong>Nom de la marque<\/strong>: <a href=\"https:\/\/www.xhplasticlife.com\/fr\/\"><strong>Xinghui<\/strong><\/a><\/li>\n<li><strong>Mat\u00e9riau<\/strong>: PP\u00a0<\/li>\n<li><strong>Couleur<\/strong>: Blanc+Transparent<\/li>\n<li><strong>Poids brut<\/strong>: 16,1 kg<\/li>\n<li><strong>Taille de la bo\u00eete<\/strong>: 64*49*56<\/li>\n<li><strong>Emballage<\/strong>: 56pcs<\/li>\n<li><strong>Emballage :<\/strong>Appel d'offres sur papier<\/li>\n<li><strong>OEM\/ODM<\/strong>: Disponible<\/li>\n<li><strong>Option personnalis\u00e9e<\/strong>: Couleur\/Taille\/Logo\/Emballage<\/li>\n<\/ul>\n<h2>De la part du fabricant de r\u00e9cipients de stockage d'aliments :<\/h2>\n<p>Fond\u00e9e en 2000,<a href=\"https:\/\/www.xhplasticlife.com\/fr\/\">\u00a0<strong>Xinghui<\/strong><\/a>\u00a0est sp\u00e9cialis\u00e9e dans la production et la vente en gros de bo\u00eetes \u00e0 lunch, de r\u00e9cipients pour la conservation des aliments, de r\u00e9cipients pour les boissons, de r\u00e9cipients pour la conservation des produits m\u00e9nagers et d'autres produits quotidiens en plastique. Elle propose \u00e0 ses clients des services OEM et ODM ainsi que des services d'approvisionnement en ligne.<\/p>","protected":false},"featured_media":2036,"comment_status":"closed","ping_status":"closed","template":"","meta":{"_acf_changed":false},"product_brand":[],"product_cat":[18],"product_tag":[],"class_list":{"0":"post-2035","1":"product","2":"type-product","3":"status-publish","4":"has-post-thumbnail","6":"product_cat-bulk-food-storage-container","8":"first","9":"instock","10":"shipping-taxable","11":"product-type-simple"},"acf":[],"_links":{"self":[{"href":"https:\/\/www.xhplasticlife.com\/fr\/wp-json\/wp\/v2\/product\/2035","targetHints":{"allow":["GET"]}}],"collection":[{"href":"https:\/\/www.xhplasticlife.com\/fr\/wp-json\/wp\/v2\/product"}],"about":[{"href":"https:\/\/www.xhplasticlife.com\/fr\/wp-json\/wp\/v2\/types\/product"}],"replies":[{"embeddable":true,"href":"https:\/\/www.xhplasticlife.com\/fr\/wp-json\/wp\/v2\/comments?post=2035"}],"wp:featuredmedia":[{"embeddable":true,"href":"https:\/\/www.xhplasticlife.com\/fr\/wp-json\/wp\/v2\/media\/2036"}],"wp:attachment":[{"href":"https:\/\/www.xhplasticlife.com\/fr\/wp-json\/wp\/v2\/media?parent=2035"}],"wp:term":[{"taxonomy":"product_brand","embeddable":true,"href":"https:\/\/www.xhplasticlife.com\/fr\/wp-json\/wp\/v2\/product_brand?post=2035"},{"taxonomy":"product_cat","embeddable":true,"href":"https:\/\/www.xhplasticlife.com\/fr\/wp-json\/wp\/v2\/product_cat?post=2035"},{"taxonomy":"product_tag","embeddable":true,"href":"https:\/\/www.xhplasticlife.com\/fr\/wp-json\/wp\/v2\/product_tag?post=2035"}],"curies":[{"name":"wp","href":"https:\/\/api.w.org\/{rel}","templated":true}]}}