{"id":2004,"date":"2026-01-07T03:12:11","date_gmt":"2026-01-07T03:12:11","guid":{"rendered":"https:\/\/www.xhplasticlife.com\/?post_type=product&#038;p=2004"},"modified":"2026-01-07T03:35:13","modified_gmt":"2026-01-07T03:35:13","slug":"large-rectangular-food-storage-containers","status":"publish","type":"product","link":"https:\/\/www.xhplasticlife.com\/fr\/produit\/large-rectangular-food-storage-containers\/","title":{"rendered":"Grands r\u00e9cipients rectangulaires pour le stockage des aliments Fabricant en gros"},"content":{"rendered":"<div class=\"wp-block-columns is-layout-flex wp-container-core-columns-is-layout-9d6595d7 wp-block-columns-is-layout-flex\">\n<div class=\"wp-block-column is-layout-flow wp-block-column-is-layout-flow\">\n<h2 class=\"wp-block-heading\">Ensemble de grands contenants rectangulaires pour la conservation des aliments :<\/h2>\n\n\n\n<ul class=\"wp-block-list\">\n<li><strong>Grande capacit\u00e9 de 2,06 litres pour r\u00e9pondre aux besoins de pr\u00e9paration de repas fr\u00e9quents<\/strong>. Convient \u00e0 la pr\u00e9paration de repas \u00e0 domicile, \u00e0 la pr\u00e9paration de repas de fitness, \u00e0 l'emballage de plats \u00e0 emporter et \u00e0 l'utilisation dans les cuisines commerciales. La grande capacit\u00e9 r\u00e9duit le nombre d'op\u00e9rations de reconditionnement, am\u00e9liorant ainsi l'exp\u00e9rience de l'utilisateur final. Id\u00e9al pour les projets \u00e0 long terme de vente en gros de grands r\u00e9cipients rectangulaires pour le stockage des aliments.<\/li>\n\n\n\n<li><strong>Mat\u00e9riau PP de qualit\u00e9 alimentaire sans BPA, s\u00fbr et durable. <\/strong>Fabriqu\u00e9s en PP transparent de haute qualit\u00e9, sans BPA, inodores et r\u00e9sistants aux chocs thermiques, ils conviennent \u00e0 un usage r\u00e9p\u00e9t\u00e9. En tant que fabricant professionnel de r\u00e9cipients en PP personnalis\u00e9s pour la pr\u00e9paration de repas, nous respectons strictement les normes de s\u00e9curit\u00e9 en mati\u00e8re de contact alimentaire.<\/li>\n\n\n\n<li><strong>Passe au micro-ondes et au cong\u00e9lateur pour une plus grande flexibilit\u00e9.<\/strong> Il peut \u00eatre utilis\u00e9 aussi bien au micro-ondes qu'au cong\u00e9lateur, ce qui facilite la pr\u00e9paration des repas \u00e0 l'avance, la r\u00e9frig\u00e9ration, la cong\u00e9lation et le r\u00e9chauffage rapide, couvrant ainsi divers sc\u00e9narios de conservation et de chauffage des aliments.<\/li>\n\n\n\n<li><strong>La structure empilable r\u00e9duit les co\u00fbts de stockage et de transport.<\/strong> La conception empilable facilite un empilage soign\u00e9, ce qui permet d'\u00e9conomiser de l'espace dans les entrep\u00f4ts et la logistique, et aide les acheteurs \u00e0 contr\u00f4ler efficacement les co\u00fbts dans le cadre d'achats en vrac et d'approvisionnements \u00e0 long terme.<\/li>\n\n\n\n<li><strong>Bo\u00eete transparente pour une bonne visibilit\u00e9 du contenu.<\/strong> La conception claire du PP facilite l'identification rapide des types d'aliments et des quantit\u00e9s restantes, tout en am\u00e9liorant la pr\u00e9sentation au d\u00e9tail et l'exp\u00e9rience de l'utilisateur final.<\/li>\n\n\n\n<li><strong>Sets flexibles de 2\/3\/4 pi\u00e8ces adapt\u00e9s \u00e0 la vente multicanal. <\/strong>Plusieurs tailles d'ensembles r\u00e9pondent aux besoins des diff\u00e9rents march\u00e9s et canaux de vente, ce qui permet aux marques de cr\u00e9er des structures de produits multi-SKU.<\/li>\n\n\n\n<li><strong>Services de personnalisation OEM\/ODM disponibles<\/strong>. Les combinaisons de capacit\u00e9s, les couleurs, les logos et les solutions d'emballage personnalisables aident les clients \u00e0 cr\u00e9er des gammes de produits diff\u00e9renci\u00e9s en PP pour la pr\u00e9paration des repas.<\/li>\n<\/ul>\n<\/div>\n\n\n\n<div class=\"wp-block-column is-layout-flow wp-block-column-is-layout-flow\">\n<figure class=\"wp-block-image size-full\"><img decoding=\"async\" width=\"750\" height=\"750\" src=\"https:\/\/www.xhplasticlife.com\/wp-content\/uploads\/2026\/01\/Large-Rectangular-Food-Storage-Containers-Wholesale-4.webp\" alt=\"Grandes bo\u00eetes rectangulaires de conservation des aliments Wholesale (4)\" class=\"wp-image-2011\" srcset=\"https:\/\/www.xhplasticlife.com\/wp-content\/uploads\/2026\/01\/Large-Rectangular-Food-Storage-Containers-Wholesale-4.webp 750w, https:\/\/www.xhplasticlife.com\/wp-content\/uploads\/2026\/01\/Large-Rectangular-Food-Storage-Containers-Wholesale-4-300x300.webp 300w, https:\/\/www.xhplasticlife.com\/wp-content\/uploads\/2026\/01\/Large-Rectangular-Food-Storage-Containers-Wholesale-4-150x150.webp 150w, https:\/\/www.xhplasticlife.com\/wp-content\/uploads\/2026\/01\/Large-Rectangular-Food-Storage-Containers-Wholesale-4-12x12.webp 12w, https:\/\/www.xhplasticlife.com\/wp-content\/uploads\/2026\/01\/Large-Rectangular-Food-Storage-Containers-Wholesale-4-600x600.webp 600w, https:\/\/www.xhplasticlife.com\/wp-content\/uploads\/2026\/01\/Large-Rectangular-Food-Storage-Containers-Wholesale-4-100x100.webp 100w\" sizes=\"(max-width: 750px) 100vw, 750px\" \/><\/figure>\n<\/div>\n<\/div>\n\n\n\n<h2 class=\"wp-block-heading\">Conteneurs de cong\u00e9lation en vrac Taille :<\/h2>\n\n\n\n<figure class=\"wp-block-table is-style-stripes\"><table class=\"has-fixed-layout\"><tbody><tr><td>Mod\u00e8le<\/td><td>Capacit\u00e9<\/td><td>Dimensions du produit<\/td><td>G.W.\/Cas<\/td><td>Quantit\u00e9 par caisse<\/td><td>Taille de la bo\u00eete ext\u00e9rieure<\/td><\/tr><tr><td>3320<\/td><td>2060ML\/1PCS<\/td><td>23x15x10.5cm<\/td><td>17.2KG<\/td><td>54pcs<\/td><td>72x48x60cm<\/td><\/tr><tr><td>3321<\/td><td>2060ML\/1PCS<\/td><td>23x15x13cm<\/td><td>17.7KG<\/td><td>45pcs<\/td><td>72x48x60cm<\/td><\/tr><tr><td>3322<\/td><td>2060ML\/1PCS<\/td><td>23x15x15cm<\/td><td>14KG<\/td><td>36pcs<\/td><td>72x48x60cm<\/td><\/tr><\/tbody><\/table><\/figure>\n\n\n\n<div class=\"wp-block-columns is-layout-flex wp-container-core-columns-is-layout-9d6595d7 wp-block-columns-is-layout-flex\">\n<div class=\"wp-block-column is-layout-flow wp-block-column-is-layout-flow\"><div class=\"wp-block-image\">\n<figure class=\"aligncenter size-full\"><img decoding=\"async\" width=\"800\" height=\"800\" src=\"https:\/\/www.xhplasticlife.com\/wp-content\/uploads\/2026\/01\/Large-Rectangular-Food-Storage-Containers-2PCS-SKU-01.webp\" alt=\"Grands r\u00e9cipients rectangulaires pour la conservation des aliments 2PCS - SKU-01\" class=\"wp-image-2005\" srcset=\"https:\/\/www.xhplasticlife.com\/wp-content\/uploads\/2026\/01\/Large-Rectangular-Food-Storage-Containers-2PCS-SKU-01.webp 800w, https:\/\/www.xhplasticlife.com\/wp-content\/uploads\/2026\/01\/Large-Rectangular-Food-Storage-Containers-2PCS-SKU-01-300x300.webp 300w, https:\/\/www.xhplasticlife.com\/wp-content\/uploads\/2026\/01\/Large-Rectangular-Food-Storage-Containers-2PCS-SKU-01-150x150.webp 150w, https:\/\/www.xhplasticlife.com\/wp-content\/uploads\/2026\/01\/Large-Rectangular-Food-Storage-Containers-2PCS-SKU-01-768x768.webp 768w, https:\/\/www.xhplasticlife.com\/wp-content\/uploads\/2026\/01\/Large-Rectangular-Food-Storage-Containers-2PCS-SKU-01-12x12.webp 12w, https:\/\/www.xhplasticlife.com\/wp-content\/uploads\/2026\/01\/Large-Rectangular-Food-Storage-Containers-2PCS-SKU-01-600x600.webp 600w, https:\/\/www.xhplasticlife.com\/wp-content\/uploads\/2026\/01\/Large-Rectangular-Food-Storage-Containers-2PCS-SKU-01-100x100.webp 100w\" sizes=\"(max-width: 800px) 100vw, 800px\" \/><figcaption class=\"wp-element-caption\">3320<\/figcaption><\/figure>\n<\/div><\/div>\n\n\n\n<div class=\"wp-block-column is-layout-flow wp-block-column-is-layout-flow\"><div class=\"wp-block-image\">\n<figure class=\"aligncenter size-full\"><img decoding=\"async\" width=\"800\" height=\"800\" src=\"https:\/\/www.xhplasticlife.com\/wp-content\/uploads\/2026\/01\/Large-Rectangular-Food-Storage-Containers-3PCS-SKU-02.webp\" alt=\"Grands r\u00e9cipients rectangulaires pour la conservation des aliments 3PCS - SKU-02\" class=\"wp-image-2006\" srcset=\"https:\/\/www.xhplasticlife.com\/wp-content\/uploads\/2026\/01\/Large-Rectangular-Food-Storage-Containers-3PCS-SKU-02.webp 800w, https:\/\/www.xhplasticlife.com\/wp-content\/uploads\/2026\/01\/Large-Rectangular-Food-Storage-Containers-3PCS-SKU-02-300x300.webp 300w, https:\/\/www.xhplasticlife.com\/wp-content\/uploads\/2026\/01\/Large-Rectangular-Food-Storage-Containers-3PCS-SKU-02-150x150.webp 150w, https:\/\/www.xhplasticlife.com\/wp-content\/uploads\/2026\/01\/Large-Rectangular-Food-Storage-Containers-3PCS-SKU-02-768x768.webp 768w, https:\/\/www.xhplasticlife.com\/wp-content\/uploads\/2026\/01\/Large-Rectangular-Food-Storage-Containers-3PCS-SKU-02-12x12.webp 12w, https:\/\/www.xhplasticlife.com\/wp-content\/uploads\/2026\/01\/Large-Rectangular-Food-Storage-Containers-3PCS-SKU-02-600x600.webp 600w, https:\/\/www.xhplasticlife.com\/wp-content\/uploads\/2026\/01\/Large-Rectangular-Food-Storage-Containers-3PCS-SKU-02-100x100.webp 100w\" sizes=\"(max-width: 800px) 100vw, 800px\" \/><figcaption class=\"wp-element-caption\">3321<\/figcaption><\/figure>\n<\/div><\/div>\n\n\n\n<div class=\"wp-block-column is-layout-flow wp-block-column-is-layout-flow\"><div class=\"wp-block-image\">\n<figure class=\"aligncenter size-full\"><img decoding=\"async\" width=\"800\" height=\"800\" src=\"https:\/\/www.xhplasticlife.com\/wp-content\/uploads\/2026\/01\/Large-Rectangular-Food-Storage-Containers-3PCS-SKU-03.webp\" alt=\"Grands r\u00e9cipients rectangulaires pour la conservation des aliments 3PCS - SKU-03\" class=\"wp-image-2007\" srcset=\"https:\/\/www.xhplasticlife.com\/wp-content\/uploads\/2026\/01\/Large-Rectangular-Food-Storage-Containers-3PCS-SKU-03.webp 800w, https:\/\/www.xhplasticlife.com\/wp-content\/uploads\/2026\/01\/Large-Rectangular-Food-Storage-Containers-3PCS-SKU-03-300x300.webp 300w, https:\/\/www.xhplasticlife.com\/wp-content\/uploads\/2026\/01\/Large-Rectangular-Food-Storage-Containers-3PCS-SKU-03-150x150.webp 150w, https:\/\/www.xhplasticlife.com\/wp-content\/uploads\/2026\/01\/Large-Rectangular-Food-Storage-Containers-3PCS-SKU-03-768x768.webp 768w, https:\/\/www.xhplasticlife.com\/wp-content\/uploads\/2026\/01\/Large-Rectangular-Food-Storage-Containers-3PCS-SKU-03-12x12.webp 12w, https:\/\/www.xhplasticlife.com\/wp-content\/uploads\/2026\/01\/Large-Rectangular-Food-Storage-Containers-3PCS-SKU-03-600x600.webp 600w, https:\/\/www.xhplasticlife.com\/wp-content\/uploads\/2026\/01\/Large-Rectangular-Food-Storage-Containers-3PCS-SKU-03-100x100.webp 100w\" sizes=\"(max-width: 800px) 100vw, 800px\" \/><figcaption class=\"wp-element-caption\">3323<\/figcaption><\/figure>\n<\/div><\/div>\n<\/div>\n\n\n\n<p><\/p>","protected":false},"excerpt":{"rendered":"<p data-start=\"443\" data-end=\"722\">Bienvenue sur le site de vente en gros de grands r\u00e9cipients rectangulaires pour la conservation des aliments. Nous vous proposons des r\u00e9cipients en PP transparent sans BPA pour la pr\u00e9paration des repas, r\u00e9sistants aux micro-ondes, empilables et pouvant \u00eatre congel\u00e9s. En tant que fabricant de contenants alimentaires en PP, nous offrons des prix de gros et des \u00e9chantillons gratuits.<\/p>\n<h2>Grands r\u00e9cipients rectangulaires pour la conservation des aliments Param\u00e8tre<\/h2>\n<p><strong>Mod\u00e8le<\/strong>: 3320-3323<br \/><strong>Nom de la marque<\/strong>: Xinghui<br \/><strong>Mat\u00e9riau<\/strong>: PP + PET<br \/><strong>Couleur<\/strong>: Vert+Transparent<br \/><strong>Emballage : <\/strong>Appel d'offres papier<br \/><strong>OEM\/ODM<\/strong>: Disponible<br \/><strong>Option personnalis\u00e9e<\/strong>: Couleur\/Taille\/Logo\/Emballage<\/p>\n<h2>De la part du fabricant de r\u00e9cipients de stockage d'aliments :<\/h2>\n<p>Fond\u00e9e en 2000,<a href=\"https:\/\/www.xhplasticlife.com\/fr\/\">\u00a0<strong>Xinghui<\/strong><\/a>\u00a0est sp\u00e9cialis\u00e9e dans la production et la vente en gros de bo\u00eetes \u00e0 lunch, de r\u00e9cipients pour la conservation des aliments, de r\u00e9cipients pour les boissons, de r\u00e9cipients pour la conservation des produits m\u00e9nagers et d'autres produits quotidiens en plastique. Elle propose \u00e0 ses clients des services OEM et ODM ainsi que des services d'approvisionnement en ligne.<\/p>","protected":false},"featured_media":2013,"comment_status":"closed","ping_status":"closed","template":"","meta":{"_acf_changed":false},"product_brand":[],"product_cat":[18],"product_tag":[],"class_list":{"0":"post-2004","1":"product","2":"type-product","3":"status-publish","4":"has-post-thumbnail","6":"product_cat-bulk-food-storage-container","8":"first","9":"instock","10":"shipping-taxable","11":"product-type-simple"},"acf":[],"_links":{"self":[{"href":"https:\/\/www.xhplasticlife.com\/fr\/wp-json\/wp\/v2\/product\/2004","targetHints":{"allow":["GET"]}}],"collection":[{"href":"https:\/\/www.xhplasticlife.com\/fr\/wp-json\/wp\/v2\/product"}],"about":[{"href":"https:\/\/www.xhplasticlife.com\/fr\/wp-json\/wp\/v2\/types\/product"}],"replies":[{"embeddable":true,"href":"https:\/\/www.xhplasticlife.com\/fr\/wp-json\/wp\/v2\/comments?post=2004"}],"wp:featuredmedia":[{"embeddable":true,"href":"https:\/\/www.xhplasticlife.com\/fr\/wp-json\/wp\/v2\/media\/2013"}],"wp:attachment":[{"href":"https:\/\/www.xhplasticlife.com\/fr\/wp-json\/wp\/v2\/media?parent=2004"}],"wp:term":[{"taxonomy":"product_brand","embeddable":true,"href":"https:\/\/www.xhplasticlife.com\/fr\/wp-json\/wp\/v2\/product_brand?post=2004"},{"taxonomy":"product_cat","embeddable":true,"href":"https:\/\/www.xhplasticlife.com\/fr\/wp-json\/wp\/v2\/product_cat?post=2004"},{"taxonomy":"product_tag","embeddable":true,"href":"https:\/\/www.xhplasticlife.com\/fr\/wp-json\/wp\/v2\/product_tag?post=2004"}],"curies":[{"name":"wp","href":"https:\/\/api.w.org\/{rel}","templated":true}]}}