{"id":1996,"date":"2026-01-07T02:23:58","date_gmt":"2026-01-07T02:23:58","guid":{"rendered":"https:\/\/www.xhplasticlife.com\/?post_type=product&#038;p=1996"},"modified":"2026-01-07T03:04:20","modified_gmt":"2026-01-07T03:04:20","slug":"rectangular-food-storage-containers","status":"publish","type":"product","link":"https:\/\/www.xhplasticlife.com\/fr\/produit\/rectangular-food-storage-containers\/","title":{"rendered":"R\u00e9cipients rectangulaires de conservation des aliments en vrac, fournisseur de r\u00e9cipients en plastique sans BPA"},"content":{"rendered":"<div class=\"wp-block-columns is-layout-flex wp-container-core-columns-is-layout-9d6595d7 wp-block-columns-is-layout-flex\">\n<div class=\"wp-block-column is-layout-flow wp-block-column-is-layout-flow\">\n<h2 class=\"wp-block-heading\">R\u00e9cipients rectangulaires pour la conservation des aliments Caract\u00e9ristiques en vrac :<\/h2>\n\n\n\n<ul class=\"wp-block-list\">\n<li><strong>Mat\u00e9riau de qualit\u00e9 alimentaire sans BPA pour une meilleure s\u00e9curit\u00e9 : <\/strong>Fabriqu\u00e9 \u00e0 partir de plastique sans BPA de premi\u00e8re qualit\u00e9, conforme aux exigences de qualit\u00e9 alimentaire et sans odeur, ce qui le rend s\u00fbr. En tant que fournisseurs professionnels de conteneurs alimentaires personnalis\u00e9s en plastique sans BPA, nous exer\u00e7ons un contr\u00f4le strict sur nos mati\u00e8res premi\u00e8res et nos processus de fabrication.<\/li>\n\n\n\n<li><strong>Utilisation facile au micro-ondes et au lave-vaisselle : <\/strong>Conforme aux exigences du micro-ondes et du lave-vaisselle, il devient facile \u00e0 utiliser pour un grand nombre de personnes.<\/li>\n\n\n\n<li><strong>Forme rectangulaire pour une meilleure utilisation de l'espace :<\/strong> La pile de forme rectangulaire est la mieux adapt\u00e9e pour un empilage soign\u00e9 dans les r\u00e9frig\u00e9rateurs et les armoires de rangement, ce qui permet de r\u00e9duire le gaspillage. Elle convient \u00e0 l'achat en gros et n'est vendue qu'avec des conteneurs de stockage de forme rectangulaire.<\/li>\n\n\n\n<li><strong>La conception empilable r\u00e9duit les co\u00fbts d'entreposage et de transport :<\/strong> La conception empilable facilite un empilage stable. Cela se traduit directement par une r\u00e9duction des co\u00fbts d'entreposage et de transport, et les acheteurs seront en mesure de r\u00e9guler les co\u00fbts de mani\u00e8re efficace.<\/li>\n\n\n\n<li><strong>Ensembles d'une capacit\u00e9 pratique de 800 ml : <\/strong>Cette capacit\u00e9 permet de servir des repas complets, des bentos ou des portions individuelles. Cela conf\u00e8re aux produits un grand potentiel commercial.<\/li>\n\n\n\n<li><strong>Respectueux de l'environnement et r\u00e9utilisables, conform\u00e9ment aux tendances du march\u00e9 :<\/strong> Durable et r\u00e9sistant au vieillissement, r\u00e9utilisable, r\u00e9pondant \u00e0 la demande actuelle du march\u00e9 en mati\u00e8re de vaisselle \u00e9cologique et de produits durables.<\/li>\n\n\n\n<li><strong>Les services de personnalisation OEM\/ODM sont pris en charge : <\/strong>En offrant des options de personnalisation pour les combinaisons de capacit\u00e9s, les couleurs, les logos et l'emballage, nous aidons nos clients \u00e0 cr\u00e9er des gammes diff\u00e9renci\u00e9es de r\u00e9cipients alimentaires en plastique sans BPA.<\/li>\n<\/ul>\n<\/div>\n\n\n\n<div class=\"wp-block-column is-layout-flow wp-block-column-is-layout-flow\">\n<figure class=\"wp-block-image size-full\"><img decoding=\"async\" width=\"800\" height=\"800\" src=\"https:\/\/www.xhplasticlife.com\/wp-content\/uploads\/2026\/01\/Custom-Rectangular-Food-Storage-Containers-Bulk.webp\" alt=\"R\u00e9cipients rectangulaires personnalis\u00e9s pour la conservation des aliments en vrac\" class=\"wp-image-1997\" srcset=\"https:\/\/www.xhplasticlife.com\/wp-content\/uploads\/2026\/01\/Custom-Rectangular-Food-Storage-Containers-Bulk.webp 800w, https:\/\/www.xhplasticlife.com\/wp-content\/uploads\/2026\/01\/Custom-Rectangular-Food-Storage-Containers-Bulk-300x300.webp 300w, https:\/\/www.xhplasticlife.com\/wp-content\/uploads\/2026\/01\/Custom-Rectangular-Food-Storage-Containers-Bulk-150x150.webp 150w, https:\/\/www.xhplasticlife.com\/wp-content\/uploads\/2026\/01\/Custom-Rectangular-Food-Storage-Containers-Bulk-768x768.webp 768w, https:\/\/www.xhplasticlife.com\/wp-content\/uploads\/2026\/01\/Custom-Rectangular-Food-Storage-Containers-Bulk-12x12.webp 12w, https:\/\/www.xhplasticlife.com\/wp-content\/uploads\/2026\/01\/Custom-Rectangular-Food-Storage-Containers-Bulk-600x600.webp 600w, https:\/\/www.xhplasticlife.com\/wp-content\/uploads\/2026\/01\/Custom-Rectangular-Food-Storage-Containers-Bulk-100x100.webp 100w\" sizes=\"(max-width: 800px) 100vw, 800px\" \/><\/figure>\n<\/div>\n<\/div>\n\n\n\n<h2 class=\"wp-block-heading\">Conteneurs de cong\u00e9lation en vrac Taille :<\/h2>\n\n\n\n<figure class=\"wp-block-table is-style-stripes\"><table class=\"has-fixed-layout\"><tbody><tr><td>Mod\u00e8le<\/td><td>Capacit\u00e9<\/td><td>Dimensions du produit<\/td><td>G.W.\/Cas<\/td><td>Quantit\u00e9 par caisse<\/td><td>Taille de la bo\u00eete ext\u00e9rieure<\/td><\/tr><tr><td>3328<\/td><td>800ML\/1PCS<\/td><td>20x12x9.5cm<\/td><td>17KG<\/td><td>72pcs<\/td><td>63x52x60cm<\/td><\/tr><tr><td>3329<\/td><td>800ML\/1PCS<\/td><td>20x12x11.5cm<\/td><td>18KG<\/td><td>60pcs<\/td><td>63x52x60cm<\/td><\/tr><\/tbody><\/table><\/figure>\n\n\n\n<div class=\"wp-block-columns is-layout-flex wp-container-core-columns-is-layout-9d6595d7 wp-block-columns-is-layout-flex\">\n<div class=\"wp-block-column is-layout-flow wp-block-column-is-layout-flow\"><div class=\"wp-block-image\">\n<figure class=\"aligncenter size-full\"><img decoding=\"async\" width=\"800\" height=\"800\" src=\"https:\/\/www.xhplasticlife.com\/wp-content\/uploads\/2026\/01\/OEM-Rectangular-Food-Storage-Containers-3pcs-SKU-09.webp\" alt=\"OEM R\u00e9cipients rectangulaires pour la conservation des aliments - 3pcs -SKU-09\" class=\"wp-image-1998\" srcset=\"https:\/\/www.xhplasticlife.com\/wp-content\/uploads\/2026\/01\/OEM-Rectangular-Food-Storage-Containers-3pcs-SKU-09.webp 800w, https:\/\/www.xhplasticlife.com\/wp-content\/uploads\/2026\/01\/OEM-Rectangular-Food-Storage-Containers-3pcs-SKU-09-300x300.webp 300w, https:\/\/www.xhplasticlife.com\/wp-content\/uploads\/2026\/01\/OEM-Rectangular-Food-Storage-Containers-3pcs-SKU-09-150x150.webp 150w, https:\/\/www.xhplasticlife.com\/wp-content\/uploads\/2026\/01\/OEM-Rectangular-Food-Storage-Containers-3pcs-SKU-09-768x768.webp 768w, https:\/\/www.xhplasticlife.com\/wp-content\/uploads\/2026\/01\/OEM-Rectangular-Food-Storage-Containers-3pcs-SKU-09-12x12.webp 12w, https:\/\/www.xhplasticlife.com\/wp-content\/uploads\/2026\/01\/OEM-Rectangular-Food-Storage-Containers-3pcs-SKU-09-600x600.webp 600w, https:\/\/www.xhplasticlife.com\/wp-content\/uploads\/2026\/01\/OEM-Rectangular-Food-Storage-Containers-3pcs-SKU-09-100x100.webp 100w\" sizes=\"(max-width: 800px) 100vw, 800px\" \/><figcaption class=\"wp-element-caption\">3328<\/figcaption><\/figure>\n<\/div><\/div>\n\n\n\n<div class=\"wp-block-column is-layout-flow wp-block-column-is-layout-flow\"><div class=\"wp-block-image\">\n<figure class=\"aligncenter size-full\"><img decoding=\"async\" width=\"800\" height=\"800\" src=\"https:\/\/www.xhplasticlife.com\/wp-content\/uploads\/2026\/01\/OEM-Rectangular-Food-Storage-Containers-4pcs-SKU-10.webp\" alt=\"OEM R\u00e9cipients rectangulaires pour la conservation des aliments - 4pcs -SKU-10\" class=\"wp-image-1999\" srcset=\"https:\/\/www.xhplasticlife.com\/wp-content\/uploads\/2026\/01\/OEM-Rectangular-Food-Storage-Containers-4pcs-SKU-10.webp 800w, https:\/\/www.xhplasticlife.com\/wp-content\/uploads\/2026\/01\/OEM-Rectangular-Food-Storage-Containers-4pcs-SKU-10-300x300.webp 300w, https:\/\/www.xhplasticlife.com\/wp-content\/uploads\/2026\/01\/OEM-Rectangular-Food-Storage-Containers-4pcs-SKU-10-150x150.webp 150w, https:\/\/www.xhplasticlife.com\/wp-content\/uploads\/2026\/01\/OEM-Rectangular-Food-Storage-Containers-4pcs-SKU-10-768x768.webp 768w, https:\/\/www.xhplasticlife.com\/wp-content\/uploads\/2026\/01\/OEM-Rectangular-Food-Storage-Containers-4pcs-SKU-10-12x12.webp 12w, https:\/\/www.xhplasticlife.com\/wp-content\/uploads\/2026\/01\/OEM-Rectangular-Food-Storage-Containers-4pcs-SKU-10-600x600.webp 600w, https:\/\/www.xhplasticlife.com\/wp-content\/uploads\/2026\/01\/OEM-Rectangular-Food-Storage-Containers-4pcs-SKU-10-100x100.webp 100w\" sizes=\"(max-width: 800px) 100vw, 800px\" \/><figcaption class=\"wp-element-caption\">3329<\/figcaption><\/figure>\n<\/div><\/div>\n<\/div>","protected":false},"excerpt":{"rendered":"<p data-start=\"443\" data-end=\"722\">Bienvenue sur le site d'achat en vrac de r\u00e9cipients rectangulaires pour le stockage des aliments. Nous fournissons des contenants alimentaires en plastique sans BPA, r\u00e9sistants aux micro-ondes, empilables et lavables au lave-vaisselle, dans des emballages 3\/4 de 800 ml. En tant que fournisseur de r\u00e9cipients alimentaires en plastique sans BPA, nous offrons des prix de gros directs et des \u00e9chantillons gratuits.<\/p>\n<h2>R\u00e9cipients rectangulaires pour la conservation des aliments Param\u00e8tres<\/h2>\n<p><strong>Mod\u00e8le<\/strong>: 3328-3329<br \/><strong>Nom de la marque<\/strong>: Xinghui<br \/><strong>Mat\u00e9riau<\/strong>: PP\u00a0<br \/><strong>Couleur<\/strong>: Vert+Transparent<br \/><strong>Emballage : <\/strong>Appel d'offres papier<br \/><strong>OEM\/ODM<\/strong>: Disponible<br \/><strong>Option personnalis\u00e9e<\/strong>: Couleur\/Taille\/Logo\/Emballage<\/p>\n<h2>De la part du fabricant de r\u00e9cipients de stockage d'aliments :<\/h2>\n<p>Fond\u00e9e en 2000,<a href=\"https:\/\/www.xhplasticlife.com\/fr\/\">\u00a0<strong>Xinghui<\/strong><\/a>\u00a0est sp\u00e9cialis\u00e9e dans la production et la vente en gros de bo\u00eetes \u00e0 lunch, de r\u00e9cipients pour la conservation des aliments, de r\u00e9cipients pour les boissons, de r\u00e9cipients pour la conservation des produits m\u00e9nagers et d'autres produits quotidiens en plastique. Elle propose \u00e0 ses clients des services OEM et ODM ainsi que des services d'approvisionnement en ligne.<\/p>","protected":false},"featured_media":2000,"comment_status":"closed","ping_status":"closed","template":"","meta":{"_acf_changed":false},"product_brand":[],"product_cat":[18],"product_tag":[],"class_list":{"0":"post-1996","1":"product","2":"type-product","3":"status-publish","4":"has-post-thumbnail","6":"product_cat-bulk-food-storage-container","8":"first","9":"instock","10":"shipping-taxable","11":"product-type-simple"},"acf":[],"_links":{"self":[{"href":"https:\/\/www.xhplasticlife.com\/fr\/wp-json\/wp\/v2\/product\/1996","targetHints":{"allow":["GET"]}}],"collection":[{"href":"https:\/\/www.xhplasticlife.com\/fr\/wp-json\/wp\/v2\/product"}],"about":[{"href":"https:\/\/www.xhplasticlife.com\/fr\/wp-json\/wp\/v2\/types\/product"}],"replies":[{"embeddable":true,"href":"https:\/\/www.xhplasticlife.com\/fr\/wp-json\/wp\/v2\/comments?post=1996"}],"wp:featuredmedia":[{"embeddable":true,"href":"https:\/\/www.xhplasticlife.com\/fr\/wp-json\/wp\/v2\/media\/2000"}],"wp:attachment":[{"href":"https:\/\/www.xhplasticlife.com\/fr\/wp-json\/wp\/v2\/media?parent=1996"}],"wp:term":[{"taxonomy":"product_brand","embeddable":true,"href":"https:\/\/www.xhplasticlife.com\/fr\/wp-json\/wp\/v2\/product_brand?post=1996"},{"taxonomy":"product_cat","embeddable":true,"href":"https:\/\/www.xhplasticlife.com\/fr\/wp-json\/wp\/v2\/product_cat?post=1996"},{"taxonomy":"product_tag","embeddable":true,"href":"https:\/\/www.xhplasticlife.com\/fr\/wp-json\/wp\/v2\/product_tag?post=1996"}],"curies":[{"name":"wp","href":"https:\/\/api.w.org\/{rel}","templated":true}]}}