{"id":1988,"date":"2026-01-07T02:10:08","date_gmt":"2026-01-07T01:47:08","guid":{"rendered":"https:\/\/www.xhplasticlife.com\/?post_type=product&#038;p=1988"},"modified":"2026-01-07T03:05:59","modified_gmt":"2026-01-07T03:05:59","slug":"bulk-square-food-containers-supplier","status":"publish","type":"product","link":"https:\/\/www.xhplasticlife.com\/fr\/produit\/bulk-square-food-containers-supplier\/","title":{"rendered":"Contenants alimentaires carr\u00e9s en vrac Fournisseur, Meal Prep BPA Free Storage Container Set"},"content":{"rendered":"<div class=\"wp-block-columns is-layout-flex wp-container-core-columns-is-layout-9d6595d7 wp-block-columns-is-layout-flex\">\n<div class=\"wp-block-column is-layout-flow wp-block-column-is-layout-flow\">\n<h2 class=\"wp-block-heading\">R\u00e9cipients alimentaires carr\u00e9s en vrac Caract\u00e9ristiques :<\/h2>\n\n\n\n<ul class=\"wp-block-list\">\n<li><strong>Plastique alimentaire sans BPA, plus s\u00fbr et plus fiable<\/strong>: Fabriqu\u00e9 avec des mat\u00e9riaux sans BPA qui r\u00e9pondent aux normes de contact alimentaire, ce r\u00e9cipient est inodore, durable et convient \u00e0 une utilisation r\u00e9p\u00e9t\u00e9e \u00e0 long terme. En tant que fournisseur professionnel d'ensembles de r\u00e9cipients de stockage en plastique sans BPA, nous respectons strictement les normes de s\u00e9curit\u00e9 alimentaire.<\/li>\n\n\n\n<li><strong>Structure carr\u00e9e pour une meilleure utilisation de l'espace :<\/strong> La forme carr\u00e9e facilite le rangement dans les r\u00e9frig\u00e9rateurs et les armoires de stockage, ce qui permet d'\u00e9conomiser de l'espace par rapport aux r\u00e9cipients ronds. Elle convient donc aux sc\u00e9narios de pr\u00e9paration des repas dans les cuisines domestiques et commerciales.<\/li>\n\n\n\n<li><strong>Convient \u00e0 la pr\u00e9paration des repas, pour des portions plus efficaces :<\/strong> La capacit\u00e9 raisonnable permet de pr\u00e9parer les repas \u00e0 l'avance et de contr\u00f4ler les portions, ce qui r\u00e9pond aux besoins des repas de remise en forme, des employ\u00e9s de bureau et des repas \u00e0 emporter, am\u00e9liorant ainsi l'exp\u00e9rience de l'utilisateur final.<\/li>\n\n\n\n<li><strong>La conception empilable r\u00e9duit les co\u00fbts de stockage et de logistique :<\/strong> Permet un empilage stable, \u00e9conomise l'espace d'entreposage et de transport, id\u00e9al pour les achats en vrac et les mod\u00e8les d'approvisionnement \u00e0 long terme pour les fournisseurs de conteneurs alimentaires carr\u00e9s en vrac.<\/li>\n\n\n\n<li>Bo\u00eete transparente, contenu clairement affich\u00e9 : La conception claire et visible permet d'identifier rapidement les types d'aliments et les quantit\u00e9s restantes, ce qui facilite \u00e9galement la pr\u00e9sentation au d\u00e9tail et la conversion des ventes.<\/li>\n\n\n\n<li><strong>Support de personnalisation OEM\/ODM : <\/strong>Les combinaisons de capacit\u00e9s, les couleurs, les logos et l'emballage personnalisables aident les clients \u00e0 cr\u00e9er des ensembles de contenants alimentaires personnalis\u00e9s en plastique sans BPA.<\/li>\n\n\n\n<li><strong>Approvisionnement direct de l'usine, prix stables et comp\u00e9titifs<\/strong>: Avec un syst\u00e8me de production mature et une capacit\u00e9 stable, nous offrons des prix de gros d'usine, aidant les acheteurs \u00e0 contr\u00f4ler les co\u00fbts et \u00e0 am\u00e9liorer la comp\u00e9titivit\u00e9 du march\u00e9.<\/li>\n<\/ul>\n<\/div>\n\n\n\n<div class=\"wp-block-column is-layout-flow wp-block-column-is-layout-flow\">\n<figure class=\"wp-block-image size-full\"><img decoding=\"async\" width=\"750\" height=\"750\" src=\"https:\/\/www.xhplasticlife.com\/wp-content\/uploads\/2026\/01\/Wholesale-Square-Food-Containers-Fctory-Supplier.webp\" alt=\"Conteneurs alimentaires carr\u00e9s en gros Fctory Supplier\" class=\"wp-image-1995\" srcset=\"https:\/\/www.xhplasticlife.com\/wp-content\/uploads\/2026\/01\/Wholesale-Square-Food-Containers-Fctory-Supplier.webp 750w, https:\/\/www.xhplasticlife.com\/wp-content\/uploads\/2026\/01\/Wholesale-Square-Food-Containers-Fctory-Supplier-300x300.webp 300w, https:\/\/www.xhplasticlife.com\/wp-content\/uploads\/2026\/01\/Wholesale-Square-Food-Containers-Fctory-Supplier-150x150.webp 150w, https:\/\/www.xhplasticlife.com\/wp-content\/uploads\/2026\/01\/Wholesale-Square-Food-Containers-Fctory-Supplier-12x12.webp 12w, https:\/\/www.xhplasticlife.com\/wp-content\/uploads\/2026\/01\/Wholesale-Square-Food-Containers-Fctory-Supplier-600x600.webp 600w, https:\/\/www.xhplasticlife.com\/wp-content\/uploads\/2026\/01\/Wholesale-Square-Food-Containers-Fctory-Supplier-100x100.webp 100w\" sizes=\"(max-width: 750px) 100vw, 750px\" \/><\/figure>\n<\/div>\n<\/div>\n\n\n\n<h2 class=\"wp-block-heading\">Conteneurs de cong\u00e9lation en vrac Taille :<\/h2>\n\n\n\n<figure class=\"wp-block-table is-style-stripes\"><table class=\"has-fixed-layout\"><tbody><tr><td>Mod\u00e8le<\/td><td>Capacit\u00e9<\/td><td>Dimensions du produit<\/td><td>G.W.\/Cas<\/td><td>Quantit\u00e9 par caisse<\/td><td>Taille de la bo\u00eete ext\u00e9rieure<\/td><\/tr><tr><td>3323<\/td><td>650ML\/1PCS<\/td><td>13.5x13x8.5cm<\/td><td>15.4KG<\/td><td>120pcs<\/td><td>70x42x61cm<\/td><\/tr><tr><td>3324<\/td><td>650ML\/1PCS<\/td><td>13.5x13x10.5cm<\/td><td>16.6KG<\/td><td>90pcs<\/td><td>70x42x59cm<\/td><\/tr><tr><td>3325<\/td><td>650ML\/1PCS<\/td><td>13.5x13x12.5cm<\/td><td>16KG<\/td><td>75 pi\u00e8ces<\/td><td>68x41x59cm<\/td><\/tr><\/tbody><\/table><\/figure>\n\n\n\n<div class=\"wp-block-columns is-layout-flex wp-container-core-columns-is-layout-9d6595d7 wp-block-columns-is-layout-flex\">\n<div class=\"wp-block-column is-layout-flow wp-block-column-is-layout-flow\">\n<figure class=\"wp-block-image size-full\"><img decoding=\"async\" width=\"800\" height=\"800\" src=\"https:\/\/www.xhplasticlife.com\/wp-content\/uploads\/2026\/01\/Wholesale-Square-Food-Containers-2pcs-SKU-04.webp\" alt=\"Grossiste R\u00e9cipients alimentaires carr\u00e9s - 2pcs - SKU-04\" class=\"wp-image-1992\" srcset=\"https:\/\/www.xhplasticlife.com\/wp-content\/uploads\/2026\/01\/Wholesale-Square-Food-Containers-2pcs-SKU-04.webp 800w, https:\/\/www.xhplasticlife.com\/wp-content\/uploads\/2026\/01\/Wholesale-Square-Food-Containers-2pcs-SKU-04-300x300.webp 300w, https:\/\/www.xhplasticlife.com\/wp-content\/uploads\/2026\/01\/Wholesale-Square-Food-Containers-2pcs-SKU-04-150x150.webp 150w, https:\/\/www.xhplasticlife.com\/wp-content\/uploads\/2026\/01\/Wholesale-Square-Food-Containers-2pcs-SKU-04-768x768.webp 768w, https:\/\/www.xhplasticlife.com\/wp-content\/uploads\/2026\/01\/Wholesale-Square-Food-Containers-2pcs-SKU-04-12x12.webp 12w, https:\/\/www.xhplasticlife.com\/wp-content\/uploads\/2026\/01\/Wholesale-Square-Food-Containers-2pcs-SKU-04-600x600.webp 600w, https:\/\/www.xhplasticlife.com\/wp-content\/uploads\/2026\/01\/Wholesale-Square-Food-Containers-2pcs-SKU-04-100x100.webp 100w\" sizes=\"(max-width: 800px) 100vw, 800px\" \/><figcaption class=\"wp-element-caption\">3323<\/figcaption><\/figure>\n<\/div>\n\n\n\n<div class=\"wp-block-column is-layout-flow wp-block-column-is-layout-flow\">\n<figure class=\"wp-block-image size-full\"><img decoding=\"async\" width=\"800\" height=\"800\" src=\"https:\/\/www.xhplasticlife.com\/wp-content\/uploads\/2026\/01\/Wholesale-Square-Food-Containers-3pcs-SKU-05.webp\" alt=\"Grossiste R\u00e9cipients alimentaires carr\u00e9s - 3pcs -SKU-05\" class=\"wp-image-1993\" srcset=\"https:\/\/www.xhplasticlife.com\/wp-content\/uploads\/2026\/01\/Wholesale-Square-Food-Containers-3pcs-SKU-05.webp 800w, https:\/\/www.xhplasticlife.com\/wp-content\/uploads\/2026\/01\/Wholesale-Square-Food-Containers-3pcs-SKU-05-300x300.webp 300w, https:\/\/www.xhplasticlife.com\/wp-content\/uploads\/2026\/01\/Wholesale-Square-Food-Containers-3pcs-SKU-05-150x150.webp 150w, https:\/\/www.xhplasticlife.com\/wp-content\/uploads\/2026\/01\/Wholesale-Square-Food-Containers-3pcs-SKU-05-768x768.webp 768w, https:\/\/www.xhplasticlife.com\/wp-content\/uploads\/2026\/01\/Wholesale-Square-Food-Containers-3pcs-SKU-05-12x12.webp 12w, https:\/\/www.xhplasticlife.com\/wp-content\/uploads\/2026\/01\/Wholesale-Square-Food-Containers-3pcs-SKU-05-600x600.webp 600w, https:\/\/www.xhplasticlife.com\/wp-content\/uploads\/2026\/01\/Wholesale-Square-Food-Containers-3pcs-SKU-05-100x100.webp 100w\" sizes=\"(max-width: 800px) 100vw, 800px\" \/><figcaption class=\"wp-element-caption\">3324<\/figcaption><\/figure>\n<\/div>\n\n\n\n<div class=\"wp-block-column is-layout-flow wp-block-column-is-layout-flow\"><div class=\"wp-block-image\">\n<figure class=\"aligncenter size-full\"><img decoding=\"async\" width=\"800\" height=\"800\" src=\"https:\/\/www.xhplasticlife.com\/wp-content\/uploads\/2026\/01\/Wholesale-Square-Food-Containers-4pcs-SKU-06.webp\" alt=\"Grossiste R\u00e9cipients alimentaires carr\u00e9s - 4pcs - SKU-06\" class=\"wp-image-1994\" srcset=\"https:\/\/www.xhplasticlife.com\/wp-content\/uploads\/2026\/01\/Wholesale-Square-Food-Containers-4pcs-SKU-06.webp 800w, https:\/\/www.xhplasticlife.com\/wp-content\/uploads\/2026\/01\/Wholesale-Square-Food-Containers-4pcs-SKU-06-300x300.webp 300w, https:\/\/www.xhplasticlife.com\/wp-content\/uploads\/2026\/01\/Wholesale-Square-Food-Containers-4pcs-SKU-06-150x150.webp 150w, https:\/\/www.xhplasticlife.com\/wp-content\/uploads\/2026\/01\/Wholesale-Square-Food-Containers-4pcs-SKU-06-768x768.webp 768w, https:\/\/www.xhplasticlife.com\/wp-content\/uploads\/2026\/01\/Wholesale-Square-Food-Containers-4pcs-SKU-06-12x12.webp 12w, https:\/\/www.xhplasticlife.com\/wp-content\/uploads\/2026\/01\/Wholesale-Square-Food-Containers-4pcs-SKU-06-600x600.webp 600w, https:\/\/www.xhplasticlife.com\/wp-content\/uploads\/2026\/01\/Wholesale-Square-Food-Containers-4pcs-SKU-06-100x100.webp 100w\" sizes=\"(max-width: 800px) 100vw, 800px\" \/><figcaption class=\"wp-element-caption\">3325<\/figcaption><\/figure>\n<\/div><\/div>\n<\/div>","protected":false},"excerpt":{"rendered":"<p data-start=\"443\" data-end=\"722\">Bienvenue chez le fournisseur de contenants alimentaires carr\u00e9s en vrac. Nous fournissons des contenants alimentaires carr\u00e9s en plastique sans BPA pour la pr\u00e9paration des repas. En tant que fabricant de r\u00e9cipients alimentaires en plastique, nous offrons des prix de gros directs et des \u00e9chantillons gratuits pour les acheteurs.<\/p>\n<h2>Param\u00e8tres des conteneurs alimentaires carr\u00e9s en vrac<\/h2>\n<p><strong>Mod\u00e8le<\/strong>: 3323-3325<br \/><strong>Nom de la marque<\/strong>: Xinghui<br \/><strong>Mat\u00e9riau<\/strong>: PP<br \/><strong>Couleur<\/strong>: vert+Transparent<br \/><strong>Emballage : <\/strong>Appel d'offres papier<br \/><strong>OEM\/ODM<\/strong>: Disponible<br \/><strong>Option personnalis\u00e9e<\/strong>: Couleur\/Taille\/Logo\/Emballage<\/p>\n<h2>De la part du fabricant de r\u00e9cipients de stockage d'aliments :<\/h2>\n<p>Fond\u00e9e en 2000,<a href=\"https:\/\/www.xhplasticlife.com\/fr\/\">\u00a0<strong>Xinghui<\/strong><\/a>\u00a0est sp\u00e9cialis\u00e9e dans la production et la vente en gros de bo\u00eetes \u00e0 lunch, de r\u00e9cipients pour la conservation des aliments, de r\u00e9cipients pour les boissons, de r\u00e9cipients pour la conservation des produits m\u00e9nagers et d'autres produits quotidiens en plastique. Elle propose \u00e0 ses clients des services OEM et ODM ainsi que des services d'approvisionnement en ligne.<\/p>","protected":false},"featured_media":1990,"comment_status":"closed","ping_status":"closed","template":"","meta":{"_acf_changed":false},"product_brand":[],"product_cat":[18],"product_tag":[],"class_list":{"0":"post-1988","1":"product","2":"type-product","3":"status-publish","4":"has-post-thumbnail","6":"product_cat-bulk-food-storage-container","8":"first","9":"instock","10":"shipping-taxable","11":"product-type-simple"},"acf":[],"_links":{"self":[{"href":"https:\/\/www.xhplasticlife.com\/fr\/wp-json\/wp\/v2\/product\/1988","targetHints":{"allow":["GET"]}}],"collection":[{"href":"https:\/\/www.xhplasticlife.com\/fr\/wp-json\/wp\/v2\/product"}],"about":[{"href":"https:\/\/www.xhplasticlife.com\/fr\/wp-json\/wp\/v2\/types\/product"}],"replies":[{"embeddable":true,"href":"https:\/\/www.xhplasticlife.com\/fr\/wp-json\/wp\/v2\/comments?post=1988"}],"wp:featuredmedia":[{"embeddable":true,"href":"https:\/\/www.xhplasticlife.com\/fr\/wp-json\/wp\/v2\/media\/1990"}],"wp:attachment":[{"href":"https:\/\/www.xhplasticlife.com\/fr\/wp-json\/wp\/v2\/media?parent=1988"}],"wp:term":[{"taxonomy":"product_brand","embeddable":true,"href":"https:\/\/www.xhplasticlife.com\/fr\/wp-json\/wp\/v2\/product_brand?post=1988"},{"taxonomy":"product_cat","embeddable":true,"href":"https:\/\/www.xhplasticlife.com\/fr\/wp-json\/wp\/v2\/product_cat?post=1988"},{"taxonomy":"product_tag","embeddable":true,"href":"https:\/\/www.xhplasticlife.com\/fr\/wp-json\/wp\/v2\/product_tag?post=1988"}],"curies":[{"name":"wp","href":"https:\/\/api.w.org\/{rel}","templated":true}]}}