{"id":1981,"date":"2026-01-07T01:15:02","date_gmt":"2026-01-07T01:15:02","guid":{"rendered":"https:\/\/www.xhplasticlife.com\/?post_type=product&#038;p=1981"},"modified":"2026-01-07T01:42:08","modified_gmt":"2026-01-07T01:42:08","slug":"meal-prep-plastic-food-container-set","status":"publish","type":"product","link":"https:\/\/www.xhplasticlife.com\/fr\/produit\/meal-prep-plastic-food-container-set\/","title":{"rendered":"Ensemble de contenants alimentaires en plastique pour la pr\u00e9paration des repas Wholesale, sans BPA, r\u00e9sistant aux micro-ondes"},"content":{"rendered":"<div class=\"wp-block-columns is-layout-flex wp-container-core-columns-is-layout-9d6595d7 wp-block-columns-is-layout-flex\">\n<div class=\"wp-block-column is-layout-flow wp-block-column-is-layout-flow\">\n<h2 class=\"wp-block-heading\">Ensemble de contenants alimentaires en plastique pour la pr\u00e9paration des repas Caract\u00e9ristiques :<\/h2>\n\n\n\n<ul class=\"wp-block-list\">\n<li><strong>Mat\u00e9riau PP de qualit\u00e9 alimentaire sans BPA, s\u00fbr et fiable :<\/strong> Fabriqu\u00e9s en plastique PP alimentaire de haute qualit\u00e9, sans BPA, s\u00fbrs et inodores, ils conviennent au stockage et \u00e0 la r\u00e9utilisation des repas au quotidien. En tant que fournisseur professionnel d'ensembles de r\u00e9cipients en plastique pour la pr\u00e9paration des repas, nous contr\u00f4lons strictement les normes de s\u00e9curit\u00e9 alimentaire.<\/li>\n\n\n\n<li><strong>Adapt\u00e9e au micro-ondes, elle r\u00e9pond aux besoins de pr\u00e9paration des repas :<\/strong> Permet de chauffer au micro-ondes, ce qui permet aux consommateurs de pr\u00e9parer des repas \u00e0 l'avance et de les r\u00e9chauffer rapidement, ce qui est id\u00e9al pour les repas de remise en forme, les repas des employ\u00e9s de bureau et les repas pr\u00e9par\u00e9s \u00e0 la maison.<\/li>\n\n\n\n<li><strong>Bo\u00eete transparente, visibilit\u00e9 et praticit\u00e9 accrues<\/strong>: La conception en PP transparent rend le contenu clairement visible, facilitant la cat\u00e9gorisation et la gestion des repas, et am\u00e9liorant \u00e9galement la pr\u00e9sentation au d\u00e9tail et l'exp\u00e9rience de l'utilisateur final.<\/li>\n\n\n\n<li><strong>Structure empilable, \u00e9conomisant l'espace de stockage et de transport : <\/strong>La conception empilable facilite un empilage soign\u00e9, r\u00e9duisant l'espace de stockage et les co\u00fbts de logistique et de stockage, ce qui le rend particuli\u00e8rement adapt\u00e9 \u00e0 l'achat en gros d'ensembles de r\u00e9cipients alimentaires en plastique.<\/li>\n\n\n\n<li><strong>Combinaisons de tailles multiples, adapt\u00e9es \u00e0 la vente en vrac :<\/strong> Disponibles en diff\u00e9rentes capacit\u00e9s et combinaisons pour r\u00e9pondre \u00e0 diff\u00e9rents besoins en termes de quantit\u00e9 de repas, permettant aux marques de cr\u00e9er des lignes de produits multi-SKU.<\/li>\n\n\n\n<li><strong>Support de personnalisation OEM\/ODM :<\/strong> Nous proposons des options de personnalisation pour les couleurs, les logos, les combinaisons de capacit\u00e9 et l'emballage ext\u00e9rieur afin d'aider les clients \u00e0 cr\u00e9er des ensembles de contenants alimentaires en plastique personnalis\u00e9s pour la pr\u00e9paration des repas.<\/li>\n\n\n\n<li><strong>Fourniture directe par l'usine, prix avantageux :<\/strong> Avec une capacit\u00e9 de production stable et un syst\u00e8me de production mature, nous offrons des prix de gros d'usine, aidant les acheteurs \u00e0 contr\u00f4ler efficacement les co\u00fbts et \u00e0 am\u00e9liorer la comp\u00e9titivit\u00e9 du march\u00e9.<\/li>\n\n\n\n<li><strong>Soutien gratuit \u00e0 l'\u00e9chantillonnage, r\u00e9duction des risques li\u00e9s \u00e0 l'approvisionnement : <\/strong>Nous offrons des \u00e9chantillons gratuits, ce qui permet aux clients de confirmer la qualit\u00e9 et d'effectuer des tests de march\u00e9 avant de passer des commandes formelles, acc\u00e9l\u00e9rant ainsi le processus de prise de d\u00e9cision en mati\u00e8re d'approvisionnement.<\/li>\n<\/ul>\n<\/div>\n\n\n\n<div class=\"wp-block-column is-layout-flow wp-block-column-is-layout-flow\">\n<figure class=\"wp-block-image size-full\"><img decoding=\"async\" width=\"800\" height=\"800\" src=\"https:\/\/www.xhplasticlife.com\/wp-content\/uploads\/2026\/01\/Meal-Prep-Plastic-Food-Container-Set-Wholesale-Factory-4.webp\" alt=\"Meal Prep Plastic Food Container Set Wholesale Factory (4)\" class=\"wp-image-1985\" srcset=\"https:\/\/www.xhplasticlife.com\/wp-content\/uploads\/2026\/01\/Meal-Prep-Plastic-Food-Container-Set-Wholesale-Factory-4.webp 800w, https:\/\/www.xhplasticlife.com\/wp-content\/uploads\/2026\/01\/Meal-Prep-Plastic-Food-Container-Set-Wholesale-Factory-4-300x300.webp 300w, https:\/\/www.xhplasticlife.com\/wp-content\/uploads\/2026\/01\/Meal-Prep-Plastic-Food-Container-Set-Wholesale-Factory-4-150x150.webp 150w, https:\/\/www.xhplasticlife.com\/wp-content\/uploads\/2026\/01\/Meal-Prep-Plastic-Food-Container-Set-Wholesale-Factory-4-768x768.webp 768w, https:\/\/www.xhplasticlife.com\/wp-content\/uploads\/2026\/01\/Meal-Prep-Plastic-Food-Container-Set-Wholesale-Factory-4-12x12.webp 12w, https:\/\/www.xhplasticlife.com\/wp-content\/uploads\/2026\/01\/Meal-Prep-Plastic-Food-Container-Set-Wholesale-Factory-4-600x600.webp 600w, https:\/\/www.xhplasticlife.com\/wp-content\/uploads\/2026\/01\/Meal-Prep-Plastic-Food-Container-Set-Wholesale-Factory-4-100x100.webp 100w\" sizes=\"(max-width: 800px) 100vw, 800px\" \/><\/figure>\n<\/div>\n<\/div>\n\n\n\n<h2 class=\"wp-block-heading\">Conteneurs de cong\u00e9lation en vrac Taille :<\/h2>\n\n\n\n<figure class=\"wp-block-table is-style-stripes\"><table class=\"has-fixed-layout\"><tbody><tr><td>Mod\u00e8le<\/td><td>Capacit\u00e9<\/td><td>Dimensions du produit<\/td><td>G.W.\/Cas<\/td><td>Quantit\u00e9 par caisse<\/td><td>Taille de la bo\u00eete ext\u00e9rieure<\/td><\/tr><tr><td>3320<\/td><td>2060ML\/1PCS<\/td><td>23x15x10.5cm<\/td><td>17.2KG<\/td><td>54pcs<\/td><td>72x48x60cm<\/td><\/tr><tr><td>3321<\/td><td>2060ML\/1PCS<\/td><td>23x15x13cm<\/td><td>17.7KG<\/td><td>45pcs<\/td><td>72x48x60cm<\/td><\/tr><tr><td>3322<\/td><td>2060ML\/1PCS<\/td><td>23x15x15cm<\/td><td>14KG<\/td><td>36pcs<\/td><td>72x48x60cm<\/td><\/tr><tr><td>3323<\/td><td>650ML\/1PCS<\/td><td>13.5x13x8.5cm<\/td><td>15.4KG<\/td><td>120pcs<\/td><td>70x42x61cm<\/td><\/tr><tr><td>3324<\/td><td>650ML\/1PCS<\/td><td>13.5x13x10.5cm<\/td><td>16.6KG<\/td><td>90pcs<\/td><td>70x42x59cm<\/td><\/tr><tr><td>3325<\/td><td>650ML\/1PCS<\/td><td>13.5x13x12.5cm<\/td><td>16KG<\/td><td>75 pi\u00e8ces<\/td><td>68x41x59cm<\/td><\/tr><tr><td>3326<\/td><td>1200ML\/1PCS<\/td><td>21.5\u00d713.5x11cm<\/td><td>16KG<\/td><td>48pcs<\/td><td>58x46x67cm<\/td><\/tr><tr><td>3327<\/td><td>1300ML\/1PCS<\/td><td>21.5\u00d713.5x13cm<\/td><td>17KG<\/td><td>40pcs<\/td><td>58x46x64cm<\/td><\/tr><tr><td>3328<\/td><td>800ML\/1PCS<\/td><td>20x12x9.5cm<\/td><td>17KG<\/td><td>72pcs<\/td><td>63x52x60cm<\/td><\/tr><tr><td>3329<\/td><td>800ML\/1PCS<\/td><td>20x12x11.5cm<\/td><td>18KG<\/td><td>60pcs<\/td><td>63x52x60cm<\/td><\/tr><\/tbody><\/table><\/figure>","protected":false},"excerpt":{"rendered":"<p data-start=\"443\" data-end=\"722\">Bienvenue sur notre site de vente en gros d'ensembles de r\u00e9cipients alimentaires en plastique. Nous fournissons <strong>R\u00e9cipients en PP transparent sans BPA, r\u00e9sistants aux micro-ondes et empilables<\/strong> pour la pr\u00e9paration des repas. En tant que fabricant d'ensembles de contenants alimentaires en plastique pour la pr\u00e9paration des repas, nous offrons des prix de gros directs et des \u00e9chantillons gratuits aux acheteurs.<\/p>\n<h2>Ensemble de contenants alimentaires en plastique pour la pr\u00e9paration des repas Param\u00e8tres<\/h2>\n<p><strong>Mod\u00e8le<\/strong>: 3320-3329<br \/><strong>Nom de la marque<\/strong>: Xinghui<br \/><strong>Mat\u00e9riau<\/strong>: PP + PET<br \/><strong>Couleur<\/strong>: vert+Transparent<br \/><strong>Emballage :<\/strong>Appel d'offres papier<br \/><strong>OEM\/ODM<\/strong>: Disponible<br \/><strong>Option personnalis\u00e9e<\/strong>: Couleur\/Taille\/Logo\/Emballage<\/p>\n<h2>De la part du fabricant de r\u00e9cipients de stockage d'aliments :<\/h2>\n<p>Fond\u00e9e en 2000,<a href=\"https:\/\/www.xhplasticlife.com\/fr\/\">\u00a0<strong>Xinghui<\/strong><\/a>\u00a0est sp\u00e9cialis\u00e9e dans la production et la vente en gros de bo\u00eetes \u00e0 lunch, de r\u00e9cipients pour la conservation des aliments, de r\u00e9cipients pour les boissons, de r\u00e9cipients pour la conservation des produits m\u00e9nagers et d'autres produits quotidiens en plastique. Elle propose \u00e0 ses clients des services OEM et ODM ainsi que des services d'approvisionnement en ligne.<\/p>","protected":false},"featured_media":1987,"comment_status":"closed","ping_status":"closed","template":"","meta":{"_acf_changed":false},"product_brand":[],"product_cat":[18],"product_tag":[],"class_list":{"0":"post-1981","1":"product","2":"type-product","3":"status-publish","4":"has-post-thumbnail","6":"product_cat-bulk-food-storage-container","8":"first","9":"instock","10":"shipping-taxable","11":"product-type-simple"},"acf":[],"_links":{"self":[{"href":"https:\/\/www.xhplasticlife.com\/fr\/wp-json\/wp\/v2\/product\/1981","targetHints":{"allow":["GET"]}}],"collection":[{"href":"https:\/\/www.xhplasticlife.com\/fr\/wp-json\/wp\/v2\/product"}],"about":[{"href":"https:\/\/www.xhplasticlife.com\/fr\/wp-json\/wp\/v2\/types\/product"}],"replies":[{"embeddable":true,"href":"https:\/\/www.xhplasticlife.com\/fr\/wp-json\/wp\/v2\/comments?post=1981"}],"wp:featuredmedia":[{"embeddable":true,"href":"https:\/\/www.xhplasticlife.com\/fr\/wp-json\/wp\/v2\/media\/1987"}],"wp:attachment":[{"href":"https:\/\/www.xhplasticlife.com\/fr\/wp-json\/wp\/v2\/media?parent=1981"}],"wp:term":[{"taxonomy":"product_brand","embeddable":true,"href":"https:\/\/www.xhplasticlife.com\/fr\/wp-json\/wp\/v2\/product_brand?post=1981"},{"taxonomy":"product_cat","embeddable":true,"href":"https:\/\/www.xhplasticlife.com\/fr\/wp-json\/wp\/v2\/product_cat?post=1981"},{"taxonomy":"product_tag","embeddable":true,"href":"https:\/\/www.xhplasticlife.com\/fr\/wp-json\/wp\/v2\/product_tag?post=1981"}],"curies":[{"name":"wp","href":"https:\/\/api.w.org\/{rel}","templated":true}]}}