{"id":1970,"date":"2026-01-06T10:51:31","date_gmt":"2026-01-06T10:51:31","guid":{"rendered":"https:\/\/www.xhplasticlife.com\/?post_type=product&#038;p=1970"},"modified":"2026-01-06T10:51:34","modified_gmt":"2026-01-06T10:51:34","slug":"bulk-grain-storage-containers-custom","status":"publish","type":"product","link":"https:\/\/www.xhplasticlife.com\/fr\/produit\/bulk-grain-storage-containers-custom\/","title":{"rendered":"R\u00e9cipients de stockage de c\u00e9r\u00e9ales en vrac avec couvercle herm\u00e9tique, bocaux de stockage de nourriture en plastique Fournisseur"},"content":{"rendered":"<div class=\"wp-block-columns is-layout-flex wp-container-core-columns-is-layout-9d6595d7 wp-block-columns-is-layout-flex\">\n<div class=\"wp-block-column is-layout-flow wp-block-column-is-layout-flow\">\n<h2 class=\"wp-block-heading\">Conteneurs de stockage de c\u00e9r\u00e9ales en vrac Caract\u00e9ristiques :<\/h2>\n\n\n\n<ul class=\"wp-block-list\">\n<li><strong>Couvercle herm\u00e9tique pour une fra\u00eecheur durable et une protection contre l'humidit\u00e9 : <\/strong>La structure herm\u00e9tique du couvercle isole efficacement l'air et l'humidit\u00e9, ce qui permet de conserver la fra\u00eecheur des produits secs tels que les c\u00e9r\u00e9ales, le riz, la farine et les haricots, de r\u00e9duire les probl\u00e8mes d'humidit\u00e9 et de parasites et d'am\u00e9liorer la s\u00e9curit\u00e9 du stockage.<\/li>\n\n\n\n<li><strong>Mati\u00e8re plastique de qualit\u00e9 alimentaire pour la s\u00e9curit\u00e9 et la tranquillit\u00e9 d'esprit :<\/strong> Fabriqu\u00e9 \u00e0 partir de mat\u00e9riaux plastiques conformes aux normes de contact alimentaire, il est inodore, ne se d\u00e9forme pas facilement et convient \u00e0 une utilisation \u00e0 long terme dans les foyers, les cuisines commerciales et le march\u00e9 de la vente au d\u00e9tail. En tant que fournisseur professionnel de r\u00e9cipients de stockage alimentaire personnalis\u00e9s, nous contr\u00f4lons strictement la qualit\u00e9 des mati\u00e8res premi\u00e8res.<\/li>\n\n\n\n<li><strong>Plusieurs options de capacit\u00e9 pour les ventes en gros :<\/strong> Une vari\u00e9t\u00e9 de capacit\u00e9s et de formes est disponible pour faciliter le stockage cat\u00e9goris\u00e9 de diff\u00e9rents grains et produits secs, ce qui le rend particuli\u00e8rement adapt\u00e9 aux sc\u00e9narios de vente en gros et de vente group\u00e9e pour les conteneurs de stockage de grains en vrac avec des couvercles herm\u00e9tiques.<\/li>\n\n\n\n<li><strong>Conception transparente et visible pour une meilleure exp\u00e9rience de l'utilisateur final : <\/strong>Le contenu est clairement visible, ce qui facilite l'identification rapide des quantit\u00e9s restantes, am\u00e9liorant ainsi l'exp\u00e9rience de l'utilisateur et la pr\u00e9sentation au d\u00e9tail.<\/li>\n\n\n\n<li><strong>Services de personnalisation OEM\/ODM disponibles<\/strong>: La personnalisation des couleurs, des logos, des marquages de capacit\u00e9 et de l'emballage ext\u00e9rieur est propos\u00e9e pour aider les propri\u00e9taires de marques et les clients \u00e0 cr\u00e9er des gammes de produits de stockage alimentaire diff\u00e9renci\u00e9es.<\/li>\n\n\n\n<li><strong>Fourniture directe par l'usine, prix stables et comp\u00e9titifs : <\/strong>En tant que fournisseur exp\u00e9riment\u00e9 de conteneurs de stockage alimentaire personnalis\u00e9s, nous poss\u00e9dons une capacit\u00e9 de production stable et des prix de gros d'usine, ce qui aide les clients \u00e0 contr\u00f4ler efficacement les co\u00fbts d'approvisionnement.<\/li>\n\n\n\n<li><strong>Soutien \u00e0 l'\u00e9chantillonnage gratuit, r\u00e9duisant les risques li\u00e9s \u00e0 l'approvisionnement : <\/strong>Nous fournissons des \u00e9chantillons gratuits pour faciliter les tests de qualit\u00e9 et la validation du march\u00e9 par les acheteurs avant de passer commande, ce qui acc\u00e9l\u00e8re le processus de prise de d\u00e9cision en mati\u00e8re de coop\u00e9ration.<\/li>\n<\/ul>\n<\/div>\n\n\n\n<div class=\"wp-block-column is-layout-flow wp-block-column-is-layout-flow\">\n<figure class=\"wp-block-image size-full\"><img decoding=\"async\" width=\"800\" height=\"800\" src=\"https:\/\/www.xhplasticlife.com\/wp-content\/uploads\/2026\/01\/Bulk-Grain-Storage-Containers-Supplier-Xinghui-2.webp\" alt=\"Fournisseur de conteneurs de stockage de c\u00e9r\u00e9ales en vrac -Xinghui (2)\" class=\"wp-image-1976\" srcset=\"https:\/\/www.xhplasticlife.com\/wp-content\/uploads\/2026\/01\/Bulk-Grain-Storage-Containers-Supplier-Xinghui-2.webp 800w, https:\/\/www.xhplasticlife.com\/wp-content\/uploads\/2026\/01\/Bulk-Grain-Storage-Containers-Supplier-Xinghui-2-300x300.webp 300w, https:\/\/www.xhplasticlife.com\/wp-content\/uploads\/2026\/01\/Bulk-Grain-Storage-Containers-Supplier-Xinghui-2-150x150.webp 150w, https:\/\/www.xhplasticlife.com\/wp-content\/uploads\/2026\/01\/Bulk-Grain-Storage-Containers-Supplier-Xinghui-2-768x768.webp 768w, https:\/\/www.xhplasticlife.com\/wp-content\/uploads\/2026\/01\/Bulk-Grain-Storage-Containers-Supplier-Xinghui-2-12x12.webp 12w, https:\/\/www.xhplasticlife.com\/wp-content\/uploads\/2026\/01\/Bulk-Grain-Storage-Containers-Supplier-Xinghui-2-600x600.webp 600w, https:\/\/www.xhplasticlife.com\/wp-content\/uploads\/2026\/01\/Bulk-Grain-Storage-Containers-Supplier-Xinghui-2-100x100.webp 100w\" sizes=\"(max-width: 800px) 100vw, 800px\" \/><\/figure>\n<\/div>\n<\/div>\n\n\n\n<h2 class=\"wp-block-heading\">Conteneurs de stockage de c\u00e9r\u00e9ales en vrac avec couvercle herm\u00e9tique Taille :<\/h2>\n\n\n\n<figure class=\"wp-block-table is-style-stripes\"><table class=\"has-fixed-layout\"><tbody><tr><td>Mod\u00e8le<\/td><td>Capacit\u00e9<\/td><td>Volume d'emballage<\/td><td>G.W.\/Cas<\/td><td>Dimensions du produit<\/td><td>Taille de la bo\u00eete ext\u00e9rieure<\/td><\/tr><tr><td>3040<\/td><td>1700ML<\/td><td>60<\/td><td>11KG<\/td><td>10.3\u00d710.3\u00d720.4cm<\/td><td>53x43x63cm<\/td><\/tr><tr><td>3041<\/td><td>1300ML<\/td><td>80<\/td><td>11KG<\/td><td>10.3\u00d710.3\u00d716.3cm<\/td><td>53\u00d745.5x56cm<\/td><\/tr><tr><td>3042<\/td><td>800ML<\/td><td>100<\/td><td>11KG<\/td><td>10.3\u00d710.3\u00d720.4cm<\/td><td>65x36x66cm<\/td><\/tr><tr><td>3043<\/td><td>400ML<\/td><td>120<\/td><td>10KG<\/td><td>10.3\u00d710.3\u00d76.2cm<\/td><td>57.5x41x75.5cm<\/td><\/tr><\/tbody><\/table><\/figure>\n\n\n\n<div class=\"wp-block-columns is-layout-flex wp-container-core-columns-is-layout-9d6595d7 wp-block-columns-is-layout-flex\">\n<div class=\"wp-block-column is-layout-flow wp-block-column-is-layout-flow\">\n<figure class=\"wp-block-image size-full\"><img decoding=\"async\" width=\"680\" height=\"666\" src=\"https:\/\/www.xhplasticlife.com\/wp-content\/uploads\/2026\/01\/Bulk-Grain-Storage-Containers-3040.webp\" alt=\"Conteneurs de stockage de c\u00e9r\u00e9ales en vrac - 3040\" class=\"wp-image-1971\" srcset=\"https:\/\/www.xhplasticlife.com\/wp-content\/uploads\/2026\/01\/Bulk-Grain-Storage-Containers-3040.webp 680w, https:\/\/www.xhplasticlife.com\/wp-content\/uploads\/2026\/01\/Bulk-Grain-Storage-Containers-3040-300x294.webp 300w, https:\/\/www.xhplasticlife.com\/wp-content\/uploads\/2026\/01\/Bulk-Grain-Storage-Containers-3040-12x12.webp 12w, https:\/\/www.xhplasticlife.com\/wp-content\/uploads\/2026\/01\/Bulk-Grain-Storage-Containers-3040-600x588.webp 600w\" sizes=\"(max-width: 680px) 100vw, 680px\" \/><\/figure>\n<\/div>\n\n\n\n<div class=\"wp-block-column is-layout-flow wp-block-column-is-layout-flow\">\n<figure class=\"wp-block-image size-full\"><img decoding=\"async\" width=\"664\" height=\"594\" src=\"https:\/\/www.xhplasticlife.com\/wp-content\/uploads\/2026\/01\/Bulk-Grain-Storage-Containers-3041.webp\" alt=\"Conteneurs de stockage de c\u00e9r\u00e9ales en vrac - 3041\" class=\"wp-image-1972\" srcset=\"https:\/\/www.xhplasticlife.com\/wp-content\/uploads\/2026\/01\/Bulk-Grain-Storage-Containers-3041.webp 664w, https:\/\/www.xhplasticlife.com\/wp-content\/uploads\/2026\/01\/Bulk-Grain-Storage-Containers-3041-300x268.webp 300w, https:\/\/www.xhplasticlife.com\/wp-content\/uploads\/2026\/01\/Bulk-Grain-Storage-Containers-3041-13x12.webp 13w, https:\/\/www.xhplasticlife.com\/wp-content\/uploads\/2026\/01\/Bulk-Grain-Storage-Containers-3041-600x537.webp 600w\" sizes=\"(max-width: 664px) 100vw, 664px\" \/><\/figure>\n<\/div>\n\n\n\n<div class=\"wp-block-column is-layout-flow wp-block-column-is-layout-flow\">\n<figure class=\"wp-block-image size-full\"><img decoding=\"async\" width=\"640\" height=\"536\" src=\"https:\/\/www.xhplasticlife.com\/wp-content\/uploads\/2026\/01\/Bulk-Grain-Storage-Containers-3042.webp\" alt=\"Conteneurs de stockage de c\u00e9r\u00e9ales en vrac - 3042\" class=\"wp-image-1973\" srcset=\"https:\/\/www.xhplasticlife.com\/wp-content\/uploads\/2026\/01\/Bulk-Grain-Storage-Containers-3042.webp 640w, https:\/\/www.xhplasticlife.com\/wp-content\/uploads\/2026\/01\/Bulk-Grain-Storage-Containers-3042-300x251.webp 300w, https:\/\/www.xhplasticlife.com\/wp-content\/uploads\/2026\/01\/Bulk-Grain-Storage-Containers-3042-14x12.webp 14w, https:\/\/www.xhplasticlife.com\/wp-content\/uploads\/2026\/01\/Bulk-Grain-Storage-Containers-3042-600x503.webp 600w\" sizes=\"(max-width: 640px) 100vw, 640px\" \/><\/figure>\n<\/div>\n\n\n\n<div class=\"wp-block-column is-layout-flow wp-block-column-is-layout-flow\">\n<figure class=\"wp-block-image size-full\"><img decoding=\"async\" width=\"602\" height=\"414\" src=\"https:\/\/www.xhplasticlife.com\/wp-content\/uploads\/2026\/01\/Bulk-Grain-Storage-Containers-3043.webp\" alt=\"Conteneurs de stockage de c\u00e9r\u00e9ales en vrac - 3043\" class=\"wp-image-1974\" srcset=\"https:\/\/www.xhplasticlife.com\/wp-content\/uploads\/2026\/01\/Bulk-Grain-Storage-Containers-3043.webp 602w, https:\/\/www.xhplasticlife.com\/wp-content\/uploads\/2026\/01\/Bulk-Grain-Storage-Containers-3043-300x206.webp 300w, https:\/\/www.xhplasticlife.com\/wp-content\/uploads\/2026\/01\/Bulk-Grain-Storage-Containers-3043-18x12.webp 18w, https:\/\/www.xhplasticlife.com\/wp-content\/uploads\/2026\/01\/Bulk-Grain-Storage-Containers-3043-600x413.webp 600w\" sizes=\"(max-width: 602px) 100vw, 602px\" \/><\/figure>\n<\/div>\n<\/div>","protected":false},"excerpt":{"rendered":"<p>Nous vous invitons \u00e0 acheter des conteneurs de stockage de c\u00e9r\u00e9ales en vrac avec couvercle herm\u00e9tique. En tant que fournisseur professionnel de r\u00e9cipients de stockage d'aliments personnalis\u00e9s, nous fournissons des pots \u00e0 grains en plastique durables avec couvercles herm\u00e9tiques. Les prix de gros directs, le support OEM\/ODM et les \u00e9chantillons gratuits aident les acheteurs \u00e0 s'approvisionner efficacement.<\/p>\n<h2>Conteneurs de stockage de c\u00e9r\u00e9ales en vrac Param\u00e8tres<\/h2>\n<p><strong>Mod\u00e8le<\/strong>: 3040-3043<br \/><strong>Nom de la marque<\/strong>: Xinghui<br \/><strong>Mat\u00e9riau<\/strong>: PP\u00a0<br \/><strong>Couleur<\/strong>: Rose, Bleu<br \/><strong>Emballage : <\/strong>Sac OPP<br \/><strong>OEM\/ODM<\/strong>: Disponible<br \/><strong>Option personnalis\u00e9e<\/strong>: Couleur\/Taille\/Logo\/Emballage<\/p>\n<h2>De la part du fabricant de r\u00e9cipients de stockage d'aliments :<\/h2>\n<p>Fond\u00e9e en 2000,<a href=\"https:\/\/www.xhplasticlife.com\/fr\/\">\u00a0<strong>Xinghui<\/strong><\/a>\u00a0est sp\u00e9cialis\u00e9e dans la production et la vente en gros de bo\u00eetes \u00e0 lunch, de r\u00e9cipients pour la conservation des aliments, de r\u00e9cipients pour les boissons, de r\u00e9cipients pour la conservation des produits m\u00e9nagers et d'autres produits quotidiens en plastique. Elle propose \u00e0 ses clients des services OEM et ODM ainsi que des services d'approvisionnement en ligne.<\/p>","protected":false},"featured_media":1977,"comment_status":"closed","ping_status":"closed","template":"","meta":{"_acf_changed":false},"product_brand":[],"product_cat":[18],"product_tag":[],"class_list":{"0":"post-1970","1":"product","2":"type-product","3":"status-publish","4":"has-post-thumbnail","6":"product_cat-bulk-food-storage-container","8":"first","9":"instock","10":"shipping-taxable","11":"product-type-simple"},"acf":[],"_links":{"self":[{"href":"https:\/\/www.xhplasticlife.com\/fr\/wp-json\/wp\/v2\/product\/1970","targetHints":{"allow":["GET"]}}],"collection":[{"href":"https:\/\/www.xhplasticlife.com\/fr\/wp-json\/wp\/v2\/product"}],"about":[{"href":"https:\/\/www.xhplasticlife.com\/fr\/wp-json\/wp\/v2\/types\/product"}],"replies":[{"embeddable":true,"href":"https:\/\/www.xhplasticlife.com\/fr\/wp-json\/wp\/v2\/comments?post=1970"}],"wp:featuredmedia":[{"embeddable":true,"href":"https:\/\/www.xhplasticlife.com\/fr\/wp-json\/wp\/v2\/media\/1977"}],"wp:attachment":[{"href":"https:\/\/www.xhplasticlife.com\/fr\/wp-json\/wp\/v2\/media?parent=1970"}],"wp:term":[{"taxonomy":"product_brand","embeddable":true,"href":"https:\/\/www.xhplasticlife.com\/fr\/wp-json\/wp\/v2\/product_brand?post=1970"},{"taxonomy":"product_cat","embeddable":true,"href":"https:\/\/www.xhplasticlife.com\/fr\/wp-json\/wp\/v2\/product_cat?post=1970"},{"taxonomy":"product_tag","embeddable":true,"href":"https:\/\/www.xhplasticlife.com\/fr\/wp-json\/wp\/v2\/product_tag?post=1970"}],"curies":[{"name":"wp","href":"https:\/\/api.w.org\/{rel}","templated":true}]}}