{"id":1904,"date":"2025-12-23T06:28:49","date_gmt":"2025-12-23T06:28:49","guid":{"rendered":"https:\/\/www.xhplasticlife.com\/?post_type=product&#038;p=1904"},"modified":"2026-04-02T10:02:32","modified_gmt":"2026-04-02T10:02:32","slug":"bulk-kids-lunch-boxes-manufacturer","status":"publish","type":"product","link":"https:\/\/www.xhplasticlife.com\/fr\/produit\/bulk-kids-lunch-boxes-manufacturer\/","title":{"rendered":"Bo\u00eetes \u00e0 lunch en vrac pour enfants, R\u00e9cipients en acier inoxydable pour aliments fabriqu\u00e9s sur mesure"},"content":{"rendered":"<div class=\"wp-block-columns is-layout-flex wp-container-core-columns-is-layout-9d6595d7 wp-block-columns-is-layout-flex\">\n<div class=\"wp-block-column is-layout-flow wp-block-column-is-layout-flow\">\n<h2 class=\"wp-block-heading\">Bo\u00eetes \u00e0 lunch pour enfants en vrac Caract\u00e9ristiques :<\/h2>\n\n\n\n<ul class=\"wp-block-list\">\n<li><strong>Rev\u00eatement int\u00e9rieur en acier inoxydable 304 de qualit\u00e9 alimentaire pour plus de s\u00e9curit\u00e9 et de tranquillit\u00e9 d'esprit : <\/strong>Fabriqu\u00e9 en acier inoxydable de qualit\u00e9 alimentaire, il est r\u00e9sistant \u00e0 la corrosion, ne rouille pas et ne d\u00e9gage pas d'odeur. Il convient \u00e0 une utilisation quotidienne r\u00e9p\u00e9t\u00e9e par les enfants. En tant que fabricant professionnel de r\u00e9cipients en acier inoxydable 304, nous contr\u00f4lons strictement la s\u00e9curit\u00e9 des mat\u00e9riaux.<\/li>\n\n\n\n<li><strong>Anneau d'\u00e9tanch\u00e9it\u00e9 en silicone + fermeture \u00e0 pression sur quatre c\u00f4t\u00e9s pour une meilleure pr\u00e9vention des fuites :<\/strong> L'anneau d'\u00e9tanch\u00e9it\u00e9 en silicone int\u00e9gr\u00e9, associ\u00e9 \u00e0 une structure de fermeture \u00e0 quatre boutons-pression, emp\u00eache efficacement les fuites de soupe et de liquide, ce qui permet de l'utiliser dans les sacs \u00e0 dos des enfants et de r\u00e9duire les inqui\u00e9tudes des parents concernant les fuites.<\/li>\n\n\n\n<li><strong>Chauffage par eau chaude dans la coque ext\u00e9rieure pour plus de commodit\u00e9 : <\/strong>Il permet un chauffage indirect en versant de l'eau chaude dans la coque ext\u00e9rieure en plastique, ce qui aide les enfants \u00e0 d\u00e9guster des repas chauds \u00e0 l'\u00e9cole ou lors de leurs sorties, renfor\u00e7ant ainsi l'aspect pratique et l'attrait du produit sur le march\u00e9.<\/li>\n\n\n\n<li><strong>Cuill\u00e8re incluse pour une utilisation facile :<\/strong> La cuill\u00e8re incluse est pratique pour les enfants et convient \u00e9galement aux besoins g\u00e9n\u00e9raux des \u00e9coles, des \u00e9tablissements de formation et des projets de cadeaux.<\/li>\n\n\n\n<li><strong>Durables et robustes, ils conviennent aux achats en gros \u00e0 long terme :<\/strong> Le rev\u00eatement int\u00e9rieur en acier inoxydable combin\u00e9 \u00e0 la structure durable de la coque ext\u00e9rieure r\u00e9siste aux chutes, \u00e0 l'usure et a une longue dur\u00e9e de vie, ce qui en fait un produit id\u00e9al pour les projets d'approvisionnement en vrac \u00e0 long terme de bo\u00eetes \u00e0 lunch pour enfants.<\/li>\n\n\n\n<li><strong>Support de personnalisation OEM\/ODM :<\/strong> Nous proposons des couleurs, des logos, des capacit\u00e9s et des solutions d'emballage personnalis\u00e9s afin d'aider les propri\u00e9taires de marques, les importateurs et les clients \u00e0 cr\u00e9er des bo\u00eetes \u00e0 lunch pour enfants diff\u00e9renci\u00e9es.<\/li>\n\n\n\n<li><strong>Fourniture directe par l'usine, prix avantageux :<\/strong> En tant qu'usine mature de conteneurs alimentaires en acier inoxydable 304, nous poss\u00e9dons une capacit\u00e9 de production stable et des prix de gros d'usine, ce qui aide les clients \u00e0 contr\u00f4ler efficacement les co\u00fbts d'approvisionnement.<\/li>\n\n\n\n<li><strong>Soutien gratuit \u00e0 l'\u00e9chantillonnage, r\u00e9duction des risques li\u00e9s \u00e0 l'approvisionnement : <\/strong>Nous fournissons des \u00e9chantillons gratuits pour faciliter les tests de qualit\u00e9 et la validation du march\u00e9 avant de passer des commandes formelles, ce qui acc\u00e9l\u00e8re les d\u00e9cisions de coop\u00e9ration.<\/li>\n<\/ul>\n<\/div>\n\n\n\n<div class=\"wp-block-column is-layout-flow wp-block-column-is-layout-flow\">\n<figure class=\"wp-block-image size-full\"><img decoding=\"async\" width=\"800\" height=\"800\" src=\"https:\/\/www.xhplasticlife.com\/wp-content\/uploads\/2025\/12\/Bulk-Kids-Lunch-Boxes-Stainless-Steel-Container-Manufacturer-4.webp\" alt=\"Bo\u00eetes \u00e0 lunch pour enfants en vrac R\u00e9cipients en acier inoxydable Fabricant (4)\" class=\"wp-image-1913\" srcset=\"https:\/\/www.xhplasticlife.com\/wp-content\/uploads\/2025\/12\/Bulk-Kids-Lunch-Boxes-Stainless-Steel-Container-Manufacturer-4.webp 800w, https:\/\/www.xhplasticlife.com\/wp-content\/uploads\/2025\/12\/Bulk-Kids-Lunch-Boxes-Stainless-Steel-Container-Manufacturer-4-300x300.webp 300w, https:\/\/www.xhplasticlife.com\/wp-content\/uploads\/2025\/12\/Bulk-Kids-Lunch-Boxes-Stainless-Steel-Container-Manufacturer-4-150x150.webp 150w, https:\/\/www.xhplasticlife.com\/wp-content\/uploads\/2025\/12\/Bulk-Kids-Lunch-Boxes-Stainless-Steel-Container-Manufacturer-4-768x768.webp 768w, https:\/\/www.xhplasticlife.com\/wp-content\/uploads\/2025\/12\/Bulk-Kids-Lunch-Boxes-Stainless-Steel-Container-Manufacturer-4-12x12.webp 12w, https:\/\/www.xhplasticlife.com\/wp-content\/uploads\/2025\/12\/Bulk-Kids-Lunch-Boxes-Stainless-Steel-Container-Manufacturer-4-600x600.webp 600w, https:\/\/www.xhplasticlife.com\/wp-content\/uploads\/2025\/12\/Bulk-Kids-Lunch-Boxes-Stainless-Steel-Container-Manufacturer-4-100x100.webp 100w\" sizes=\"(max-width: 800px) 100vw, 800px\" \/><\/figure>\n<\/div>\n<\/div>\n\n\n\n<div class=\"wp-block-columns is-layout-flex wp-container-core-columns-is-layout-9d6595d7 wp-block-columns-is-layout-flex\">\n<div class=\"wp-block-column is-layout-flow wp-block-column-is-layout-flow\">\n<figure class=\"wp-block-image size-full\"><img decoding=\"async\" width=\"800\" height=\"800\" src=\"https:\/\/www.xhplasticlife.com\/wp-content\/uploads\/2025\/12\/Bulk-Kids-Lunch-Boxes-Stainless-Steel-Container-Manufacturer-2.webp\" alt=\"Bo\u00eetes \u00e0 lunch pour enfants en vrac R\u00e9cipients en acier inoxydable Fabricant (2)\" class=\"wp-image-1911\" srcset=\"https:\/\/www.xhplasticlife.com\/wp-content\/uploads\/2025\/12\/Bulk-Kids-Lunch-Boxes-Stainless-Steel-Container-Manufacturer-2.webp 800w, https:\/\/www.xhplasticlife.com\/wp-content\/uploads\/2025\/12\/Bulk-Kids-Lunch-Boxes-Stainless-Steel-Container-Manufacturer-2-300x300.webp 300w, https:\/\/www.xhplasticlife.com\/wp-content\/uploads\/2025\/12\/Bulk-Kids-Lunch-Boxes-Stainless-Steel-Container-Manufacturer-2-150x150.webp 150w, https:\/\/www.xhplasticlife.com\/wp-content\/uploads\/2025\/12\/Bulk-Kids-Lunch-Boxes-Stainless-Steel-Container-Manufacturer-2-768x768.webp 768w, https:\/\/www.xhplasticlife.com\/wp-content\/uploads\/2025\/12\/Bulk-Kids-Lunch-Boxes-Stainless-Steel-Container-Manufacturer-2-12x12.webp 12w, https:\/\/www.xhplasticlife.com\/wp-content\/uploads\/2025\/12\/Bulk-Kids-Lunch-Boxes-Stainless-Steel-Container-Manufacturer-2-600x600.webp 600w, https:\/\/www.xhplasticlife.com\/wp-content\/uploads\/2025\/12\/Bulk-Kids-Lunch-Boxes-Stainless-Steel-Container-Manufacturer-2-100x100.webp 100w\" sizes=\"(max-width: 800px) 100vw, 800px\" \/><\/figure>\n<\/div>\n\n\n\n<div class=\"wp-block-column is-layout-flow wp-block-column-is-layout-flow\">\n<figure class=\"wp-block-image size-full\"><img decoding=\"async\" width=\"800\" height=\"800\" src=\"https:\/\/www.xhplasticlife.com\/wp-content\/uploads\/2025\/12\/Bulk-Kids-Lunch-Boxes-Stainless-Steel-Container-Manufacturer-3.webp\" alt=\"Bo\u00eetes \u00e0 lunch pour enfants en vrac R\u00e9cipients en acier inoxydable Fabricant (3)\" class=\"wp-image-1912\" srcset=\"https:\/\/www.xhplasticlife.com\/wp-content\/uploads\/2025\/12\/Bulk-Kids-Lunch-Boxes-Stainless-Steel-Container-Manufacturer-3.webp 800w, https:\/\/www.xhplasticlife.com\/wp-content\/uploads\/2025\/12\/Bulk-Kids-Lunch-Boxes-Stainless-Steel-Container-Manufacturer-3-300x300.webp 300w, https:\/\/www.xhplasticlife.com\/wp-content\/uploads\/2025\/12\/Bulk-Kids-Lunch-Boxes-Stainless-Steel-Container-Manufacturer-3-150x150.webp 150w, https:\/\/www.xhplasticlife.com\/wp-content\/uploads\/2025\/12\/Bulk-Kids-Lunch-Boxes-Stainless-Steel-Container-Manufacturer-3-768x768.webp 768w, https:\/\/www.xhplasticlife.com\/wp-content\/uploads\/2025\/12\/Bulk-Kids-Lunch-Boxes-Stainless-Steel-Container-Manufacturer-3-12x12.webp 12w, https:\/\/www.xhplasticlife.com\/wp-content\/uploads\/2025\/12\/Bulk-Kids-Lunch-Boxes-Stainless-Steel-Container-Manufacturer-3-600x600.webp 600w, https:\/\/www.xhplasticlife.com\/wp-content\/uploads\/2025\/12\/Bulk-Kids-Lunch-Boxes-Stainless-Steel-Container-Manufacturer-3-100x100.webp 100w\" sizes=\"(max-width: 800px) 100vw, 800px\" \/><\/figure>\n<\/div>\n<\/div>\n\n\n\n<div class=\"wp-block-columns is-layout-flex wp-container-core-columns-is-layout-9d6595d7 wp-block-columns-is-layout-flex\">\n<div class=\"wp-block-column is-layout-flow wp-block-column-is-layout-flow\">\n<figure class=\"wp-block-image size-full\"><img decoding=\"async\" width=\"800\" height=\"800\" src=\"https:\/\/www.xhplasticlife.com\/wp-content\/uploads\/2025\/12\/Bule-800ml-Kids-Lunch-Boxes-Wholesaler.webp\" alt=\"Bule 800ml Kids Lunch Boxes Grossiste\" class=\"wp-image-1908\" srcset=\"https:\/\/www.xhplasticlife.com\/wp-content\/uploads\/2025\/12\/Bule-800ml-Kids-Lunch-Boxes-Wholesaler.webp 800w, https:\/\/www.xhplasticlife.com\/wp-content\/uploads\/2025\/12\/Bule-800ml-Kids-Lunch-Boxes-Wholesaler-300x300.webp 300w, https:\/\/www.xhplasticlife.com\/wp-content\/uploads\/2025\/12\/Bule-800ml-Kids-Lunch-Boxes-Wholesaler-150x150.webp 150w, https:\/\/www.xhplasticlife.com\/wp-content\/uploads\/2025\/12\/Bule-800ml-Kids-Lunch-Boxes-Wholesaler-768x768.webp 768w, https:\/\/www.xhplasticlife.com\/wp-content\/uploads\/2025\/12\/Bule-800ml-Kids-Lunch-Boxes-Wholesaler-12x12.webp 12w, https:\/\/www.xhplasticlife.com\/wp-content\/uploads\/2025\/12\/Bule-800ml-Kids-Lunch-Boxes-Wholesaler-600x600.webp 600w, https:\/\/www.xhplasticlife.com\/wp-content\/uploads\/2025\/12\/Bule-800ml-Kids-Lunch-Boxes-Wholesaler-100x100.webp 100w\" sizes=\"(max-width: 800px) 100vw, 800px\" \/><\/figure>\n<\/div>\n\n\n\n<div class=\"wp-block-column is-layout-flow wp-block-column-is-layout-flow\">\n<figure class=\"wp-block-image size-full\"><img decoding=\"async\" width=\"800\" height=\"800\" src=\"https:\/\/www.xhplasticlife.com\/wp-content\/uploads\/2025\/12\/Bule-800ml-Decal-Kids-Lunch-Boxes-Wholesaler.webp\" alt=\"Bule 800ml Decal Kids Lunch Boxes Grossiste\" class=\"wp-image-1907\" srcset=\"https:\/\/www.xhplasticlife.com\/wp-content\/uploads\/2025\/12\/Bule-800ml-Decal-Kids-Lunch-Boxes-Wholesaler.webp 800w, https:\/\/www.xhplasticlife.com\/wp-content\/uploads\/2025\/12\/Bule-800ml-Decal-Kids-Lunch-Boxes-Wholesaler-300x300.webp 300w, https:\/\/www.xhplasticlife.com\/wp-content\/uploads\/2025\/12\/Bule-800ml-Decal-Kids-Lunch-Boxes-Wholesaler-150x150.webp 150w, https:\/\/www.xhplasticlife.com\/wp-content\/uploads\/2025\/12\/Bule-800ml-Decal-Kids-Lunch-Boxes-Wholesaler-768x768.webp 768w, https:\/\/www.xhplasticlife.com\/wp-content\/uploads\/2025\/12\/Bule-800ml-Decal-Kids-Lunch-Boxes-Wholesaler-12x12.webp 12w, https:\/\/www.xhplasticlife.com\/wp-content\/uploads\/2025\/12\/Bule-800ml-Decal-Kids-Lunch-Boxes-Wholesaler-600x600.webp 600w, https:\/\/www.xhplasticlife.com\/wp-content\/uploads\/2025\/12\/Bule-800ml-Decal-Kids-Lunch-Boxes-Wholesaler-100x100.webp 100w\" sizes=\"(max-width: 800px) 100vw, 800px\" \/><\/figure>\n<\/div>\n\n\n\n<div class=\"wp-block-column is-layout-flow wp-block-column-is-layout-flow\">\n<figure class=\"wp-block-image size-full\"><img decoding=\"async\" width=\"800\" height=\"800\" src=\"https:\/\/www.xhplasticlife.com\/wp-content\/uploads\/2025\/12\/800ml-Pink-Kids-Lunch-Boxes-Wholessale-Supplier-2.webp\" alt=\"800ml Pink Kids Lunch Boxes Wholessale Supplier (2)\" class=\"wp-image-1906\" srcset=\"https:\/\/www.xhplasticlife.com\/wp-content\/uploads\/2025\/12\/800ml-Pink-Kids-Lunch-Boxes-Wholessale-Supplier-2.webp 800w, https:\/\/www.xhplasticlife.com\/wp-content\/uploads\/2025\/12\/800ml-Pink-Kids-Lunch-Boxes-Wholessale-Supplier-2-300x300.webp 300w, https:\/\/www.xhplasticlife.com\/wp-content\/uploads\/2025\/12\/800ml-Pink-Kids-Lunch-Boxes-Wholessale-Supplier-2-150x150.webp 150w, https:\/\/www.xhplasticlife.com\/wp-content\/uploads\/2025\/12\/800ml-Pink-Kids-Lunch-Boxes-Wholessale-Supplier-2-768x768.webp 768w, https:\/\/www.xhplasticlife.com\/wp-content\/uploads\/2025\/12\/800ml-Pink-Kids-Lunch-Boxes-Wholessale-Supplier-2-12x12.webp 12w, https:\/\/www.xhplasticlife.com\/wp-content\/uploads\/2025\/12\/800ml-Pink-Kids-Lunch-Boxes-Wholessale-Supplier-2-600x600.webp 600w, https:\/\/www.xhplasticlife.com\/wp-content\/uploads\/2025\/12\/800ml-Pink-Kids-Lunch-Boxes-Wholessale-Supplier-2-100x100.webp 100w\" sizes=\"(max-width: 800px) 100vw, 800px\" \/><\/figure>\n<\/div>\n\n\n\n<div class=\"wp-block-column is-layout-flow wp-block-column-is-layout-flow\">\n<figure class=\"wp-block-image size-full\"><img decoding=\"async\" width=\"800\" height=\"800\" src=\"https:\/\/www.xhplasticlife.com\/wp-content\/uploads\/2025\/12\/800ml-Pink-Decal-Kids-Lunch-Boxes-Wholessale-Supplier-1.webp\" alt=\"800ml Pink Decal Kids Lunch Boxes Wholessale Supplier (1)\" class=\"wp-image-1905\" srcset=\"https:\/\/www.xhplasticlife.com\/wp-content\/uploads\/2025\/12\/800ml-Pink-Decal-Kids-Lunch-Boxes-Wholessale-Supplier-1.webp 800w, https:\/\/www.xhplasticlife.com\/wp-content\/uploads\/2025\/12\/800ml-Pink-Decal-Kids-Lunch-Boxes-Wholessale-Supplier-1-300x300.webp 300w, https:\/\/www.xhplasticlife.com\/wp-content\/uploads\/2025\/12\/800ml-Pink-Decal-Kids-Lunch-Boxes-Wholessale-Supplier-1-150x150.webp 150w, https:\/\/www.xhplasticlife.com\/wp-content\/uploads\/2025\/12\/800ml-Pink-Decal-Kids-Lunch-Boxes-Wholessale-Supplier-1-768x768.webp 768w, https:\/\/www.xhplasticlife.com\/wp-content\/uploads\/2025\/12\/800ml-Pink-Decal-Kids-Lunch-Boxes-Wholessale-Supplier-1-12x12.webp 12w, https:\/\/www.xhplasticlife.com\/wp-content\/uploads\/2025\/12\/800ml-Pink-Decal-Kids-Lunch-Boxes-Wholessale-Supplier-1-600x600.webp 600w, https:\/\/www.xhplasticlife.com\/wp-content\/uploads\/2025\/12\/800ml-Pink-Decal-Kids-Lunch-Boxes-Wholessale-Supplier-1-100x100.webp 100w\" sizes=\"(max-width: 800px) 100vw, 800px\" \/><\/figure>\n<\/div>\n<\/div>\n\n\n\n<p><\/p>","protected":false},"excerpt":{"rendered":"<p data-start=\"444\" data-end=\"725\">Nous sommes heureux d'acheter des bo\u00eetes \u00e0 lunch pour enfants en vrac. En tant que fabricant de contenants en acier inoxydable 304, nous offrons des bo\u00eetes \u00e0 lunch pour enfants s\u00e9curitaires avec anneau de silicone scell\u00e9, quatre fermetures \u00e0 pression et une cuill\u00e8re incluse. Nos prix de gros et nos \u00e9chantillons gratuits permettent aux acheteurs de s'approvisionner en toute confiance.<\/p>\n<h2>Bo\u00eetes \u00e0 lunch pour enfants en vrac Param\u00e8tre :<\/h2>\n<ul>\n<li><strong>Mod\u00e8le<\/strong>: 6536<\/li>\n<li><strong>Nom de la marque<\/strong>: Xinghui<\/li>\n<li><strong>Mat\u00e9riau<\/strong>: PP+silicone+acier inoxydable<\/li>\n<li><strong>Taille :<\/strong> 21,5*15*7,5cm<\/li>\n<li><strong>Capacit\u00e9 :<\/strong> 1100ml<\/li>\n<li><strong>Couleur<\/strong>: rose, bleu, vert<\/li>\n<li><strong>Poids brut : <\/strong>11kg<\/li>\n<li><strong>Taille du carton :<\/strong> 47*34*47cm<\/li>\n<li><strong>Emballage :<\/strong> 24 pcs\/ctn<\/li>\n<li><strong>Emballages<\/strong>: Sac OPP<\/li>\n<li><strong>OEM\/ODM<\/strong>: Disponible<\/li>\n<li><strong>MOQ : <\/strong>2000 pi\u00e8ces<\/li>\n<li><strong>Option personnalis\u00e9e<\/strong>: Couleur\/Taille\/Logo\/Emballage<\/li>\n<\/ul>\n<h2>De Daily Plasticware, fabricant de produits en plastique :<\/h2>\n<p>Fond\u00e9e en 2000,\u00a0<a href=\"https:\/\/www.xhplasticlife.com\/fr\/\"><strong>Xinghui<\/strong><\/a> est sp\u00e9cialis\u00e9e dans la production et la vente en gros de bo\u00eetes \u00e0 lunch, de r\u00e9cipients pour la conservation des aliments, de r\u00e9cipients pour les boissons, de r\u00e9cipients pour la conservation des produits m\u00e9nagers et d'autres produits quotidiens en plastique. Elle propose \u00e0 ses clients des services OEM et ODM ainsi que des services d'approvisionnement en ligne.<\/p>","protected":false},"featured_media":1910,"comment_status":"closed","ping_status":"closed","template":"","meta":{"_acf_changed":false},"product_brand":[],"product_cat":[17,35],"product_tag":[],"class_list":{"0":"post-1904","1":"product","2":"type-product","3":"status-publish","4":"has-post-thumbnail","6":"product_cat-wholesale-lunch-boxes","7":"product_cat-stainless-steel-lunch-box-manufacturer","9":"first","10":"instock","11":"shipping-taxable","12":"product-type-simple"},"acf":[],"_links":{"self":[{"href":"https:\/\/www.xhplasticlife.com\/fr\/wp-json\/wp\/v2\/product\/1904","targetHints":{"allow":["GET"]}}],"collection":[{"href":"https:\/\/www.xhplasticlife.com\/fr\/wp-json\/wp\/v2\/product"}],"about":[{"href":"https:\/\/www.xhplasticlife.com\/fr\/wp-json\/wp\/v2\/types\/product"}],"replies":[{"embeddable":true,"href":"https:\/\/www.xhplasticlife.com\/fr\/wp-json\/wp\/v2\/comments?post=1904"}],"wp:featuredmedia":[{"embeddable":true,"href":"https:\/\/www.xhplasticlife.com\/fr\/wp-json\/wp\/v2\/media\/1910"}],"wp:attachment":[{"href":"https:\/\/www.xhplasticlife.com\/fr\/wp-json\/wp\/v2\/media?parent=1904"}],"wp:term":[{"taxonomy":"product_brand","embeddable":true,"href":"https:\/\/www.xhplasticlife.com\/fr\/wp-json\/wp\/v2\/product_brand?post=1904"},{"taxonomy":"product_cat","embeddable":true,"href":"https:\/\/www.xhplasticlife.com\/fr\/wp-json\/wp\/v2\/product_cat?post=1904"},{"taxonomy":"product_tag","embeddable":true,"href":"https:\/\/www.xhplasticlife.com\/fr\/wp-json\/wp\/v2\/product_tag?post=1904"}],"curies":[{"name":"wp","href":"https:\/\/api.w.org\/{rel}","templated":true}]}}