{"id":1892,"date":"2025-12-22T09:05:17","date_gmt":"2025-12-22T09:05:17","guid":{"rendered":"https:\/\/www.xhplasticlife.com\/?post_type=product&#038;p=1892"},"modified":"2026-04-02T10:02:37","modified_gmt":"2026-04-02T10:02:37","slug":"bulk-lunch-boxes-for-kids","status":"publish","type":"product","link":"https:\/\/www.xhplasticlife.com\/fr\/produit\/bulk-lunch-boxes-for-kids\/","title":{"rendered":"Bo\u00eete \u00e0 lunch personnalis\u00e9e pour enfants, bo\u00eete \u00e0 lunch en acier inoxydable 304 de qualit\u00e9 alimentaire Factory"},"content":{"rendered":"<div class=\"wp-block-columns is-layout-flex wp-container-core-columns-is-layout-9d6595d7 wp-block-columns-is-layout-flex\">\n<div class=\"wp-block-column is-layout-flow wp-block-column-is-layout-flow\">\n<h2 class=\"wp-block-heading\">Bo\u00eetes \u00e0 lunch en vrac pour enfants Caract\u00e9ristiques :<\/h2>\n\n\n\n<ul class=\"wp-block-list\">\n<li><strong>Acier inoxydable 304 de qualit\u00e9 alimentaire pour une utilisation plus s\u00fbre par les enfants :<\/strong> Fabriqu\u00e9s avec des mat\u00e9riaux de qualit\u00e9 alimentaire, exempts de substances nocives, r\u00e9sistants \u00e0 la rouille et inodores, ils conviennent \u00e0 une utilisation quotidienne et r\u00e9p\u00e9t\u00e9e par les enfants. En tant que fabricant professionnel de bo\u00eetes \u00e0 lunch en acier inoxydable 304, nous assurons un contr\u00f4le strict des normes de s\u00e9curit\u00e9.<\/li>\n\n\n\n<li><strong>Con\u00e7ue sp\u00e9cialement pour les enfants, elle est pratique et conviviale : <\/strong>Sa structure raisonnable et sa capacit\u00e9 mod\u00e9r\u00e9e permettent aux parents de pr\u00e9parer facilement des repas nutritifs et \u00e9quilibr\u00e9s pour leurs enfants. Il convient aux d\u00e9jeuners scolaires, aux jardins d'enfants et \u00e0 l'usage domestique.<\/li>\n\n\n\n<li><strong>Robuste et durable, id\u00e9al pour l'approvisionnement en vrac \u00e0 long terme :<\/strong> Le mat\u00e9riau en acier inoxydable est r\u00e9sistant aux chutes et \u00e0 l'usure, plus durable que le plastique, r\u00e9duisant la fr\u00e9quence de remplacement, ce qui en fait la solution id\u00e9ale pour les bo\u00eetes \u00e0 lunch en vrac \u00e0 long terme pour les enfants.<\/li>\n\n\n\n<li><strong>Facile \u00e0 nettoyer, il r\u00e9pond aux tendances en mati\u00e8re d'hygi\u00e8ne et d'environnement :<\/strong> La surface lisse est facile \u00e0 nettoyer et r\u00e9sistante aux taches d'huile, ce qui permet un nettoyage rapide et une utilisation r\u00e9p\u00e9t\u00e9e, r\u00e9pondant ainsi \u00e0 la demande actuelle du march\u00e9 pour une vaisselle pour enfants respectueuse de l'environnement.<\/li>\n\n\n\n<li><strong>Soutien \u00e0 la personnalisation pour stimuler l'expansion de la marque et des canaux de distribution :<\/strong> Nous proposons des services de personnalisation OEM\/ODM pour la taille, le logo et l'emballage, afin de r\u00e9pondre aux besoins sp\u00e9cifiques des marques, des importateurs et des \u00e9tablissements d'enseignement.<\/li>\n\n\n\n<li><strong>Fourniture directe par l'usine, prix stables et comp\u00e9titifs :<\/strong> En tant qu'usine mature de conteneurs \u00e0 d\u00e9jeuner en acier inoxydable 304, nous avons une capacit\u00e9 de production stable et des avantages de prix de gros d'usine, aidant les clients \u00e0 contr\u00f4ler les co\u00fbts.<\/li>\n\n\n\n<li><strong>Aide \u00e0 l'\u00e9chantillonnage gratuite pour r\u00e9duire les risques li\u00e9s aux d\u00e9cisions d'achat :<\/strong> Nous fournissons des \u00e9chantillons gratuits pour permettre aux acheteurs d'effectuer des tests de qualit\u00e9 et de v\u00e9rifier le march\u00e9 avant de passer commande, ce qui acc\u00e9l\u00e8re le processus de coop\u00e9ration.<\/li>\n<\/ul>\n<\/div>\n\n\n\n<div class=\"wp-block-column is-layout-flow wp-block-column-is-layout-flow\">\n<figure class=\"wp-block-image size-full\"><img decoding=\"async\" width=\"800\" height=\"800\" src=\"https:\/\/www.xhplasticlife.com\/wp-content\/uploads\/2025\/12\/Bulk-Lunch-Boxes-for-Kids-xinghui-plastic-manufacturer-4.webp\" alt=\"Bo\u00eetes \u00e0 lunch en vrac pour enfants - xinghui plastic manufacturer (4)\" class=\"wp-image-1902\" srcset=\"https:\/\/www.xhplasticlife.com\/wp-content\/uploads\/2025\/12\/Bulk-Lunch-Boxes-for-Kids-xinghui-plastic-manufacturer-4.webp 800w, https:\/\/www.xhplasticlife.com\/wp-content\/uploads\/2025\/12\/Bulk-Lunch-Boxes-for-Kids-xinghui-plastic-manufacturer-4-300x300.webp 300w, https:\/\/www.xhplasticlife.com\/wp-content\/uploads\/2025\/12\/Bulk-Lunch-Boxes-for-Kids-xinghui-plastic-manufacturer-4-150x150.webp 150w, https:\/\/www.xhplasticlife.com\/wp-content\/uploads\/2025\/12\/Bulk-Lunch-Boxes-for-Kids-xinghui-plastic-manufacturer-4-768x768.webp 768w, https:\/\/www.xhplasticlife.com\/wp-content\/uploads\/2025\/12\/Bulk-Lunch-Boxes-for-Kids-xinghui-plastic-manufacturer-4-12x12.webp 12w, https:\/\/www.xhplasticlife.com\/wp-content\/uploads\/2025\/12\/Bulk-Lunch-Boxes-for-Kids-xinghui-plastic-manufacturer-4-600x600.webp 600w, https:\/\/www.xhplasticlife.com\/wp-content\/uploads\/2025\/12\/Bulk-Lunch-Boxes-for-Kids-xinghui-plastic-manufacturer-4-100x100.webp 100w\" sizes=\"(max-width: 800px) 100vw, 800px\" \/><\/figure>\n<\/div>\n<\/div>\n\n\n\n<div class=\"wp-block-columns is-layout-flex wp-container-core-columns-is-layout-9d6595d7 wp-block-columns-is-layout-flex\">\n<div class=\"wp-block-column is-layout-flow wp-block-column-is-layout-flow\">\n<figure class=\"wp-block-image size-full\"><img decoding=\"async\" width=\"800\" height=\"800\" src=\"https:\/\/www.xhplasticlife.com\/wp-content\/uploads\/2025\/12\/3-compartments-Bulk-Green-Lunch-Boxes-for-Kids-4.webp\" alt=\"Bo\u00eetes \u00e0 lunch vertes en vrac \u00e0 3 compartiments pour enfants (4)\" class=\"wp-image-1898\" srcset=\"https:\/\/www.xhplasticlife.com\/wp-content\/uploads\/2025\/12\/3-compartments-Bulk-Green-Lunch-Boxes-for-Kids-4.webp 800w, https:\/\/www.xhplasticlife.com\/wp-content\/uploads\/2025\/12\/3-compartments-Bulk-Green-Lunch-Boxes-for-Kids-4-300x300.webp 300w, https:\/\/www.xhplasticlife.com\/wp-content\/uploads\/2025\/12\/3-compartments-Bulk-Green-Lunch-Boxes-for-Kids-4-150x150.webp 150w, https:\/\/www.xhplasticlife.com\/wp-content\/uploads\/2025\/12\/3-compartments-Bulk-Green-Lunch-Boxes-for-Kids-4-768x768.webp 768w, https:\/\/www.xhplasticlife.com\/wp-content\/uploads\/2025\/12\/3-compartments-Bulk-Green-Lunch-Boxes-for-Kids-4-12x12.webp 12w, https:\/\/www.xhplasticlife.com\/wp-content\/uploads\/2025\/12\/3-compartments-Bulk-Green-Lunch-Boxes-for-Kids-4-600x600.webp 600w, https:\/\/www.xhplasticlife.com\/wp-content\/uploads\/2025\/12\/3-compartments-Bulk-Green-Lunch-Boxes-for-Kids-4-100x100.webp 100w\" sizes=\"(max-width: 800px) 100vw, 800px\" \/><\/figure>\n<\/div>\n\n\n\n<div class=\"wp-block-column is-layout-flow wp-block-column-is-layout-flow\">\n<figure class=\"wp-block-image size-full\"><img decoding=\"async\" width=\"800\" height=\"800\" src=\"https:\/\/www.xhplasticlife.com\/wp-content\/uploads\/2025\/12\/3-compartments-Bulk-Green-Lunch-Boxes-for-Kids-3.webp\" alt=\"Bo\u00eetes \u00e0 lunch vertes en vrac \u00e0 3 compartiments pour les enfants (3)\" class=\"wp-image-1897\" srcset=\"https:\/\/www.xhplasticlife.com\/wp-content\/uploads\/2025\/12\/3-compartments-Bulk-Green-Lunch-Boxes-for-Kids-3.webp 800w, https:\/\/www.xhplasticlife.com\/wp-content\/uploads\/2025\/12\/3-compartments-Bulk-Green-Lunch-Boxes-for-Kids-3-300x300.webp 300w, https:\/\/www.xhplasticlife.com\/wp-content\/uploads\/2025\/12\/3-compartments-Bulk-Green-Lunch-Boxes-for-Kids-3-150x150.webp 150w, https:\/\/www.xhplasticlife.com\/wp-content\/uploads\/2025\/12\/3-compartments-Bulk-Green-Lunch-Boxes-for-Kids-3-768x768.webp 768w, https:\/\/www.xhplasticlife.com\/wp-content\/uploads\/2025\/12\/3-compartments-Bulk-Green-Lunch-Boxes-for-Kids-3-12x12.webp 12w, https:\/\/www.xhplasticlife.com\/wp-content\/uploads\/2025\/12\/3-compartments-Bulk-Green-Lunch-Boxes-for-Kids-3-600x600.webp 600w, https:\/\/www.xhplasticlife.com\/wp-content\/uploads\/2025\/12\/3-compartments-Bulk-Green-Lunch-Boxes-for-Kids-3-100x100.webp 100w\" sizes=\"(max-width: 800px) 100vw, 800px\" \/><\/figure>\n<\/div>\n\n\n\n<div class=\"wp-block-column is-layout-flow wp-block-column-is-layout-flow\">\n<figure class=\"wp-block-image size-full\"><img decoding=\"async\" width=\"800\" height=\"800\" src=\"https:\/\/www.xhplasticlife.com\/wp-content\/uploads\/2025\/12\/3-compartments-Bulk-Pink-Lunch-Boxes-for-Kids-5.webp\" alt=\"Bo\u00eete \u00e0 lunch rose en vrac \u00e0 3 compartiments pour les enfants (5)\" class=\"wp-image-1896\" srcset=\"https:\/\/www.xhplasticlife.com\/wp-content\/uploads\/2025\/12\/3-compartments-Bulk-Pink-Lunch-Boxes-for-Kids-5.webp 800w, https:\/\/www.xhplasticlife.com\/wp-content\/uploads\/2025\/12\/3-compartments-Bulk-Pink-Lunch-Boxes-for-Kids-5-300x300.webp 300w, https:\/\/www.xhplasticlife.com\/wp-content\/uploads\/2025\/12\/3-compartments-Bulk-Pink-Lunch-Boxes-for-Kids-5-150x150.webp 150w, https:\/\/www.xhplasticlife.com\/wp-content\/uploads\/2025\/12\/3-compartments-Bulk-Pink-Lunch-Boxes-for-Kids-5-768x768.webp 768w, https:\/\/www.xhplasticlife.com\/wp-content\/uploads\/2025\/12\/3-compartments-Bulk-Pink-Lunch-Boxes-for-Kids-5-12x12.webp 12w, https:\/\/www.xhplasticlife.com\/wp-content\/uploads\/2025\/12\/3-compartments-Bulk-Pink-Lunch-Boxes-for-Kids-5-600x600.webp 600w, https:\/\/www.xhplasticlife.com\/wp-content\/uploads\/2025\/12\/3-compartments-Bulk-Pink-Lunch-Boxes-for-Kids-5-100x100.webp 100w\" sizes=\"(max-width: 800px) 100vw, 800px\" \/><\/figure>\n<\/div>\n<\/div>\n\n\n\n<div class=\"wp-block-columns is-layout-flex wp-container-core-columns-is-layout-9d6595d7 wp-block-columns-is-layout-flex\">\n<div class=\"wp-block-column is-layout-flow wp-block-column-is-layout-flow\">\n<figure class=\"wp-block-image size-full\"><img decoding=\"async\" width=\"800\" height=\"800\" src=\"https:\/\/www.xhplasticlife.com\/wp-content\/uploads\/2025\/12\/2-compartments-Bulk-Lunch-Boxes-for-Kids-6.webp\" alt=\"2 compartiments - Bo\u00eetes \u00e0 lunch en vrac pour enfants (6)\" class=\"wp-image-1893\" srcset=\"https:\/\/www.xhplasticlife.com\/wp-content\/uploads\/2025\/12\/2-compartments-Bulk-Lunch-Boxes-for-Kids-6.webp 800w, https:\/\/www.xhplasticlife.com\/wp-content\/uploads\/2025\/12\/2-compartments-Bulk-Lunch-Boxes-for-Kids-6-300x300.webp 300w, https:\/\/www.xhplasticlife.com\/wp-content\/uploads\/2025\/12\/2-compartments-Bulk-Lunch-Boxes-for-Kids-6-150x150.webp 150w, https:\/\/www.xhplasticlife.com\/wp-content\/uploads\/2025\/12\/2-compartments-Bulk-Lunch-Boxes-for-Kids-6-768x768.webp 768w, https:\/\/www.xhplasticlife.com\/wp-content\/uploads\/2025\/12\/2-compartments-Bulk-Lunch-Boxes-for-Kids-6-12x12.webp 12w, https:\/\/www.xhplasticlife.com\/wp-content\/uploads\/2025\/12\/2-compartments-Bulk-Lunch-Boxes-for-Kids-6-600x600.webp 600w, https:\/\/www.xhplasticlife.com\/wp-content\/uploads\/2025\/12\/2-compartments-Bulk-Lunch-Boxes-for-Kids-6-100x100.webp 100w\" sizes=\"(max-width: 800px) 100vw, 800px\" \/><\/figure>\n<\/div>\n\n\n\n<div class=\"wp-block-column is-layout-flow wp-block-column-is-layout-flow\">\n<figure class=\"wp-block-image size-full\"><img decoding=\"async\" width=\"800\" height=\"800\" src=\"https:\/\/www.xhplasticlife.com\/wp-content\/uploads\/2025\/12\/2-compartments-Bulk-Lunch-Boxes-for-Kids-7.webp\" alt=\"2 compartiments - Bo\u00eetes \u00e0 lunch en vrac pour enfants (7)\" class=\"wp-image-1894\" srcset=\"https:\/\/www.xhplasticlife.com\/wp-content\/uploads\/2025\/12\/2-compartments-Bulk-Lunch-Boxes-for-Kids-7.webp 800w, https:\/\/www.xhplasticlife.com\/wp-content\/uploads\/2025\/12\/2-compartments-Bulk-Lunch-Boxes-for-Kids-7-300x300.webp 300w, https:\/\/www.xhplasticlife.com\/wp-content\/uploads\/2025\/12\/2-compartments-Bulk-Lunch-Boxes-for-Kids-7-150x150.webp 150w, https:\/\/www.xhplasticlife.com\/wp-content\/uploads\/2025\/12\/2-compartments-Bulk-Lunch-Boxes-for-Kids-7-768x768.webp 768w, https:\/\/www.xhplasticlife.com\/wp-content\/uploads\/2025\/12\/2-compartments-Bulk-Lunch-Boxes-for-Kids-7-12x12.webp 12w, https:\/\/www.xhplasticlife.com\/wp-content\/uploads\/2025\/12\/2-compartments-Bulk-Lunch-Boxes-for-Kids-7-600x600.webp 600w, https:\/\/www.xhplasticlife.com\/wp-content\/uploads\/2025\/12\/2-compartments-Bulk-Lunch-Boxes-for-Kids-7-100x100.webp 100w\" sizes=\"(max-width: 800px) 100vw, 800px\" \/><\/figure>\n<\/div>\n\n\n\n<div class=\"wp-block-column is-layout-flow wp-block-column-is-layout-flow\">\n<figure class=\"wp-block-image size-full\"><img decoding=\"async\" width=\"800\" height=\"800\" src=\"https:\/\/www.xhplasticlife.com\/wp-content\/uploads\/2025\/12\/2-compartments-Bulk-Lunch-Boxes-for-Kids-8.webp\" alt=\"2 compartiments - Bo\u00eetes \u00e0 lunch en vrac pour enfants (8)\" class=\"wp-image-1895\" srcset=\"https:\/\/www.xhplasticlife.com\/wp-content\/uploads\/2025\/12\/2-compartments-Bulk-Lunch-Boxes-for-Kids-8.webp 800w, https:\/\/www.xhplasticlife.com\/wp-content\/uploads\/2025\/12\/2-compartments-Bulk-Lunch-Boxes-for-Kids-8-300x300.webp 300w, https:\/\/www.xhplasticlife.com\/wp-content\/uploads\/2025\/12\/2-compartments-Bulk-Lunch-Boxes-for-Kids-8-150x150.webp 150w, https:\/\/www.xhplasticlife.com\/wp-content\/uploads\/2025\/12\/2-compartments-Bulk-Lunch-Boxes-for-Kids-8-768x768.webp 768w, https:\/\/www.xhplasticlife.com\/wp-content\/uploads\/2025\/12\/2-compartments-Bulk-Lunch-Boxes-for-Kids-8-12x12.webp 12w, https:\/\/www.xhplasticlife.com\/wp-content\/uploads\/2025\/12\/2-compartments-Bulk-Lunch-Boxes-for-Kids-8-600x600.webp 600w, https:\/\/www.xhplasticlife.com\/wp-content\/uploads\/2025\/12\/2-compartments-Bulk-Lunch-Boxes-for-Kids-8-100x100.webp 100w\" sizes=\"(max-width: 800px) 100vw, 800px\" \/><\/figure>\n<\/div>\n<\/div>","protected":false},"excerpt":{"rendered":"<p data-start=\"444\" data-end=\"725\">Nous sommes heureux d'acheter des bo\u00eetes \u00e0 lunch en vrac pour les enfants. En tant que fabricant professionnel de bo\u00eetes \u00e0 lunch en acier inoxydable 304, nous fournissons des bo\u00eetes \u00e0 lunch durables et de qualit\u00e9 alimentaire con\u00e7ues pour les enfants. Les prix de gros directs, le service OEM\/ODM et les \u00e9chantillons gratuits aident les acheteurs \u00e0 s'approvisionner en toute confiance.<\/p>\n<h2>Bo\u00eetes \u00e0 lunch en vrac pour les enfants Param\u00e8tre :<\/h2>\n<ul>\n<li><strong>Mod\u00e8le<\/strong>: 6533<\/li>\n<li><strong>Nom de la marque<\/strong>: Xinghui<\/li>\n<li><strong>Mat\u00e9riau<\/strong>: PP+silicone+acier inoxydable<\/li>\n<li><strong>Taille :<\/strong> 24*17*7.5cm<\/li>\n<li><strong>Capacit\u00e9 :<\/strong> 1100ml<\/li>\n<li><strong>Couleur<\/strong>: rose, bleu, vert<\/li>\n<li><strong>Poids brut : <\/strong>13 kg<\/li>\n<li><strong>Taille du carton :<\/strong> 50*36*47cm<\/li>\n<li><strong>Emballage :<\/strong> 24 pcs\/ctn<\/li>\n<li><strong>Emballages<\/strong>: Sac OPP<\/li>\n<li><strong>OEM\/ODM<\/strong>: Disponible<\/li>\n<li><strong>MOQ : <\/strong>2000 pi\u00e8ces<\/li>\n<li><strong>Option personnalis\u00e9e<\/strong>: Couleur\/Taille\/Logo\/Emballage<\/li>\n<\/ul>\n<h2>De Daily Plasticware, fabricant de produits en plastique :<\/h2>\n<p>Fond\u00e9e en 2000,\u00a0<a href=\"https:\/\/www.xhplasticlife.com\/fr\/\"><strong>Xinghui<\/strong><\/a> est sp\u00e9cialis\u00e9e dans la production et la vente en gros de bo\u00eetes \u00e0 lunch, de r\u00e9cipients pour la conservation des aliments, de r\u00e9cipients pour les boissons, de r\u00e9cipients pour la conservation des produits m\u00e9nagers et d'autres produits quotidiens en plastique. Elle propose \u00e0 ses clients des services OEM et ODM ainsi que des services d'approvisionnement en ligne.<\/p>","protected":false},"featured_media":1899,"comment_status":"closed","ping_status":"closed","template":"","meta":{"_acf_changed":false},"product_brand":[],"product_cat":[17,35],"product_tag":[],"class_list":{"0":"post-1892","1":"product","2":"type-product","3":"status-publish","4":"has-post-thumbnail","6":"product_cat-wholesale-lunch-boxes","7":"product_cat-stainless-steel-lunch-box-manufacturer","9":"first","10":"instock","11":"shipping-taxable","12":"product-type-simple"},"acf":[],"_links":{"self":[{"href":"https:\/\/www.xhplasticlife.com\/fr\/wp-json\/wp\/v2\/product\/1892","targetHints":{"allow":["GET"]}}],"collection":[{"href":"https:\/\/www.xhplasticlife.com\/fr\/wp-json\/wp\/v2\/product"}],"about":[{"href":"https:\/\/www.xhplasticlife.com\/fr\/wp-json\/wp\/v2\/types\/product"}],"replies":[{"embeddable":true,"href":"https:\/\/www.xhplasticlife.com\/fr\/wp-json\/wp\/v2\/comments?post=1892"}],"wp:featuredmedia":[{"embeddable":true,"href":"https:\/\/www.xhplasticlife.com\/fr\/wp-json\/wp\/v2\/media\/1899"}],"wp:attachment":[{"href":"https:\/\/www.xhplasticlife.com\/fr\/wp-json\/wp\/v2\/media?parent=1892"}],"wp:term":[{"taxonomy":"product_brand","embeddable":true,"href":"https:\/\/www.xhplasticlife.com\/fr\/wp-json\/wp\/v2\/product_brand?post=1892"},{"taxonomy":"product_cat","embeddable":true,"href":"https:\/\/www.xhplasticlife.com\/fr\/wp-json\/wp\/v2\/product_cat?post=1892"},{"taxonomy":"product_tag","embeddable":true,"href":"https:\/\/www.xhplasticlife.com\/fr\/wp-json\/wp\/v2\/product_tag?post=1892"}],"curies":[{"name":"wp","href":"https:\/\/api.w.org\/{rel}","templated":true}]}}