{"id":1885,"date":"2025-12-22T07:33:10","date_gmt":"2025-12-22T07:33:10","guid":{"rendered":"https:\/\/www.xhplasticlife.com\/?post_type=product&#038;p=1885"},"modified":"2026-04-02T10:03:43","modified_gmt":"2026-04-02T10:03:43","slug":"2-compartments-lunch-box-in-bulk","status":"publish","type":"product","link":"https:\/\/www.xhplasticlife.com\/fr\/produit\/2-compartments-lunch-box-in-bulk\/","title":{"rendered":"Bo\u00eete \u00e0 lunch \u00e0 2 compartiments en vrac, Bo\u00eete \u00e0 lunch en acier inoxydable 304 Fournisseur"},"content":{"rendered":"<div class=\"wp-block-columns is-layout-flex wp-container-core-columns-is-layout-9d6595d7 wp-block-columns-is-layout-flex\">\n<div class=\"wp-block-column is-layout-flow wp-block-column-is-layout-flow\">\n<h2 class=\"wp-block-heading\">Bo\u00eete \u00e0 lunch \u00e0 2 compartiments en vrac Caract\u00e9ristiques :<\/h2>\n\n\n\n<ul class=\"wp-block-list\">\n<li>Acier inoxydable 304 de qualit\u00e9 alimentaire, plus s\u00fbr et plus fiable : Fabriqu\u00e9 avec des mat\u00e9riaux de qualit\u00e9 alimentaire de haut niveau, il est r\u00e9sistant \u00e0 la corrosion, ne rouille pas et n'a pas d'odeur. Il convient \u00e0 une utilisation r\u00e9p\u00e9t\u00e9e \u00e0 long terme et r\u00e9pond aux exigences du march\u00e9 international en mati\u00e8re de vaisselle saine. En tant que fournisseur professionnel de bo\u00eetes \u00e0 lunch en acier inoxydable 304, nous contr\u00f4lons strictement les mati\u00e8res premi\u00e8res et les processus.<\/li>\n\n\n\n<li><strong>Conception \u00e0 double compartiment, pratique et efficace<\/strong>: La structure \u00e0 deux compartiments permet de s\u00e9parer facilement les plats principaux et les accompagnements. Elle convient aux employ\u00e9s de bureau, aux repas de remise en forme et aux d\u00e9jeuners scolaires. Le design simple s'adapte aux habitudes d'utilisation de la plupart des consommateurs.<\/li>\n\n\n\n<li><strong>Solide et durable, il convient aux ventes en vrac \u00e0 long terme : <\/strong>La structure m\u00e9tallique est r\u00e9sistante aux chutes et \u00e0 l'usure, elle n'est pas sujette au vieillissement et a une dur\u00e9e de vie plus longue que les produits en plastique, ce qui aide les marques \u00e0 r\u00e9duire les co\u00fbts d'apr\u00e8s-vente et de remplacement.<\/li>\n\n\n\n<li><strong>La personnalisation est prise en charge, ce qui permet aux marques de se diff\u00e9rencier :<\/strong> Nous offrons des services de personnalisation pour la taille, le logo, le traitement de surface et l'emballage, qui conviennent aux propri\u00e9taires de marques, aux importateurs et aux grossistes pour mener des activit\u00e9s de vente en vrac de bo\u00eetes \u00e0 lunch \u00e0 deux compartiments.<\/li>\n\n\n\n<li><strong>Fourniture directe \u00e0 l'usine, avantage important en termes de prix de gros<\/strong>: En tant que fournisseur de bo\u00eete \u00e0 lunch en acier inoxydable 304, nous avons une capacit\u00e9 de production stable et des lignes de production matures, ce qui nous permet de fournir des prix de gros comp\u00e9titifs.<\/li>\n\n\n\n<li><strong>Les \u00e9chantillons gratuits r\u00e9duisent les risques li\u00e9s \u00e0 l'approvisionnement :<\/strong> Des tests d'\u00e9chantillons gratuits sont disponibles, permettant aux acheteurs de confirmer la qualit\u00e9 et de valider le march\u00e9 avant de passer une commande formelle, am\u00e9liorant ainsi l'efficacit\u00e9 des d\u00e9cisions d'achat.<\/li>\n<\/ul>\n<\/div>\n\n\n\n<div class=\"wp-block-column is-layout-flow wp-block-column-is-layout-flow\">\n<figure class=\"wp-block-image size-full\"><img decoding=\"async\" width=\"1042\" height=\"1042\" src=\"https:\/\/www.xhplasticlife.com\/wp-content\/uploads\/2025\/12\/2-Compartments-Lunch-Box-in-Bulk-xinghui-plastic-manufacturer-4.webp\" alt=\"Bo\u00eete \u00e0 lunch \u00e0 2 compartiments en vrac -xinghui fabricant de plastique (4)\" class=\"wp-image-1889\" srcset=\"https:\/\/www.xhplasticlife.com\/wp-content\/uploads\/2025\/12\/2-Compartments-Lunch-Box-in-Bulk-xinghui-plastic-manufacturer-4.webp 1042w, https:\/\/www.xhplasticlife.com\/wp-content\/uploads\/2025\/12\/2-Compartments-Lunch-Box-in-Bulk-xinghui-plastic-manufacturer-4-300x300.webp 300w, https:\/\/www.xhplasticlife.com\/wp-content\/uploads\/2025\/12\/2-Compartments-Lunch-Box-in-Bulk-xinghui-plastic-manufacturer-4-150x150.webp 150w, https:\/\/www.xhplasticlife.com\/wp-content\/uploads\/2025\/12\/2-Compartments-Lunch-Box-in-Bulk-xinghui-plastic-manufacturer-4-768x768.webp 768w, https:\/\/www.xhplasticlife.com\/wp-content\/uploads\/2025\/12\/2-Compartments-Lunch-Box-in-Bulk-xinghui-plastic-manufacturer-4-12x12.webp 12w, https:\/\/www.xhplasticlife.com\/wp-content\/uploads\/2025\/12\/2-Compartments-Lunch-Box-in-Bulk-xinghui-plastic-manufacturer-4-600x600.webp 600w, https:\/\/www.xhplasticlife.com\/wp-content\/uploads\/2025\/12\/2-Compartments-Lunch-Box-in-Bulk-xinghui-plastic-manufacturer-4-100x100.webp 100w\" sizes=\"(max-width: 1042px) 100vw, 1042px\" \/><\/figure>\n<\/div>\n<\/div>\n\n\n\n<div class=\"wp-block-columns is-layout-flex wp-container-core-columns-is-layout-9d6595d7 wp-block-columns-is-layout-flex\">\n<div class=\"wp-block-column is-layout-flow wp-block-column-is-layout-flow\">\n<figure class=\"wp-block-image size-full\"><img decoding=\"async\" width=\"1902\" height=\"1080\" src=\"https:\/\/www.xhplasticlife.com\/wp-content\/uploads\/2025\/12\/Bulk-2-Compartments-Lunch-Box-xinghui-plastic-manufacturer.webp\" alt=\"Bo\u00eete \u00e0 lunch en vrac \u00e0 2 compartiments - xinghui plastic manufacturer\" class=\"wp-image-1891\" srcset=\"https:\/\/www.xhplasticlife.com\/wp-content\/uploads\/2025\/12\/Bulk-2-Compartments-Lunch-Box-xinghui-plastic-manufacturer.webp 1902w, https:\/\/www.xhplasticlife.com\/wp-content\/uploads\/2025\/12\/Bulk-2-Compartments-Lunch-Box-xinghui-plastic-manufacturer-300x170.webp 300w, https:\/\/www.xhplasticlife.com\/wp-content\/uploads\/2025\/12\/Bulk-2-Compartments-Lunch-Box-xinghui-plastic-manufacturer-768x436.webp 768w, https:\/\/www.xhplasticlife.com\/wp-content\/uploads\/2025\/12\/Bulk-2-Compartments-Lunch-Box-xinghui-plastic-manufacturer-18x10.webp 18w, https:\/\/www.xhplasticlife.com\/wp-content\/uploads\/2025\/12\/Bulk-2-Compartments-Lunch-Box-xinghui-plastic-manufacturer-1200x681.webp 1200w, https:\/\/www.xhplasticlife.com\/wp-content\/uploads\/2025\/12\/Bulk-2-Compartments-Lunch-Box-xinghui-plastic-manufacturer-600x341.webp 600w\" sizes=\"(max-width: 1902px) 100vw, 1902px\" \/><\/figure>\n<\/div>\n<\/div>\n\n\n\n<p><\/p>","protected":false},"excerpt":{"rendered":"<p>Nous vous invitons \u00e0 acheter des bo\u00eetes \u00e0 lunch \u00e0 deux compartiments en vrac. En tant que fournisseur professionnel de bo\u00eetes \u00e0 lunch en acier inoxydable 304, nous fournissons des bo\u00eetes \u00e0 lunch \u00e0 deux compartiments s\u00fbres et durables pour les repas quotidiens. Les prix de gros directs, le support OEM\/ODM et les \u00e9chantillons gratuits aident les acheteurs \u00e0 s'approvisionner efficacement.<\/p>\n<h2>Bo\u00eete \u00e0 lunch en vrac Param\u00e8tre :<\/h2>\n<ul>\n<li><strong>Mod\u00e8le<\/strong>: 6527<\/li>\n<li><strong>Nom de la marque<\/strong>: Xinghui<\/li>\n<li><strong>Mat\u00e9riau<\/strong>: PP+silicone+acier inoxydable<\/li>\n<li><strong>Taille :<\/strong> 49*36*45cm<\/li>\n<li><strong>Capacit\u00e9 :<\/strong> 1300ml<\/li>\n<li><strong>Couleur<\/strong>: rose, bleu, vert<\/li>\n<li><strong>Poids brut : <\/strong>11kg<\/li>\n<li><strong>Taille du carton :<\/strong> 51*46*62cm<\/li>\n<li><strong>Emballage :<\/strong> 24 pcs\/ctn<\/li>\n<li><strong>Emballages<\/strong>: Sac OPP<\/li>\n<li><strong>OEM\/ODM<\/strong>: Disponible<\/li>\n<li><strong>MOQ : <\/strong>2000 pi\u00e8ces<\/li>\n<li><strong>Option personnalis\u00e9e<\/strong>: Couleur\/Taille\/Logo\/Emballage<\/li>\n<\/ul>\n<h2>De Daily Plasticware, fabricant de produits en plastique :<\/h2>\n<p>Fond\u00e9e en 2000,\u00a0<a href=\"https:\/\/www.xhplasticlife.com\/fr\/\"><strong>Xinghui<\/strong><\/a> est sp\u00e9cialis\u00e9e dans la production et la vente en gros de bo\u00eetes \u00e0 lunch, de r\u00e9cipients pour la conservation des aliments, de r\u00e9cipients pour les boissons, de r\u00e9cipients pour la conservation des produits m\u00e9nagers et d'autres produits quotidiens en plastique. Elle propose \u00e0 ses clients des services OEM et ODM ainsi que des services d'approvisionnement en ligne.<\/p>","protected":false},"featured_media":1890,"comment_status":"closed","ping_status":"closed","template":"","meta":{"_acf_changed":false},"product_brand":[],"product_cat":[17,35],"product_tag":[],"class_list":{"0":"post-1885","1":"product","2":"type-product","3":"status-publish","4":"has-post-thumbnail","6":"product_cat-wholesale-lunch-boxes","7":"product_cat-stainless-steel-lunch-box-manufacturer","9":"first","10":"instock","11":"shipping-taxable","12":"product-type-simple"},"acf":[],"_links":{"self":[{"href":"https:\/\/www.xhplasticlife.com\/fr\/wp-json\/wp\/v2\/product\/1885","targetHints":{"allow":["GET"]}}],"collection":[{"href":"https:\/\/www.xhplasticlife.com\/fr\/wp-json\/wp\/v2\/product"}],"about":[{"href":"https:\/\/www.xhplasticlife.com\/fr\/wp-json\/wp\/v2\/types\/product"}],"replies":[{"embeddable":true,"href":"https:\/\/www.xhplasticlife.com\/fr\/wp-json\/wp\/v2\/comments?post=1885"}],"wp:featuredmedia":[{"embeddable":true,"href":"https:\/\/www.xhplasticlife.com\/fr\/wp-json\/wp\/v2\/media\/1890"}],"wp:attachment":[{"href":"https:\/\/www.xhplasticlife.com\/fr\/wp-json\/wp\/v2\/media?parent=1885"}],"wp:term":[{"taxonomy":"product_brand","embeddable":true,"href":"https:\/\/www.xhplasticlife.com\/fr\/wp-json\/wp\/v2\/product_brand?post=1885"},{"taxonomy":"product_cat","embeddable":true,"href":"https:\/\/www.xhplasticlife.com\/fr\/wp-json\/wp\/v2\/product_cat?post=1885"},{"taxonomy":"product_tag","embeddable":true,"href":"https:\/\/www.xhplasticlife.com\/fr\/wp-json\/wp\/v2\/product_tag?post=1885"}],"curies":[{"name":"wp","href":"https:\/\/api.w.org\/{rel}","templated":true}]}}