{"id":1870,"date":"2025-12-22T06:48:38","date_gmt":"2025-12-22T06:48:38","guid":{"rendered":"https:\/\/www.xhplasticlife.com\/?post_type=product&#038;p=1870"},"modified":"2026-04-02T10:03:37","modified_gmt":"2026-04-02T10:03:37","slug":"custom-lunch-boxes-wholesale","status":"publish","type":"product","link":"https:\/\/www.xhplasticlife.com\/fr\/produit\/custom-lunch-boxes-wholesale\/","title":{"rendered":"Bo\u00eetes \u00e0 lunch personnalis\u00e9es en gros, R\u00e9cipients alimentaires en acier inoxydable 304, fabricant"},"content":{"rendered":"<div class=\"wp-block-columns is-layout-flex wp-container-core-columns-is-layout-9d6595d7 wp-block-columns-is-layout-flex\">\n<div class=\"wp-block-column is-layout-flow wp-block-column-is-layout-flow\">\n<h2 class=\"wp-block-heading\">Bo\u00eetes \u00e0 lunch personnalis\u00e9es Caract\u00e9ristiques :<\/h2>\n\n\n\n<ul class=\"wp-block-list\">\n<li><strong>Acier inoxydable 304 de qualit\u00e9 alimentaire, plus s\u00fbr et plus durable :<\/strong> Fabriqu\u00e9 en acier inoxydable 304 de haute qualit\u00e9, il est r\u00e9sistant \u00e0 la corrosion, ne rouille pas et ne d\u00e9gage pas d'odeur. Il convient au contact alimentaire \u00e0 long terme et r\u00e9pond aux exigences \u00e9lev\u00e9es du march\u00e9 international en mati\u00e8re de sant\u00e9 et de s\u00e9curit\u00e9.<\/li>\n\n\n\n<li><strong>2 \u00e0 5 compartiments pour r\u00e9pondre \u00e0 des besoins alimentaires vari\u00e9s :<\/strong> La structure multicouche permet de ranger s\u00e9par\u00e9ment les plats principaux, les plats d'accompagnement et les sauces, ce qui convient aux employ\u00e9s de bureau, aux adeptes du fitness et aux bo\u00eetes \u00e0 lunch familiales. Tr\u00e8s pratique, il est largement accept\u00e9 par les consommateurs.<\/li>\n\n\n\n<li><strong>Facile \u00e0 nettoyer et r\u00e9utilisable, en accord avec les tendances environnementales :<\/strong> Le mat\u00e9riau m\u00e9tallique ne retient pas facilement les taches d'huile, ce qui permet de le laver \u00e0 la main ou au lave-vaisselle, aidant ainsi les marques \u00e0 entrer sur le march\u00e9 de la vaisselle durable et respectueuse de l'environnement.<\/li>\n\n\n\n<li><strong>Services de personnalisation OEM\/ODM disponibles :<\/strong> En tant que grossiste de bo\u00eetes \u00e0 lunch personnalis\u00e9es, nous pouvons personnaliser les tailles, les structures des compartiments, les logos, les traitements de surface et l'emballage pour r\u00e9pondre aux besoins diff\u00e9renci\u00e9s des propri\u00e9taires de marques et des clients des canaux de distribution.<\/li>\n\n\n\n<li><strong>Fourniture directe par l'usine, capacit\u00e9 de production stable et prix avantageux : <\/strong>Nous sommes un fabricant exp\u00e9riment\u00e9 de bo\u00eetes \u00e0 lunch en acier inoxydable 304 avec une capacit\u00e9 de production stable et un contr\u00f4le de qualit\u00e9 strict, offrant des prix de gros comp\u00e9titifs.<\/li>\n\n\n\n<li><strong>Les \u00e9chantillons gratuits r\u00e9duisent les risques li\u00e9s \u00e0 l'approvisionnement :<\/strong> La fourniture d'\u00e9chantillons gratuits permet aux clients d'effectuer des tests de qualit\u00e9, de valider le march\u00e9 et de recueillir les r\u00e9actions des clients avant de passer une commande formelle, ce qui acc\u00e9l\u00e8re les d\u00e9cisions d'achat.<\/li>\n<\/ul>\n<\/div>\n\n\n\n<div class=\"wp-block-column is-layout-flow wp-block-column-is-layout-flow\">\n<figure class=\"wp-block-image size-full\"><img decoding=\"async\" width=\"750\" height=\"750\" src=\"https:\/\/www.xhplasticlife.com\/wp-content\/uploads\/2025\/12\/Custom-Lunch-Boxes-Wholesale-Manufacturer-xinghui-2.webp\" alt=\"Bo\u00eetes \u00e0 lunch personnalis\u00e9es Fabricant en gros - xinghui (2)\" class=\"wp-image-1872\" srcset=\"https:\/\/www.xhplasticlife.com\/wp-content\/uploads\/2025\/12\/Custom-Lunch-Boxes-Wholesale-Manufacturer-xinghui-2.webp 750w, https:\/\/www.xhplasticlife.com\/wp-content\/uploads\/2025\/12\/Custom-Lunch-Boxes-Wholesale-Manufacturer-xinghui-2-300x300.webp 300w, https:\/\/www.xhplasticlife.com\/wp-content\/uploads\/2025\/12\/Custom-Lunch-Boxes-Wholesale-Manufacturer-xinghui-2-150x150.webp 150w, https:\/\/www.xhplasticlife.com\/wp-content\/uploads\/2025\/12\/Custom-Lunch-Boxes-Wholesale-Manufacturer-xinghui-2-12x12.webp 12w, https:\/\/www.xhplasticlife.com\/wp-content\/uploads\/2025\/12\/Custom-Lunch-Boxes-Wholesale-Manufacturer-xinghui-2-600x600.webp 600w, https:\/\/www.xhplasticlife.com\/wp-content\/uploads\/2025\/12\/Custom-Lunch-Boxes-Wholesale-Manufacturer-xinghui-2-100x100.webp 100w\" sizes=\"(max-width: 750px) 100vw, 750px\" \/><\/figure>\n<\/div>\n<\/div>\n\n\n\n<figure class=\"wp-block-table\"><table class=\"has-fixed-layout\"><tbody><tr><td>Mod\u00e8le<\/td><td>Taille<\/td><td>Capacit\u00e9<\/td><td>Poids brut<\/td><td>Taille du carton<\/td><td>Emballage<\/td><\/tr><tr><td>6521<\/td><td>29*22,5*6,5 cm<\/td><td>1400ML<\/td><td>15,2 kg<\/td><td>47*31*73 cm<\/td><td>18 pcs\/ctn<\/td><\/tr><tr><td>6522<\/td><td>25,5*18*6,5 cm<\/td><td>1100ML<\/td><td>14,5 kg<\/td><td>54*32*60 cm<\/td><td>24 pcs\/ctn<\/td><\/tr><tr><td>6523<\/td><td>22*15,5*6,5 cm<\/td><td>800ML<\/td><td>11,5 kg<\/td><td>54*32*50 cm<\/td><td>24 pcs\/ctn<\/td><\/tr><\/tbody><\/table><\/figure>\n\n\n\n<div class=\"wp-block-columns is-layout-flex wp-container-core-columns-is-layout-9d6595d7 wp-block-columns-is-layout-flex\">\n<div class=\"wp-block-column is-layout-flow wp-block-column-is-layout-flow\">\n<figure class=\"wp-block-image size-full\"><img decoding=\"async\" width=\"750\" height=\"750\" src=\"https:\/\/www.xhplasticlife.com\/wp-content\/uploads\/2025\/12\/2-compartment-lunch-boxes-wholesale-xinghui-1.webp\" alt=\"Bo\u00eetes \u00e0 lunch \u00e0 2 compartiments en gros - xinghui (1)\" class=\"wp-image-1876\" srcset=\"https:\/\/www.xhplasticlife.com\/wp-content\/uploads\/2025\/12\/2-compartment-lunch-boxes-wholesale-xinghui-1.webp 750w, https:\/\/www.xhplasticlife.com\/wp-content\/uploads\/2025\/12\/2-compartment-lunch-boxes-wholesale-xinghui-1-300x300.webp 300w, https:\/\/www.xhplasticlife.com\/wp-content\/uploads\/2025\/12\/2-compartment-lunch-boxes-wholesale-xinghui-1-150x150.webp 150w, https:\/\/www.xhplasticlife.com\/wp-content\/uploads\/2025\/12\/2-compartment-lunch-boxes-wholesale-xinghui-1-12x12.webp 12w, https:\/\/www.xhplasticlife.com\/wp-content\/uploads\/2025\/12\/2-compartment-lunch-boxes-wholesale-xinghui-1-600x600.webp 600w, https:\/\/www.xhplasticlife.com\/wp-content\/uploads\/2025\/12\/2-compartment-lunch-boxes-wholesale-xinghui-1-100x100.webp 100w\" sizes=\"(max-width: 750px) 100vw, 750px\" \/><\/figure>\n<\/div>\n\n\n\n<div class=\"wp-block-column is-layout-flow wp-block-column-is-layout-flow\">\n<figure class=\"wp-block-image size-full\"><img decoding=\"async\" width=\"750\" height=\"750\" src=\"https:\/\/www.xhplasticlife.com\/wp-content\/uploads\/2025\/12\/2-compartment-lunch-boxes-wholesale-xinghui-2.webp\" alt=\"Bo\u00eetes \u00e0 lunch \u00e0 2 compartiments en gros - xinghui (2)\" class=\"wp-image-1877\" srcset=\"https:\/\/www.xhplasticlife.com\/wp-content\/uploads\/2025\/12\/2-compartment-lunch-boxes-wholesale-xinghui-2.webp 750w, https:\/\/www.xhplasticlife.com\/wp-content\/uploads\/2025\/12\/2-compartment-lunch-boxes-wholesale-xinghui-2-300x300.webp 300w, https:\/\/www.xhplasticlife.com\/wp-content\/uploads\/2025\/12\/2-compartment-lunch-boxes-wholesale-xinghui-2-150x150.webp 150w, https:\/\/www.xhplasticlife.com\/wp-content\/uploads\/2025\/12\/2-compartment-lunch-boxes-wholesale-xinghui-2-12x12.webp 12w, https:\/\/www.xhplasticlife.com\/wp-content\/uploads\/2025\/12\/2-compartment-lunch-boxes-wholesale-xinghui-2-600x600.webp 600w, https:\/\/www.xhplasticlife.com\/wp-content\/uploads\/2025\/12\/2-compartment-lunch-boxes-wholesale-xinghui-2-100x100.webp 100w\" sizes=\"(max-width: 750px) 100vw, 750px\" \/><\/figure>\n<\/div>\n\n\n\n<div class=\"wp-block-column is-layout-flow wp-block-column-is-layout-flow\">\n<figure class=\"wp-block-image size-full\"><img decoding=\"async\" width=\"750\" height=\"750\" src=\"https:\/\/www.xhplasticlife.com\/wp-content\/uploads\/2025\/12\/2-compartment-lunch-boxes-wholesale-xinghui-3.webp\" alt=\"Bo\u00eetes \u00e0 lunch \u00e0 2 compartiments en gros - xinghui (3)\" class=\"wp-image-1878\" srcset=\"https:\/\/www.xhplasticlife.com\/wp-content\/uploads\/2025\/12\/2-compartment-lunch-boxes-wholesale-xinghui-3.webp 750w, https:\/\/www.xhplasticlife.com\/wp-content\/uploads\/2025\/12\/2-compartment-lunch-boxes-wholesale-xinghui-3-300x300.webp 300w, https:\/\/www.xhplasticlife.com\/wp-content\/uploads\/2025\/12\/2-compartment-lunch-boxes-wholesale-xinghui-3-150x150.webp 150w, https:\/\/www.xhplasticlife.com\/wp-content\/uploads\/2025\/12\/2-compartment-lunch-boxes-wholesale-xinghui-3-12x12.webp 12w, https:\/\/www.xhplasticlife.com\/wp-content\/uploads\/2025\/12\/2-compartment-lunch-boxes-wholesale-xinghui-3-600x600.webp 600w, https:\/\/www.xhplasticlife.com\/wp-content\/uploads\/2025\/12\/2-compartment-lunch-boxes-wholesale-xinghui-3-100x100.webp 100w\" sizes=\"(max-width: 750px) 100vw, 750px\" \/><\/figure>\n<\/div>\n<\/div>\n\n\n\n<div class=\"wp-block-columns is-layout-flex wp-container-core-columns-is-layout-9d6595d7 wp-block-columns-is-layout-flex\">\n<div class=\"wp-block-column is-layout-flow wp-block-column-is-layout-flow\">\n<figure class=\"wp-block-image size-full\"><img decoding=\"async\" width=\"750\" height=\"750\" src=\"https:\/\/www.xhplasticlife.com\/wp-content\/uploads\/2025\/12\/4-compartment-lunch-boxes-custom-wholesale-1.webp\" alt=\"Bo\u00eetes \u00e0 lunch \u00e0 4 compartiments personnalis\u00e9es en gros (1)\" class=\"wp-image-1879\" srcset=\"https:\/\/www.xhplasticlife.com\/wp-content\/uploads\/2025\/12\/4-compartment-lunch-boxes-custom-wholesale-1.webp 750w, https:\/\/www.xhplasticlife.com\/wp-content\/uploads\/2025\/12\/4-compartment-lunch-boxes-custom-wholesale-1-300x300.webp 300w, https:\/\/www.xhplasticlife.com\/wp-content\/uploads\/2025\/12\/4-compartment-lunch-boxes-custom-wholesale-1-150x150.webp 150w, https:\/\/www.xhplasticlife.com\/wp-content\/uploads\/2025\/12\/4-compartment-lunch-boxes-custom-wholesale-1-12x12.webp 12w, https:\/\/www.xhplasticlife.com\/wp-content\/uploads\/2025\/12\/4-compartment-lunch-boxes-custom-wholesale-1-600x600.webp 600w, https:\/\/www.xhplasticlife.com\/wp-content\/uploads\/2025\/12\/4-compartment-lunch-boxes-custom-wholesale-1-100x100.webp 100w\" sizes=\"(max-width: 750px) 100vw, 750px\" \/><\/figure>\n<\/div>\n\n\n\n<div class=\"wp-block-column is-layout-flow wp-block-column-is-layout-flow\">\n<figure class=\"wp-block-image size-full\"><img decoding=\"async\" width=\"750\" height=\"750\" src=\"https:\/\/www.xhplasticlife.com\/wp-content\/uploads\/2025\/12\/4-compartment-lunch-boxes-custom-wholesale-2.webp\" alt=\"Bo\u00eetes \u00e0 lunch \u00e0 4 compartiments personnalis\u00e9es en gros (2)\" class=\"wp-image-1880\" srcset=\"https:\/\/www.xhplasticlife.com\/wp-content\/uploads\/2025\/12\/4-compartment-lunch-boxes-custom-wholesale-2.webp 750w, https:\/\/www.xhplasticlife.com\/wp-content\/uploads\/2025\/12\/4-compartment-lunch-boxes-custom-wholesale-2-300x300.webp 300w, https:\/\/www.xhplasticlife.com\/wp-content\/uploads\/2025\/12\/4-compartment-lunch-boxes-custom-wholesale-2-150x150.webp 150w, https:\/\/www.xhplasticlife.com\/wp-content\/uploads\/2025\/12\/4-compartment-lunch-boxes-custom-wholesale-2-12x12.webp 12w, https:\/\/www.xhplasticlife.com\/wp-content\/uploads\/2025\/12\/4-compartment-lunch-boxes-custom-wholesale-2-600x600.webp 600w, https:\/\/www.xhplasticlife.com\/wp-content\/uploads\/2025\/12\/4-compartment-lunch-boxes-custom-wholesale-2-100x100.webp 100w\" sizes=\"(max-width: 750px) 100vw, 750px\" \/><\/figure>\n<\/div>\n\n\n\n<div class=\"wp-block-column is-layout-flow wp-block-column-is-layout-flow\">\n<figure class=\"wp-block-image size-full\"><img decoding=\"async\" width=\"750\" height=\"750\" src=\"https:\/\/www.xhplasticlife.com\/wp-content\/uploads\/2025\/12\/custom-4-compartment-lunch-boxes-wholesale-3.webp\" alt=\"bo\u00eetes \u00e0 lunch personnalis\u00e9es \u00e0 4 compartiments (3)\" class=\"wp-image-1883\" srcset=\"https:\/\/www.xhplasticlife.com\/wp-content\/uploads\/2025\/12\/custom-4-compartment-lunch-boxes-wholesale-3.webp 750w, https:\/\/www.xhplasticlife.com\/wp-content\/uploads\/2025\/12\/custom-4-compartment-lunch-boxes-wholesale-3-300x300.webp 300w, https:\/\/www.xhplasticlife.com\/wp-content\/uploads\/2025\/12\/custom-4-compartment-lunch-boxes-wholesale-3-150x150.webp 150w, https:\/\/www.xhplasticlife.com\/wp-content\/uploads\/2025\/12\/custom-4-compartment-lunch-boxes-wholesale-3-12x12.webp 12w, https:\/\/www.xhplasticlife.com\/wp-content\/uploads\/2025\/12\/custom-4-compartment-lunch-boxes-wholesale-3-600x600.webp 600w, https:\/\/www.xhplasticlife.com\/wp-content\/uploads\/2025\/12\/custom-4-compartment-lunch-boxes-wholesale-3-100x100.webp 100w\" sizes=\"(max-width: 750px) 100vw, 750px\" \/><\/figure>\n<\/div>\n<\/div>\n\n\n\n<div class=\"wp-block-columns is-layout-flex wp-container-core-columns-is-layout-9d6595d7 wp-block-columns-is-layout-flex\">\n<div class=\"wp-block-column is-layout-flow wp-block-column-is-layout-flow\">\n<figure class=\"wp-block-image size-full\"><img decoding=\"async\" width=\"750\" height=\"750\" src=\"https:\/\/www.xhplasticlife.com\/wp-content\/uploads\/2025\/12\/custom-5-compartment-lunch-boxes-wholesale-3.webp\" alt=\"Bo\u00eetes \u00e0 lunch personnalis\u00e9es \u00e0 5 compartiments (3)\" class=\"wp-image-1884\" srcset=\"https:\/\/www.xhplasticlife.com\/wp-content\/uploads\/2025\/12\/custom-5-compartment-lunch-boxes-wholesale-3.webp 750w, https:\/\/www.xhplasticlife.com\/wp-content\/uploads\/2025\/12\/custom-5-compartment-lunch-boxes-wholesale-3-300x300.webp 300w, https:\/\/www.xhplasticlife.com\/wp-content\/uploads\/2025\/12\/custom-5-compartment-lunch-boxes-wholesale-3-150x150.webp 150w, https:\/\/www.xhplasticlife.com\/wp-content\/uploads\/2025\/12\/custom-5-compartment-lunch-boxes-wholesale-3-12x12.webp 12w, https:\/\/www.xhplasticlife.com\/wp-content\/uploads\/2025\/12\/custom-5-compartment-lunch-boxes-wholesale-3-600x600.webp 600w, https:\/\/www.xhplasticlife.com\/wp-content\/uploads\/2025\/12\/custom-5-compartment-lunch-boxes-wholesale-3-100x100.webp 100w\" sizes=\"(max-width: 750px) 100vw, 750px\" \/><\/figure>\n<\/div>\n\n\n\n<div class=\"wp-block-column is-layout-flow wp-block-column-is-layout-flow\">\n<figure class=\"wp-block-image size-full\"><img decoding=\"async\" width=\"750\" height=\"750\" src=\"https:\/\/www.xhplasticlife.com\/wp-content\/uploads\/2025\/12\/5-compartment-lunch-boxes-custom-wholesale-1.webp\" alt=\"Bo\u00eetes \u00e0 lunch \u00e0 5 compartiments personnalis\u00e9es en gros (1)\" class=\"wp-image-1881\" srcset=\"https:\/\/www.xhplasticlife.com\/wp-content\/uploads\/2025\/12\/5-compartment-lunch-boxes-custom-wholesale-1.webp 750w, https:\/\/www.xhplasticlife.com\/wp-content\/uploads\/2025\/12\/5-compartment-lunch-boxes-custom-wholesale-1-300x300.webp 300w, https:\/\/www.xhplasticlife.com\/wp-content\/uploads\/2025\/12\/5-compartment-lunch-boxes-custom-wholesale-1-150x150.webp 150w, https:\/\/www.xhplasticlife.com\/wp-content\/uploads\/2025\/12\/5-compartment-lunch-boxes-custom-wholesale-1-12x12.webp 12w, https:\/\/www.xhplasticlife.com\/wp-content\/uploads\/2025\/12\/5-compartment-lunch-boxes-custom-wholesale-1-600x600.webp 600w, https:\/\/www.xhplasticlife.com\/wp-content\/uploads\/2025\/12\/5-compartment-lunch-boxes-custom-wholesale-1-100x100.webp 100w\" sizes=\"(max-width: 750px) 100vw, 750px\" \/><\/figure>\n<\/div>\n\n\n\n<div class=\"wp-block-column is-layout-flow wp-block-column-is-layout-flow\">\n<figure class=\"wp-block-image size-full\"><img decoding=\"async\" width=\"750\" height=\"750\" src=\"https:\/\/www.xhplasticlife.com\/wp-content\/uploads\/2025\/12\/5-compartment-lunch-boxes-custom-wholesale-2.webp\" alt=\"Bo\u00eetes \u00e0 lunch \u00e0 5 compartiments personnalis\u00e9es en gros (2)\" class=\"wp-image-1882\" srcset=\"https:\/\/www.xhplasticlife.com\/wp-content\/uploads\/2025\/12\/5-compartment-lunch-boxes-custom-wholesale-2.webp 750w, https:\/\/www.xhplasticlife.com\/wp-content\/uploads\/2025\/12\/5-compartment-lunch-boxes-custom-wholesale-2-300x300.webp 300w, https:\/\/www.xhplasticlife.com\/wp-content\/uploads\/2025\/12\/5-compartment-lunch-boxes-custom-wholesale-2-150x150.webp 150w, https:\/\/www.xhplasticlife.com\/wp-content\/uploads\/2025\/12\/5-compartment-lunch-boxes-custom-wholesale-2-12x12.webp 12w, https:\/\/www.xhplasticlife.com\/wp-content\/uploads\/2025\/12\/5-compartment-lunch-boxes-custom-wholesale-2-600x600.webp 600w, https:\/\/www.xhplasticlife.com\/wp-content\/uploads\/2025\/12\/5-compartment-lunch-boxes-custom-wholesale-2-100x100.webp 100w\" sizes=\"(max-width: 750px) 100vw, 750px\" \/><\/figure>\n<\/div>\n<\/div>\n\n\n\n<p><\/p>","protected":false},"excerpt":{"rendered":"<p>Nous vous invitons \u00e0 acheter en gros des bo\u00eetes \u00e0 lunch personnalis\u00e9es. En tant que fabricant professionnel de bo\u00eetes \u00e0 lunch en acier inoxydable 304, nous fournissons des contenants alimentaires durables en acier inoxydable de 2 \u00e0 5 compartiments pour les adultes. Prix de gros direct, support OEM\/ODM, et \u00e9chantillons gratuits pour r\u00e9duire le risque d'approvisionnement.<\/p>\n<h2>Bo\u00eetes \u00e0 lunch personnalis\u00e9es Param\u00e8tre :<\/h2>\n<ul>\n<li><strong>Nom de la marque<\/strong>: Xinghui<\/li>\n<li><strong>Mat\u00e9riau<\/strong>: PP+silicone+inox 304<\/li>\n<li><strong>Couleur<\/strong>: bleu, rose, vert<\/li>\n<li><strong>Emballage<\/strong>: Sac OPP + Carton couleur<\/li>\n<li><strong>OEM\/ODM<\/strong>: Disponible<\/li>\n<li><strong>MOQ : <\/strong>2000 pi\u00e8ces<\/li>\n<li><strong>Option personnalis\u00e9e<\/strong>: Couleur\/Taille\/Logo\/Emballage<\/li>\n<\/ul>\n<h2>De Daily Plasticware, fabricant de produits en plastique :<\/h2>\n<p>Fond\u00e9e en 2000,\u00a0<a href=\"https:\/\/www.xhplasticlife.com\/fr\/\"><strong>Xinghui<\/strong><\/a>\u00a0est sp\u00e9cialis\u00e9e dans la production et la vente en gros de bo\u00eetes \u00e0 lunch, de r\u00e9cipients pour la conservation des aliments, de r\u00e9cipients pour les boissons, de r\u00e9cipients pour la conservation des produits m\u00e9nagers et d'autres produits quotidiens en plastique. Elle propose \u00e0 ses clients des services OEM et ODM ainsi que des services d'approvisionnement en ligne.<\/p>","protected":false},"featured_media":1871,"comment_status":"closed","ping_status":"closed","template":"","meta":{"_acf_changed":false},"product_brand":[],"product_cat":[17,35],"product_tag":[],"class_list":{"0":"post-1870","1":"product","2":"type-product","3":"status-publish","4":"has-post-thumbnail","6":"product_cat-wholesale-lunch-boxes","7":"product_cat-stainless-steel-lunch-box-manufacturer","9":"first","10":"instock","11":"shipping-taxable","12":"product-type-simple"},"acf":[],"_links":{"self":[{"href":"https:\/\/www.xhplasticlife.com\/fr\/wp-json\/wp\/v2\/product\/1870","targetHints":{"allow":["GET"]}}],"collection":[{"href":"https:\/\/www.xhplasticlife.com\/fr\/wp-json\/wp\/v2\/product"}],"about":[{"href":"https:\/\/www.xhplasticlife.com\/fr\/wp-json\/wp\/v2\/types\/product"}],"replies":[{"embeddable":true,"href":"https:\/\/www.xhplasticlife.com\/fr\/wp-json\/wp\/v2\/comments?post=1870"}],"wp:featuredmedia":[{"embeddable":true,"href":"https:\/\/www.xhplasticlife.com\/fr\/wp-json\/wp\/v2\/media\/1871"}],"wp:attachment":[{"href":"https:\/\/www.xhplasticlife.com\/fr\/wp-json\/wp\/v2\/media?parent=1870"}],"wp:term":[{"taxonomy":"product_brand","embeddable":true,"href":"https:\/\/www.xhplasticlife.com\/fr\/wp-json\/wp\/v2\/product_brand?post=1870"},{"taxonomy":"product_cat","embeddable":true,"href":"https:\/\/www.xhplasticlife.com\/fr\/wp-json\/wp\/v2\/product_cat?post=1870"},{"taxonomy":"product_tag","embeddable":true,"href":"https:\/\/www.xhplasticlife.com\/fr\/wp-json\/wp\/v2\/product_tag?post=1870"}],"curies":[{"name":"wp","href":"https:\/\/api.w.org\/{rel}","templated":true}]}}