{"id":1859,"date":"2025-12-22T06:45:16","date_gmt":"2025-12-22T06:45:16","guid":{"rendered":"https:\/\/www.xhplasticlife.com\/?post_type=product&#038;p=1859"},"modified":"2026-04-02T10:02:44","modified_gmt":"2026-04-02T10:02:44","slug":"custom-lunch-box-supplier","status":"publish","type":"product","link":"https:\/\/www.xhplasticlife.com\/fr\/produit\/custom-lunch-box-supplier\/","title":{"rendered":"Fournisseur de bo\u00eetes \u00e0 lunch personnalis\u00e9es, bo\u00eetes \u00e0 lunch Bento en plastique en vrac pour adultes"},"content":{"rendered":"<div class=\"wp-block-columns is-layout-flex wp-container-core-columns-is-layout-9d6595d7 wp-block-columns-is-layout-flex\">\n<div class=\"wp-block-column is-layout-flow wp-block-column-is-layout-flow\">\n<h2 class=\"wp-block-heading\">Bo\u00eete \u00e0 lunch personnalis\u00e9e Caract\u00e9ristiques :<\/h2>\n\n\n\n<ul class=\"wp-block-list\">\n<li><strong>Mat\u00e9riaux non toxiques, sans danger pour la vie quotidienne : <\/strong>Fabriqu\u00e9s \u00e0 partir de mat\u00e9riaux plastiques sans BPA, s\u00fbrs et inodores, ils sont id\u00e9aux pour une utilisation dans les bureaux, les centres de remise en forme et les \u00e9tablissements d'enseignement. Ils peuvent \u00e9galement \u00eatre utilis\u00e9s sans danger dans les pays o\u00f9 les normes relatives au contact avec les aliments sont en vigueur.<\/li>\n\n\n\n<li><strong>Conception multifonctionnelle, augmentation du potentiel de vente<\/strong>: Le couvercle peut \u00eatre converti en support pour le t\u00e9l\u00e9phone, ce qui permet de r\u00e9pondre \u00e0 l'exigence pratique de visionner des vid\u00e9os tout en mangeant, afin d'am\u00e9liorer la diff\u00e9renciation et la comp\u00e9titivit\u00e9.<\/li>\n\n\n\n<li><strong>Division logique, am\u00e9lioration de la convivialit\u00e9 : <\/strong>Le design Bento comporte des sections facilement visibles, ce qui facilite l'emballage ind\u00e9pendant des plats de viande et de l\u00e9gumes, assurant ainsi une meilleure p\u00e9n\u00e9tration du segment de niche des aliments di\u00e9t\u00e9tiques et de la culture bento par les marques.<\/li>\n\n\n\n<li><strong>Personnalisation possible, applicable aux marques et aux distributeurs :<\/strong> En tant que fabricant de bo\u00eetes \u00e0 lunch personnalis\u00e9es en gros, nous prenons en charge la personnalisation en termes de couleur, de logo, d'emballage et de fonction, y compris leur adaptation \u00e0 diff\u00e9rents march\u00e9s et canaux de vente par leurs distributeurs ou marques.<\/li>\n\n\n\n<li><strong>Approvisionnement direct de l'usine, prix plus comp\u00e9titifs :<\/strong> En tant que fournisseur expert de bo\u00eetes \u00e0 lunch bento en plastique en vrac, nous vous permettons de mieux g\u00e9rer vos co\u00fbts tout en r\u00e9alisant des b\u00e9n\u00e9fices plus importants gr\u00e2ce \u00e0 nos prix de gros directs d'usine.<\/li>\n\n\n\n<li><strong>R\u00e9duit le co\u00fbt de la prise de d\u00e9cision en mati\u00e8re d'approvisionnement :<\/strong> En soutien \u00e0 l'acquisition d'\u00e9chantillons gratuits qui vous aident \u00e0 v\u00e9rifier la qualit\u00e9 avant l'achat en effectuant des tests de march\u00e9 et des v\u00e9rifications aupr\u00e8s des clients. Cela permet de r\u00e9duire le co\u00fbt de la d\u00e9cision d'achat.<\/li>\n<\/ul>\n<\/div>\n\n\n\n<div class=\"wp-block-column is-layout-flow wp-block-column-is-layout-flow\">\n<figure class=\"wp-block-image size-full\"><img decoding=\"async\" width=\"2018\" height=\"2018\" src=\"https:\/\/www.xhplasticlife.com\/wp-content\/uploads\/2025\/12\/Custom-Lunch-Box-Supplier-for-Adults-xinghui-plastic-4.webp\" alt=\"Fournisseur de bo\u00eetes \u00e0 lunch personnalis\u00e9es pour adultes -xinghui plastic (4)\" class=\"wp-image-1863\" srcset=\"https:\/\/www.xhplasticlife.com\/wp-content\/uploads\/2025\/12\/Custom-Lunch-Box-Supplier-for-Adults-xinghui-plastic-4.webp 2018w, https:\/\/www.xhplasticlife.com\/wp-content\/uploads\/2025\/12\/Custom-Lunch-Box-Supplier-for-Adults-xinghui-plastic-4-300x300.webp 300w, https:\/\/www.xhplasticlife.com\/wp-content\/uploads\/2025\/12\/Custom-Lunch-Box-Supplier-for-Adults-xinghui-plastic-4-150x150.webp 150w, https:\/\/www.xhplasticlife.com\/wp-content\/uploads\/2025\/12\/Custom-Lunch-Box-Supplier-for-Adults-xinghui-plastic-4-768x768.webp 768w, https:\/\/www.xhplasticlife.com\/wp-content\/uploads\/2025\/12\/Custom-Lunch-Box-Supplier-for-Adults-xinghui-plastic-4-12x12.webp 12w, https:\/\/www.xhplasticlife.com\/wp-content\/uploads\/2025\/12\/Custom-Lunch-Box-Supplier-for-Adults-xinghui-plastic-4-1200x1200.webp 1200w, https:\/\/www.xhplasticlife.com\/wp-content\/uploads\/2025\/12\/Custom-Lunch-Box-Supplier-for-Adults-xinghui-plastic-4-600x600.webp 600w, https:\/\/www.xhplasticlife.com\/wp-content\/uploads\/2025\/12\/Custom-Lunch-Box-Supplier-for-Adults-xinghui-plastic-4-100x100.webp 100w\" sizes=\"(max-width: 2018px) 100vw, 2018px\" \/><\/figure>\n<\/div>\n<\/div>\n\n\n\n<div class=\"wp-block-columns is-layout-flex wp-container-core-columns-is-layout-9d6595d7 wp-block-columns-is-layout-flex\">\n<div class=\"wp-block-column is-layout-flow wp-block-column-is-layout-flow\">\n<figure class=\"wp-block-image size-full\"><img decoding=\"async\" width=\"3131\" height=\"2224\" src=\"https:\/\/www.xhplasticlife.com\/wp-content\/uploads\/2025\/12\/Custom-Lunch-Box-Supplier-xinghui-plastic-6.webp\" alt=\"Lunch Box personnalis\u00e9 Fournisseur -xinghui plastic (6)\" class=\"wp-image-1869\" srcset=\"https:\/\/www.xhplasticlife.com\/wp-content\/uploads\/2025\/12\/Custom-Lunch-Box-Supplier-xinghui-plastic-6.webp 3131w, https:\/\/www.xhplasticlife.com\/wp-content\/uploads\/2025\/12\/Custom-Lunch-Box-Supplier-xinghui-plastic-6-300x213.webp 300w, https:\/\/www.xhplasticlife.com\/wp-content\/uploads\/2025\/12\/Custom-Lunch-Box-Supplier-xinghui-plastic-6-768x546.webp 768w, https:\/\/www.xhplasticlife.com\/wp-content\/uploads\/2025\/12\/Custom-Lunch-Box-Supplier-xinghui-plastic-6-18x12.webp 18w, https:\/\/www.xhplasticlife.com\/wp-content\/uploads\/2025\/12\/Custom-Lunch-Box-Supplier-xinghui-plastic-6-1200x852.webp 1200w, https:\/\/www.xhplasticlife.com\/wp-content\/uploads\/2025\/12\/Custom-Lunch-Box-Supplier-xinghui-plastic-6-600x426.webp 600w\" sizes=\"(max-width: 3131px) 100vw, 3131px\" \/><\/figure>\n<\/div>\n\n\n\n<div class=\"wp-block-column is-layout-flow wp-block-column-is-layout-flow\">\n<figure class=\"wp-block-image size-full\"><img decoding=\"async\" width=\"2980\" height=\"2117\" src=\"https:\/\/www.xhplasticlife.com\/wp-content\/uploads\/2025\/12\/Bulk-Plastic-Bento-Lunch-Box-for-Adults.webp\" alt=\"Bo\u00eete \u00e0 lunch Bento en plastique en vrac pour adultes\" class=\"wp-image-1862\" srcset=\"https:\/\/www.xhplasticlife.com\/wp-content\/uploads\/2025\/12\/Bulk-Plastic-Bento-Lunch-Box-for-Adults.webp 2980w, https:\/\/www.xhplasticlife.com\/wp-content\/uploads\/2025\/12\/Bulk-Plastic-Bento-Lunch-Box-for-Adults-300x213.webp 300w, https:\/\/www.xhplasticlife.com\/wp-content\/uploads\/2025\/12\/Bulk-Plastic-Bento-Lunch-Box-for-Adults-768x546.webp 768w, https:\/\/www.xhplasticlife.com\/wp-content\/uploads\/2025\/12\/Bulk-Plastic-Bento-Lunch-Box-for-Adults-18x12.webp 18w, https:\/\/www.xhplasticlife.com\/wp-content\/uploads\/2025\/12\/Bulk-Plastic-Bento-Lunch-Box-for-Adults-1200x852.webp 1200w, https:\/\/www.xhplasticlife.com\/wp-content\/uploads\/2025\/12\/Bulk-Plastic-Bento-Lunch-Box-for-Adults-600x426.webp 600w\" sizes=\"(max-width: 2980px) 100vw, 2980px\" \/><\/figure>\n<\/div>\n<\/div>\n\n\n\n<p><\/p>","protected":false},"excerpt":{"rendered":"<p>Bienvenue pour acheter en gros des bo\u00eetes \u00e0 lunch personnalis\u00e9es. Nous sommes un fournisseur professionnel de bo\u00eetes \u00e0 lunch bento en plastique en vrac offrant des bo\u00eetes \u00e0 lunch sans BPA pour les adultes, avec des couverts inclus et un couvercle multifonctionnel qui fonctionne comme un support de t\u00e9l\u00e9phone. Prix de gros direct, support OEM\/ODM et \u00e9chantillons gratuits pour vous aider \u00e0 tester votre march\u00e9 plus rapidement.<\/p>\n<h2>Bo\u00eete \u00e0 lunch personnalis\u00e9e Param\u00e8tre :<\/h2>\n<ul>\n<li><strong>Mod\u00e8le<\/strong>: 6529<\/li>\n<li><strong>Nom de la marque<\/strong>: Xinghui<\/li>\n<li><strong>Mat\u00e9riau<\/strong>: PP+silicone<\/li>\n<li><strong>Taille :<\/strong> 22*15.5*7cm<\/li>\n<li><strong>Capacit\u00e9 :<\/strong> 1300ml<\/li>\n<li><strong>Couleur<\/strong>: rose, bleu, vert<\/li>\n<li><strong>Poids brut : <\/strong>15 kg<\/li>\n<li><strong>Taille du carton :<\/strong> 51*46*62cm<\/li>\n<li><strong>Emballage :<\/strong> 48 pcs\/ctn<\/li>\n<li><strong>Emballages<\/strong>: Sac OPP<\/li>\n<li><strong>OEM\/ODM<\/strong>: Disponible<\/li>\n<li><strong>MOQ : <\/strong>2000 pi\u00e8ces<\/li>\n<li><strong>Option personnalis\u00e9e<\/strong>: Couleur\/Taille\/Logo\/Emballage<\/li>\n<\/ul>\n<h2>De Daily Plasticware, fabricant de produits en plastique :<\/h2>\n<p>Fond\u00e9e en 2000,\u00a0<a href=\"https:\/\/www.xhplasticlife.com\/fr\/\"><strong>Xinghui<\/strong><\/a> est sp\u00e9cialis\u00e9e dans la production et la vente en gros de bo\u00eetes \u00e0 lunch, de r\u00e9cipients pour la conservation des aliments, de r\u00e9cipients pour les boissons, de r\u00e9cipients pour la conservation des produits m\u00e9nagers et d'autres produits quotidiens en plastique. Elle propose \u00e0 ses clients des services OEM et ODM ainsi que des services d'approvisionnement en ligne.<\/p>","protected":false},"featured_media":1864,"comment_status":"closed","ping_status":"closed","template":"","meta":{"_acf_changed":false},"product_brand":[],"product_cat":[17,34],"product_tag":[],"class_list":{"0":"post-1859","1":"product","2":"type-product","3":"status-publish","4":"has-post-thumbnail","6":"product_cat-wholesale-lunch-boxes","7":"product_cat-plastic-lunch-box-manufacturer","9":"first","10":"instock","11":"shipping-taxable","12":"product-type-simple"},"acf":[],"_links":{"self":[{"href":"https:\/\/www.xhplasticlife.com\/fr\/wp-json\/wp\/v2\/product\/1859","targetHints":{"allow":["GET"]}}],"collection":[{"href":"https:\/\/www.xhplasticlife.com\/fr\/wp-json\/wp\/v2\/product"}],"about":[{"href":"https:\/\/www.xhplasticlife.com\/fr\/wp-json\/wp\/v2\/types\/product"}],"replies":[{"embeddable":true,"href":"https:\/\/www.xhplasticlife.com\/fr\/wp-json\/wp\/v2\/comments?post=1859"}],"wp:featuredmedia":[{"embeddable":true,"href":"https:\/\/www.xhplasticlife.com\/fr\/wp-json\/wp\/v2\/media\/1864"}],"wp:attachment":[{"href":"https:\/\/www.xhplasticlife.com\/fr\/wp-json\/wp\/v2\/media?parent=1859"}],"wp:term":[{"taxonomy":"product_brand","embeddable":true,"href":"https:\/\/www.xhplasticlife.com\/fr\/wp-json\/wp\/v2\/product_brand?post=1859"},{"taxonomy":"product_cat","embeddable":true,"href":"https:\/\/www.xhplasticlife.com\/fr\/wp-json\/wp\/v2\/product_cat?post=1859"},{"taxonomy":"product_tag","embeddable":true,"href":"https:\/\/www.xhplasticlife.com\/fr\/wp-json\/wp\/v2\/product_tag?post=1859"}],"curies":[{"name":"wp","href":"https:\/\/api.w.org\/{rel}","templated":true}]}}