{"id":1796,"date":"2025-11-19T08:15:59","date_gmt":"2025-11-19T08:15:59","guid":{"rendered":"https:\/\/www.xhplasticlife.com\/?post_type=product&#038;p=1796"},"modified":"2025-11-19T08:16:02","modified_gmt":"2025-11-19T08:16:02","slug":"desktop-storage-shelf-supplier","status":"publish","type":"product","link":"https:\/\/www.xhplasticlife.com\/fr\/produit\/desktop-storage-shelf-supplier\/","title":{"rendered":"\u00c9tag\u00e8re de rangement en plastique pour bureau, Fabricant de supports d'organisation double couche en gros"},"content":{"rendered":"<div class=\"wp-block-columns is-layout-flex wp-container-core-columns-is-layout-9d6595d7 wp-block-columns-is-layout-flex\">\n<div class=\"wp-block-column is-layout-flow wp-block-column-is-layout-flow\">\n<h2 class=\"wp-block-heading\">\u00c9tag\u00e8re de rangement de bureau en plastique en gros Caract\u00e9ristiques :<\/h2>\n\n\n\n<ul class=\"wp-block-list\">\n<li><strong>Conception compacte \u00e0 double couche : <\/strong>Le support de rangement de bureau \u00e0 double couche assure une meilleure utilisation de l'espace, con\u00e7u pour contenir la papeterie, les cosm\u00e9tiques, les petits objets de la maison, etc., afin de garder votre bureau propre et organis\u00e9.<\/li>\n\n\n\n<li><strong>Construction en plastique durable et l\u00e9g\u00e8re : <\/strong>Fabriqu\u00e9e en plastique de haute qualit\u00e9, cette \u00e9tag\u00e8re est l\u00e9g\u00e8re et solide, durable et imperm\u00e9able pour une utilisation \u00e0 long terme dans le bureau, la cuisine ou la salle de bain.<\/li>\n\n\n\n<li><strong>Options d'\u00e9tag\u00e8res de rangement personnalis\u00e9es :<\/strong> En tant que fabricant professionnel d'\u00e9tag\u00e8res de bureau en plastique, nous pouvons offrir des options de personnalisation en termes de taille, de couleur, de logo et d'emballage pour r\u00e9pondre aux diff\u00e9rents besoins de nos acheteurs en gros.<\/li>\n\n\n\n<li><strong>Facile \u00e0 assembler et \u00e0 entretenir : <\/strong>Sa conception simple permet de l'assembler facilement sans outils ; la surface lisse est facile \u00e0 nettoyer, r\u00e9duit les probl\u00e8mes d'hygi\u00e8ne et convient donc \u00e0 une utilisation prolong\u00e9e.<\/li>\n\n\n\n<li><strong>Base antid\u00e9rapante robuste : <\/strong>L'\u00e9tag\u00e8re est \u00e9quip\u00e9e d'une base antid\u00e9rapante pour assurer sa stabilit\u00e9 et \u00e9viter qu'elle ne bascule lorsqu'elle est remplie de plusieurs petits objets.<\/li>\n\n\n\n<li><strong>Applicable \u00e0 un large \u00e9ventail d'environnements :<\/strong>  Du bureau \u00e0 la cuisine en passant par la salle de bains et la chambre \u00e0 coucher, il peut \u00eatre utilis\u00e9 pour organiser une multitude de petits objets.<\/li>\n\n\n\n<li><strong>Factory Direct Wholesale Supply<\/strong>: Nous fournissons des prix directs d'usine pour les \u00e9tag\u00e8res de bureau en plastique en gros, r\u00e9pondant aux demandes des acheteurs en gros dans le monde entier.<\/li>\n<\/ul>\n<\/div>\n\n\n\n<div class=\"wp-block-column is-layout-flow wp-block-column-is-layout-flow\">\n<figure class=\"wp-block-image size-full\"><img decoding=\"async\" width=\"800\" height=\"800\" src=\"https:\/\/www.xhplasticlife.com\/wp-content\/uploads\/2025\/11\/wholesale-plastic-desktop-storage-shelf-supplier-1.webp\" alt=\"Fournisseur en gros d&#039;\u00e9tag\u00e8res de rangement en plastique (1)\" class=\"wp-image-1801\" srcset=\"https:\/\/www.xhplasticlife.com\/wp-content\/uploads\/2025\/11\/wholesale-plastic-desktop-storage-shelf-supplier-1.webp 800w, https:\/\/www.xhplasticlife.com\/wp-content\/uploads\/2025\/11\/wholesale-plastic-desktop-storage-shelf-supplier-1-300x300.webp 300w, https:\/\/www.xhplasticlife.com\/wp-content\/uploads\/2025\/11\/wholesale-plastic-desktop-storage-shelf-supplier-1-150x150.webp 150w, https:\/\/www.xhplasticlife.com\/wp-content\/uploads\/2025\/11\/wholesale-plastic-desktop-storage-shelf-supplier-1-768x768.webp 768w, https:\/\/www.xhplasticlife.com\/wp-content\/uploads\/2025\/11\/wholesale-plastic-desktop-storage-shelf-supplier-1-12x12.webp 12w, https:\/\/www.xhplasticlife.com\/wp-content\/uploads\/2025\/11\/wholesale-plastic-desktop-storage-shelf-supplier-1-600x600.webp 600w, https:\/\/www.xhplasticlife.com\/wp-content\/uploads\/2025\/11\/wholesale-plastic-desktop-storage-shelf-supplier-1-100x100.webp 100w\" sizes=\"(max-width: 800px) 100vw, 800px\" \/><\/figure>\n<\/div>\n<\/div>\n\n\n\n<figure class=\"wp-block-table is-style-stripes\"><table class=\"has-fixed-layout\"><tbody><tr><td>Mod\u00e8le<\/td><td>Taille du produit<\/td><td>Poids brut<\/td><\/tr><tr><td>SN2411<\/td><td>35x13x5cm<\/td><td>352g<\/td><\/tr><tr><td>SN2412<\/td><td>35\u00d724.5x5cm<\/td><td>575g<\/td><\/tr><\/tbody><\/table><\/figure>\n\n\n\n<div class=\"wp-block-columns is-layout-flex wp-container-core-columns-is-layout-9d6595d7 wp-block-columns-is-layout-flex\">\n<div class=\"wp-block-column is-layout-flow wp-block-column-is-layout-flow\"><div class=\"wp-block-image\">\n<figure class=\"aligncenter size-full\"><img decoding=\"async\" width=\"800\" height=\"800\" src=\"https:\/\/www.xhplasticlife.com\/wp-content\/uploads\/2025\/11\/plastic-desktop-storage-shelf-supplier-3.webp\" alt=\"Fournisseur d&#039;\u00e9tag\u00e8res de rangement en plastique (3)\" class=\"wp-image-1799\" srcset=\"https:\/\/www.xhplasticlife.com\/wp-content\/uploads\/2025\/11\/plastic-desktop-storage-shelf-supplier-3.webp 800w, https:\/\/www.xhplasticlife.com\/wp-content\/uploads\/2025\/11\/plastic-desktop-storage-shelf-supplier-3-300x300.webp 300w, https:\/\/www.xhplasticlife.com\/wp-content\/uploads\/2025\/11\/plastic-desktop-storage-shelf-supplier-3-150x150.webp 150w, https:\/\/www.xhplasticlife.com\/wp-content\/uploads\/2025\/11\/plastic-desktop-storage-shelf-supplier-3-768x768.webp 768w, https:\/\/www.xhplasticlife.com\/wp-content\/uploads\/2025\/11\/plastic-desktop-storage-shelf-supplier-3-12x12.webp 12w, https:\/\/www.xhplasticlife.com\/wp-content\/uploads\/2025\/11\/plastic-desktop-storage-shelf-supplier-3-600x600.webp 600w, https:\/\/www.xhplasticlife.com\/wp-content\/uploads\/2025\/11\/plastic-desktop-storage-shelf-supplier-3-100x100.webp 100w\" sizes=\"(max-width: 800px) 100vw, 800px\" \/><figcaption class=\"wp-element-caption\">SN2411<\/figcaption><\/figure>\n<\/div><\/div>\n\n\n\n<div class=\"wp-block-column is-layout-flow wp-block-column-is-layout-flow\"><div class=\"wp-block-image\">\n<figure class=\"aligncenter size-full\"><img decoding=\"async\" width=\"800\" height=\"800\" src=\"https:\/\/www.xhplasticlife.com\/wp-content\/uploads\/2025\/11\/plastic-desktop-storage-shelf-supplier-2.webp\" alt=\"fournisseur d&#039;\u00e9tag\u00e8res de rangement en plastique (2)\" class=\"wp-image-1798\" srcset=\"https:\/\/www.xhplasticlife.com\/wp-content\/uploads\/2025\/11\/plastic-desktop-storage-shelf-supplier-2.webp 800w, https:\/\/www.xhplasticlife.com\/wp-content\/uploads\/2025\/11\/plastic-desktop-storage-shelf-supplier-2-300x300.webp 300w, https:\/\/www.xhplasticlife.com\/wp-content\/uploads\/2025\/11\/plastic-desktop-storage-shelf-supplier-2-150x150.webp 150w, https:\/\/www.xhplasticlife.com\/wp-content\/uploads\/2025\/11\/plastic-desktop-storage-shelf-supplier-2-768x768.webp 768w, https:\/\/www.xhplasticlife.com\/wp-content\/uploads\/2025\/11\/plastic-desktop-storage-shelf-supplier-2-12x12.webp 12w, https:\/\/www.xhplasticlife.com\/wp-content\/uploads\/2025\/11\/plastic-desktop-storage-shelf-supplier-2-600x600.webp 600w, https:\/\/www.xhplasticlife.com\/wp-content\/uploads\/2025\/11\/plastic-desktop-storage-shelf-supplier-2-100x100.webp 100w\" sizes=\"(max-width: 800px) 100vw, 800px\" \/><figcaption class=\"wp-element-caption\">SN2411<\/figcaption><\/figure>\n<\/div><\/div>\n\n\n\n<div class=\"wp-block-column is-layout-flow wp-block-column-is-layout-flow\"><div class=\"wp-block-image\">\n<figure class=\"aligncenter size-full\"><img decoding=\"async\" width=\"800\" height=\"800\" src=\"https:\/\/www.xhplasticlife.com\/wp-content\/uploads\/2025\/11\/plastic-desktop-storage-shelf-supplier-1.webp\" alt=\"Fournisseur d&#039;\u00e9tag\u00e8res de rangement en plastique (1)\" class=\"wp-image-1797\" srcset=\"https:\/\/www.xhplasticlife.com\/wp-content\/uploads\/2025\/11\/plastic-desktop-storage-shelf-supplier-1.webp 800w, https:\/\/www.xhplasticlife.com\/wp-content\/uploads\/2025\/11\/plastic-desktop-storage-shelf-supplier-1-300x300.webp 300w, https:\/\/www.xhplasticlife.com\/wp-content\/uploads\/2025\/11\/plastic-desktop-storage-shelf-supplier-1-150x150.webp 150w, https:\/\/www.xhplasticlife.com\/wp-content\/uploads\/2025\/11\/plastic-desktop-storage-shelf-supplier-1-768x768.webp 768w, https:\/\/www.xhplasticlife.com\/wp-content\/uploads\/2025\/11\/plastic-desktop-storage-shelf-supplier-1-12x12.webp 12w, https:\/\/www.xhplasticlife.com\/wp-content\/uploads\/2025\/11\/plastic-desktop-storage-shelf-supplier-1-600x600.webp 600w, https:\/\/www.xhplasticlife.com\/wp-content\/uploads\/2025\/11\/plastic-desktop-storage-shelf-supplier-1-100x100.webp 100w\" sizes=\"(max-width: 800px) 100vw, 800px\" \/><figcaption class=\"wp-element-caption\">SN2412<\/figcaption><\/figure>\n<\/div><\/div>\n\n\n\n<div class=\"wp-block-column is-layout-flow wp-block-column-is-layout-flow\"><div class=\"wp-block-image\">\n<figure class=\"aligncenter size-full\"><img decoding=\"async\" width=\"800\" height=\"800\" src=\"https:\/\/www.xhplasticlife.com\/wp-content\/uploads\/2025\/11\/plastic-desktop-storage-shelf-supplier-4.webp\" alt=\"Fournisseur d&#039;\u00e9tag\u00e8res de rangement en plastique (4)\" class=\"wp-image-1800\" srcset=\"https:\/\/www.xhplasticlife.com\/wp-content\/uploads\/2025\/11\/plastic-desktop-storage-shelf-supplier-4.webp 800w, https:\/\/www.xhplasticlife.com\/wp-content\/uploads\/2025\/11\/plastic-desktop-storage-shelf-supplier-4-300x300.webp 300w, https:\/\/www.xhplasticlife.com\/wp-content\/uploads\/2025\/11\/plastic-desktop-storage-shelf-supplier-4-150x150.webp 150w, https:\/\/www.xhplasticlife.com\/wp-content\/uploads\/2025\/11\/plastic-desktop-storage-shelf-supplier-4-768x768.webp 768w, https:\/\/www.xhplasticlife.com\/wp-content\/uploads\/2025\/11\/plastic-desktop-storage-shelf-supplier-4-12x12.webp 12w, https:\/\/www.xhplasticlife.com\/wp-content\/uploads\/2025\/11\/plastic-desktop-storage-shelf-supplier-4-600x600.webp 600w, https:\/\/www.xhplasticlife.com\/wp-content\/uploads\/2025\/11\/plastic-desktop-storage-shelf-supplier-4-100x100.webp 100w\" sizes=\"(max-width: 800px) 100vw, 800px\" \/><figcaption class=\"wp-element-caption\">SN2412<\/figcaption><\/figure>\n<\/div><\/div>\n<\/div>","protected":false},"excerpt":{"rendered":"<p>Nous vous invitons \u00e0 acheter en gros notre \u00e9tag\u00e8re de rangement de bureau en plastique, con\u00e7ue avec une structure durable \u00e0 double couche pour une organisation efficace. En tant que fournisseur professionnel d'\u00e9tag\u00e8res de bureau en plastique, nous offrons des prix d'usine, la personnalisation OEM\/ODM et un approvisionnement en vrac stable pour les acheteurs mondiaux.<\/p>\n<h2>\u00c9tag\u00e8re de rangement en plastique Param\u00e8tre :<\/h2>\n<ul>\n<li><strong>Mod\u00e8le<\/strong>: SN2415-SN2417<\/li>\n<li><strong>Nom de la marque<\/strong>: Xinghui<\/li>\n<li><strong>Mat\u00e9riau<\/strong>: ABS+acier inoxydable<\/li>\n<li><strong>Couleur<\/strong>: Blanc, Cr\u00e8me<\/li>\n<li><strong>Emballage<\/strong>: Carton<\/li>\n<li><strong>OEM\/ODM<\/strong>: Disponible<\/li>\n<li><strong>Option personnalis\u00e9e<\/strong>: Couleur\/Taille\/Logo\/Emballage<\/li>\n<\/ul>\n<h2>De Daily Plasticware, fabricant de produits en plastique :<\/h2>\n<p>Fond\u00e9e en 2000,\u00a0<a href=\"https:\/\/www.xhplasticlife.com\/fr\/\"><strong>Xinghui<\/strong><\/a>\u00a0est sp\u00e9cialis\u00e9e dans la production et la vente en gros de bo\u00eetes \u00e0 lunch, de r\u00e9cipients pour la conservation des aliments, de r\u00e9cipients pour les boissons, de r\u00e9cipients pour la conservation des produits m\u00e9nagers et d'autres produits quotidiens en plastique. Elle propose \u00e0 ses clients des services OEM et ODM ainsi que des services d'approvisionnement en ligne.<\/p>","protected":false},"featured_media":1802,"comment_status":"closed","ping_status":"closed","template":"","meta":{"_acf_changed":false},"product_brand":[],"product_cat":[19],"product_tag":[],"class_list":{"0":"post-1796","1":"product","2":"type-product","3":"status-publish","4":"has-post-thumbnail","6":"product_cat-kitchen-storage-containers-wholesale","8":"first","9":"instock","10":"shipping-taxable","11":"product-type-simple"},"acf":[],"_links":{"self":[{"href":"https:\/\/www.xhplasticlife.com\/fr\/wp-json\/wp\/v2\/product\/1796","targetHints":{"allow":["GET"]}}],"collection":[{"href":"https:\/\/www.xhplasticlife.com\/fr\/wp-json\/wp\/v2\/product"}],"about":[{"href":"https:\/\/www.xhplasticlife.com\/fr\/wp-json\/wp\/v2\/types\/product"}],"replies":[{"embeddable":true,"href":"https:\/\/www.xhplasticlife.com\/fr\/wp-json\/wp\/v2\/comments?post=1796"}],"wp:featuredmedia":[{"embeddable":true,"href":"https:\/\/www.xhplasticlife.com\/fr\/wp-json\/wp\/v2\/media\/1802"}],"wp:attachment":[{"href":"https:\/\/www.xhplasticlife.com\/fr\/wp-json\/wp\/v2\/media?parent=1796"}],"wp:term":[{"taxonomy":"product_brand","embeddable":true,"href":"https:\/\/www.xhplasticlife.com\/fr\/wp-json\/wp\/v2\/product_brand?post=1796"},{"taxonomy":"product_cat","embeddable":true,"href":"https:\/\/www.xhplasticlife.com\/fr\/wp-json\/wp\/v2\/product_cat?post=1796"},{"taxonomy":"product_tag","embeddable":true,"href":"https:\/\/www.xhplasticlife.com\/fr\/wp-json\/wp\/v2\/product_tag?post=1796"}],"curies":[{"name":"wp","href":"https:\/\/api.w.org\/{rel}","templated":true}]}}