{"id":1785,"date":"2025-11-19T07:40:17","date_gmt":"2025-11-19T07:40:17","guid":{"rendered":"https:\/\/www.xhplasticlife.com\/?post_type=product&#038;p=1785"},"modified":"2025-11-19T07:40:20","modified_gmt":"2025-11-19T07:40:20","slug":"double-layer-storage-shelf-wholesale","status":"publish","type":"product","link":"https:\/\/www.xhplasticlife.com\/fr\/produit\/double-layer-storage-shelf-wholesale\/","title":{"rendered":"Etag\u00e8re de stockage double couche en vrac Fabricant d'organisateur de bureau en plastique sur mesure pour le bureau et la maison"},"content":{"rendered":"<div class=\"wp-block-columns is-layout-flex wp-container-core-columns-is-layout-9d6595d7 wp-block-columns-is-layout-flex\">\n<div class=\"wp-block-column is-layout-flow wp-block-column-is-layout-flow\">\n<h2 class=\"wp-block-heading\">\u00c9tag\u00e8re de rangement double couche en vrac Caract\u00e9ristiques :<\/h2>\n\n\n\n<ul class=\"wp-block-list\">\n<li><strong>Conception durable \u00e0 double couche : <\/strong>petit en haut et grand en bas. La conception \u00e0 double couche permet de ranger des articles de papeterie, des condiments ou de petits articles sur la couche sup\u00e9rieure et des livres, des bocaux ou des articles de bureau\/cuisine plus volumineux sur la couche inf\u00e9rieure. Cela r\u00e9pond aux divers besoins de stockage des acheteurs en gros qui recherchent des \u00e9tag\u00e8res de stockage \u00e0 double couche en vrac.<\/li>\n\n\n\n<li><strong>Mati\u00e8re plastique de qualit\u00e9 sup\u00e9rieure<\/strong>: Cette \u00e9tag\u00e8re de rangement \u00e0 double couche est fabriqu\u00e9e en plastique de haute qualit\u00e9 et respectueux de l'environnement. Elle est l\u00e9g\u00e8re et durable, r\u00e9sistante \u00e0 l'eau et \u00e0 l'humidit\u00e9, et convient \u00e0 une utilisation prolong\u00e9e pour garder le bureau propre et bien rang\u00e9.<\/li>\n\n\n\n<li><strong>Organisateur de bureau personnalis\u00e9<\/strong>: Nous pouvons personnaliser la taille, la couleur, le logo et l'emballage des \u00e9tag\u00e8res de bureau en plastique. La production de masse OEM\/ODM est possible.<\/li>\n\n\n\n<li><strong>Facile \u00e0 assembler et \u00e0 utiliser :<\/strong> Cette luxueuse \u00e9tag\u00e8re de rangement en plastique ne n\u00e9cessite aucun outil pour l'assemblage. Elle est tr\u00e8s facile \u00e0 nettoyer gr\u00e2ce \u00e0 sa surface lisse ; l'hygi\u00e8ne est maintenue pendant longtemps.<\/li>\n\n\n\n<li><strong>Application multi-sc\u00e8ne<\/strong>: Il est con\u00e7u pour les bureaux, les maisons, les cuisines, les \u00e9tudes ou les magasins, lib\u00e9rant l'espace du bureau et l'embellissant.<\/li>\n\n\n\n<li><strong>Base antid\u00e9rapante :<\/strong> Le fond de cette \u00e9tag\u00e8re de stockage en vrac \u00e0 double couche est dot\u00e9 d'un support antid\u00e9rapant et stable pour \u00e9viter que les articles ne basculent. Elle est s\u00fbre et fiable, m\u00eame lorsque plusieurs produits sont plac\u00e9s dessus.<\/li>\n<\/ul>\n<\/div>\n\n\n\n<div class=\"wp-block-column is-layout-flow wp-block-column-is-layout-flow\">\n<figure class=\"wp-block-image size-full\"><img decoding=\"async\" width=\"416\" height=\"416\" src=\"https:\/\/www.xhplasticlife.com\/wp-content\/uploads\/2025\/11\/Bulk-Double-Layer-Storage-Shelf-Manufacturer-1.webp\" alt=\"Fabricant d&#039;\u00e9tag\u00e8res de stockage double couche en vrac (1)\" class=\"wp-image-1786\" srcset=\"https:\/\/www.xhplasticlife.com\/wp-content\/uploads\/2025\/11\/Bulk-Double-Layer-Storage-Shelf-Manufacturer-1.webp 416w, https:\/\/www.xhplasticlife.com\/wp-content\/uploads\/2025\/11\/Bulk-Double-Layer-Storage-Shelf-Manufacturer-1-300x300.webp 300w, https:\/\/www.xhplasticlife.com\/wp-content\/uploads\/2025\/11\/Bulk-Double-Layer-Storage-Shelf-Manufacturer-1-150x150.webp 150w, https:\/\/www.xhplasticlife.com\/wp-content\/uploads\/2025\/11\/Bulk-Double-Layer-Storage-Shelf-Manufacturer-1-12x12.webp 12w, https:\/\/www.xhplasticlife.com\/wp-content\/uploads\/2025\/11\/Bulk-Double-Layer-Storage-Shelf-Manufacturer-1-100x100.webp 100w\" sizes=\"(max-width: 416px) 100vw, 416px\" \/><\/figure>\n<\/div>\n<\/div>\n\n\n\n<div class=\"wp-block-columns is-layout-flex wp-container-core-columns-is-layout-9d6595d7 wp-block-columns-is-layout-flex\">\n<div class=\"wp-block-column is-layout-flow wp-block-column-is-layout-flow\"><div class=\"wp-block-image\">\n<figure class=\"aligncenter size-full\"><img decoding=\"async\" width=\"800\" height=\"800\" src=\"https:\/\/www.xhplasticlife.com\/wp-content\/uploads\/2025\/11\/Bulk-Double-Layer-Storage-Shelf-Manufacturer-xinghui-1.webp\" alt=\"Fabricant d&#039;\u00e9tag\u00e8res de stockage en vrac \u00e0 double couche - xinghui (1)\" class=\"wp-image-1792\" srcset=\"https:\/\/www.xhplasticlife.com\/wp-content\/uploads\/2025\/11\/Bulk-Double-Layer-Storage-Shelf-Manufacturer-xinghui-1.webp 800w, https:\/\/www.xhplasticlife.com\/wp-content\/uploads\/2025\/11\/Bulk-Double-Layer-Storage-Shelf-Manufacturer-xinghui-1-300x300.webp 300w, https:\/\/www.xhplasticlife.com\/wp-content\/uploads\/2025\/11\/Bulk-Double-Layer-Storage-Shelf-Manufacturer-xinghui-1-150x150.webp 150w, https:\/\/www.xhplasticlife.com\/wp-content\/uploads\/2025\/11\/Bulk-Double-Layer-Storage-Shelf-Manufacturer-xinghui-1-768x768.webp 768w, https:\/\/www.xhplasticlife.com\/wp-content\/uploads\/2025\/11\/Bulk-Double-Layer-Storage-Shelf-Manufacturer-xinghui-1-12x12.webp 12w, https:\/\/www.xhplasticlife.com\/wp-content\/uploads\/2025\/11\/Bulk-Double-Layer-Storage-Shelf-Manufacturer-xinghui-1-600x600.webp 600w, https:\/\/www.xhplasticlife.com\/wp-content\/uploads\/2025\/11\/Bulk-Double-Layer-Storage-Shelf-Manufacturer-xinghui-1-100x100.webp 100w\" sizes=\"(max-width: 800px) 100vw, 800px\" \/><figcaption class=\"wp-element-caption\">SN2415<\/figcaption><\/figure>\n<\/div><\/div>\n\n\n\n<div class=\"wp-block-column is-layout-flow wp-block-column-is-layout-flow\"><div class=\"wp-block-image\">\n<figure class=\"aligncenter size-full\"><img decoding=\"async\" width=\"800\" height=\"800\" src=\"https:\/\/www.xhplasticlife.com\/wp-content\/uploads\/2025\/11\/Bulk-Double-Layer-Storage-Shelf-Manufacturer-xinghui-4.webp\" alt=\"Fabricant d&#039;\u00e9tag\u00e8res de stockage double couche en vrac - xinghui (4)\" class=\"wp-image-1795\" srcset=\"https:\/\/www.xhplasticlife.com\/wp-content\/uploads\/2025\/11\/Bulk-Double-Layer-Storage-Shelf-Manufacturer-xinghui-4.webp 800w, https:\/\/www.xhplasticlife.com\/wp-content\/uploads\/2025\/11\/Bulk-Double-Layer-Storage-Shelf-Manufacturer-xinghui-4-300x300.webp 300w, https:\/\/www.xhplasticlife.com\/wp-content\/uploads\/2025\/11\/Bulk-Double-Layer-Storage-Shelf-Manufacturer-xinghui-4-150x150.webp 150w, https:\/\/www.xhplasticlife.com\/wp-content\/uploads\/2025\/11\/Bulk-Double-Layer-Storage-Shelf-Manufacturer-xinghui-4-768x768.webp 768w, https:\/\/www.xhplasticlife.com\/wp-content\/uploads\/2025\/11\/Bulk-Double-Layer-Storage-Shelf-Manufacturer-xinghui-4-12x12.webp 12w, https:\/\/www.xhplasticlife.com\/wp-content\/uploads\/2025\/11\/Bulk-Double-Layer-Storage-Shelf-Manufacturer-xinghui-4-600x600.webp 600w, https:\/\/www.xhplasticlife.com\/wp-content\/uploads\/2025\/11\/Bulk-Double-Layer-Storage-Shelf-Manufacturer-xinghui-4-100x100.webp 100w\" sizes=\"(max-width: 800px) 100vw, 800px\" \/><figcaption class=\"wp-element-caption\">SN2415<\/figcaption><\/figure>\n<\/div><\/div>\n\n\n\n<div class=\"wp-block-column is-layout-flow wp-block-column-is-layout-flow\"><div class=\"wp-block-image\">\n<figure class=\"aligncenter size-full\"><img decoding=\"async\" width=\"800\" height=\"800\" src=\"https:\/\/www.xhplasticlife.com\/wp-content\/uploads\/2025\/11\/Bulk-Double-Layer-Storage-Shelf-Manufacturer-xinghui-3.webp\" alt=\"Fabricant d&#039;\u00e9tag\u00e8res de stockage double couche en vrac - xinghui (3)\" class=\"wp-image-1794\" srcset=\"https:\/\/www.xhplasticlife.com\/wp-content\/uploads\/2025\/11\/Bulk-Double-Layer-Storage-Shelf-Manufacturer-xinghui-3.webp 800w, https:\/\/www.xhplasticlife.com\/wp-content\/uploads\/2025\/11\/Bulk-Double-Layer-Storage-Shelf-Manufacturer-xinghui-3-300x300.webp 300w, https:\/\/www.xhplasticlife.com\/wp-content\/uploads\/2025\/11\/Bulk-Double-Layer-Storage-Shelf-Manufacturer-xinghui-3-150x150.webp 150w, https:\/\/www.xhplasticlife.com\/wp-content\/uploads\/2025\/11\/Bulk-Double-Layer-Storage-Shelf-Manufacturer-xinghui-3-768x768.webp 768w, https:\/\/www.xhplasticlife.com\/wp-content\/uploads\/2025\/11\/Bulk-Double-Layer-Storage-Shelf-Manufacturer-xinghui-3-12x12.webp 12w, https:\/\/www.xhplasticlife.com\/wp-content\/uploads\/2025\/11\/Bulk-Double-Layer-Storage-Shelf-Manufacturer-xinghui-3-600x600.webp 600w, https:\/\/www.xhplasticlife.com\/wp-content\/uploads\/2025\/11\/Bulk-Double-Layer-Storage-Shelf-Manufacturer-xinghui-3-100x100.webp 100w\" sizes=\"(max-width: 800px) 100vw, 800px\" \/><figcaption class=\"wp-element-caption\">SN2416<\/figcaption><\/figure>\n<\/div><\/div>\n\n\n\n<div class=\"wp-block-column is-layout-flow wp-block-column-is-layout-flow\"><div class=\"wp-block-image\">\n<figure class=\"aligncenter size-full\"><img decoding=\"async\" width=\"800\" height=\"800\" src=\"https:\/\/www.xhplasticlife.com\/wp-content\/uploads\/2025\/11\/Bulk-Double-Layer-Storage-Shelf-Manufacturer-xinghui-2.webp\" alt=\"Fabricant d&#039;\u00e9tag\u00e8res de stockage en vrac \u00e0 double couche - xinghui (2)\" class=\"wp-image-1793\" srcset=\"https:\/\/www.xhplasticlife.com\/wp-content\/uploads\/2025\/11\/Bulk-Double-Layer-Storage-Shelf-Manufacturer-xinghui-2.webp 800w, https:\/\/www.xhplasticlife.com\/wp-content\/uploads\/2025\/11\/Bulk-Double-Layer-Storage-Shelf-Manufacturer-xinghui-2-300x300.webp 300w, https:\/\/www.xhplasticlife.com\/wp-content\/uploads\/2025\/11\/Bulk-Double-Layer-Storage-Shelf-Manufacturer-xinghui-2-150x150.webp 150w, https:\/\/www.xhplasticlife.com\/wp-content\/uploads\/2025\/11\/Bulk-Double-Layer-Storage-Shelf-Manufacturer-xinghui-2-768x768.webp 768w, https:\/\/www.xhplasticlife.com\/wp-content\/uploads\/2025\/11\/Bulk-Double-Layer-Storage-Shelf-Manufacturer-xinghui-2-12x12.webp 12w, https:\/\/www.xhplasticlife.com\/wp-content\/uploads\/2025\/11\/Bulk-Double-Layer-Storage-Shelf-Manufacturer-xinghui-2-600x600.webp 600w, https:\/\/www.xhplasticlife.com\/wp-content\/uploads\/2025\/11\/Bulk-Double-Layer-Storage-Shelf-Manufacturer-xinghui-2-100x100.webp 100w\" sizes=\"(max-width: 800px) 100vw, 800px\" \/><figcaption class=\"wp-element-caption\">SN2416<\/figcaption><\/figure>\n<\/div><\/div>\n<\/div>\n\n\n\n<div class=\"wp-block-columns is-layout-flex wp-container-core-columns-is-layout-9d6595d7 wp-block-columns-is-layout-flex\">\n<div class=\"wp-block-column is-layout-flow wp-block-column-is-layout-flow\">\n<div class=\"wp-block-columns is-layout-flex wp-container-core-columns-is-layout-9d6595d7 wp-block-columns-is-layout-flex\">\n<div class=\"wp-block-column is-layout-flow wp-block-column-is-layout-flow\"><div class=\"wp-block-image\">\n<figure class=\"aligncenter size-full\"><img decoding=\"async\" width=\"800\" height=\"800\" src=\"https:\/\/www.xhplasticlife.com\/wp-content\/uploads\/2025\/11\/Bulk-Double-Layer-Storage-Shelf-Manufacturer-3.webp\" alt=\"Fabricant d&#039;\u00e9tag\u00e8res de stockage double couche en vrac (3)\" class=\"wp-image-1789\" srcset=\"https:\/\/www.xhplasticlife.com\/wp-content\/uploads\/2025\/11\/Bulk-Double-Layer-Storage-Shelf-Manufacturer-3.webp 800w, https:\/\/www.xhplasticlife.com\/wp-content\/uploads\/2025\/11\/Bulk-Double-Layer-Storage-Shelf-Manufacturer-3-300x300.webp 300w, https:\/\/www.xhplasticlife.com\/wp-content\/uploads\/2025\/11\/Bulk-Double-Layer-Storage-Shelf-Manufacturer-3-150x150.webp 150w, https:\/\/www.xhplasticlife.com\/wp-content\/uploads\/2025\/11\/Bulk-Double-Layer-Storage-Shelf-Manufacturer-3-768x768.webp 768w, https:\/\/www.xhplasticlife.com\/wp-content\/uploads\/2025\/11\/Bulk-Double-Layer-Storage-Shelf-Manufacturer-3-12x12.webp 12w, https:\/\/www.xhplasticlife.com\/wp-content\/uploads\/2025\/11\/Bulk-Double-Layer-Storage-Shelf-Manufacturer-3-600x600.webp 600w, https:\/\/www.xhplasticlife.com\/wp-content\/uploads\/2025\/11\/Bulk-Double-Layer-Storage-Shelf-Manufacturer-3-100x100.webp 100w\" sizes=\"(max-width: 800px) 100vw, 800px\" \/><figcaption class=\"wp-element-caption\">SN2417<\/figcaption><\/figure>\n<\/div><\/div>\n\n\n\n<div class=\"wp-block-column is-layout-flow wp-block-column-is-layout-flow\"><div class=\"wp-block-image\">\n<figure class=\"aligncenter size-full\"><img decoding=\"async\" width=\"800\" height=\"800\" src=\"https:\/\/www.xhplasticlife.com\/wp-content\/uploads\/2025\/11\/Bulk-Double-Layer-Storage-Shelf-Manufacturer-2.webp\" alt=\"Fabricant d&#039;\u00e9tag\u00e8res de stockage double couche en vrac (2)\" class=\"wp-image-1788\" srcset=\"https:\/\/www.xhplasticlife.com\/wp-content\/uploads\/2025\/11\/Bulk-Double-Layer-Storage-Shelf-Manufacturer-2.webp 800w, https:\/\/www.xhplasticlife.com\/wp-content\/uploads\/2025\/11\/Bulk-Double-Layer-Storage-Shelf-Manufacturer-2-300x300.webp 300w, https:\/\/www.xhplasticlife.com\/wp-content\/uploads\/2025\/11\/Bulk-Double-Layer-Storage-Shelf-Manufacturer-2-150x150.webp 150w, https:\/\/www.xhplasticlife.com\/wp-content\/uploads\/2025\/11\/Bulk-Double-Layer-Storage-Shelf-Manufacturer-2-768x768.webp 768w, https:\/\/www.xhplasticlife.com\/wp-content\/uploads\/2025\/11\/Bulk-Double-Layer-Storage-Shelf-Manufacturer-2-12x12.webp 12w, https:\/\/www.xhplasticlife.com\/wp-content\/uploads\/2025\/11\/Bulk-Double-Layer-Storage-Shelf-Manufacturer-2-600x600.webp 600w, https:\/\/www.xhplasticlife.com\/wp-content\/uploads\/2025\/11\/Bulk-Double-Layer-Storage-Shelf-Manufacturer-2-100x100.webp 100w\" sizes=\"(max-width: 800px) 100vw, 800px\" \/><figcaption class=\"wp-element-caption\">SN2417<\/figcaption><\/figure>\n<\/div><\/div>\n<\/div>\n<\/div>\n\n\n\n<div class=\"wp-block-column is-layout-flow wp-block-column-is-layout-flow\">\n<figure class=\"wp-block-table is-style-stripes\"><table class=\"has-fixed-layout\"><tbody><tr><td>Mod\u00e8le<\/td><td>Taille du produit<\/td><td>Poids brut<\/td><\/tr><tr><td>SN2415<\/td><td>35.5x14x11cm<\/td><td>713g<\/td><\/tr><tr><td>SN2416<\/td><td>35,5\u00d725,5x11cm<\/td><td>1218g<\/td><\/tr><tr><td>SN2417<\/td><td>35,5\u00d725,5x11cm<\/td><td>1038g<\/td><\/tr><\/tbody><\/table><\/figure>\n<\/div>\n<\/div>","protected":false},"excerpt":{"rendered":"<p>Nous vous invitons \u00e0 acheter notre \u00e9tag\u00e8re de stockage en vrac \u00e0 double couche, con\u00e7ue avec un petit niveau sup\u00e9rieur et un niveau inf\u00e9rieur plus grand pour une organisation optimale de l'espace. Nous offrons des solutions personnalis\u00e9es d'\u00e9tag\u00e8res organisatrices de bureau en plastique avec des prix de gros d'usine, un support OEM\/ODM et une livraison rapide pour les acheteurs internationaux.<\/p>\n<h2>\u00c9tag\u00e8re de rangement \u00e0 double couche Param\u00e8tre :<\/h2>\n<ul>\n<li><strong>Mod\u00e8le<\/strong>: SN2415-SN2417<\/li>\n<li><strong>Nom de la marque<\/strong>: Xinghui<\/li>\n<li><strong>Mat\u00e9riau<\/strong>: ABS+acier inoxydable<\/li>\n<li><strong>Couleur<\/strong>: Blanc, Cr\u00e8me<\/li>\n<li><strong>Emballage<\/strong>: Carton<\/li>\n<li><strong>OEM\/ODM<\/strong>: Disponible<\/li>\n<li><strong>Option personnalis\u00e9e<\/strong>: Couleur\/Taille\/Logo\/Emballage<\/li>\n<\/ul>\n<h2>De Daily Plasticware, fabricant de produits en plastique :<\/h2>\n<p>Fond\u00e9e en 2000,\u00a0<a href=\"https:\/\/www.xhplasticlife.com\/fr\/\"><strong>Xinghui<\/strong><\/a>\u00a0est sp\u00e9cialis\u00e9e dans la production et la vente en gros de bo\u00eetes \u00e0 lunch, de r\u00e9cipients pour la conservation des aliments, de r\u00e9cipients pour les boissons, de r\u00e9cipients pour la conservation des produits m\u00e9nagers et d'autres produits quotidiens en plastique. Elle propose \u00e0 ses clients des services OEM et ODM ainsi que des services d'approvisionnement en ligne.<\/p>","protected":false},"featured_media":1786,"comment_status":"closed","ping_status":"closed","template":"","meta":{"_acf_changed":false},"product_brand":[],"product_cat":[19],"product_tag":[],"class_list":{"0":"post-1785","1":"product","2":"type-product","3":"status-publish","4":"has-post-thumbnail","6":"product_cat-kitchen-storage-containers-wholesale","8":"first","9":"instock","10":"shipping-taxable","11":"product-type-simple"},"acf":[],"_links":{"self":[{"href":"https:\/\/www.xhplasticlife.com\/fr\/wp-json\/wp\/v2\/product\/1785","targetHints":{"allow":["GET"]}}],"collection":[{"href":"https:\/\/www.xhplasticlife.com\/fr\/wp-json\/wp\/v2\/product"}],"about":[{"href":"https:\/\/www.xhplasticlife.com\/fr\/wp-json\/wp\/v2\/types\/product"}],"replies":[{"embeddable":true,"href":"https:\/\/www.xhplasticlife.com\/fr\/wp-json\/wp\/v2\/comments?post=1785"}],"wp:featuredmedia":[{"embeddable":true,"href":"https:\/\/www.xhplasticlife.com\/fr\/wp-json\/wp\/v2\/media\/1786"}],"wp:attachment":[{"href":"https:\/\/www.xhplasticlife.com\/fr\/wp-json\/wp\/v2\/media?parent=1785"}],"wp:term":[{"taxonomy":"product_brand","embeddable":true,"href":"https:\/\/www.xhplasticlife.com\/fr\/wp-json\/wp\/v2\/product_brand?post=1785"},{"taxonomy":"product_cat","embeddable":true,"href":"https:\/\/www.xhplasticlife.com\/fr\/wp-json\/wp\/v2\/product_cat?post=1785"},{"taxonomy":"product_tag","embeddable":true,"href":"https:\/\/www.xhplasticlife.com\/fr\/wp-json\/wp\/v2\/product_tag?post=1785"}],"curies":[{"name":"wp","href":"https:\/\/api.w.org\/{rel}","templated":true}]}}