{"id":1773,"date":"2025-11-17T18:22:43","date_gmt":"2025-11-17T18:22:43","guid":{"rendered":"https:\/\/www.xhplasticlife.com\/?post_type=product&#038;p=1773"},"modified":"2025-11-19T04:03:32","modified_gmt":"2025-11-19T04:03:32","slug":"double-layer-plastic-storage-racks","status":"publish","type":"product","link":"https:\/\/www.xhplasticlife.com\/fr\/produit\/double-layer-plastic-storage-racks\/","title":{"rendered":"Racks de stockage en plastique double couche Wholesale, Bulk Desktop Organizer Rack &amp; Storage Shelf"},"content":{"rendered":"<div class=\"wp-block-columns is-layout-flex wp-container-core-columns-is-layout-9d6595d7 wp-block-columns-is-layout-flex\">\n<div class=\"wp-block-column is-layout-flow wp-block-column-is-layout-flow\">\n<h2 class=\"wp-block-heading\">Racks de stockage en plastique \u00e0 double couche (Wholesale) Caract\u00e9ristiques :<\/h2>\n\n\n\n<ul class=\"wp-block-list\">\n<li><strong>Conception durable \u00e0 double couche :<\/strong> Cette structure \u00e0 deux niveaux offre une capacit\u00e9 suppl\u00e9mentaire pour organiser les fournitures de bureau, les cosm\u00e9tiques, les snacks ou les articles de cuisine. Elle est id\u00e9ale pour les acheteurs qui recherchent des alternatives aux plateaux d'\u00e9gouttage en plastique avec des fonctions de stockage suppl\u00e9mentaires.<\/li>\n\n\n\n<li><strong>Save Space Desktop Organizer<\/strong>: Il garde votre bureau propre gr\u00e2ce \u00e0 la disposition verticale compacte et maximise l'espace limit\u00e9, ce qui est id\u00e9al sur le march\u00e9 de gros des plateaux d'\u00e9gouttage en plastique, en particulier pour le commerce de d\u00e9tail, le bureau et l'usage domestique.<\/li>\n\n\n\n<li><strong>Option d'\u00e9gouttoir multifonctionnel sur mesure<\/strong>: Nos conceptions de panneaux drainants multifonctionnels personnalis\u00e9s sont disponibles, y compris, mais sans s'y limiter, des trous de drainage suppl\u00e9mentaires, des plateaux amovibles et des cadres de support renforc\u00e9s pour r\u00e9pondre aux diff\u00e9rents besoins d'application.<\/li>\n\n\n\n<li><strong>Construction en plastique de haute qualit\u00e9<\/strong>: Fabriqu\u00e9 en PP de premi\u00e8re qualit\u00e9, le support est durable mais l\u00e9ger et r\u00e9sistant \u00e0 l'humidit\u00e9. Il convient aux cuisines, aux salles de bains et aux bureaux.<\/li>\n\n\n\n<li><strong>D\u00e9tachable et facile \u00e0 nettoyer<\/strong>: Chaque couche peut \u00eatre facilement d\u00e9mont\u00e9e pour un nettoyage rapide, ce qui garantit une hygi\u00e8ne et une commodit\u00e9 \u00e0 long terme.<\/li>\n\n\n\n<li><strong>Base antid\u00e9rapante<\/strong>: Le fond renforc\u00e9 assure la stabilit\u00e9 de l'appareil et l'emp\u00eache d'osciller, m\u00eame lorsqu'il est enti\u00e8rement charg\u00e9.<\/li>\n<\/ul>\n<\/div>\n\n\n\n<div class=\"wp-block-column is-layout-flow wp-block-column-is-layout-flow\">\n<figure class=\"wp-block-image size-full\"><img decoding=\"async\" width=\"800\" height=\"800\" src=\"https:\/\/www.xhplasticlife.com\/wp-content\/uploads\/2025\/11\/Double-Layer-Plastic-Storage-Racks-Wholesale-Factory-5.webp\" alt=\"Racks de stockage en plastique double couche Fabrique en gros (5)\" class=\"wp-image-1779\" srcset=\"https:\/\/www.xhplasticlife.com\/wp-content\/uploads\/2025\/11\/Double-Layer-Plastic-Storage-Racks-Wholesale-Factory-5.webp 800w, https:\/\/www.xhplasticlife.com\/wp-content\/uploads\/2025\/11\/Double-Layer-Plastic-Storage-Racks-Wholesale-Factory-5-300x300.webp 300w, https:\/\/www.xhplasticlife.com\/wp-content\/uploads\/2025\/11\/Double-Layer-Plastic-Storage-Racks-Wholesale-Factory-5-150x150.webp 150w, https:\/\/www.xhplasticlife.com\/wp-content\/uploads\/2025\/11\/Double-Layer-Plastic-Storage-Racks-Wholesale-Factory-5-768x768.webp 768w, https:\/\/www.xhplasticlife.com\/wp-content\/uploads\/2025\/11\/Double-Layer-Plastic-Storage-Racks-Wholesale-Factory-5-12x12.webp 12w, https:\/\/www.xhplasticlife.com\/wp-content\/uploads\/2025\/11\/Double-Layer-Plastic-Storage-Racks-Wholesale-Factory-5-600x600.webp 600w, https:\/\/www.xhplasticlife.com\/wp-content\/uploads\/2025\/11\/Double-Layer-Plastic-Storage-Racks-Wholesale-Factory-5-100x100.webp 100w\" sizes=\"(max-width: 800px) 100vw, 800px\" \/><\/figure>\n<\/div>\n<\/div>\n\n\n\n<div class=\"wp-block-columns is-layout-flex wp-container-core-columns-is-layout-9d6595d7 wp-block-columns-is-layout-flex\">\n<div class=\"wp-block-column is-layout-flow wp-block-column-is-layout-flow\">\n<figure class=\"wp-block-image size-full\"><img decoding=\"async\" width=\"800\" height=\"800\" src=\"https:\/\/www.xhplasticlife.com\/wp-content\/uploads\/2025\/11\/Double-Layer-Plastic-Storage-Racks-Wholesale-green.webp\" alt=\"Casiers de stockage en plastique double couche grossiste - vert\" class=\"wp-image-1777\" srcset=\"https:\/\/www.xhplasticlife.com\/wp-content\/uploads\/2025\/11\/Double-Layer-Plastic-Storage-Racks-Wholesale-green.webp 800w, https:\/\/www.xhplasticlife.com\/wp-content\/uploads\/2025\/11\/Double-Layer-Plastic-Storage-Racks-Wholesale-green-300x300.webp 300w, https:\/\/www.xhplasticlife.com\/wp-content\/uploads\/2025\/11\/Double-Layer-Plastic-Storage-Racks-Wholesale-green-150x150.webp 150w, https:\/\/www.xhplasticlife.com\/wp-content\/uploads\/2025\/11\/Double-Layer-Plastic-Storage-Racks-Wholesale-green-768x768.webp 768w, https:\/\/www.xhplasticlife.com\/wp-content\/uploads\/2025\/11\/Double-Layer-Plastic-Storage-Racks-Wholesale-green-12x12.webp 12w, https:\/\/www.xhplasticlife.com\/wp-content\/uploads\/2025\/11\/Double-Layer-Plastic-Storage-Racks-Wholesale-green-600x600.webp 600w, https:\/\/www.xhplasticlife.com\/wp-content\/uploads\/2025\/11\/Double-Layer-Plastic-Storage-Racks-Wholesale-green-100x100.webp 100w\" sizes=\"(max-width: 800px) 100vw, 800px\" \/><\/figure>\n<\/div>\n\n\n\n<div class=\"wp-block-column is-layout-flow wp-block-column-is-layout-flow\">\n<figure class=\"wp-block-image size-full\"><img decoding=\"async\" width=\"800\" height=\"800\" src=\"https:\/\/www.xhplasticlife.com\/wp-content\/uploads\/2025\/11\/Double-Layer-Plastic-Storage-Racks-Wholesale-red.webp\" alt=\"Racks de stockage en plastique double couche Wholesale - rouge\" class=\"wp-image-1783\" srcset=\"https:\/\/www.xhplasticlife.com\/wp-content\/uploads\/2025\/11\/Double-Layer-Plastic-Storage-Racks-Wholesale-red.webp 800w, https:\/\/www.xhplasticlife.com\/wp-content\/uploads\/2025\/11\/Double-Layer-Plastic-Storage-Racks-Wholesale-red-300x300.webp 300w, https:\/\/www.xhplasticlife.com\/wp-content\/uploads\/2025\/11\/Double-Layer-Plastic-Storage-Racks-Wholesale-red-150x150.webp 150w, https:\/\/www.xhplasticlife.com\/wp-content\/uploads\/2025\/11\/Double-Layer-Plastic-Storage-Racks-Wholesale-red-768x768.webp 768w, https:\/\/www.xhplasticlife.com\/wp-content\/uploads\/2025\/11\/Double-Layer-Plastic-Storage-Racks-Wholesale-red-12x12.webp 12w, https:\/\/www.xhplasticlife.com\/wp-content\/uploads\/2025\/11\/Double-Layer-Plastic-Storage-Racks-Wholesale-red-600x600.webp 600w, https:\/\/www.xhplasticlife.com\/wp-content\/uploads\/2025\/11\/Double-Layer-Plastic-Storage-Racks-Wholesale-red-100x100.webp 100w\" sizes=\"(max-width: 800px) 100vw, 800px\" \/><\/figure>\n<\/div>\n\n\n\n<div class=\"wp-block-column is-layout-flow wp-block-column-is-layout-flow\">\n<figure class=\"wp-block-image size-full\"><img decoding=\"async\" width=\"800\" height=\"800\" src=\"https:\/\/www.xhplasticlife.com\/wp-content\/uploads\/2025\/11\/Double-Layer-Plastic-Storage-Racks-Wholesale-gray.webp\" alt=\"Casiers de stockage en plastique double couche grossiste - gris\" class=\"wp-image-1776\" srcset=\"https:\/\/www.xhplasticlife.com\/wp-content\/uploads\/2025\/11\/Double-Layer-Plastic-Storage-Racks-Wholesale-gray.webp 800w, https:\/\/www.xhplasticlife.com\/wp-content\/uploads\/2025\/11\/Double-Layer-Plastic-Storage-Racks-Wholesale-gray-300x300.webp 300w, https:\/\/www.xhplasticlife.com\/wp-content\/uploads\/2025\/11\/Double-Layer-Plastic-Storage-Racks-Wholesale-gray-150x150.webp 150w, https:\/\/www.xhplasticlife.com\/wp-content\/uploads\/2025\/11\/Double-Layer-Plastic-Storage-Racks-Wholesale-gray-768x768.webp 768w, https:\/\/www.xhplasticlife.com\/wp-content\/uploads\/2025\/11\/Double-Layer-Plastic-Storage-Racks-Wholesale-gray-12x12.webp 12w, https:\/\/www.xhplasticlife.com\/wp-content\/uploads\/2025\/11\/Double-Layer-Plastic-Storage-Racks-Wholesale-gray-600x600.webp 600w, https:\/\/www.xhplasticlife.com\/wp-content\/uploads\/2025\/11\/Double-Layer-Plastic-Storage-Racks-Wholesale-gray-100x100.webp 100w\" sizes=\"(max-width: 800px) 100vw, 800px\" \/><\/figure>\n<\/div>\n<\/div>","protected":false},"excerpt":{"rendered":"<p>Nous vous invitons \u00e0 acheter en gros nos casiers de rangement en plastique \u00e0 double couche, con\u00e7us pour une organisation ordonn\u00e9e du bureau. Nous proposons des prix de gros directs, la personnalisation OEM\/ODM et des \u00e9chantillons gratuits pour r\u00e9pondre \u00e0 vos besoins d'approvisionnement.<\/p>\n<h2>Casiers de stockage en plastique \u00e0 double couche Param\u00e8tres :<\/h2>\n<ul>\n<li><strong>Mod\u00e8le<\/strong>: SH3175<\/li>\n<li><strong>Nom de la marque<\/strong>: Xinghui<\/li>\n<li><strong>Mat\u00e9riau<\/strong>: PP+ABS<\/li>\n<li><strong>Couleur<\/strong>: blanc+vert, blanc+gris, blanc+rouge<\/li>\n<li><strong>Taille du produit :<\/strong> 33*26*25cm<\/li>\n<li><strong>Poids brut :<\/strong> 17,5 kg<\/li>\n<li><strong>Taille du carton :<\/strong> 53*43*71cm<\/li>\n<li><strong>Num\u00e9ro d'emballage :<\/strong> 16 pcs\/ctn<\/li>\n<li><strong>Emballage<\/strong>: Emballage OPP<\/li>\n<li><strong>OEM\/ODM<\/strong>: Disponible<\/li>\n<li><strong>Option personnalis\u00e9e<\/strong>: Couleur\/Taille\/Logo\/Emballage<\/li>\n<\/ul>\n<h2>De Daily Plasticware, fabricant de produits en plastique :<\/h2>\n<p>Fond\u00e9e en 2000,\u00a0<a href=\"https:\/\/www.xhplasticlife.com\/fr\/\"><strong>Xinghui<\/strong><\/a>\u00a0est sp\u00e9cialis\u00e9e dans la production et la vente en gros de bo\u00eetes \u00e0 lunch, de r\u00e9cipients pour la conservation des aliments, de r\u00e9cipients pour les boissons, de r\u00e9cipients pour la conservation des produits m\u00e9nagers et d'autres produits quotidiens en plastique. Elle propose \u00e0 ses clients des services OEM et ODM ainsi que des services d'approvisionnement en ligne.<\/p>","protected":false},"featured_media":1780,"comment_status":"closed","ping_status":"closed","template":"","meta":{"_acf_changed":false},"product_brand":[],"product_cat":[19],"product_tag":[],"class_list":{"0":"post-1773","1":"product","2":"type-product","3":"status-publish","4":"has-post-thumbnail","6":"product_cat-kitchen-storage-containers-wholesale","8":"first","9":"instock","10":"shipping-taxable","11":"product-type-simple"},"acf":[],"_links":{"self":[{"href":"https:\/\/www.xhplasticlife.com\/fr\/wp-json\/wp\/v2\/product\/1773","targetHints":{"allow":["GET"]}}],"collection":[{"href":"https:\/\/www.xhplasticlife.com\/fr\/wp-json\/wp\/v2\/product"}],"about":[{"href":"https:\/\/www.xhplasticlife.com\/fr\/wp-json\/wp\/v2\/types\/product"}],"replies":[{"embeddable":true,"href":"https:\/\/www.xhplasticlife.com\/fr\/wp-json\/wp\/v2\/comments?post=1773"}],"wp:featuredmedia":[{"embeddable":true,"href":"https:\/\/www.xhplasticlife.com\/fr\/wp-json\/wp\/v2\/media\/1780"}],"wp:attachment":[{"href":"https:\/\/www.xhplasticlife.com\/fr\/wp-json\/wp\/v2\/media?parent=1773"}],"wp:term":[{"taxonomy":"product_brand","embeddable":true,"href":"https:\/\/www.xhplasticlife.com\/fr\/wp-json\/wp\/v2\/product_brand?post=1773"},{"taxonomy":"product_cat","embeddable":true,"href":"https:\/\/www.xhplasticlife.com\/fr\/wp-json\/wp\/v2\/product_cat?post=1773"},{"taxonomy":"product_tag","embeddable":true,"href":"https:\/\/www.xhplasticlife.com\/fr\/wp-json\/wp\/v2\/product_tag?post=1773"}],"curies":[{"name":"wp","href":"https:\/\/api.w.org\/{rel}","templated":true}]}}