{"id":1765,"date":"2025-11-17T17:56:46","date_gmt":"2025-11-17T17:56:46","guid":{"rendered":"https:\/\/www.xhplasticlife.com\/?post_type=product&#038;p=1765"},"modified":"2025-11-17T18:14:50","modified_gmt":"2025-11-17T18:14:50","slug":"wholesale-cup-drying-rack-supplier","status":"publish","type":"product","link":"https:\/\/www.xhplasticlife.com\/fr\/produit\/wholesale-cup-drying-rack-supplier\/","title":{"rendered":"Wholesale Cup Drying Rack Manufacturer, Dust-Proof Detachable Cup &amp; Bottle Drainer Stand"},"content":{"rendered":"<div class=\"wp-block-columns is-layout-flex wp-container-core-columns-is-layout-9d6595d7 wp-block-columns-is-layout-flex\">\n<div class=\"wp-block-column is-layout-flow wp-block-column-is-layout-flow\">\n<h2 class=\"wp-block-heading\">Support de s\u00e9chage de tasses en gros Caract\u00e9ristiques :<\/h2>\n\n\n\n<ul class=\"wp-block-list\">\n<li><strong>Conception efficace du drainage :<\/strong> Il int\u00e8gre une structure d'\u00e9gouttage rapide qui permet de garder le verre, la tasse et la bouteille secs et propres, ce qui en fait le support de s\u00e9chage de tasses en gros pr\u00e9f\u00e9r\u00e9 des acheteurs professionnels.<\/li>\n\n\n\n<li><strong>Structure amovible pour un nettoyage facile<\/strong>: Tous les composants sont amovibles et la facilit\u00e9 de montage et de d\u00e9montage simplifie l'entretien. Il est id\u00e9al pour les marques et les d\u00e9taillants qui ont des normes d'hygi\u00e8ne tr\u00e8s strictes. Des plateaux de s\u00e9chage de gobelets personnalis\u00e9s sont \u00e9galement disponibles.<\/li>\n\n\n\n<li><strong>Protection am\u00e9lior\u00e9e contre la poussi\u00e8re<\/strong>: Il est \u00e9quip\u00e9 d'une housse transparente qui bloque efficacement la poussi\u00e8re et les \u00e9claboussures de cuisine, am\u00e9liorant ainsi l'environnement de stockage des tasses et r\u00e9pondant aux commandes en gros des marques de s\u00e9choirs \u00e0 tasses comme Horeca et Home Goods.<\/li>\n\n\n\n<li><strong>Mat\u00e9riaux durables et r\u00e9sistants<\/strong>: Fabriqu\u00e9 en PP\/ABS, un mat\u00e9riau durable, il offre une capacit\u00e9 de charge stable et convient \u00e0 une utilisation \u00e0 long terme, ce qui en fait un excellent choix pour les projets OEM\/ODM.<\/li>\n\n\n\n<li><strong>Compatibilit\u00e9 multi-sc\u00e9narios : <\/strong>Ils conviennent aux cuisines familiales, aux caf\u00e9s, aux restaurants, aux offices et \u00e0 d'autres contextes. Les plateaux de s\u00e9chage de tasses peuvent \u00eatre personnalis\u00e9s en termes de taille, de couleur et d'emballage.<\/li>\n<\/ul>\n<\/div>\n\n\n\n<div class=\"wp-block-column is-layout-flow wp-block-column-is-layout-flow\">\n<figure class=\"wp-block-image size-full\"><img decoding=\"async\" width=\"790\" height=\"1134\" src=\"https:\/\/www.xhplasticlife.com\/wp-content\/uploads\/2025\/11\/Wholesale-Cup-Drying-Rack-Manufacturer-5.webp\" alt=\"S\u00e9choir \u00e0 tasses en gros fabricant (5)\" class=\"wp-image-1769\" srcset=\"https:\/\/www.xhplasticlife.com\/wp-content\/uploads\/2025\/11\/Wholesale-Cup-Drying-Rack-Manufacturer-5.webp 790w, https:\/\/www.xhplasticlife.com\/wp-content\/uploads\/2025\/11\/Wholesale-Cup-Drying-Rack-Manufacturer-5-209x300.webp 209w, https:\/\/www.xhplasticlife.com\/wp-content\/uploads\/2025\/11\/Wholesale-Cup-Drying-Rack-Manufacturer-5-768x1102.webp 768w, https:\/\/www.xhplasticlife.com\/wp-content\/uploads\/2025\/11\/Wholesale-Cup-Drying-Rack-Manufacturer-5-8x12.webp 8w, https:\/\/www.xhplasticlife.com\/wp-content\/uploads\/2025\/11\/Wholesale-Cup-Drying-Rack-Manufacturer-5-600x861.webp 600w\" sizes=\"(max-width: 790px) 100vw, 790px\" \/><\/figure>\n<\/div>\n<\/div>\n\n\n\n<figure class=\"wp-block-table is-style-stripes\"><table class=\"has-fixed-layout\"><tbody><tr><td>Mod\u00e8le<\/td><td>Produit<\/td><td>Taille du produit<\/td><td>Poids brut<\/td><td>Taille du carton<\/td><td>Poids de base<\/td><td>Emballage<\/td><\/tr><tr><td>SH3155<\/td><td>Plateaux de s\u00e9chage de gobelets en plastique de 31 cm<\/td><td>29*19.7*2cm<\/td><td>17kg<\/td><td>54*32*59cm<\/td><td>315g<\/td><td>48 pcs\/ctn<\/td><\/tr><tr><td>SH3156<\/td><td>Plateaux de s\u00e9chage de gobelets en plastique de 39 cm<\/td><td>41*27.5*2cm<\/td><td>15,2 kg<\/td><td>46*40*44.5cm<\/td><td>412g<\/td><td>30 pcs\/ctn<\/td><\/tr><\/tbody><\/table><\/figure>","protected":false},"excerpt":{"rendered":"<p>Nous vous invitons \u00e0 acheter notre support de s\u00e9chage de tasses en gros ! Ce support \u00e0 tasses d\u00e9tachable et \u00e9tanche \u00e0 la poussi\u00e8re est dot\u00e9 d'une structure de drainage efficace et de mat\u00e9riaux robustes, ce qui le rend adapt\u00e9 aux maisons, aux caf\u00e9s et aux \u00e9tablissements de restauration. Nous proposons des produits OEM\/ODM et des plateaux de s\u00e9chage de tasses personnalis\u00e9s pour r\u00e9pondre aux besoins d'achat en gros.<\/p>\n<h2>Support de s\u00e9chage de tasses en gros Param\u00e8tres :<\/h2>\n<ul>\n<li><strong>Mod\u00e8le<\/strong>: SH3155-SH3156<\/li>\n<li><strong>Nom de la marque<\/strong>: Xinghui<\/li>\n<li><strong>Mat\u00e9riau<\/strong>Mati\u00e8res premi\u00e8res : plastique (PP)<\/li>\n<li><strong>Couleur<\/strong>: blanc, rose, vert<\/li>\n<li><strong>Emballage<\/strong>: Emballage OPP<\/li>\n<li><strong>OEM\/ODM<\/strong>: Disponible<\/li>\n<li><strong>Option personnalis\u00e9e<\/strong>: Couleur\/Taille\/Logo\/Emballage<\/li>\n<\/ul>\n<h2>De Daily Plasticware, fabricant de produits en plastique :<\/h2>\n<p>Fond\u00e9e en 2000,\u00a0<a href=\"https:\/\/www.xhplasticlife.com\/fr\/\"><strong>Xinghui<\/strong><\/a>\u00a0est sp\u00e9cialis\u00e9e dans la production et la vente en gros de bo\u00eetes \u00e0 lunch, de r\u00e9cipients pour la conservation des aliments, de r\u00e9cipients pour les boissons, de r\u00e9cipients pour la conservation des produits m\u00e9nagers et d'autres produits quotidiens en plastique. Elle propose \u00e0 ses clients des services OEM et ODM ainsi que des services d'approvisionnement en ligne.<\/p>","protected":false},"featured_media":1768,"comment_status":"closed","ping_status":"closed","template":"","meta":{"_acf_changed":false},"product_brand":[],"product_cat":[19],"product_tag":[],"class_list":{"0":"post-1765","1":"product","2":"type-product","3":"status-publish","4":"has-post-thumbnail","6":"product_cat-kitchen-storage-containers-wholesale","8":"first","9":"instock","10":"shipping-taxable","11":"product-type-simple"},"acf":[],"_links":{"self":[{"href":"https:\/\/www.xhplasticlife.com\/fr\/wp-json\/wp\/v2\/product\/1765","targetHints":{"allow":["GET"]}}],"collection":[{"href":"https:\/\/www.xhplasticlife.com\/fr\/wp-json\/wp\/v2\/product"}],"about":[{"href":"https:\/\/www.xhplasticlife.com\/fr\/wp-json\/wp\/v2\/types\/product"}],"replies":[{"embeddable":true,"href":"https:\/\/www.xhplasticlife.com\/fr\/wp-json\/wp\/v2\/comments?post=1765"}],"wp:featuredmedia":[{"embeddable":true,"href":"https:\/\/www.xhplasticlife.com\/fr\/wp-json\/wp\/v2\/media\/1768"}],"wp:attachment":[{"href":"https:\/\/www.xhplasticlife.com\/fr\/wp-json\/wp\/v2\/media?parent=1765"}],"wp:term":[{"taxonomy":"product_brand","embeddable":true,"href":"https:\/\/www.xhplasticlife.com\/fr\/wp-json\/wp\/v2\/product_brand?post=1765"},{"taxonomy":"product_cat","embeddable":true,"href":"https:\/\/www.xhplasticlife.com\/fr\/wp-json\/wp\/v2\/product_cat?post=1765"},{"taxonomy":"product_tag","embeddable":true,"href":"https:\/\/www.xhplasticlife.com\/fr\/wp-json\/wp\/v2\/product_tag?post=1765"}],"curies":[{"name":"wp","href":"https:\/\/api.w.org\/{rel}","templated":true}]}}