{"id":1759,"date":"2025-11-17T09:42:15","date_gmt":"2025-11-17T09:42:15","guid":{"rendered":"https:\/\/www.xhplasticlife.com\/?post_type=product&#038;p=1759"},"modified":"2025-11-17T10:19:38","modified_gmt":"2025-11-17T10:19:38","slug":"plastic-food-drain-trays-wholesale","status":"publish","type":"product","link":"https:\/\/www.xhplasticlife.com\/fr\/produit\/plastic-food-drain-trays-wholesale\/","title":{"rendered":"Plateaux d'\u00e9gouttage en plastique pour aliments Fabricant de plateaux d'\u00e9gouttage multifonctionnels OEM\/ODM en gros"},"content":{"rendered":"<div class=\"wp-block-columns is-layout-flex wp-container-core-columns-is-layout-9d6595d7 wp-block-columns-is-layout-flex\">\n<div class=\"wp-block-column is-layout-flow wp-block-column-is-layout-flow\">\n<h2 class=\"wp-block-heading\">Plateaux d'\u00e9gouttage en plastique Caract\u00e9ristiques en gros :<\/h2>\n\n\n\n<ul class=\"wp-block-list\">\n<li><strong>Plastique robuste de qualit\u00e9 alimentaire :<\/strong> Fabriqu\u00e9s \u00e0 partir de mat\u00e9riaux de qualit\u00e9 alimentaire, s\u00fbrs, inodores, durables et r\u00e9sistants aux pressions \u00e9lev\u00e9es, ils conviennent \u00e0 de multiples utilisations dans les cuisines, les \u00e9viers, les plans de travail, etc.<\/li>\n\n\n\n<li><strong>Conception de l'\u00e9vacuation des eaux : <\/strong>Des trous de drainage \u00e9quidistants assurent une \u00e9vacuation rapide de l'eau, tandis que les aliments restent secs et hygi\u00e9niques. Ce produit est donc id\u00e9al pour les usages quotidiens : lavage des fruits et l\u00e9gumes, \u00e9gouttage des nouilles, stockage de la vaisselle, etc.<\/li>\n\n\n\n<li><strong>Construction antid\u00e9rapante et stable :<\/strong> Le fond est dot\u00e9 d'une fonction antid\u00e9rapante pour la stabilit\u00e9, afin d'\u00e9viter tout type de basculement et d'accro\u00eetre ainsi la s\u00e9curit\u00e9.<\/li>\n\n\n\n<li><strong>Facile \u00e0 nettoyer et s\u00e9chage rapide :<\/strong> La surface lisse r\u00e9siste \u00e0 toutes sortes de taches ; un simple rin\u00e7age suffit \u00e0 la nettoyer. Elle s\u00e8che assez rapidement, ce qui r\u00e9duit la prolif\u00e9ration des bact\u00e9ries.<\/li>\n\n\n\n<li><strong>L\u00e9ger mais solide :<\/strong> Plus l\u00e9ger pour une mobilit\u00e9 ais\u00e9e, mais robuste et r\u00e9sistant aux chutes pour une longue dur\u00e9e de vie dans les cuisines des particuliers, des restaurants et des supermarch\u00e9s, entre autres.<\/li>\n\n\n\n<li><strong>Empilable et peu encombrant<\/strong>: La conception empilable permet d'\u00e9conomiser l'inventaire et l'espace de stockage ; id\u00e9al pour les gros achats et les distributeurs en gros de plateaux d'\u00e9gouttage alimentaire en plastique.<\/li>\n\n\n\n<li><strong>Options de l'\u00e9gouttoir multifonctionnel sur mesure :<\/strong> Nous pouvons fournir des options de personnalisation OEM\/ODM pour les couleurs, les tailles, les logos et l'emballage des produits, ce qui fait de nous un choix id\u00e9al pour trouver des fournisseurs de panneaux drainants multifonctionnels sur mesure.<\/li>\n\n\n\n<li><strong>Fourniture directe \u00e0 l'usine<\/strong>: Sp\u00e9cialis\u00e9 dans la vente en gros de plateaux d'\u00e9gouttage alimentaires en plastique, la personnalisation en vrac est prise en charge et fournie de mani\u00e8re stable, convenant aux acheteurs en gros du monde entier.<\/li>\n<\/ul>\n<\/div>\n\n\n\n<div class=\"wp-block-column is-layout-flow wp-block-column-is-layout-flow\">\n<figure class=\"wp-block-image size-full\"><img decoding=\"async\" width=\"800\" height=\"800\" src=\"https:\/\/www.xhplasticlife.com\/wp-content\/uploads\/2025\/11\/Plastic-Food-Drain-Trays-Wholesale-Manufacturer-3.webp\" alt=\"Bacs d&#039;\u00e9gouttage en plastique Fabricant grossiste (3)\" class=\"wp-image-1762\" srcset=\"https:\/\/www.xhplasticlife.com\/wp-content\/uploads\/2025\/11\/Plastic-Food-Drain-Trays-Wholesale-Manufacturer-3.webp 800w, https:\/\/www.xhplasticlife.com\/wp-content\/uploads\/2025\/11\/Plastic-Food-Drain-Trays-Wholesale-Manufacturer-3-300x300.webp 300w, https:\/\/www.xhplasticlife.com\/wp-content\/uploads\/2025\/11\/Plastic-Food-Drain-Trays-Wholesale-Manufacturer-3-150x150.webp 150w, https:\/\/www.xhplasticlife.com\/wp-content\/uploads\/2025\/11\/Plastic-Food-Drain-Trays-Wholesale-Manufacturer-3-768x768.webp 768w, https:\/\/www.xhplasticlife.com\/wp-content\/uploads\/2025\/11\/Plastic-Food-Drain-Trays-Wholesale-Manufacturer-3-12x12.webp 12w, https:\/\/www.xhplasticlife.com\/wp-content\/uploads\/2025\/11\/Plastic-Food-Drain-Trays-Wholesale-Manufacturer-3-600x600.webp 600w, https:\/\/www.xhplasticlife.com\/wp-content\/uploads\/2025\/11\/Plastic-Food-Drain-Trays-Wholesale-Manufacturer-3-100x100.webp 100w\" sizes=\"(max-width: 800px) 100vw, 800px\" \/><\/figure>\n<\/div>\n<\/div>\n\n\n\n<figure class=\"wp-block-table is-style-stripes\"><table class=\"has-fixed-layout\"><tbody><tr><td>Mod\u00e8le<\/td><td>Produit<\/td><td>Taille du produit<\/td><td>Poids brut<\/td><td>Taille du carton<\/td><td>Poids de base<\/td><td>Emballage<\/td><\/tr><tr><td>SH3148<\/td><td>Plateau en plastique de 29 cm avec \u00e9gouttoir<\/td><td>29*19.7*2cm<\/td><td>15,4 kg<\/td><td>60,5*29*45,5cm<\/td><td>157g<\/td><td>90 pcs\/ctn<\/td><\/tr><tr><td>SH3149<\/td><td>Plateau en plastique de 41 cm avec \u00e9gouttoir<\/td><td>41*27.5*2cm<\/td><td>14,8 kg<\/td><td>56.5*41.5*35cm<\/td><td>340g<\/td><td>40 pcs\/ctn<\/td><\/tr><tr><td>SH3151<\/td><td>Plateau plastique multifonctionnel de 29 cm<\/td><td>29*19.7*2cm<\/td><td>14,8 kg<\/td><td>60,5*29*45,5cm<\/td><td>95g<\/td><td>150 pcs\/ctn<\/td><\/tr><tr><td>SH3152<\/td><td>Plateau multifonctionnel en plastique de 41 cm<\/td><td>41*27.5*2cm<\/td><td>17,2 kg<\/td><td>56.5*41.5*35cm<\/td><td>207g<\/td><td>80 pcs\/ctn<\/td><\/tr><\/tbody><\/table><\/figure>","protected":false},"excerpt":{"rendered":"<p>Nous vous invitons \u00e0 acheter notre \u00e9gouttoir durable de qualit\u00e9 alimentaire con\u00e7u pour une filtration rapide de l'eau et une utilisation quotidienne dans la cuisine. En tant que fabricant fiable offrant un service de vente en gros de plateaux d'\u00e9gouttage alimentaires en plastique, nous proposons des options d'\u00e9gouttoir multifonctionnel personnalis\u00e9es, OEM\/ODM, et des prix directs pour les acheteurs mondiaux.<\/p>\n<h2>Bacs d'\u00e9gouttage en plastique Param\u00e8tres de gros :<\/h2>\n<ul>\n<li><strong>Mod\u00e8le<\/strong>: SH3148-SH3152<\/li>\n<li><strong>Nom de la marque<\/strong>: Xinghui<\/li>\n<li><strong>Mat\u00e9riau<\/strong>Mati\u00e8res premi\u00e8res : plastique (PP)<\/li>\n<li><strong>Couleur<\/strong>: blanc, rose, vert<\/li>\n<li><strong>Emballage<\/strong>: Emballage OPP<\/li>\n<li><strong>OEM\/ODM<\/strong>: Disponible<\/li>\n<li><strong>Option personnalis\u00e9e<\/strong>: Couleur\/Taille\/Logo\/Emballage<\/li>\n<\/ul>\n<h2>De Daily Plasticware, fabricant de produits en plastique :<\/h2>\n<p>Fond\u00e9e en 2000,\u00a0<a href=\"https:\/\/www.xhplasticlife.com\/fr\/\"><strong>Xinghui<\/strong><\/a>\u00a0est sp\u00e9cialis\u00e9e dans la production et la vente en gros de bo\u00eetes \u00e0 lunch, de r\u00e9cipients pour la conservation des aliments, de r\u00e9cipients pour les boissons, de r\u00e9cipients pour la conservation des produits m\u00e9nagers et d'autres produits quotidiens en plastique. Elle propose \u00e0 ses clients des services OEM et ODM ainsi que des services d'approvisionnement en ligne.<\/p>","protected":false},"featured_media":1761,"comment_status":"closed","ping_status":"closed","template":"","meta":{"_acf_changed":false},"product_brand":[],"product_cat":[19],"product_tag":[],"class_list":{"0":"post-1759","1":"product","2":"type-product","3":"status-publish","4":"has-post-thumbnail","6":"product_cat-kitchen-storage-containers-wholesale","8":"first","9":"instock","10":"shipping-taxable","11":"product-type-simple"},"acf":[],"_links":{"self":[{"href":"https:\/\/www.xhplasticlife.com\/fr\/wp-json\/wp\/v2\/product\/1759","targetHints":{"allow":["GET"]}}],"collection":[{"href":"https:\/\/www.xhplasticlife.com\/fr\/wp-json\/wp\/v2\/product"}],"about":[{"href":"https:\/\/www.xhplasticlife.com\/fr\/wp-json\/wp\/v2\/types\/product"}],"replies":[{"embeddable":true,"href":"https:\/\/www.xhplasticlife.com\/fr\/wp-json\/wp\/v2\/comments?post=1759"}],"wp:featuredmedia":[{"embeddable":true,"href":"https:\/\/www.xhplasticlife.com\/fr\/wp-json\/wp\/v2\/media\/1761"}],"wp:attachment":[{"href":"https:\/\/www.xhplasticlife.com\/fr\/wp-json\/wp\/v2\/media?parent=1759"}],"wp:term":[{"taxonomy":"product_brand","embeddable":true,"href":"https:\/\/www.xhplasticlife.com\/fr\/wp-json\/wp\/v2\/product_brand?post=1759"},{"taxonomy":"product_cat","embeddable":true,"href":"https:\/\/www.xhplasticlife.com\/fr\/wp-json\/wp\/v2\/product_cat?post=1759"},{"taxonomy":"product_tag","embeddable":true,"href":"https:\/\/www.xhplasticlife.com\/fr\/wp-json\/wp\/v2\/product_tag?post=1759"}],"curies":[{"name":"wp","href":"https:\/\/api.w.org\/{rel}","templated":true}]}}