{"id":1733,"date":"2025-11-17T08:23:28","date_gmt":"2025-11-17T07:23:43","guid":{"rendered":"https:\/\/www.xhplasticlife.com\/?post_type=product&#038;p=1733"},"modified":"2025-11-17T08:23:56","modified_gmt":"2025-11-17T08:23:56","slug":"bulk-ice-cube-tray-with-lid-and-bin","status":"publish","type":"product","link":"https:\/\/www.xhplasticlife.com\/fr\/produit\/bulk-ice-cube-tray-with-lid-and-bin\/","title":{"rendered":"Bac \u00e0 gla\u00e7ons en vrac avec couvercle et bac, 12\/24 grilles Fournisseur de moules \u00e0 gla\u00e7ons sur mesure"},"content":{"rendered":"<div class=\"wp-block-columns is-layout-flex wp-container-core-columns-is-layout-9d6595d7 wp-block-columns-is-layout-flex\">\n<div class=\"wp-block-column is-layout-flow wp-block-column-is-layout-flow\">\n<h2 class=\"wp-block-heading\">Bac \u00e0 gla\u00e7ons avec couvercle et bac Caract\u00e9ristiques :<\/h2>\n\n\n\n<ul class=\"wp-block-list\">\n<li><strong>Structure en silicone double couche<\/strong>: La structure en silicone souple \u00e0 double couche permet de mouler les gla\u00e7ons rapidement et de les d\u00e9mouler facilement, ce qui est id\u00e9al pour la production de gla\u00e7ons d'\u00e9t\u00e9 \u00e0 grande \u00e9chelle.<\/li>\n\n\n\n<li><strong>Options de capacit\u00e9 du r\u00e9seau 12\/24<\/strong>: Disponible en 12 et 24 grilles pour r\u00e9pondre aux besoins des particuliers, des caf\u00e9s, des bars et des p\u00e2tisseries.<\/li>\n\n\n\n<li><strong>Les bacs \u00e0 gla\u00e7ons en vrac sont dot\u00e9s d'un couvercle et d'un bac :<\/strong> \u00c9quip\u00e9 d'un couvercle herm\u00e9tique et d'un bac \u00e0 glace pour emp\u00eacher les odeurs de se m\u00e9langer, garder les gla\u00e7ons propres et stocker de grandes quantit\u00e9s de gla\u00e7ons en une seule fois.<\/li>\n\n\n\n<li><strong>Mat\u00e9riau \u00e9cologique de qualit\u00e9 alimentaire : <\/strong>Le silicone de qualit\u00e9 alimentaire, respectueux de l'environnement et r\u00e9utilisable, et le plastique durable garantissent une utilisation stable et \u00e0 long terme sans BPA.<\/li>\n\n\n\n<li><strong>D\u00e9tachement et nettoyage faciles : <\/strong>Le silicone souple permet un d\u00e9moulage facile, tandis que la surface lisse est facile \u00e0 nettoyer ; lavable \u00e0 la main ou au lave-vaisselle.<\/li>\n\n\n\n<li><strong>Id\u00e9al pour les chocolatiers et les bricoleurs : <\/strong>Adapt\u00e9 \u00e0 la fabrication de chocolat, de gel\u00e9e, de gla\u00e7ons et d'aliments pour b\u00e9b\u00e9s, entre autres, il s'agit de l'outil multifonctionnel par excellence pour les cuisines et les p\u00e2tisseries.<\/li>\n\n\n\n<li><strong>Empilable et peu encombrant :<\/strong> Le couvercle permet un empilage ordonn\u00e9, ce qui \u00e9conomise l'espace du r\u00e9frig\u00e9rateur et am\u00e9liore l'efficacit\u00e9 du stockage.<\/li>\n\n\n\n<li><strong>Bac \u00e0 gla\u00e7ons avec couvercle et bac en vrac<\/strong>: Accepte les commandes en gros et permet la personnalisation de la couleur, de l'emballage et de la taille en fonction des exigences OEM\/ODM des gros acheteurs.<\/li>\n<\/ul>\n<\/div>\n\n\n\n<div class=\"wp-block-column is-layout-flow wp-block-column-is-layout-flow\">\n<figure class=\"wp-block-image size-full\"><img decoding=\"async\" width=\"800\" height=\"800\" src=\"https:\/\/www.xhplasticlife.com\/wp-content\/uploads\/2025\/11\/Bulk-Ice-Cube-Tray-with-Lid-and-Bin-5.webp\" alt=\"Bac \u00e0 gla\u00e7ons en vrac avec couvercle et bac (5)\" class=\"wp-image-1738\" srcset=\"https:\/\/www.xhplasticlife.com\/wp-content\/uploads\/2025\/11\/Bulk-Ice-Cube-Tray-with-Lid-and-Bin-5.webp 800w, https:\/\/www.xhplasticlife.com\/wp-content\/uploads\/2025\/11\/Bulk-Ice-Cube-Tray-with-Lid-and-Bin-5-300x300.webp 300w, https:\/\/www.xhplasticlife.com\/wp-content\/uploads\/2025\/11\/Bulk-Ice-Cube-Tray-with-Lid-and-Bin-5-150x150.webp 150w, https:\/\/www.xhplasticlife.com\/wp-content\/uploads\/2025\/11\/Bulk-Ice-Cube-Tray-with-Lid-and-Bin-5-768x768.webp 768w, https:\/\/www.xhplasticlife.com\/wp-content\/uploads\/2025\/11\/Bulk-Ice-Cube-Tray-with-Lid-and-Bin-5-12x12.webp 12w, https:\/\/www.xhplasticlife.com\/wp-content\/uploads\/2025\/11\/Bulk-Ice-Cube-Tray-with-Lid-and-Bin-5-600x600.webp 600w, https:\/\/www.xhplasticlife.com\/wp-content\/uploads\/2025\/11\/Bulk-Ice-Cube-Tray-with-Lid-and-Bin-5-100x100.webp 100w\" sizes=\"(max-width: 800px) 100vw, 800px\" \/><\/figure>\n<\/div>\n<\/div>\n\n\n\n<figure class=\"wp-block-table is-style-stripes\"><table class=\"has-fixed-layout\"><tbody><tr><td>Mod\u00e8le<\/td><td>Produit<\/td><td>Taille du produit<\/td><td>Poids brut<\/td><td>Taille du carton<\/td><td>Poids de base<\/td><td>Emballage<\/td><\/tr><tr><td>BX1061<\/td><td>Bac \u00e0 gla\u00e7ons 12 grilles<\/td><td>12*11*3cm<\/td><td>16,3 kg<\/td><td>45*38*36.5cm<\/td><td>106g<\/td><td>144 pcs\/ctn<\/td><\/tr><tr><td>BX1062<\/td><td>Bac \u00e0 gla\u00e7ons 12 grilles + bo\u00eete \u00e0 gla\u00e7ons 600ml<\/td><td>12*11*8.5cm<\/td><td>16 kg<\/td><td>45*38*65.5cm<\/td><td>156g<\/td><td>96 pcs\/ctn<\/td><\/tr><tr><td>BX1063<\/td><td>Bac \u00e0 gla\u00e7ons 12 grilles + bo\u00eete \u00e0 gla\u00e7ons 1060ml<\/td><td>12*11*14.5cm<\/td><td>10,3 kg<\/td><td>45*38*58.5cm<\/td><td>194g<\/td><td>48 pcs\/ctn<\/td><\/tr><tr><td>BX1064<\/td><td>Bac \u00e0 gla\u00e7ons 24 grilles<\/td><td>17.5*12*3cm<\/td><td>17,3 kg<\/td><td>551*37*23cm<\/td><td>165g<\/td><td>96 pcs\/ctn<\/td><\/tr><tr><td>BX1065<\/td><td>Bac \u00e0 gla\u00e7ons 24 grilles + bo\u00eete \u00e0 gla\u00e7ons 1050ml<\/td><td>17.5*12*8.5cm<\/td><td>15,8 kg<\/td><td>51*37*42cm<\/td><td>246g<\/td><td>60 pcs\/ctn<\/td><\/tr><tr><td>BX1066<\/td><td>Bac \u00e0 gla\u00e7ons 24 grilles + bo\u00eete \u00e0 gla\u00e7ons 2050ml<\/td><td>17*12*14.5cm<\/td><td>11,8 kg<\/td><td>51*37*44cm<\/td><td>302g<\/td><td>36 pcs\/ctn<\/td><\/tr><\/tbody><\/table><\/figure>\n\n\n\n<div class=\"wp-block-columns is-layout-flex wp-container-core-columns-is-layout-9d6595d7 wp-block-columns-is-layout-flex\">\n<div class=\"wp-block-column is-layout-flow wp-block-column-is-layout-flow\">\n<figure class=\"wp-block-image size-full\"><img decoding=\"async\" width=\"790\" height=\"458\" src=\"https:\/\/www.xhplasticlife.com\/wp-content\/uploads\/2025\/11\/Custom-Ice-Cube-Tray-with-Lid-and-Bin-2.webp\" alt=\"Bac \u00e0 gla\u00e7ons personnalis\u00e9 avec couvercle et bac (2)\" class=\"wp-image-1741\" srcset=\"https:\/\/www.xhplasticlife.com\/wp-content\/uploads\/2025\/11\/Custom-Ice-Cube-Tray-with-Lid-and-Bin-2.webp 790w, https:\/\/www.xhplasticlife.com\/wp-content\/uploads\/2025\/11\/Custom-Ice-Cube-Tray-with-Lid-and-Bin-2-300x174.webp 300w, https:\/\/www.xhplasticlife.com\/wp-content\/uploads\/2025\/11\/Custom-Ice-Cube-Tray-with-Lid-and-Bin-2-768x445.webp 768w, https:\/\/www.xhplasticlife.com\/wp-content\/uploads\/2025\/11\/Custom-Ice-Cube-Tray-with-Lid-and-Bin-2-18x10.webp 18w, https:\/\/www.xhplasticlife.com\/wp-content\/uploads\/2025\/11\/Custom-Ice-Cube-Tray-with-Lid-and-Bin-2-600x348.webp 600w\" sizes=\"(max-width: 790px) 100vw, 790px\" \/><\/figure>\n<\/div>\n\n\n\n<div class=\"wp-block-column is-layout-flow wp-block-column-is-layout-flow\">\n<figure class=\"wp-block-image size-full\"><img decoding=\"async\" width=\"790\" height=\"484\" src=\"https:\/\/www.xhplasticlife.com\/wp-content\/uploads\/2025\/11\/Custom-Ice-Cube-Tray-with-Lid-and-Bin-3.webp\" alt=\"Bac \u00e0 gla\u00e7ons personnalis\u00e9 avec couvercle et bac (3)\" class=\"wp-image-1742\" srcset=\"https:\/\/www.xhplasticlife.com\/wp-content\/uploads\/2025\/11\/Custom-Ice-Cube-Tray-with-Lid-and-Bin-3.webp 790w, https:\/\/www.xhplasticlife.com\/wp-content\/uploads\/2025\/11\/Custom-Ice-Cube-Tray-with-Lid-and-Bin-3-300x184.webp 300w, https:\/\/www.xhplasticlife.com\/wp-content\/uploads\/2025\/11\/Custom-Ice-Cube-Tray-with-Lid-and-Bin-3-768x471.webp 768w, https:\/\/www.xhplasticlife.com\/wp-content\/uploads\/2025\/11\/Custom-Ice-Cube-Tray-with-Lid-and-Bin-3-18x12.webp 18w, https:\/\/www.xhplasticlife.com\/wp-content\/uploads\/2025\/11\/Custom-Ice-Cube-Tray-with-Lid-and-Bin-3-600x368.webp 600w\" sizes=\"(max-width: 790px) 100vw, 790px\" \/><\/figure>\n<\/div>\n<\/div>\n\n\n<div class=\"wp-block-image\">\n<figure class=\"aligncenter size-full\"><img decoding=\"async\" width=\"790\" height=\"306\" src=\"https:\/\/www.xhplasticlife.com\/wp-content\/uploads\/2025\/11\/Custom-Ice-Cube-Tray-with-Lid-and-Bin-1.webp\" alt=\"Bac \u00e0 gla\u00e7ons personnalis\u00e9 avec couvercle et bac (1)\" class=\"wp-image-1740\" srcset=\"https:\/\/www.xhplasticlife.com\/wp-content\/uploads\/2025\/11\/Custom-Ice-Cube-Tray-with-Lid-and-Bin-1.webp 790w, https:\/\/www.xhplasticlife.com\/wp-content\/uploads\/2025\/11\/Custom-Ice-Cube-Tray-with-Lid-and-Bin-1-300x116.webp 300w, https:\/\/www.xhplasticlife.com\/wp-content\/uploads\/2025\/11\/Custom-Ice-Cube-Tray-with-Lid-and-Bin-1-768x297.webp 768w, https:\/\/www.xhplasticlife.com\/wp-content\/uploads\/2025\/11\/Custom-Ice-Cube-Tray-with-Lid-and-Bin-1-18x7.webp 18w, https:\/\/www.xhplasticlife.com\/wp-content\/uploads\/2025\/11\/Custom-Ice-Cube-Tray-with-Lid-and-Bin-1-600x232.webp 600w\" sizes=\"(max-width: 790px) 100vw, 790px\" \/><\/figure>\n<\/div>\n\n\n<p><\/p>","protected":false},"excerpt":{"rendered":"<p>Nous vous invitons \u00e0 acheter notre bac \u00e0 gla\u00e7ons en vrac avec couvercle et bac, con\u00e7u avec une double couche de silicone, des options de grille 12\/24 et un grand bac de stockage. Ce bac respectueux de l'environnement permet un d\u00e9moulage facile, un stockage empilable et est parfait pour les chocolatiers, les bricoleurs et les acheteurs en gros.<\/p>\n<h2>Bac \u00e0 gla\u00e7ons avec couvercle et param\u00e8tre du bac<\/h2>\n<ul>\n<li><strong>Mod\u00e8le<\/strong>: BH4439B<\/li>\n<li><strong>Nom de la marque<\/strong>: Xinghui<\/li>\n<li><strong data-start=\"86\" data-end=\"99\">Mat\u00e9riau : <\/strong> PP+silicone<\/li>\n<li><strong>Couleur<\/strong>: rose, vert, jaune<\/li>\n<li><strong>Emballage<\/strong>: Emballage OPP<\/li>\n<li><strong>OEM\/ODM<\/strong>: Disponible<\/li>\n<li><strong>Option personnalis\u00e9e<\/strong>: Couleur\/Taille\/Logo\/Emballage<\/li>\n<\/ul>\n<h2>De Daily Plasticware, fabricant de produits en plastique :<\/h2>\n<p>Fond\u00e9e en 2000,\u00a0<a href=\"https:\/\/www.xhplasticlife.com\/fr\/\"><strong>Xinghui<\/strong><\/a>\u00a0est sp\u00e9cialis\u00e9e dans la production et la vente en gros de bo\u00eetes \u00e0 lunch, de r\u00e9cipients pour la conservation des aliments, de r\u00e9cipients pour les boissons, de r\u00e9cipients pour la conservation des produits m\u00e9nagers et d'autres produits quotidiens en plastique. Elle propose \u00e0 ses clients des services OEM et ODM ainsi que des services d'approvisionnement en ligne.<\/p>","protected":false},"featured_media":1734,"comment_status":"closed","ping_status":"closed","template":"","meta":{"_acf_changed":false},"product_brand":[],"product_cat":[19],"product_tag":[],"class_list":{"0":"post-1733","1":"product","2":"type-product","3":"status-publish","4":"has-post-thumbnail","6":"product_cat-kitchen-storage-containers-wholesale","8":"first","9":"instock","10":"shipping-taxable","11":"product-type-simple"},"acf":[],"_links":{"self":[{"href":"https:\/\/www.xhplasticlife.com\/fr\/wp-json\/wp\/v2\/product\/1733","targetHints":{"allow":["GET"]}}],"collection":[{"href":"https:\/\/www.xhplasticlife.com\/fr\/wp-json\/wp\/v2\/product"}],"about":[{"href":"https:\/\/www.xhplasticlife.com\/fr\/wp-json\/wp\/v2\/types\/product"}],"replies":[{"embeddable":true,"href":"https:\/\/www.xhplasticlife.com\/fr\/wp-json\/wp\/v2\/comments?post=1733"}],"wp:featuredmedia":[{"embeddable":true,"href":"https:\/\/www.xhplasticlife.com\/fr\/wp-json\/wp\/v2\/media\/1734"}],"wp:attachment":[{"href":"https:\/\/www.xhplasticlife.com\/fr\/wp-json\/wp\/v2\/media?parent=1733"}],"wp:term":[{"taxonomy":"product_brand","embeddable":true,"href":"https:\/\/www.xhplasticlife.com\/fr\/wp-json\/wp\/v2\/product_brand?post=1733"},{"taxonomy":"product_cat","embeddable":true,"href":"https:\/\/www.xhplasticlife.com\/fr\/wp-json\/wp\/v2\/product_cat?post=1733"},{"taxonomy":"product_tag","embeddable":true,"href":"https:\/\/www.xhplasticlife.com\/fr\/wp-json\/wp\/v2\/product_tag?post=1733"}],"curies":[{"name":"wp","href":"https:\/\/api.w.org\/{rel}","templated":true}]}}