{"id":1723,"date":"2025-11-17T07:07:25","date_gmt":"2025-11-17T06:12:46","guid":{"rendered":"https:\/\/www.xhplasticlife.com\/?post_type=product&#038;p=1723"},"modified":"2025-11-17T07:09:47","modified_gmt":"2025-11-17T07:09:47","slug":"silicone-ice-cube-tray-manufacturer","status":"publish","type":"product","link":"https:\/\/www.xhplasticlife.com\/fr\/produit\/silicone-ice-cube-tray-manufacturer\/","title":{"rendered":"Moules \u00e0 gla\u00e7ons en silicone, OEM Moules \u00e0 gla\u00e7ons avec couvercle en plastique"},"content":{"rendered":"<div class=\"wp-block-columns is-layout-flex wp-container-core-columns-is-layout-9d6595d7 wp-block-columns-is-layout-flex\">\n<div class=\"wp-block-column is-layout-flow wp-block-column-is-layout-flow\">\n<h2 class=\"wp-block-heading\">Bac \u00e0 gla\u00e7ons en silicone personnalis\u00e9 Caract\u00e9ristiques :<\/h2>\n\n\n\n<ul class=\"wp-block-list\">\n<li><strong>D\u00e9clenchement facile d'une seule pression : <\/strong>Appuyez sur le couvercle en plastique et les gla\u00e7ons se lib\u00e8rent facilement pour former de la glace en quelques secondes. C'est la meilleure solution pour fabriquer efficacement des gla\u00e7ons \u00e0 la maison, dans les bars et les restaurants.<\/li>\n\n\n\n<li><strong>Mini structure \u00e0 6 grilles : <\/strong>La conception \u00e9cologique \u00e0 6 compartiments garantit une formation plus rapide des gla\u00e7ons, ce qui le rend particuli\u00e8rement adapt\u00e9 aux cocktails, jus de fruits, whisky et autres boissons m\u00e9lang\u00e9es.<\/li>\n\n\n\n<li><strong>Silicone de qualit\u00e9 alimentaire Mat\u00e9riau : <\/strong>Les bacs \u00e0 gla\u00e7ons personnalis\u00e9s sont fabriqu\u00e9s en silicone alimentaire de haute qualit\u00e9, qui est tr\u00e8s flexible et durable et ne d\u00e9gage aucune odeur, ce qui garantit un contact direct et s\u00fbr avec les aliments.<\/li>\n\n\n\n<li><strong>Production professionnelle de moules \u00e0 glace en silicone : <\/strong>Ce produit est fabriqu\u00e9 par un fabricant professionnel de moules \u00e0 glace en silicone. La qualit\u00e9 est donc constante et convient \u00e0 l'achat en gros et \u00e0 l'approvisionnement \u00e0 long terme.<\/li>\n\n\n\n<li><strong>Couvercle en plastique empilable : <\/strong>R\u00e9sistant \u00e0 la poussi\u00e8re et aux odeurs, il permet des empilages nets pour une utilisation maximale de l'espace du r\u00e9frig\u00e9rateur.<\/li>\n\n\n\n<li><strong>Surface lisse, facile \u00e0 nettoyer : <\/strong>Compos\u00e9 d'un couvercle en PP, d'un compartiment central en PP + TPE et d'un fond stable en PS. La surface lisse est antiadh\u00e9sive, ce qui facilite le nettoyage \u00e0 la main ou au lave-vaisselle.<\/li>\n\n\n\n<li><strong>Disponible en 4 couleurs estivales :<\/strong> Quatre couleurs estivales en \u00e9dition limit\u00e9e, \u00e0 savoir le rose, le bleu, le blanc et le vert, ajoutent un int\u00e9r\u00eat visuel \u00e0 votre cuisine et \u00e0 votre bar.<\/li>\n\n\n\n<li><strong>Options pour les bacs \u00e0 gla\u00e7ons personnalis\u00e9s<\/strong>: Il permet de personnaliser les logos, les couleurs, l'emballage, entre autres, et est id\u00e9al pour les clients en gros qui recherchent des fournisseurs de bacs \u00e0 gla\u00e7ons personnalis\u00e9s.<\/li>\n<\/ul>\n<\/div>\n\n\n\n<div class=\"wp-block-column is-layout-flow wp-block-column-is-layout-flow\">\n<figure class=\"wp-block-image size-full\"><img decoding=\"async\" width=\"750\" height=\"727\" src=\"https:\/\/www.xhplasticlife.com\/wp-content\/uploads\/2025\/11\/Custom-Silicone-Ice-Cube-Tray-Manufacturer.webp\" alt=\"Fabricant de bacs \u00e0 gla\u00e7ons en silicone sur mesure\" class=\"wp-image-1724\" srcset=\"https:\/\/www.xhplasticlife.com\/wp-content\/uploads\/2025\/11\/Custom-Silicone-Ice-Cube-Tray-Manufacturer.webp 750w, https:\/\/www.xhplasticlife.com\/wp-content\/uploads\/2025\/11\/Custom-Silicone-Ice-Cube-Tray-Manufacturer-300x291.webp 300w, https:\/\/www.xhplasticlife.com\/wp-content\/uploads\/2025\/11\/Custom-Silicone-Ice-Cube-Tray-Manufacturer-12x12.webp 12w, https:\/\/www.xhplasticlife.com\/wp-content\/uploads\/2025\/11\/Custom-Silicone-Ice-Cube-Tray-Manufacturer-600x582.webp 600w\" sizes=\"(max-width: 750px) 100vw, 750px\" \/><\/figure>\n\n\n\n<figure class=\"wp-block-table is-style-stripes\"><table class=\"has-fixed-layout\"><tbody><tr><td>Mod\u00e8le<\/td><td>Produit<\/td><\/tr><tr><td>BX1015<\/td><td>Bac \u00e0 glace en silicone en forme de coeur<\/td><\/tr><tr><td>BX1016<\/td><td>Bac \u00e0 glace carr\u00e9 en silicone<\/td><\/tr><tr><td>BX1017<\/td><td>Bac \u00e0 glace rond en silicone<\/td><\/tr><\/tbody><\/table><\/figure>\n<\/div>\n<\/div>\n\n\n\n<div class=\"wp-block-columns is-layout-flex wp-container-core-columns-is-layout-9d6595d7 wp-block-columns-is-layout-flex\">\n<div class=\"wp-block-column is-layout-flow wp-block-column-is-layout-flow\">\n<figure class=\"wp-block-image size-full\"><img decoding=\"async\" width=\"800\" height=\"800\" src=\"https:\/\/www.xhplasticlife.com\/wp-content\/uploads\/2025\/11\/Silicone-Ice-Cube-Tray-Manufacturer-4.webp\" alt=\"Fabricant de bacs \u00e0 gla\u00e7ons en silicone (4)\" class=\"wp-image-1728\" srcset=\"https:\/\/www.xhplasticlife.com\/wp-content\/uploads\/2025\/11\/Silicone-Ice-Cube-Tray-Manufacturer-4.webp 800w, https:\/\/www.xhplasticlife.com\/wp-content\/uploads\/2025\/11\/Silicone-Ice-Cube-Tray-Manufacturer-4-300x300.webp 300w, https:\/\/www.xhplasticlife.com\/wp-content\/uploads\/2025\/11\/Silicone-Ice-Cube-Tray-Manufacturer-4-150x150.webp 150w, https:\/\/www.xhplasticlife.com\/wp-content\/uploads\/2025\/11\/Silicone-Ice-Cube-Tray-Manufacturer-4-768x768.webp 768w, https:\/\/www.xhplasticlife.com\/wp-content\/uploads\/2025\/11\/Silicone-Ice-Cube-Tray-Manufacturer-4-12x12.webp 12w, https:\/\/www.xhplasticlife.com\/wp-content\/uploads\/2025\/11\/Silicone-Ice-Cube-Tray-Manufacturer-4-600x600.webp 600w, https:\/\/www.xhplasticlife.com\/wp-content\/uploads\/2025\/11\/Silicone-Ice-Cube-Tray-Manufacturer-4-100x100.webp 100w\" sizes=\"(max-width: 800px) 100vw, 800px\" \/><\/figure>\n<\/div>\n\n\n\n<div class=\"wp-block-column is-layout-flow wp-block-column-is-layout-flow\">\n<figure class=\"wp-block-image size-full\"><img decoding=\"async\" width=\"800\" height=\"800\" src=\"https:\/\/www.xhplasticlife.com\/wp-content\/uploads\/2025\/11\/Silicone-Ice-Cube-Tray-Manufacturer-3.webp\" alt=\"Fabricant de bacs \u00e0 gla\u00e7ons en silicone (3)\" class=\"wp-image-1727\" srcset=\"https:\/\/www.xhplasticlife.com\/wp-content\/uploads\/2025\/11\/Silicone-Ice-Cube-Tray-Manufacturer-3.webp 800w, https:\/\/www.xhplasticlife.com\/wp-content\/uploads\/2025\/11\/Silicone-Ice-Cube-Tray-Manufacturer-3-300x300.webp 300w, https:\/\/www.xhplasticlife.com\/wp-content\/uploads\/2025\/11\/Silicone-Ice-Cube-Tray-Manufacturer-3-150x150.webp 150w, https:\/\/www.xhplasticlife.com\/wp-content\/uploads\/2025\/11\/Silicone-Ice-Cube-Tray-Manufacturer-3-768x768.webp 768w, https:\/\/www.xhplasticlife.com\/wp-content\/uploads\/2025\/11\/Silicone-Ice-Cube-Tray-Manufacturer-3-12x12.webp 12w, https:\/\/www.xhplasticlife.com\/wp-content\/uploads\/2025\/11\/Silicone-Ice-Cube-Tray-Manufacturer-3-600x600.webp 600w, https:\/\/www.xhplasticlife.com\/wp-content\/uploads\/2025\/11\/Silicone-Ice-Cube-Tray-Manufacturer-3-100x100.webp 100w\" sizes=\"(max-width: 800px) 100vw, 800px\" \/><\/figure>\n<\/div>\n<\/div>","protected":false},"excerpt":{"rendered":"<p>Nous vous invitons \u00e0 acheter notre bac \u00e0 gla\u00e7ons cr\u00e9atif en silicone avec un mat\u00e9riau souple et un couvercle en plastique empilable. En tant que fabricant professionnel de bacs \u00e0 gla\u00e7ons en silicone, nous fournissons des options de bacs \u00e0 gla\u00e7ons en silicone personnalis\u00e9s, des prix d'usine et un support OEM\/ODM pour les acheteurs en gros du monde entier.<\/p>\n<h2>Bac \u00e0 gla\u00e7ons en silicone personnalis\u00e9 Param\u00e8tres :<\/h2>\n<ul>\n<li><strong>Nom de la marque<\/strong>: Xinghui<\/li>\n<li><strong data-start=\"86\" data-end=\"99\">Mat\u00e9riau : <\/strong> PP+silicone<\/li>\n<li><strong>Couleur<\/strong>: bleu, rose, vert, gris<\/li>\n<li><strong>Taille du produit :<\/strong>27*13cm<\/li>\n<li><strong>Poids brut :<\/strong>19.5KG<\/li>\n<li><strong>Taille du carton<\/strong>: 55.5\u00d728.5x66cm<\/li>\n<li><strong>Emballage<\/strong>: Emballage OPP<\/li>\n<li><strong>Num\u00e9ro d'emballage : <\/strong>100 pcs\/ctn<\/li>\n<li><strong>OEM\/ODM<\/strong>: Disponible<\/li>\n<li><strong>Option personnalis\u00e9e<\/strong>: Couleur\/Taille\/Logo\/Emballage<\/li>\n<\/ul>\n<h2>De Daily Plasticware, fabricant de produits en plastique :<\/h2>\n<p>Fond\u00e9e en 2000,\u00a0<a href=\"https:\/\/www.xhplasticlife.com\/fr\/\"><strong>Xinghui<\/strong><\/a>\u00a0est sp\u00e9cialis\u00e9e dans la production et la vente en gros de bo\u00eetes \u00e0 lunch, de r\u00e9cipients pour la conservation des aliments, de r\u00e9cipients pour les boissons, de r\u00e9cipients pour la conservation des produits m\u00e9nagers et d'autres produits quotidiens en plastique. Elle propose \u00e0 ses clients des services OEM et ODM ainsi que des services d'approvisionnement en ligne.<\/p>","protected":false},"featured_media":1730,"comment_status":"closed","ping_status":"closed","template":"","meta":{"_acf_changed":false},"product_brand":[],"product_cat":[19],"product_tag":[],"class_list":{"0":"post-1723","1":"product","2":"type-product","3":"status-publish","4":"has-post-thumbnail","6":"product_cat-kitchen-storage-containers-wholesale","8":"first","9":"instock","10":"shipping-taxable","11":"product-type-simple"},"acf":[],"_links":{"self":[{"href":"https:\/\/www.xhplasticlife.com\/fr\/wp-json\/wp\/v2\/product\/1723","targetHints":{"allow":["GET"]}}],"collection":[{"href":"https:\/\/www.xhplasticlife.com\/fr\/wp-json\/wp\/v2\/product"}],"about":[{"href":"https:\/\/www.xhplasticlife.com\/fr\/wp-json\/wp\/v2\/types\/product"}],"replies":[{"embeddable":true,"href":"https:\/\/www.xhplasticlife.com\/fr\/wp-json\/wp\/v2\/comments?post=1723"}],"wp:featuredmedia":[{"embeddable":true,"href":"https:\/\/www.xhplasticlife.com\/fr\/wp-json\/wp\/v2\/media\/1730"}],"wp:attachment":[{"href":"https:\/\/www.xhplasticlife.com\/fr\/wp-json\/wp\/v2\/media?parent=1723"}],"wp:term":[{"taxonomy":"product_brand","embeddable":true,"href":"https:\/\/www.xhplasticlife.com\/fr\/wp-json\/wp\/v2\/product_brand?post=1723"},{"taxonomy":"product_cat","embeddable":true,"href":"https:\/\/www.xhplasticlife.com\/fr\/wp-json\/wp\/v2\/product_cat?post=1723"},{"taxonomy":"product_tag","embeddable":true,"href":"https:\/\/www.xhplasticlife.com\/fr\/wp-json\/wp\/v2\/product_tag?post=1723"}],"curies":[{"name":"wp","href":"https:\/\/api.w.org\/{rel}","templated":true}]}}