{"id":1693,"date":"2025-11-13T02:23:41","date_gmt":"2025-11-13T02:23:41","guid":{"rendered":"https:\/\/www.xhplasticlife.com\/?post_type=product&#038;p=1693"},"modified":"2025-11-13T04:01:23","modified_gmt":"2025-11-13T04:01:23","slug":"double-layer-soap-holder-wholesale","status":"publish","type":"product","link":"https:\/\/www.xhplasticlife.com\/fr\/produit\/double-layer-soap-holder-wholesale\/","title":{"rendered":"Porte-savon double couche Wholesale, Porte-savon en plastique personnalis\u00e9 pour la salle de bain"},"content":{"rendered":"<div class=\"wp-block-columns is-layout-flex wp-container-core-columns-is-layout-9d6595d7 wp-block-columns-is-layout-flex\">\n<div class=\"wp-block-column is-layout-flow wp-block-column-is-layout-flow\">\n<h2 class=\"wp-block-heading\">Porte-savon double couche Caract\u00e9ristiques en gros :<\/h2>\n\n\n\n<ul class=\"wp-block-list\">\n<li><strong>Montage mural Design : <\/strong>Un fournisseur professionnel de porte-savon double couche permet une installation murale facile \u00e0 l'aide d'adh\u00e9sifs sans trace ; aucun per\u00e7age n'est n\u00e9cessaire.<\/li>\n\n\n\n<li><strong>Double couche Stockage :<\/strong> La conception \u00e0 deux niveaux, peu encombrante, vous permet de ranger commod\u00e9ment le savon, les \u00e9ponges ou les petits objets.<\/li>\n\n\n\n<li><strong>Installation flexible :<\/strong> Il peut \u00eatre install\u00e9 horizontalement ou verticalement pour s'adapter aux diff\u00e9rentes configurations de la salle de bains.<\/li>\n\n\n\n<li><strong>Drainage rapide :<\/strong> La structure creuse du plateau permet un drainage rapide qui maintient le savon et son support au sec.<\/li>\n\n\n\n<li><strong>Forte capacit\u00e9 de charge : <\/strong>Le mat\u00e9riau durable supporte jusqu'\u00e0 5 kg pour une longue dur\u00e9e de vie.<\/li>\n\n\n\n<li><strong>Solutions sur mesure<\/strong>: Nous fournissons des porte-savons en plastique personnalis\u00e9s en vrac pour les commandes de salle de bain avec un service OEM\/ODM et des prix directs d'usine.<\/li>\n\n\n\n<li><strong>Mat\u00e9riau \u00e9cologique :<\/strong> Fabriqu\u00e9 en plastique PP de haute qualit\u00e9, sans BPA, s\u00fbr et facile \u00e0 nettoyer.<\/li>\n<\/ul>\n<\/div>\n\n\n\n<div class=\"wp-block-column is-layout-flow wp-block-column-is-layout-flow\">\n<figure class=\"wp-block-image size-full\"><img decoding=\"async\" width=\"800\" height=\"800\" src=\"https:\/\/www.xhplasticlife.com\/wp-content\/uploads\/2025\/11\/Double-layer-Soap-Holder-Wholesale-Supplier-4.webp\" alt=\"Porte-savon double couche Fournisseur grossiste (4)\" class=\"wp-image-1699\" srcset=\"https:\/\/www.xhplasticlife.com\/wp-content\/uploads\/2025\/11\/Double-layer-Soap-Holder-Wholesale-Supplier-4.webp 800w, https:\/\/www.xhplasticlife.com\/wp-content\/uploads\/2025\/11\/Double-layer-Soap-Holder-Wholesale-Supplier-4-300x300.webp 300w, https:\/\/www.xhplasticlife.com\/wp-content\/uploads\/2025\/11\/Double-layer-Soap-Holder-Wholesale-Supplier-4-150x150.webp 150w, https:\/\/www.xhplasticlife.com\/wp-content\/uploads\/2025\/11\/Double-layer-Soap-Holder-Wholesale-Supplier-4-768x768.webp 768w, https:\/\/www.xhplasticlife.com\/wp-content\/uploads\/2025\/11\/Double-layer-Soap-Holder-Wholesale-Supplier-4-12x12.webp 12w, https:\/\/www.xhplasticlife.com\/wp-content\/uploads\/2025\/11\/Double-layer-Soap-Holder-Wholesale-Supplier-4-600x600.webp 600w, https:\/\/www.xhplasticlife.com\/wp-content\/uploads\/2025\/11\/Double-layer-Soap-Holder-Wholesale-Supplier-4-100x100.webp 100w\" sizes=\"(max-width: 800px) 100vw, 800px\" \/><\/figure>\n<\/div>\n<\/div>\n\n\n\n<div class=\"wp-block-columns is-layout-flex wp-container-core-columns-is-layout-9d6595d7 wp-block-columns-is-layout-flex\">\n<div class=\"wp-block-column is-layout-flow wp-block-column-is-layout-flow\">\n<figure class=\"wp-block-image size-full\"><img decoding=\"async\" width=\"750\" height=\"938\" src=\"https:\/\/www.xhplasticlife.com\/wp-content\/uploads\/2025\/11\/Custom-Plastic-Soap-Dish-for-Bathroom_1.webp\" alt=\"Porte-savon en plastique personnalis\u00e9 pour salle de bain_1\" class=\"wp-image-1696\" srcset=\"https:\/\/www.xhplasticlife.com\/wp-content\/uploads\/2025\/11\/Custom-Plastic-Soap-Dish-for-Bathroom_1.webp 750w, https:\/\/www.xhplasticlife.com\/wp-content\/uploads\/2025\/11\/Custom-Plastic-Soap-Dish-for-Bathroom_1-240x300.webp 240w, https:\/\/www.xhplasticlife.com\/wp-content\/uploads\/2025\/11\/Custom-Plastic-Soap-Dish-for-Bathroom_1-10x12.webp 10w, https:\/\/www.xhplasticlife.com\/wp-content\/uploads\/2025\/11\/Custom-Plastic-Soap-Dish-for-Bathroom_1-600x750.webp 600w\" sizes=\"(max-width: 750px) 100vw, 750px\" \/><\/figure>\n<\/div>\n\n\n\n<div class=\"wp-block-column is-layout-flow wp-block-column-is-layout-flow\">\n<figure class=\"wp-block-image size-full\"><img decoding=\"async\" width=\"750\" height=\"943\" src=\"https:\/\/www.xhplasticlife.com\/wp-content\/uploads\/2025\/11\/Custom-Plastic-Soap-Dish-for-Bathroom.webp\" alt=\"Porte-savon en plastique personnalis\u00e9 pour la salle de bain\" class=\"wp-image-1695\" srcset=\"https:\/\/www.xhplasticlife.com\/wp-content\/uploads\/2025\/11\/Custom-Plastic-Soap-Dish-for-Bathroom.webp 750w, https:\/\/www.xhplasticlife.com\/wp-content\/uploads\/2025\/11\/Custom-Plastic-Soap-Dish-for-Bathroom-239x300.webp 239w, https:\/\/www.xhplasticlife.com\/wp-content\/uploads\/2025\/11\/Custom-Plastic-Soap-Dish-for-Bathroom-10x12.webp 10w, https:\/\/www.xhplasticlife.com\/wp-content\/uploads\/2025\/11\/Custom-Plastic-Soap-Dish-for-Bathroom-600x754.webp 600w\" sizes=\"(max-width: 750px) 100vw, 750px\" \/><\/figure>\n<\/div>\n<\/div>\n\n\n<div class=\"wp-block-image\">\n<figure class=\"aligncenter size-full is-resized\"><img decoding=\"async\" width=\"750\" height=\"462\" src=\"https:\/\/www.xhplasticlife.com\/wp-content\/uploads\/2025\/11\/Custom-Plastic-Soap-Dish-for-Bathroom-sizes.webp\" alt=\"Porte-savon en plastique personnalis\u00e9 pour la salle de bain - tailles\" class=\"wp-image-1694\" style=\"width:750px;height:auto\" srcset=\"https:\/\/www.xhplasticlife.com\/wp-content\/uploads\/2025\/11\/Custom-Plastic-Soap-Dish-for-Bathroom-sizes.webp 750w, https:\/\/www.xhplasticlife.com\/wp-content\/uploads\/2025\/11\/Custom-Plastic-Soap-Dish-for-Bathroom-sizes-300x185.webp 300w, https:\/\/www.xhplasticlife.com\/wp-content\/uploads\/2025\/11\/Custom-Plastic-Soap-Dish-for-Bathroom-sizes-18x12.webp 18w, https:\/\/www.xhplasticlife.com\/wp-content\/uploads\/2025\/11\/Custom-Plastic-Soap-Dish-for-Bathroom-sizes-600x370.webp 600w\" sizes=\"(max-width: 750px) 100vw, 750px\" \/><\/figure>\n<\/div>\n\n\n<div class=\"wp-block-columns is-layout-flex wp-container-core-columns-is-layout-9d6595d7 wp-block-columns-is-layout-flex\">\n<div class=\"wp-block-column is-layout-flow wp-block-column-is-layout-flow\"><div class=\"wp-block-image\">\n<figure class=\"aligncenter size-full\"><img decoding=\"async\" width=\"800\" height=\"800\" src=\"https:\/\/www.xhplasticlife.com\/wp-content\/uploads\/2025\/11\/white-Double-layer-Soap-Holder-Wholesale.webp\" alt=\"blanc - Porte-savon double couche Wholesale\" class=\"wp-image-1705\" srcset=\"https:\/\/www.xhplasticlife.com\/wp-content\/uploads\/2025\/11\/white-Double-layer-Soap-Holder-Wholesale.webp 800w, https:\/\/www.xhplasticlife.com\/wp-content\/uploads\/2025\/11\/white-Double-layer-Soap-Holder-Wholesale-300x300.webp 300w, https:\/\/www.xhplasticlife.com\/wp-content\/uploads\/2025\/11\/white-Double-layer-Soap-Holder-Wholesale-150x150.webp 150w, https:\/\/www.xhplasticlife.com\/wp-content\/uploads\/2025\/11\/white-Double-layer-Soap-Holder-Wholesale-768x768.webp 768w, https:\/\/www.xhplasticlife.com\/wp-content\/uploads\/2025\/11\/white-Double-layer-Soap-Holder-Wholesale-12x12.webp 12w, https:\/\/www.xhplasticlife.com\/wp-content\/uploads\/2025\/11\/white-Double-layer-Soap-Holder-Wholesale-600x600.webp 600w, https:\/\/www.xhplasticlife.com\/wp-content\/uploads\/2025\/11\/white-Double-layer-Soap-Holder-Wholesale-100x100.webp 100w\" sizes=\"(max-width: 800px) 100vw, 800px\" \/><figcaption class=\"wp-element-caption\">Porte-savon double couche blanc<\/figcaption><\/figure>\n<\/div><\/div>\n\n\n\n<div class=\"wp-block-column is-layout-flow wp-block-column-is-layout-flow\"><div class=\"wp-block-image\">\n<figure class=\"aligncenter size-full\"><img decoding=\"async\" width=\"800\" height=\"800\" src=\"https:\/\/www.xhplasticlife.com\/wp-content\/uploads\/2025\/11\/khaki-Double-layer-Soap-Holder-Wholesale.webp\" alt=\"kaki - Porte-savon double couche Wholesale\" class=\"wp-image-1704\" srcset=\"https:\/\/www.xhplasticlife.com\/wp-content\/uploads\/2025\/11\/khaki-Double-layer-Soap-Holder-Wholesale.webp 800w, https:\/\/www.xhplasticlife.com\/wp-content\/uploads\/2025\/11\/khaki-Double-layer-Soap-Holder-Wholesale-300x300.webp 300w, https:\/\/www.xhplasticlife.com\/wp-content\/uploads\/2025\/11\/khaki-Double-layer-Soap-Holder-Wholesale-150x150.webp 150w, https:\/\/www.xhplasticlife.com\/wp-content\/uploads\/2025\/11\/khaki-Double-layer-Soap-Holder-Wholesale-768x768.webp 768w, https:\/\/www.xhplasticlife.com\/wp-content\/uploads\/2025\/11\/khaki-Double-layer-Soap-Holder-Wholesale-12x12.webp 12w, https:\/\/www.xhplasticlife.com\/wp-content\/uploads\/2025\/11\/khaki-Double-layer-Soap-Holder-Wholesale-600x600.webp 600w, https:\/\/www.xhplasticlife.com\/wp-content\/uploads\/2025\/11\/khaki-Double-layer-Soap-Holder-Wholesale-100x100.webp 100w\" sizes=\"(max-width: 800px) 100vw, 800px\" \/><figcaption class=\"wp-element-caption\">Porte-savon double couche kaki<\/figcaption><\/figure>\n<\/div><\/div>\n\n\n\n<div class=\"wp-block-column is-layout-flow wp-block-column-is-layout-flow\"><div class=\"wp-block-image\">\n<figure class=\"aligncenter size-full\"><img decoding=\"async\" width=\"800\" height=\"800\" src=\"https:\/\/www.xhplasticlife.com\/wp-content\/uploads\/2025\/11\/gray-Double-layer-Soap-Holder-Wholesale.webp\" alt=\"gris - Porte-savon double couche Wholesale\" class=\"wp-image-1703\" srcset=\"https:\/\/www.xhplasticlife.com\/wp-content\/uploads\/2025\/11\/gray-Double-layer-Soap-Holder-Wholesale.webp 800w, https:\/\/www.xhplasticlife.com\/wp-content\/uploads\/2025\/11\/gray-Double-layer-Soap-Holder-Wholesale-300x300.webp 300w, https:\/\/www.xhplasticlife.com\/wp-content\/uploads\/2025\/11\/gray-Double-layer-Soap-Holder-Wholesale-150x150.webp 150w, https:\/\/www.xhplasticlife.com\/wp-content\/uploads\/2025\/11\/gray-Double-layer-Soap-Holder-Wholesale-768x768.webp 768w, https:\/\/www.xhplasticlife.com\/wp-content\/uploads\/2025\/11\/gray-Double-layer-Soap-Holder-Wholesale-12x12.webp 12w, https:\/\/www.xhplasticlife.com\/wp-content\/uploads\/2025\/11\/gray-Double-layer-Soap-Holder-Wholesale-600x600.webp 600w, https:\/\/www.xhplasticlife.com\/wp-content\/uploads\/2025\/11\/gray-Double-layer-Soap-Holder-Wholesale-100x100.webp 100w\" sizes=\"(max-width: 800px) 100vw, 800px\" \/><figcaption class=\"wp-element-caption\">Porte-savon double couche gris<\/figcaption><\/figure>\n<\/div><\/div>\n<\/div>","protected":false},"excerpt":{"rendered":"<div class=\"flex max-w-full flex-col grow\">\n<div class=\"min-h-8 text-message relative flex w-full flex-col items-end gap-2 text-start break-words whitespace-normal [.text-message+&amp;]:mt-1\" dir=\"auto\" data-message-author-role=\"assistant\" data-message-id=\"ff9c6eb7-3d1c-49f0-9b3c-ba6532e7f15a\" data-message-model-slug=\"gpt-5\">\n<div class=\"flex w-full flex-col gap-1 empty:hidden first:pt-[1px]\">\n<div class=\"markdown prose dark:prose-invert w-full break-words light markdown-new-styling\">\n<p data-start=\"1153\" data-end=\"1423\" data-is-last-node=\"\" data-is-only-node=\"\">Nous vous invitons \u00e0 acheter en gros notre porte-savon double couche, dot\u00e9 d'une fixation murale sans perforation, d'un design double couche et d'une forte capacit\u00e9 de charge. Ce porte-savon en plastique personnalis\u00e9 en vrac pour la salle de bain garde le savon au sec, \u00e9conomise de l'espace et offre une commodit\u00e9 durable et moderne \u00e0 des prix d'usine.<\/p>\n<\/div>\n<\/div>\n<\/div>\n<\/div>\n<h2>Porte-savon double couche Param\u00e8tre :<\/h2>\n<ul>\n<li><strong>Nom de la marque<\/strong>: <a href=\"https:\/\/www.xhplasticlife.com\/fr\/\"><strong>Xinghui<\/strong><\/a><\/li>\n<li><strong>Mod\u00e8le<\/strong>: 8843<\/li>\n<li><strong>Mat\u00e9riau<\/strong>: HIPS<\/li>\n<li><strong>Couleur<\/strong>: blanc, gris, kaki<\/li>\n<li><strong>Poids :<\/strong> 216.5G<\/li>\n<li><strong>Poids brut :\u00a0<\/strong>18,8 kg<\/li>\n<li><strong>Taille du carton<\/strong>71x38x49cm<\/li>\n<li><strong>Num\u00e9ro d'emballage :<\/strong>80 pcs\/ctn<\/li>\n<li><strong>OEM\/ODM<\/strong>: Disponible<\/li>\n<li><strong>Option personnalis\u00e9e<\/strong>: Couleur\/Taille\/Logo\/Emballage<\/li>\n<\/ul>\n<h2>De <a href=\"https:\/\/www.xhplasticlife.com\/fr\/categorie-produit\/home-storage-containers-wholesaler\/\">Fabricant de conteneurs de stockage \u00e0 domicile<\/a> :<\/h2>\n<p>Fond\u00e9e en 2000,\u00a0<a href=\"https:\/\/www.xhplasticlife.com\/fr\/\"><strong>Xinghui<\/strong><\/a>\u00a0est sp\u00e9cialis\u00e9e dans la production et la vente en gros de bo\u00eetes \u00e0 lunch, de r\u00e9cipients pour la conservation des aliments, de r\u00e9cipients pour les boissons, de r\u00e9cipients pour la conservation des produits m\u00e9nagers et d'autres produits quotidiens en plastique. Fournir un guichet unique <strong><em><a href=\"https:\/\/www.xhplasticlife.com\/fr\/custom-food-storage-containers\/\">OEM ET ODM<\/a><\/em><\/strong> et <strong><em><a href=\"https:\/\/www.xhplasticlife.com\/fr\/e-commerce-service\/\">services d'achat en ligne<\/a><\/em><\/strong> pour les clients.<\/p>","protected":false},"featured_media":1697,"comment_status":"closed","ping_status":"closed","template":"","meta":{"_acf_changed":false},"product_brand":[],"product_cat":[21],"product_tag":[],"class_list":{"0":"post-1693","1":"product","2":"type-product","3":"status-publish","4":"has-post-thumbnail","6":"product_cat-home-storage-containers-wholesaler","8":"first","9":"instock","10":"shipping-taxable","11":"product-type-simple"},"acf":[],"_links":{"self":[{"href":"https:\/\/www.xhplasticlife.com\/fr\/wp-json\/wp\/v2\/product\/1693","targetHints":{"allow":["GET"]}}],"collection":[{"href":"https:\/\/www.xhplasticlife.com\/fr\/wp-json\/wp\/v2\/product"}],"about":[{"href":"https:\/\/www.xhplasticlife.com\/fr\/wp-json\/wp\/v2\/types\/product"}],"replies":[{"embeddable":true,"href":"https:\/\/www.xhplasticlife.com\/fr\/wp-json\/wp\/v2\/comments?post=1693"}],"wp:featuredmedia":[{"embeddable":true,"href":"https:\/\/www.xhplasticlife.com\/fr\/wp-json\/wp\/v2\/media\/1697"}],"wp:attachment":[{"href":"https:\/\/www.xhplasticlife.com\/fr\/wp-json\/wp\/v2\/media?parent=1693"}],"wp:term":[{"taxonomy":"product_brand","embeddable":true,"href":"https:\/\/www.xhplasticlife.com\/fr\/wp-json\/wp\/v2\/product_brand?post=1693"},{"taxonomy":"product_cat","embeddable":true,"href":"https:\/\/www.xhplasticlife.com\/fr\/wp-json\/wp\/v2\/product_cat?post=1693"},{"taxonomy":"product_tag","embeddable":true,"href":"https:\/\/www.xhplasticlife.com\/fr\/wp-json\/wp\/v2\/product_tag?post=1693"}],"curies":[{"name":"wp","href":"https:\/\/api.w.org\/{rel}","templated":true}]}}