{"id":1683,"date":"2025-11-13T00:54:21","date_gmt":"2025-11-13T00:54:21","guid":{"rendered":"https:\/\/www.xhplasticlife.com\/?post_type=product&#038;p=1683"},"modified":"2025-11-13T02:15:03","modified_gmt":"2025-11-13T02:15:03","slug":"punch-free-soap-dish-manufacturer","status":"publish","type":"product","link":"https:\/\/www.xhplasticlife.com\/fr\/produit\/punch-free-soap-dish-manufacturer\/","title":{"rendered":"Porte-savon en plastique en vrac avec \u00e9gouttoir"},"content":{"rendered":"<div class=\"wp-block-columns is-layout-flex wp-container-core-columns-is-layout-9d6595d7 wp-block-columns-is-layout-flex\">\n<div class=\"wp-block-column is-layout-flow wp-block-column-is-layout-flow\">\n<h2 class=\"wp-block-heading\">Porte-savon en gros sans poin\u00e7on Caract\u00e9ristiques :<\/h2>\n\n\n\n<ul class=\"wp-block-list\">\n<li><strong>Installation facile<\/strong> - En tant que fabricant professionnel de porte-savons sans perforation, nous proposons des porte-savons muraux qui s'installent facilement gr\u00e2ce \u00e0 un adh\u00e9sif sans trace - aucun per\u00e7age n'est n\u00e9cessaire.<\/li>\n\n\n\n<li><strong>Conception d'une vidange rapide<\/strong> - Le plateau creux assure un drainage rapide, gardant votre savon sec et prolongeant sa dur\u00e9e de vie.<\/li>\n\n\n\n<li><strong>Bac \u00e0 eau \u00e0 tiroir<\/strong> - Le bac \u00e0 eau coulissant et amovible emp\u00eache l'accumulation d'eau, ce qui permet de garder les plans de travail propres.<\/li>\n\n\n\n<li><strong>Forte capacit\u00e9 de charge<\/strong> - La conception durable peut supporter jusqu'\u00e0 5 kg, ce qui convient \u00e0 diff\u00e9rentes tailles de savon.<\/li>\n\n\n\n<li><strong>Mat\u00e9riau de qualit\u00e9 sup\u00e9rieure<\/strong> - Fabriqu\u00e9 en plastique PP de haute qualit\u00e9, s\u00fbr, robuste et facile \u00e0 nettoyer.<\/li>\n\n\n\n<li><strong>Approvisionnement en vrac<\/strong> - Nous fournissons <strong>porte-savon en plastique en vrac avec drain<\/strong> \u00e0 des prix d'usine, avec possibilit\u00e9 de personnalisation et de services OEM\/ODM.<\/li>\n<\/ul>\n<\/div>\n\n\n\n<div class=\"wp-block-column is-layout-flow wp-block-column-is-layout-flow\">\n<figure class=\"wp-block-image size-full\"><img decoding=\"async\" width=\"750\" height=\"750\" src=\"https:\/\/www.xhplasticlife.com\/wp-content\/uploads\/2025\/11\/Bulk-Plastic-Soap-Holder-with-Drain-2.webp\" alt=\"Porte-savon en plastique en vrac avec drain (2)\" class=\"wp-image-1685\" srcset=\"https:\/\/www.xhplasticlife.com\/wp-content\/uploads\/2025\/11\/Bulk-Plastic-Soap-Holder-with-Drain-2.webp 750w, https:\/\/www.xhplasticlife.com\/wp-content\/uploads\/2025\/11\/Bulk-Plastic-Soap-Holder-with-Drain-2-300x300.webp 300w, https:\/\/www.xhplasticlife.com\/wp-content\/uploads\/2025\/11\/Bulk-Plastic-Soap-Holder-with-Drain-2-150x150.webp 150w, https:\/\/www.xhplasticlife.com\/wp-content\/uploads\/2025\/11\/Bulk-Plastic-Soap-Holder-with-Drain-2-12x12.webp 12w, https:\/\/www.xhplasticlife.com\/wp-content\/uploads\/2025\/11\/Bulk-Plastic-Soap-Holder-with-Drain-2-600x600.webp 600w, https:\/\/www.xhplasticlife.com\/wp-content\/uploads\/2025\/11\/Bulk-Plastic-Soap-Holder-with-Drain-2-100x100.webp 100w\" sizes=\"(max-width: 750px) 100vw, 750px\" \/><\/figure>\n<\/div>\n<\/div>\n\n\n<div class=\"wp-block-image\">\n<figure class=\"aligncenter size-full\"><img decoding=\"async\" width=\"750\" height=\"298\" src=\"https:\/\/www.xhplasticlife.com\/wp-content\/uploads\/2025\/11\/Punch-Free-Soap-Dish-Manufacturer-Sizes.webp\" alt=\"Fabricant de porte-savon sans poin\u00e7on - Dimensions\" class=\"wp-image-1687\" srcset=\"https:\/\/www.xhplasticlife.com\/wp-content\/uploads\/2025\/11\/Punch-Free-Soap-Dish-Manufacturer-Sizes.webp 750w, https:\/\/www.xhplasticlife.com\/wp-content\/uploads\/2025\/11\/Punch-Free-Soap-Dish-Manufacturer-Sizes-300x119.webp 300w, https:\/\/www.xhplasticlife.com\/wp-content\/uploads\/2025\/11\/Punch-Free-Soap-Dish-Manufacturer-Sizes-18x7.webp 18w, https:\/\/www.xhplasticlife.com\/wp-content\/uploads\/2025\/11\/Punch-Free-Soap-Dish-Manufacturer-Sizes-600x238.webp 600w\" sizes=\"(max-width: 750px) 100vw, 750px\" \/><\/figure>\n<\/div>","protected":false},"excerpt":{"rendered":"<div class=\"flex max-w-full flex-col grow\">\n<div class=\"min-h-8 text-message relative flex w-full flex-col items-end gap-2 text-start break-words whitespace-normal [.text-message+&amp;]:mt-1\" dir=\"auto\" data-message-author-role=\"assistant\" data-message-id=\"ff9c6eb7-3d1c-49f0-9b3c-ba6532e7f15a\" data-message-model-slug=\"gpt-5\">\n<div class=\"flex w-full flex-col gap-1 empty:hidden first:pt-[1px]\">\n<div class=\"markdown prose dark:prose-invert w-full break-words light markdown-new-styling\">\n<p data-start=\"1153\" data-end=\"1423\" data-is-last-node=\"\" data-is-only-node=\"\">Nous vous invitons \u00e0 acheter les produits de notre fabricant de porte-savon sans perforation, dot\u00e9s d'un plateau d'\u00e9coulement creux, d'une fixation murale adh\u00e9sive solide et d'une conception de type tiroir. Ce porte-savon en plastique en vrac avec un drain garde le savon sec, durable et facile \u00e0 installer - parfait pour les salles de bains modernes.<\/p>\n<\/div>\n<\/div>\n<\/div>\n<\/div>\n<h2>Porte-savon sans poin\u00e7on Param\u00e8tre :<\/h2>\n<ul>\n<li><strong>Nom de la marque<\/strong>: <a href=\"https:\/\/www.xhplasticlife.com\/fr\/\"><strong>Xinghui<\/strong><\/a><\/li>\n<li><strong>Mod\u00e8le<\/strong>: 8842<\/li>\n<li><strong>Mat\u00e9riau<\/strong>: HIPS<\/li>\n<li><strong>Couleur<\/strong>: blanc, gris, kaki<\/li>\n<li><strong>Poids :<\/strong> 93.5G<\/li>\n<li><strong>Poids brut :\u00a0<\/strong>16,5 kg<\/li>\n<li><strong>Taille du carton<\/strong>70x33x44cm<\/li>\n<li><strong>Num\u00e9ro d'emballage :<\/strong>160 pcs\/ctn<\/li>\n<li><strong>OEM\/ODM<\/strong>: Disponible<\/li>\n<li><strong>Option personnalis\u00e9e<\/strong>: Couleur\/Taille\/Logo\/Emballage<\/li>\n<\/ul>\n<h2>De l'Assiette \u00e0 savon<a href=\"https:\/\/www.xhplasticlife.com\/fr\/\">\u00a0Fabricant<\/a> :<\/h2>\n<p>Fond\u00e9e en 2000,\u00a0<a href=\"https:\/\/www.xhplasticlife.com\/fr\/\"><strong>Xinghui<\/strong><\/a>\u00a0est sp\u00e9cialis\u00e9e dans la production et la vente en gros de bo\u00eetes \u00e0 lunch, de r\u00e9cipients pour la conservation des aliments, de r\u00e9cipients pour les boissons, de r\u00e9cipients pour la conservation des produits m\u00e9nagers et d'autres produits quotidiens en plastique. Fournir un guichet unique <strong><em><a href=\"https:\/\/www.xhplasticlife.com\/fr\/custom-food-storage-containers\/\">OEM ET ODM<\/a><\/em><\/strong> et <strong><em><a href=\"https:\/\/www.xhplasticlife.com\/fr\/e-commerce-service\/\">services d'achat en ligne<\/a><\/em><\/strong> pour les clients.<\/p>","protected":false},"featured_media":1690,"comment_status":"closed","ping_status":"closed","template":"","meta":{"_acf_changed":false},"product_brand":[],"product_cat":[21],"product_tag":[],"class_list":{"0":"post-1683","1":"product","2":"type-product","3":"status-publish","4":"has-post-thumbnail","6":"product_cat-home-storage-containers-wholesaler","8":"first","9":"instock","10":"shipping-taxable","11":"product-type-simple"},"acf":[],"_links":{"self":[{"href":"https:\/\/www.xhplasticlife.com\/fr\/wp-json\/wp\/v2\/product\/1683","targetHints":{"allow":["GET"]}}],"collection":[{"href":"https:\/\/www.xhplasticlife.com\/fr\/wp-json\/wp\/v2\/product"}],"about":[{"href":"https:\/\/www.xhplasticlife.com\/fr\/wp-json\/wp\/v2\/types\/product"}],"replies":[{"embeddable":true,"href":"https:\/\/www.xhplasticlife.com\/fr\/wp-json\/wp\/v2\/comments?post=1683"}],"wp:featuredmedia":[{"embeddable":true,"href":"https:\/\/www.xhplasticlife.com\/fr\/wp-json\/wp\/v2\/media\/1690"}],"wp:attachment":[{"href":"https:\/\/www.xhplasticlife.com\/fr\/wp-json\/wp\/v2\/media?parent=1683"}],"wp:term":[{"taxonomy":"product_brand","embeddable":true,"href":"https:\/\/www.xhplasticlife.com\/fr\/wp-json\/wp\/v2\/product_brand?post=1683"},{"taxonomy":"product_cat","embeddable":true,"href":"https:\/\/www.xhplasticlife.com\/fr\/wp-json\/wp\/v2\/product_cat?post=1683"},{"taxonomy":"product_tag","embeddable":true,"href":"https:\/\/www.xhplasticlife.com\/fr\/wp-json\/wp\/v2\/product_tag?post=1683"}],"curies":[{"name":"wp","href":"https:\/\/api.w.org\/{rel}","templated":true}]}}