{"id":1672,"date":"2025-11-12T10:11:10","date_gmt":"2025-11-12T10:11:10","guid":{"rendered":"https:\/\/www.xhplasticlife.com\/?post_type=product&#038;p=1672"},"modified":"2025-11-12T18:04:22","modified_gmt":"2025-11-12T18:04:22","slug":"newest-design-soap-dish-wholesale","status":"publish","type":"product","link":"https:\/\/www.xhplasticlife.com\/fr\/produit\/newest-design-soap-dish-wholesale\/","title":{"rendered":"Nouveau porte-savon design Wholesale, Bulk Plastic Soap Box Storage for Hotel Bathroom"},"content":{"rendered":"<div class=\"wp-block-columns is-layout-flex wp-container-core-columns-is-layout-9d6595d7 wp-block-columns-is-layout-flex\">\n<div class=\"wp-block-column is-layout-flow wp-block-column-is-layout-flow\">\n<h2 class=\"wp-block-heading\">Porte-savon en plastique Caract\u00e9ristiques en gros :<\/h2>\n\n\n\n<ul class=\"wp-block-list\">\n<li><strong>Design moderne et pratique :<\/strong> Le nouveau design du porte-savon en gros, qui allie \u00e9l\u00e9gance et fonctionnalit\u00e9, est parfait pour une salle de bain d'h\u00f4tel ou un usage domestique.<\/li>\n\n\n\n<li><strong>Mat\u00e9riau durable et respectueux de l'environnement :<\/strong> Le plastique PP de haute qualit\u00e9, sans BPA, utilis\u00e9 dans le produit garantit une utilisation et une s\u00e9curit\u00e9 \u00e0 long terme.<\/li>\n\n\n\n<li><strong>Plateau d'\u00e9gouttage \u00e0 double couche :<\/strong> La couche sup\u00e9rieure \u00e9vacue rapidement l'eau, le plateau inf\u00e9rieur recueille l'eau et maintient les plans de travail secs et propres.<\/li>\n\n\n\n<li><strong>Couvercle s\u00e9curis\u00e9 : <\/strong>Il est livr\u00e9 avec un couvercle assorti qui prot\u00e8ge le savon de la poussi\u00e8re et de l'humidit\u00e9.<\/li>\n\n\n\n<li><strong>Lisse et portable : <\/strong>Notre porte-savon minimaliste en plastique est l\u00e9ger et facile \u00e0 transporter. Il convient aux voyages ou aux \u00e9quipements d'h\u00f4tel.<\/li>\n\n\n\n<li><strong>Options personnalis\u00e9es et en vrac :<\/strong> Nous proposons des bo\u00eetes \u00e0 savon en plastique OEM\/ODM en vrac \u00e0 des prix d'usine et des \u00e9chantillons gratuits \u00e0 nos partenaires commerciaux.<\/li>\n<\/ul>\n<\/div>\n\n\n\n<div class=\"wp-block-column is-layout-flow wp-block-column-is-layout-flow\">\n<figure class=\"wp-block-image size-full\"><img decoding=\"async\" width=\"750\" height=\"750\" src=\"https:\/\/www.xhplasticlife.com\/wp-content\/uploads\/2025\/11\/Custom-Wholesale-Plastic-Soap-Dish-.webp\" alt=\"Porte-savon en plastique en gros et sur mesure\" class=\"wp-image-1678\" srcset=\"https:\/\/www.xhplasticlife.com\/wp-content\/uploads\/2025\/11\/Custom-Wholesale-Plastic-Soap-Dish-.webp 750w, https:\/\/www.xhplasticlife.com\/wp-content\/uploads\/2025\/11\/Custom-Wholesale-Plastic-Soap-Dish--300x300.webp 300w, https:\/\/www.xhplasticlife.com\/wp-content\/uploads\/2025\/11\/Custom-Wholesale-Plastic-Soap-Dish--150x150.webp 150w, https:\/\/www.xhplasticlife.com\/wp-content\/uploads\/2025\/11\/Custom-Wholesale-Plastic-Soap-Dish--12x12.webp 12w, https:\/\/www.xhplasticlife.com\/wp-content\/uploads\/2025\/11\/Custom-Wholesale-Plastic-Soap-Dish--600x600.webp 600w, https:\/\/www.xhplasticlife.com\/wp-content\/uploads\/2025\/11\/Custom-Wholesale-Plastic-Soap-Dish--100x100.webp 100w\" sizes=\"(max-width: 750px) 100vw, 750px\" \/><\/figure>\n<\/div>\n<\/div>\n\n\n\n<div class=\"wp-block-columns is-layout-flex wp-container-core-columns-is-layout-9d6595d7 wp-block-columns-is-layout-flex\">\n<div class=\"wp-block-column is-layout-flow wp-block-column-is-layout-flow\" style=\"flex-basis:60%\">\n<figure class=\"wp-block-image size-full\"><img decoding=\"async\" width=\"750\" height=\"538\" src=\"https:\/\/www.xhplasticlife.com\/wp-content\/uploads\/2025\/11\/Plastic-Soap-Dish-Wholesale-Color.webp\" alt=\"Porte-savon en plastique grossiste - Couleur\" class=\"wp-image-1680\" srcset=\"https:\/\/www.xhplasticlife.com\/wp-content\/uploads\/2025\/11\/Plastic-Soap-Dish-Wholesale-Color.webp 750w, https:\/\/www.xhplasticlife.com\/wp-content\/uploads\/2025\/11\/Plastic-Soap-Dish-Wholesale-Color-300x215.webp 300w, https:\/\/www.xhplasticlife.com\/wp-content\/uploads\/2025\/11\/Plastic-Soap-Dish-Wholesale-Color-18x12.webp 18w, https:\/\/www.xhplasticlife.com\/wp-content\/uploads\/2025\/11\/Plastic-Soap-Dish-Wholesale-Color-600x430.webp 600w\" sizes=\"(max-width: 750px) 100vw, 750px\" \/><\/figure>\n<\/div>\n\n\n\n<div class=\"wp-block-column is-layout-flow wp-block-column-is-layout-flow\">\n<figure class=\"wp-block-image size-full\"><img decoding=\"async\" width=\"750\" height=\"750\" src=\"https:\/\/www.xhplasticlife.com\/wp-content\/uploads\/2025\/11\/Plastic-Soap-Dish-Wholesale-Sizes.webp\" alt=\"Porte-savon en plastique grossiste - Tailles\" class=\"wp-image-1681\" srcset=\"https:\/\/www.xhplasticlife.com\/wp-content\/uploads\/2025\/11\/Plastic-Soap-Dish-Wholesale-Sizes.webp 750w, https:\/\/www.xhplasticlife.com\/wp-content\/uploads\/2025\/11\/Plastic-Soap-Dish-Wholesale-Sizes-300x300.webp 300w, https:\/\/www.xhplasticlife.com\/wp-content\/uploads\/2025\/11\/Plastic-Soap-Dish-Wholesale-Sizes-150x150.webp 150w, https:\/\/www.xhplasticlife.com\/wp-content\/uploads\/2025\/11\/Plastic-Soap-Dish-Wholesale-Sizes-12x12.webp 12w, https:\/\/www.xhplasticlife.com\/wp-content\/uploads\/2025\/11\/Plastic-Soap-Dish-Wholesale-Sizes-600x600.webp 600w, https:\/\/www.xhplasticlife.com\/wp-content\/uploads\/2025\/11\/Plastic-Soap-Dish-Wholesale-Sizes-100x100.webp 100w\" sizes=\"(max-width: 750px) 100vw, 750px\" \/><\/figure>\n<\/div>\n<\/div>\n\n\n\n<p><\/p>","protected":false},"excerpt":{"rendered":"<p>Nous vous invitons \u00e0 acheter notre tout nouveau porte-savon en gros, fabriqu\u00e9 en PP \u00e9cologique et dot\u00e9 d'un bac de vidange et d'un couvercle s\u00e9curis\u00e9. Cette bo\u00eete \u00e0 savon en plastique en vrac garde le savon sec, propre et \u00e9l\u00e9gant - id\u00e9al pour les h\u00f4tels, les salles de bains et les voyages \u00e0 des prix d'usine.<\/p>\n<h2>Porte-savon en plastique en gros Param\u00e8tre :<\/h2>\n<ul>\n<li><strong>Nom de la marque<\/strong>: <a href=\"https:\/\/www.xhplasticlife.com\/fr\/\"><strong>Xinghui<\/strong><\/a><\/li>\n<li><strong>Mod\u00e8le<\/strong>: XS3625<\/li>\n<li><strong>Mat\u00e9riau<\/strong>: PP<\/li>\n<li><strong>Couleur<\/strong>: bleu fonc\u00e9, vert fonc\u00e9, gris, orange<\/li>\n<li><strong>Poids :<\/strong> 62G<\/li>\n<li><strong>Poids brut :\u00a0<\/strong>18,3 kg<\/li>\n<li><strong>Taille du carton<\/strong>: 57\u00d745.5x46cm<\/li>\n<li><strong>Num\u00e9ro d'emballage : <\/strong>240 pcs\/ctn<\/li>\n<li><strong>OEM\/ODM<\/strong>: Disponible<\/li>\n<li><strong>Option personnalis\u00e9e<\/strong>: Couleur\/Taille\/Logo\/Emballage<\/li>\n<\/ul>\n<h2>De <a href=\"https:\/\/www.xhplasticlife.com\/fr\/\">Fabricant quotidien d'articles en plastique<\/a> :<\/h2>\n<p>Fond\u00e9e en 2000,\u00a0<a href=\"https:\/\/www.xhplasticlife.com\/fr\/\"><strong>Xinghui<\/strong><\/a>\u00a0est sp\u00e9cialis\u00e9e dans la production et la vente en gros de bo\u00eetes \u00e0 lunch, de r\u00e9cipients pour la conservation des aliments, de r\u00e9cipients pour les boissons, de r\u00e9cipients pour la conservation des produits m\u00e9nagers et d'autres produits quotidiens en plastique. Fournir un guichet unique <strong><em><a href=\"https:\/\/www.xhplasticlife.com\/fr\/custom-food-storage-containers\/\">OEM ET ODM<\/a><\/em><\/strong> et <strong><em><a href=\"https:\/\/www.xhplasticlife.com\/fr\/e-commerce-service\/\">services d'achat en ligne<\/a><\/em><\/strong> pour les clients.<\/p>","protected":false},"featured_media":1675,"comment_status":"closed","ping_status":"closed","template":"","meta":{"_acf_changed":false},"product_brand":[],"product_cat":[21],"product_tag":[],"class_list":{"0":"post-1672","1":"product","2":"type-product","3":"status-publish","4":"has-post-thumbnail","6":"product_cat-home-storage-containers-wholesaler","8":"first","9":"instock","10":"shipping-taxable","11":"product-type-simple"},"acf":[],"_links":{"self":[{"href":"https:\/\/www.xhplasticlife.com\/fr\/wp-json\/wp\/v2\/product\/1672","targetHints":{"allow":["GET"]}}],"collection":[{"href":"https:\/\/www.xhplasticlife.com\/fr\/wp-json\/wp\/v2\/product"}],"about":[{"href":"https:\/\/www.xhplasticlife.com\/fr\/wp-json\/wp\/v2\/types\/product"}],"replies":[{"embeddable":true,"href":"https:\/\/www.xhplasticlife.com\/fr\/wp-json\/wp\/v2\/comments?post=1672"}],"wp:featuredmedia":[{"embeddable":true,"href":"https:\/\/www.xhplasticlife.com\/fr\/wp-json\/wp\/v2\/media\/1675"}],"wp:attachment":[{"href":"https:\/\/www.xhplasticlife.com\/fr\/wp-json\/wp\/v2\/media?parent=1672"}],"wp:term":[{"taxonomy":"product_brand","embeddable":true,"href":"https:\/\/www.xhplasticlife.com\/fr\/wp-json\/wp\/v2\/product_brand?post=1672"},{"taxonomy":"product_cat","embeddable":true,"href":"https:\/\/www.xhplasticlife.com\/fr\/wp-json\/wp\/v2\/product_cat?post=1672"},{"taxonomy":"product_tag","embeddable":true,"href":"https:\/\/www.xhplasticlife.com\/fr\/wp-json\/wp\/v2\/product_tag?post=1672"}],"curies":[{"name":"wp","href":"https:\/\/api.w.org\/{rel}","templated":true}]}}