{"id":1662,"date":"2025-11-12T09:22:03","date_gmt":"2025-11-12T09:22:03","guid":{"rendered":"https:\/\/www.xhplasticlife.com\/?post_type=product&#038;p=1662"},"modified":"2025-11-12T10:06:57","modified_gmt":"2025-11-12T10:06:57","slug":"plastic-soap-dish-wholesale","status":"publish","type":"product","link":"https:\/\/www.xhplasticlife.com\/fr\/produit\/plastic-soap-dish-wholesale\/","title":{"rendered":"Porte-savon en plastique Wholesale, Bulk Soap Storage Holder with Drain Tray and Lid"},"content":{"rendered":"<div class=\"wp-block-columns is-layout-flex wp-container-core-columns-is-layout-9d6595d7 wp-block-columns-is-layout-flex\">\n<div class=\"wp-block-column is-layout-flow wp-block-column-is-layout-flow\">\n<h2 class=\"wp-block-heading\">Porte-savon en plastique Caract\u00e9ristiques en gros :<\/h2>\n\n\n\n<ul class=\"wp-block-list\">\n<li><strong>Mat\u00e9riau PP durable<\/strong> - Notre porte-savon en plastique est fabriqu\u00e9 en PP de haute qualit\u00e9, avec des bords lisses et sans bavures, s\u00fbr et \u00e9cologique pour un usage quotidien.<\/li>\n\n\n\n<li><strong>Conception \u00e0 double couche<\/strong> - La couche sup\u00e9rieure \u00e9vacue rapidement l'eau tandis que la couche inf\u00e9rieure la recueille, ce qui permet au savon de rester sec et propre.<\/li>\n\n\n\n<li><strong>Surface int\u00e9rieure concave<\/strong> - Emp\u00eache le savon de glisser, prolongeant ainsi sa dur\u00e9e de vie et pr\u00e9servant l'hygi\u00e8ne.<\/li>\n\n\n\n<li><strong>Couvercle multifonctionnel<\/strong> - Le couvercle peut \u00eatre utilis\u00e9 \u00e0 la fois comme couvercle anti-poussi\u00e8re et comme porte-savon pratique.<\/li>\n\n\n\n<li><strong>\u00c9l\u00e9gant et pratique<\/strong> - Le design moderne et minimaliste de ce porte-savon en vrac est id\u00e9al pour les h\u00f4tels, les maisons et les voyages.<\/li>\n\n\n\n<li><strong>Approvisionnement de l'usine<\/strong> - En tant que professionnel <strong>Porte-savon en plastique en gros<\/strong> nous offrons des possibilit\u00e9s de personnalisation, des prix d'usine et des options d'emballage en vrac pour r\u00e9pondre aux besoins de votre entreprise.<\/li>\n<\/ul>\n<\/div>\n\n\n\n<div class=\"wp-block-column is-layout-flow wp-block-column-is-layout-flow\">\n<figure class=\"wp-block-image size-full\"><img decoding=\"async\" width=\"790\" height=\"790\" src=\"https:\/\/www.xhplasticlife.com\/wp-content\/uploads\/2025\/11\/Double-Layer-Plastic-Soap-Dish-Wholesale.webp\" alt=\"Porte-savon en plastique double couche Wholesale\" class=\"wp-image-1663\" srcset=\"https:\/\/www.xhplasticlife.com\/wp-content\/uploads\/2025\/11\/Double-Layer-Plastic-Soap-Dish-Wholesale.webp 790w, https:\/\/www.xhplasticlife.com\/wp-content\/uploads\/2025\/11\/Double-Layer-Plastic-Soap-Dish-Wholesale-300x300.webp 300w, https:\/\/www.xhplasticlife.com\/wp-content\/uploads\/2025\/11\/Double-Layer-Plastic-Soap-Dish-Wholesale-150x150.webp 150w, https:\/\/www.xhplasticlife.com\/wp-content\/uploads\/2025\/11\/Double-Layer-Plastic-Soap-Dish-Wholesale-768x768.webp 768w, https:\/\/www.xhplasticlife.com\/wp-content\/uploads\/2025\/11\/Double-Layer-Plastic-Soap-Dish-Wholesale-12x12.webp 12w, https:\/\/www.xhplasticlife.com\/wp-content\/uploads\/2025\/11\/Double-Layer-Plastic-Soap-Dish-Wholesale-600x600.webp 600w, https:\/\/www.xhplasticlife.com\/wp-content\/uploads\/2025\/11\/Double-Layer-Plastic-Soap-Dish-Wholesale-100x100.webp 100w\" sizes=\"(max-width: 790px) 100vw, 790px\" \/><\/figure>\n<\/div>\n<\/div>\n\n\n\n<div class=\"wp-block-columns is-layout-flex wp-container-core-columns-is-layout-9d6595d7 wp-block-columns-is-layout-flex\">\n<div class=\"wp-block-column is-layout-flow wp-block-column-is-layout-flow\">\n<figure class=\"wp-block-image size-full\"><img decoding=\"async\" width=\"790\" height=\"732\" src=\"https:\/\/www.xhplasticlife.com\/wp-content\/uploads\/2025\/11\/Plastic-Soap-Dish-Wholesale-colors.webp\" alt=\"Porte-savon en plastique grossiste - couleurs\" class=\"wp-image-1664\" srcset=\"https:\/\/www.xhplasticlife.com\/wp-content\/uploads\/2025\/11\/Plastic-Soap-Dish-Wholesale-colors.webp 790w, https:\/\/www.xhplasticlife.com\/wp-content\/uploads\/2025\/11\/Plastic-Soap-Dish-Wholesale-colors-300x278.webp 300w, https:\/\/www.xhplasticlife.com\/wp-content\/uploads\/2025\/11\/Plastic-Soap-Dish-Wholesale-colors-768x712.webp 768w, https:\/\/www.xhplasticlife.com\/wp-content\/uploads\/2025\/11\/Plastic-Soap-Dish-Wholesale-colors-13x12.webp 13w, https:\/\/www.xhplasticlife.com\/wp-content\/uploads\/2025\/11\/Plastic-Soap-Dish-Wholesale-colors-600x556.webp 600w\" sizes=\"(max-width: 790px) 100vw, 790px\" \/><\/figure>\n<\/div>\n\n\n\n<div class=\"wp-block-column is-layout-flow wp-block-column-is-layout-flow\">\n<figure class=\"wp-block-image size-full\"><img decoding=\"async\" width=\"800\" height=\"800\" src=\"https:\/\/www.xhplasticlife.com\/wp-content\/uploads\/2025\/11\/Plastic-Soap-Dish-Wholesale-Manufacturer-3.webp\" alt=\"Porte-savon en plastique Fabricant grossiste (3)\" class=\"wp-image-1667\" srcset=\"https:\/\/www.xhplasticlife.com\/wp-content\/uploads\/2025\/11\/Plastic-Soap-Dish-Wholesale-Manufacturer-3.webp 800w, https:\/\/www.xhplasticlife.com\/wp-content\/uploads\/2025\/11\/Plastic-Soap-Dish-Wholesale-Manufacturer-3-300x300.webp 300w, https:\/\/www.xhplasticlife.com\/wp-content\/uploads\/2025\/11\/Plastic-Soap-Dish-Wholesale-Manufacturer-3-150x150.webp 150w, https:\/\/www.xhplasticlife.com\/wp-content\/uploads\/2025\/11\/Plastic-Soap-Dish-Wholesale-Manufacturer-3-768x768.webp 768w, https:\/\/www.xhplasticlife.com\/wp-content\/uploads\/2025\/11\/Plastic-Soap-Dish-Wholesale-Manufacturer-3-12x12.webp 12w, https:\/\/www.xhplasticlife.com\/wp-content\/uploads\/2025\/11\/Plastic-Soap-Dish-Wholesale-Manufacturer-3-600x600.webp 600w, https:\/\/www.xhplasticlife.com\/wp-content\/uploads\/2025\/11\/Plastic-Soap-Dish-Wholesale-Manufacturer-3-100x100.webp 100w\" sizes=\"(max-width: 800px) 100vw, 800px\" \/><\/figure>\n<\/div>\n<\/div>\n\n\n\n<p><\/p>","protected":false},"excerpt":{"rendered":"<p>Nous vous invitons \u00e0 acheter en gros notre porte-savon en plastique, con\u00e7u avec un plateau d'\u00e9gouttage et un couvercle \u00e0 double couche. Fabriqu\u00e9 en PP \u00e9cologique avec des bords lisses et une surface concave, ce porte-savon en vrac garde le savon sec, propre et \u00e9l\u00e9gant pour une utilisation \u00e0 l'h\u00f4tel ou \u00e0 la maison.<\/p>\n<h2>Porte-savon en plastique Param\u00e8tre :<\/h2>\n<ul>\n<li><strong>Nom de la marque<\/strong>: Xinghui<\/li>\n<li><strong>Mod\u00e8le<\/strong>: XS3626<\/li>\n<li><strong>Mat\u00e9riau<\/strong>: PP<\/li>\n<li><strong>Couleur<\/strong>: rose cr\u00e8me, violet cr\u00e8me, vert cr\u00e8me, marron cr\u00e8me<\/li>\n<li><strong>Poids :<\/strong> 62G<\/li>\n<li><strong>Poids brut :\u00a0<\/strong>18,3 kg<\/li>\n<li><strong>Taille du carton<\/strong>: 57.5\u00d745.5x46cm<\/li>\n<li><strong>OEM\/ODM<\/strong>: Disponible<\/li>\n<li><strong>Option personnalis\u00e9e<\/strong>: Couleur\/Taille\/Logo\/Emballage<\/li>\n<\/ul>\n<h2>De Daily Plasticware, fabricant de produits en plastique :<\/h2>\n<p>Fond\u00e9e en 2000,\u00a0<a href=\"https:\/\/www.xhplasticlife.com\/fr\/\"><strong>Xinghui<\/strong><\/a>\u00a0est sp\u00e9cialis\u00e9e dans la production et la vente en gros de bo\u00eetes \u00e0 lunch, de r\u00e9cipients pour la conservation des aliments, de r\u00e9cipients pour les boissons, de r\u00e9cipients pour la conservation des produits m\u00e9nagers et d'autres produits quotidiens en plastique. Fournir un guichet unique <em><a href=\"https:\/\/www.xhplasticlife.com\/fr\/custom-food-storage-containers\/\">OEM ET ODM<\/a><\/em> et <em><a href=\"https:\/\/www.xhplasticlife.com\/fr\/e-commerce-service\/\">services d'achat en ligne<\/a><\/em> pour les clients.<\/p>","protected":false},"featured_media":1665,"comment_status":"closed","ping_status":"closed","template":"","meta":{"_acf_changed":false},"product_brand":[],"product_cat":[21],"product_tag":[],"class_list":{"0":"post-1662","1":"product","2":"type-product","3":"status-publish","4":"has-post-thumbnail","6":"product_cat-home-storage-containers-wholesaler","8":"first","9":"instock","10":"shipping-taxable","11":"product-type-simple"},"acf":[],"_links":{"self":[{"href":"https:\/\/www.xhplasticlife.com\/fr\/wp-json\/wp\/v2\/product\/1662","targetHints":{"allow":["GET"]}}],"collection":[{"href":"https:\/\/www.xhplasticlife.com\/fr\/wp-json\/wp\/v2\/product"}],"about":[{"href":"https:\/\/www.xhplasticlife.com\/fr\/wp-json\/wp\/v2\/types\/product"}],"replies":[{"embeddable":true,"href":"https:\/\/www.xhplasticlife.com\/fr\/wp-json\/wp\/v2\/comments?post=1662"}],"wp:featuredmedia":[{"embeddable":true,"href":"https:\/\/www.xhplasticlife.com\/fr\/wp-json\/wp\/v2\/media\/1665"}],"wp:attachment":[{"href":"https:\/\/www.xhplasticlife.com\/fr\/wp-json\/wp\/v2\/media?parent=1662"}],"wp:term":[{"taxonomy":"product_brand","embeddable":true,"href":"https:\/\/www.xhplasticlife.com\/fr\/wp-json\/wp\/v2\/product_brand?post=1662"},{"taxonomy":"product_cat","embeddable":true,"href":"https:\/\/www.xhplasticlife.com\/fr\/wp-json\/wp\/v2\/product_cat?post=1662"},{"taxonomy":"product_tag","embeddable":true,"href":"https:\/\/www.xhplasticlife.com\/fr\/wp-json\/wp\/v2\/product_tag?post=1662"}],"curies":[{"name":"wp","href":"https:\/\/api.w.org\/{rel}","templated":true}]}}