{"id":1635,"date":"2025-11-10T01:18:20","date_gmt":"2025-11-10T01:18:20","guid":{"rendered":"https:\/\/www.xhplasticlife.com\/?post_type=product&#038;p=1635"},"modified":"2025-11-10T02:08:10","modified_gmt":"2025-11-10T02:08:10","slug":"custom-plastic-water-pitcher-factory","status":"publish","type":"product","link":"https:\/\/www.xhplasticlife.com\/fr\/produit\/custom-plastic-water-pitcher-factory\/","title":{"rendered":"Pichet d'eau en plastique, sans BPA, grande capacit\u00e9, set de pichets d'eau froide, grossiste"},"content":{"rendered":"<div class=\"wp-block-columns is-layout-flex wp-container-core-columns-is-layout-9d6595d7 wp-block-columns-is-layout-flex\">\n<div class=\"wp-block-column is-layout-flow wp-block-column-is-layout-flow\">\n<h2 class=\"wp-block-heading\">Pichet d'eau en plastique personnalis\u00e9 Caract\u00e9ristiques :<\/h2>\n\n\n\n<ul class=\"wp-block-list\">\n<li><strong>Poign\u00e9e incurv\u00e9e pour plus d'ergonomie :<\/strong> Cette bouilloire en plastique personnalis\u00e9e est fabriqu\u00e9e \u00e0 partir d'un mat\u00e9riau PP de haute qualit\u00e9 et poss\u00e8de une poign\u00e9e incurv\u00e9e qui offre une prise en main souple et confortable et une excellente maniabilit\u00e9.<\/li>\n\n\n\n<li><strong>Couvercle du filtre :<\/strong> Un couvercle perfectionn\u00e9 qui filtre automatiquement les feuilles de th\u00e9 ou les pulpes de fruits pour une exp\u00e9rience de consommation plus propre et plus agr\u00e9able.<\/li>\n\n\n\n<li><strong>Bec en forme de V :<\/strong> Il permet de verser l'eau en douceur gr\u00e2ce au bec en forme de V et de minimiser les d\u00e9bordements.<\/li>\n\n\n\n<li><strong>Grande capacit\u00e9 et sans BPA :<\/strong> Cette bouilloire de 2,6 litres est fabriqu\u00e9e en plastique PP s\u00fbr et sans BPA. Elle convient pour servir du th\u00e9 glac\u00e9, du jus de fruit ou des boissons froides.<\/li>\n\n\n\n<li><strong>Ensemble de cinq pi\u00e8ces :<\/strong> Ce pichet d'eau en plastique est livr\u00e9 avec un pichet et quatre gobelets assortis, parfaits pour la maison, le bureau ou l'ext\u00e9rieur.<\/li>\n\n\n\n<li><strong>Design personnalisable : <\/strong>Les services OEM\/ODM sont fournis en fonction des besoins des clients pour personnaliser la couleur, l'impression ou le logo sur les pichets en plastique.<\/li>\n<\/ul>\n<\/div>\n\n\n\n<div class=\"wp-block-column is-layout-flow wp-block-column-is-layout-flow\">\n<figure class=\"wp-block-image size-full\"><img decoding=\"async\" width=\"800\" height=\"800\" src=\"https:\/\/www.xhplasticlife.com\/wp-content\/uploads\/2025\/11\/Wholesale-Cold-Water-Jug-Set-1.webp\" alt=\"Set de pichets d&#039;eau froide en gros (1)\" class=\"wp-image-1645\" srcset=\"https:\/\/www.xhplasticlife.com\/wp-content\/uploads\/2025\/11\/Wholesale-Cold-Water-Jug-Set-1.webp 800w, https:\/\/www.xhplasticlife.com\/wp-content\/uploads\/2025\/11\/Wholesale-Cold-Water-Jug-Set-1-300x300.webp 300w, https:\/\/www.xhplasticlife.com\/wp-content\/uploads\/2025\/11\/Wholesale-Cold-Water-Jug-Set-1-150x150.webp 150w, https:\/\/www.xhplasticlife.com\/wp-content\/uploads\/2025\/11\/Wholesale-Cold-Water-Jug-Set-1-768x768.webp 768w, https:\/\/www.xhplasticlife.com\/wp-content\/uploads\/2025\/11\/Wholesale-Cold-Water-Jug-Set-1-12x12.webp 12w, https:\/\/www.xhplasticlife.com\/wp-content\/uploads\/2025\/11\/Wholesale-Cold-Water-Jug-Set-1-600x600.webp 600w, https:\/\/www.xhplasticlife.com\/wp-content\/uploads\/2025\/11\/Wholesale-Cold-Water-Jug-Set-1-100x100.webp 100w\" sizes=\"(max-width: 800px) 100vw, 800px\" \/><\/figure>\n<\/div>\n<\/div>\n\n\n\n<h2 class=\"wp-block-heading\">Pichet en plastique en gros Taille :<\/h2>\n\n\n\n<figure class=\"wp-block-table is-style-stripes\"><table class=\"has-fixed-layout\"><tbody><tr><td>Mod\u00e8le<\/td><td>Capacit\u00e9<\/td><td>Taille du carton<\/td><td>Poids brut<\/td><td>Poids de base<\/td><\/tr><tr><td>SH3139<\/td><td>2200ML<\/td><td>67X40X74cm<\/td><td>12,4 kg<\/td><td>240G<\/td><\/tr><tr><td>SH3141<\/td><td>2600ML<\/td><td>67X40X74cm<\/td><td>16,3 kg<\/td><td>344G<\/td><\/tr><\/tbody><\/table><\/figure>\n\n\n\n<div class=\"wp-block-columns is-layout-flex wp-container-core-columns-is-layout-9d6595d7 wp-block-columns-is-layout-flex\">\n<div class=\"wp-block-column is-layout-flow wp-block-column-is-layout-flow\">\n<figure class=\"wp-block-image size-full\"><img decoding=\"async\" width=\"800\" height=\"800\" src=\"https:\/\/www.xhplasticlife.com\/wp-content\/uploads\/2025\/11\/Wholesale-Cold-Water-Jug-Plastic-Pitcher-3.webp\" alt=\"Wholesale Cold Water Jug Plastic Pitcher (3)\" class=\"wp-image-1644\" srcset=\"https:\/\/www.xhplasticlife.com\/wp-content\/uploads\/2025\/11\/Wholesale-Cold-Water-Jug-Plastic-Pitcher-3.webp 800w, https:\/\/www.xhplasticlife.com\/wp-content\/uploads\/2025\/11\/Wholesale-Cold-Water-Jug-Plastic-Pitcher-3-300x300.webp 300w, https:\/\/www.xhplasticlife.com\/wp-content\/uploads\/2025\/11\/Wholesale-Cold-Water-Jug-Plastic-Pitcher-3-150x150.webp 150w, https:\/\/www.xhplasticlife.com\/wp-content\/uploads\/2025\/11\/Wholesale-Cold-Water-Jug-Plastic-Pitcher-3-768x768.webp 768w, https:\/\/www.xhplasticlife.com\/wp-content\/uploads\/2025\/11\/Wholesale-Cold-Water-Jug-Plastic-Pitcher-3-12x12.webp 12w, https:\/\/www.xhplasticlife.com\/wp-content\/uploads\/2025\/11\/Wholesale-Cold-Water-Jug-Plastic-Pitcher-3-600x600.webp 600w, https:\/\/www.xhplasticlife.com\/wp-content\/uploads\/2025\/11\/Wholesale-Cold-Water-Jug-Plastic-Pitcher-3-100x100.webp 100w\" sizes=\"(max-width: 800px) 100vw, 800px\" \/><\/figure>\n<\/div>\n\n\n\n<div class=\"wp-block-column is-layout-flow wp-block-column-is-layout-flow\">\n<figure class=\"wp-block-image size-full\"><img decoding=\"async\" width=\"800\" height=\"800\" src=\"https:\/\/www.xhplasticlife.com\/wp-content\/uploads\/2025\/11\/Wholesale-Cold-Water-Jug-Plastic-Pitcher-2.webp\" alt=\"Wholesale Cold Water Jug Plastic Pitcher (2)\" class=\"wp-image-1643\" srcset=\"https:\/\/www.xhplasticlife.com\/wp-content\/uploads\/2025\/11\/Wholesale-Cold-Water-Jug-Plastic-Pitcher-2.webp 800w, https:\/\/www.xhplasticlife.com\/wp-content\/uploads\/2025\/11\/Wholesale-Cold-Water-Jug-Plastic-Pitcher-2-300x300.webp 300w, https:\/\/www.xhplasticlife.com\/wp-content\/uploads\/2025\/11\/Wholesale-Cold-Water-Jug-Plastic-Pitcher-2-150x150.webp 150w, https:\/\/www.xhplasticlife.com\/wp-content\/uploads\/2025\/11\/Wholesale-Cold-Water-Jug-Plastic-Pitcher-2-768x768.webp 768w, https:\/\/www.xhplasticlife.com\/wp-content\/uploads\/2025\/11\/Wholesale-Cold-Water-Jug-Plastic-Pitcher-2-12x12.webp 12w, https:\/\/www.xhplasticlife.com\/wp-content\/uploads\/2025\/11\/Wholesale-Cold-Water-Jug-Plastic-Pitcher-2-600x600.webp 600w, https:\/\/www.xhplasticlife.com\/wp-content\/uploads\/2025\/11\/Wholesale-Cold-Water-Jug-Plastic-Pitcher-2-100x100.webp 100w\" sizes=\"(max-width: 800px) 100vw, 800px\" \/><\/figure>\n<\/div>\n\n\n\n<div class=\"wp-block-column is-layout-flow wp-block-column-is-layout-flow\">\n<figure class=\"wp-block-image size-full\"><img decoding=\"async\" width=\"800\" height=\"800\" src=\"https:\/\/www.xhplasticlife.com\/wp-content\/uploads\/2025\/11\/Wholesale-Cold-Water-Jug-Set-4.webp\" alt=\"Set de pichets d&#039;eau froide en gros (4)\" class=\"wp-image-1646\" srcset=\"https:\/\/www.xhplasticlife.com\/wp-content\/uploads\/2025\/11\/Wholesale-Cold-Water-Jug-Set-4.webp 800w, https:\/\/www.xhplasticlife.com\/wp-content\/uploads\/2025\/11\/Wholesale-Cold-Water-Jug-Set-4-300x300.webp 300w, https:\/\/www.xhplasticlife.com\/wp-content\/uploads\/2025\/11\/Wholesale-Cold-Water-Jug-Set-4-150x150.webp 150w, https:\/\/www.xhplasticlife.com\/wp-content\/uploads\/2025\/11\/Wholesale-Cold-Water-Jug-Set-4-768x768.webp 768w, https:\/\/www.xhplasticlife.com\/wp-content\/uploads\/2025\/11\/Wholesale-Cold-Water-Jug-Set-4-12x12.webp 12w, https:\/\/www.xhplasticlife.com\/wp-content\/uploads\/2025\/11\/Wholesale-Cold-Water-Jug-Set-4-600x600.webp 600w, https:\/\/www.xhplasticlife.com\/wp-content\/uploads\/2025\/11\/Wholesale-Cold-Water-Jug-Set-4-100x100.webp 100w\" sizes=\"(max-width: 800px) 100vw, 800px\" \/><\/figure>\n<\/div>\n<\/div>\n\n\n<div class=\"wp-block-image\">\n<figure class=\"aligncenter size-full\"><img decoding=\"async\" width=\"750\" height=\"449\" src=\"https:\/\/www.xhplasticlife.com\/wp-content\/uploads\/2025\/11\/Custom-Plastic-Water-Pitcher.webp\" alt=\"Pichet d&#039;eau en plastique personnalis\u00e9\" class=\"wp-image-1642\" srcset=\"https:\/\/www.xhplasticlife.com\/wp-content\/uploads\/2025\/11\/Custom-Plastic-Water-Pitcher.webp 750w, https:\/\/www.xhplasticlife.com\/wp-content\/uploads\/2025\/11\/Custom-Plastic-Water-Pitcher-300x180.webp 300w, https:\/\/www.xhplasticlife.com\/wp-content\/uploads\/2025\/11\/Custom-Plastic-Water-Pitcher-18x12.webp 18w, https:\/\/www.xhplasticlife.com\/wp-content\/uploads\/2025\/11\/Custom-Plastic-Water-Pitcher-600x359.webp 600w\" sizes=\"(max-width: 750px) 100vw, 750px\" \/><\/figure>\n<\/div>","protected":false},"excerpt":{"rendered":"<p>Bienvenue sur notre site de vente en gros de pichets en plastique avec couvercle, fabriqu\u00e9s en PP \u00e9pais et durable, avec un bec en forme de V pour un versement en douceur, et un couvercle avec des trous de filtration. Comprend un infuseur amovible pour le th\u00e9 aux fruits ou l'infusion d'herbes. Facile \u00e0 nettoyer gr\u00e2ce \u00e0 sa grande ouverture et \u00e0 sa conception adapt\u00e9e au r\u00e9frig\u00e9rateur. Prix de gros d'usine, \u00e9chantillons gratuits disponibles, support OEM\/ODM. Contactez-nous pour obtenir le v\u00f4tre d\u00e8s aujourd'hui !<\/p>\n<h2>Pichet d'eau en plastique personnalis\u00e9 Param\u00e8tre :<\/h2>\n<p><strong>Mod\u00e8le<\/strong>: <strong><span data-spm-anchor-id=\"a2700.details-description.0.i4.67b0zO51zO51nR\">SH3139, SH3141<\/span><\/strong><br \/><strong>Nom de la marque<\/strong>: Xinghui<br \/><strong>Mat\u00e9riau<\/strong>: PP\u00a0<br \/><strong>Couleur<\/strong>: rose\/vert\/bleu<br \/><strong>Emballage : <\/strong>Sac OPP<br \/><strong>OEM\/ODM<\/strong>: Disponible<br \/><strong>\u00c9chantillon : <\/strong>\u00c9chantillons gratuits<br \/><strong>Option personnalis\u00e9e<\/strong>: Couleur\/Taille\/Logo\/Emballage<\/p>\n<h2>De <a href=\"https:\/\/www.xhplasticlife.com\/fr\/categorie-produit\/custom-drinkware-wholesaler\/\">Vaisselle en plastique<\/a> Fabricant :<\/h2>\n<p>Fond\u00e9e en 2000,<a href=\"https:\/\/www.xhplasticlife.com\/fr\/\">\u00a0<strong>Xinghui<\/strong><\/a>\u00a0est sp\u00e9cialis\u00e9e dans la production et la vente en gros de bo\u00eetes \u00e0 lunch, de r\u00e9cipients pour la conservation des aliments, de r\u00e9cipients pour les boissons, de r\u00e9cipients pour la conservation des produits m\u00e9nagers et d'autres produits quotidiens en plastique. Elle propose \u00e0 ses clients des services OEM et ODM ainsi que des services d'approvisionnement en ligne.<\/p>","protected":false},"featured_media":1640,"comment_status":"closed","ping_status":"closed","template":"","meta":{"_acf_changed":false},"product_brand":[],"product_cat":[20],"product_tag":[],"class_list":{"0":"post-1635","1":"product","2":"type-product","3":"status-publish","4":"has-post-thumbnail","6":"product_cat-custom-drinkware-wholesaler","8":"first","9":"instock","10":"shipping-taxable","11":"product-type-simple"},"acf":[],"_links":{"self":[{"href":"https:\/\/www.xhplasticlife.com\/fr\/wp-json\/wp\/v2\/product\/1635","targetHints":{"allow":["GET"]}}],"collection":[{"href":"https:\/\/www.xhplasticlife.com\/fr\/wp-json\/wp\/v2\/product"}],"about":[{"href":"https:\/\/www.xhplasticlife.com\/fr\/wp-json\/wp\/v2\/types\/product"}],"replies":[{"embeddable":true,"href":"https:\/\/www.xhplasticlife.com\/fr\/wp-json\/wp\/v2\/comments?post=1635"}],"wp:featuredmedia":[{"embeddable":true,"href":"https:\/\/www.xhplasticlife.com\/fr\/wp-json\/wp\/v2\/media\/1640"}],"wp:attachment":[{"href":"https:\/\/www.xhplasticlife.com\/fr\/wp-json\/wp\/v2\/media?parent=1635"}],"wp:term":[{"taxonomy":"product_brand","embeddable":true,"href":"https:\/\/www.xhplasticlife.com\/fr\/wp-json\/wp\/v2\/product_brand?post=1635"},{"taxonomy":"product_cat","embeddable":true,"href":"https:\/\/www.xhplasticlife.com\/fr\/wp-json\/wp\/v2\/product_cat?post=1635"},{"taxonomy":"product_tag","embeddable":true,"href":"https:\/\/www.xhplasticlife.com\/fr\/wp-json\/wp\/v2\/product_tag?post=1635"}],"curies":[{"name":"wp","href":"https:\/\/api.w.org\/{rel}","templated":true}]}}