{"id":1625,"date":"2025-11-09T20:01:32","date_gmt":"2025-11-09T20:01:32","guid":{"rendered":"https:\/\/www.xhplasticlife.com\/?post_type=product&#038;p=1625"},"modified":"2025-11-10T01:15:17","modified_gmt":"2025-11-10T01:15:17","slug":"wholesale-plastic-pitcher-with-lid","status":"publish","type":"product","link":"https:\/\/www.xhplasticlife.com\/fr\/produit\/wholesale-plastic-pitcher-with-lid\/","title":{"rendered":"Grossiste pichet en plastique avec couvercle, OEM Pichet d'eau froide fabricant"},"content":{"rendered":"<div class=\"wp-block-columns is-layout-flex wp-container-core-columns-is-layout-9d6595d7 wp-block-columns-is-layout-flex\">\n<div class=\"wp-block-column is-layout-flow wp-block-column-is-layout-flow\">\n<h2 class=\"wp-block-heading\">Pichet en plastique avec couvercle Caract\u00e9ristiques :<\/h2>\n\n\n\n<ul class=\"wp-block-list\">\n<li><strong>Mat\u00e9riau PP durable<\/strong> - Fabriqu\u00e9 en polypropyl\u00e8ne \u00e9pais de haute qualit\u00e9, ce pichet en plastique avec couvercle peut r\u00e9sister \u00e0 des temp\u00e9ratures allant de -20\u00b0C \u00e0 120\u00b0C.<\/li>\n\n\n\n<li><strong>Conception adapt\u00e9e au r\u00e9frig\u00e9rateur<\/strong> - La largeur inf\u00e9rieure compacte de 10 cm s'ins\u00e8re facilement dans les portes du r\u00e9frig\u00e9rateur, ce qui permet d'\u00e9conomiser de l'espace.<\/li>\n\n\n\n<li><strong>Versement en douceur<\/strong> - Le bec en forme de V permet \u00e0 l'eau de couler sans se renverser.<\/li>\n\n\n\n<li><strong>Couvercle filtrant pour th\u00e9 et fruits<\/strong> - Le couvercle est dot\u00e9 de fins trous de filtration pour filtrer les feuilles de th\u00e9 ou les r\u00e9sidus de fruits.<\/li>\n\n\n\n<li><strong>Infuseur inclus<\/strong> - Parfait pour pr\u00e9parer des th\u00e9s aux fruits ou des infusions directement dans le pichet.<\/li>\n\n\n\n<li><strong>Facile \u00e0 nettoyer<\/strong> - La large ouverture de la cruche permet de la nettoyer et de la remplir sans effort.<\/li>\n\n\n\n<li><strong>Ensemble complet<\/strong> - Comprend des tasses et un plateau pour un service pratique.<\/li>\n<\/ul>\n<\/div>\n\n\n\n<div class=\"wp-block-column is-layout-flow wp-block-column-is-layout-flow\">\n<figure class=\"wp-block-image size-full\"><img decoding=\"async\" width=\"800\" height=\"800\" src=\"https:\/\/www.xhplasticlife.com\/wp-content\/uploads\/2025\/11\/Wholesale-Plastic-Pitcher-with-Lid-Manufacturer-4.webp\" alt=\"Fabricant en gros de pichets en plastique avec couvercle (4)\" class=\"wp-image-1629\" srcset=\"https:\/\/www.xhplasticlife.com\/wp-content\/uploads\/2025\/11\/Wholesale-Plastic-Pitcher-with-Lid-Manufacturer-4.webp 800w, https:\/\/www.xhplasticlife.com\/wp-content\/uploads\/2025\/11\/Wholesale-Plastic-Pitcher-with-Lid-Manufacturer-4-300x300.webp 300w, https:\/\/www.xhplasticlife.com\/wp-content\/uploads\/2025\/11\/Wholesale-Plastic-Pitcher-with-Lid-Manufacturer-4-150x150.webp 150w, https:\/\/www.xhplasticlife.com\/wp-content\/uploads\/2025\/11\/Wholesale-Plastic-Pitcher-with-Lid-Manufacturer-4-768x768.webp 768w, https:\/\/www.xhplasticlife.com\/wp-content\/uploads\/2025\/11\/Wholesale-Plastic-Pitcher-with-Lid-Manufacturer-4-12x12.webp 12w, https:\/\/www.xhplasticlife.com\/wp-content\/uploads\/2025\/11\/Wholesale-Plastic-Pitcher-with-Lid-Manufacturer-4-600x600.webp 600w, https:\/\/www.xhplasticlife.com\/wp-content\/uploads\/2025\/11\/Wholesale-Plastic-Pitcher-with-Lid-Manufacturer-4-100x100.webp 100w\" sizes=\"(max-width: 800px) 100vw, 800px\" \/><\/figure>\n<\/div>\n<\/div>\n\n\n\n<h2 class=\"wp-block-heading\">Pichet en plastique en gros Taille :<\/h2>\n\n\n\n<figure class=\"wp-block-table is-style-stripes\"><table class=\"has-fixed-layout\"><tbody><tr><td>Mod\u00e8le<\/td><td>Capacit\u00e9<\/td><td>Taille du carton<\/td><td>Poids brut<\/td><td>Poids de base<\/td><\/tr><tr><td>SH3162<\/td><td>1550ML<\/td><td>63x49x61cm<\/td><td>15.2KG<\/td><td>180G<\/td><\/tr><tr><td>SH3163<\/td><td>2200ML<\/td><td>70.5x50x64.5cm<\/td><td>15.8KG<\/td><td>235G<\/td><\/tr><\/tbody><\/table><\/figure>\n\n\n\n<div class=\"wp-block-columns is-layout-flex wp-container-core-columns-is-layout-9d6595d7 wp-block-columns-is-layout-flex\">\n<div class=\"wp-block-column is-layout-flow wp-block-column-is-layout-flow\">\n<figure class=\"wp-block-image size-full\"><img decoding=\"async\" width=\"800\" height=\"800\" src=\"https:\/\/www.xhplasticlife.com\/wp-content\/uploads\/2025\/11\/Wholesale-Plastic-Pitcher-with-Lid-Manufacturer-1.webp\" alt=\"Fabricant en gros de pichets en plastique avec couvercle (1)\" class=\"wp-image-1626\" srcset=\"https:\/\/www.xhplasticlife.com\/wp-content\/uploads\/2025\/11\/Wholesale-Plastic-Pitcher-with-Lid-Manufacturer-1.webp 800w, https:\/\/www.xhplasticlife.com\/wp-content\/uploads\/2025\/11\/Wholesale-Plastic-Pitcher-with-Lid-Manufacturer-1-300x300.webp 300w, https:\/\/www.xhplasticlife.com\/wp-content\/uploads\/2025\/11\/Wholesale-Plastic-Pitcher-with-Lid-Manufacturer-1-150x150.webp 150w, https:\/\/www.xhplasticlife.com\/wp-content\/uploads\/2025\/11\/Wholesale-Plastic-Pitcher-with-Lid-Manufacturer-1-768x768.webp 768w, https:\/\/www.xhplasticlife.com\/wp-content\/uploads\/2025\/11\/Wholesale-Plastic-Pitcher-with-Lid-Manufacturer-1-12x12.webp 12w, https:\/\/www.xhplasticlife.com\/wp-content\/uploads\/2025\/11\/Wholesale-Plastic-Pitcher-with-Lid-Manufacturer-1-600x600.webp 600w, https:\/\/www.xhplasticlife.com\/wp-content\/uploads\/2025\/11\/Wholesale-Plastic-Pitcher-with-Lid-Manufacturer-1-100x100.webp 100w\" sizes=\"(max-width: 800px) 100vw, 800px\" \/><\/figure>\n<\/div>\n\n\n\n<div class=\"wp-block-column is-layout-flow wp-block-column-is-layout-flow\">\n<figure class=\"wp-block-image size-full\"><img decoding=\"async\" width=\"750\" height=\"858\" src=\"https:\/\/www.xhplasticlife.com\/wp-content\/uploads\/2025\/11\/OEM-Cold-Water-Jug-Manufacturer-xinghui.webp\" alt=\"Fabricant OEM de cruches d&#039;eau froide - xinghui\" class=\"wp-image-1631\" srcset=\"https:\/\/www.xhplasticlife.com\/wp-content\/uploads\/2025\/11\/OEM-Cold-Water-Jug-Manufacturer-xinghui.webp 750w, https:\/\/www.xhplasticlife.com\/wp-content\/uploads\/2025\/11\/OEM-Cold-Water-Jug-Manufacturer-xinghui-262x300.webp 262w, https:\/\/www.xhplasticlife.com\/wp-content\/uploads\/2025\/11\/OEM-Cold-Water-Jug-Manufacturer-xinghui-10x12.webp 10w, https:\/\/www.xhplasticlife.com\/wp-content\/uploads\/2025\/11\/OEM-Cold-Water-Jug-Manufacturer-xinghui-600x686.webp 600w\" sizes=\"(max-width: 750px) 100vw, 750px\" \/><\/figure>\n<\/div>\n<\/div>\n\n\n<div class=\"wp-block-image\">\n<figure class=\"aligncenter size-full\"><img decoding=\"async\" width=\"750\" height=\"377\" src=\"https:\/\/www.xhplasticlife.com\/wp-content\/uploads\/2025\/11\/OEM-Cold-Water-Jug-Manufacturer.webp\" alt=\"Fabricant OEM de cruches d&#039;eau froide\" class=\"wp-image-1632\" srcset=\"https:\/\/www.xhplasticlife.com\/wp-content\/uploads\/2025\/11\/OEM-Cold-Water-Jug-Manufacturer.webp 750w, https:\/\/www.xhplasticlife.com\/wp-content\/uploads\/2025\/11\/OEM-Cold-Water-Jug-Manufacturer-300x151.webp 300w, https:\/\/www.xhplasticlife.com\/wp-content\/uploads\/2025\/11\/OEM-Cold-Water-Jug-Manufacturer-18x9.webp 18w, https:\/\/www.xhplasticlife.com\/wp-content\/uploads\/2025\/11\/OEM-Cold-Water-Jug-Manufacturer-600x302.webp 600w\" sizes=\"(max-width: 750px) 100vw, 750px\" \/><\/figure>\n<\/div>","protected":false},"excerpt":{"rendered":"<p>Bienvenue sur notre site de vente en gros de pichets en plastique avec couvercle, fabriqu\u00e9s en PP \u00e9pais et durable, avec un bec en forme de V pour un versement en douceur, et un couvercle avec des trous de filtration. Comprend un infuseur amovible pour le th\u00e9 aux fruits ou l'infusion d'herbes. Facile \u00e0 nettoyer gr\u00e2ce \u00e0 sa grande ouverture et \u00e0 sa conception adapt\u00e9e au r\u00e9frig\u00e9rateur. Prix de gros d'usine, \u00e9chantillons gratuits disponibles, support OEM\/ODM. Contactez-nous pour obtenir le v\u00f4tre d\u00e8s aujourd'hui !<\/p>\n<h2>Pichet en plastique en gros Param\u00e8tre :<\/h2>\n<p><strong>Mod\u00e8le<\/strong>: <strong><span data-spm-anchor-id=\"a2700.details-description.0.i4.67b0zO51zO51nR\">SH3162 - SH3163<\/span><\/strong><br \/><strong>Nom de la marque<\/strong>: Xinghui<br \/><strong>Mat\u00e9riau<\/strong>: PP\u00a0<br \/><strong>Couleur<\/strong>: blanc\/vert\/orange\/jaune<br \/><strong>Emballage : <\/strong>Sac OPP<br \/><strong>OEM\/ODM<\/strong>: Disponible<br \/><strong>\u00c9chantillon : <\/strong>\u00c9chantillons gratuits<br \/><strong>Option personnalis\u00e9e<\/strong>: Couleur\/Taille\/Logo\/Emballage<\/p>\n<h2>Fabricant d'articles de boisson en plastique :<\/h2>\n<p>Fond\u00e9e en 2000,<a href=\"https:\/\/www.xhplasticlife.com\/fr\/\">\u00a0<strong>Xinghui<\/strong><\/a>\u00a0est sp\u00e9cialis\u00e9e dans la production et la vente en gros de bo\u00eetes \u00e0 lunch, de r\u00e9cipients pour la conservation des aliments, de r\u00e9cipients pour les boissons, de r\u00e9cipients pour la conservation des produits m\u00e9nagers et d'autres produits quotidiens en plastique. Elle propose \u00e0 ses clients des services OEM et ODM ainsi que des services d'approvisionnement en ligne.<\/p>","protected":false},"featured_media":1630,"comment_status":"closed","ping_status":"closed","template":"","meta":{"_acf_changed":false},"product_brand":[],"product_cat":[20],"product_tag":[],"class_list":{"0":"post-1625","1":"product","2":"type-product","3":"status-publish","4":"has-post-thumbnail","6":"product_cat-custom-drinkware-wholesaler","8":"first","9":"instock","10":"shipping-taxable","11":"product-type-simple"},"acf":[],"_links":{"self":[{"href":"https:\/\/www.xhplasticlife.com\/fr\/wp-json\/wp\/v2\/product\/1625","targetHints":{"allow":["GET"]}}],"collection":[{"href":"https:\/\/www.xhplasticlife.com\/fr\/wp-json\/wp\/v2\/product"}],"about":[{"href":"https:\/\/www.xhplasticlife.com\/fr\/wp-json\/wp\/v2\/types\/product"}],"replies":[{"embeddable":true,"href":"https:\/\/www.xhplasticlife.com\/fr\/wp-json\/wp\/v2\/comments?post=1625"}],"wp:featuredmedia":[{"embeddable":true,"href":"https:\/\/www.xhplasticlife.com\/fr\/wp-json\/wp\/v2\/media\/1630"}],"wp:attachment":[{"href":"https:\/\/www.xhplasticlife.com\/fr\/wp-json\/wp\/v2\/media?parent=1625"}],"wp:term":[{"taxonomy":"product_brand","embeddable":true,"href":"https:\/\/www.xhplasticlife.com\/fr\/wp-json\/wp\/v2\/product_brand?post=1625"},{"taxonomy":"product_cat","embeddable":true,"href":"https:\/\/www.xhplasticlife.com\/fr\/wp-json\/wp\/v2\/product_cat?post=1625"},{"taxonomy":"product_tag","embeddable":true,"href":"https:\/\/www.xhplasticlife.com\/fr\/wp-json\/wp\/v2\/product_tag?post=1625"}],"curies":[{"name":"wp","href":"https:\/\/api.w.org\/{rel}","templated":true}]}}