{"id":1518,"date":"2025-10-11T09:58:28","date_gmt":"2025-10-11T09:12:17","guid":{"rendered":"https:\/\/www.xhplasticlife.com\/?post_type=product&#038;p=1518"},"modified":"2025-10-11T09:58:55","modified_gmt":"2025-10-11T09:58:55","slug":"infant-formula-dispenser-wholesale","status":"publish","type":"product","link":"https:\/\/www.xhplasticlife.com\/fr\/produit\/infant-formula-dispenser-wholesale\/","title":{"rendered":"Distributeur de lait maternis\u00e9 en gros, bo\u00eete de lait en poudre portable sans BPA pour b\u00e9b\u00e9"},"content":{"rendered":"<div class=\"wp-block-columns is-layout-flex wp-container-core-columns-is-layout-9d6595d7 wp-block-columns-is-layout-flex\">\n<div class=\"wp-block-column is-layout-flow wp-block-column-is-layout-flow\">\n<h2 class=\"wp-block-heading\">Distributeur de lait maternis\u00e9 en gros Caract\u00e9ristiques :<\/h2>\n\n\n\n<ul class=\"wp-block-list\">\n<li><strong>Mat\u00e9riau s\u00fbr et durable<\/strong> - Ce distributeur de lait maternis\u00e9 en gros est fabriqu\u00e9 en PP de qualit\u00e9 alimentaire, sans BPA, inodore et lavable au lave-vaisselle, ce qui permet de conserver le lait maternis\u00e9 en toute s\u00e9curit\u00e9.<\/li>\n\n\n\n<li><strong>Conception pratique et \u00e9tanche<\/strong> - En tant que <strong>Fournisseur de bo\u00eetes de lait en poudre portables sans BPA<\/strong>Il est dot\u00e9 d'une fermeture \u00e9tanche et herm\u00e9tique avec une grande ouverture pour le remplissage et une petite ouverture pour verser facilement le lait maternis\u00e9.<\/li>\n\n\n\n<li><strong>Transparent et empilable<\/strong> - La conception transparente permet de voir facilement le reste de la formule. Empilables gr\u00e2ce \u00e0 des boutons-pression, ils sont parfaits pour les voyages ou la maison.<\/li>\n\n\n\n<li><strong>Compact et portable<\/strong> - L\u00e9ger et facile \u00e0 transporter, ce distributeur de lait maternis\u00e9 en gros est id\u00e9al pour les parents occup\u00e9s et les professionnels de la pu\u00e9riculture.<\/li>\n\n\n\n<li><strong>Prix d'usine et \u00e9chantillons gratuits<\/strong> - Disponible pour les commandes en gros. Les <strong>Fournisseur de bo\u00eetes de lait en poudre portables sans BPA<\/strong> prend en charge le marquage OEM\/ODM et propose des prix d'usine et des \u00e9chantillons gratuits pour r\u00e9pondre aux demandes de renseignements.<\/li>\n<\/ul>\n\n\n\n<figure class=\"wp-block-table\"><table class=\"has-fixed-layout\"><tbody><tr><td>Mod\u00e8le<\/td><td>Taille du produit<\/td><td>Taille du carton<\/td><td>Poids brut<\/td><td>Poids de base<\/td><td>Emballage<\/td><\/tr><tr><td>SN1127<\/td><td>5,5*5,5*7,2cm<\/td><td>62*36*31cm<\/td><td>7,9 kg<\/td><td>26g<\/td><td>250 pcs\/ctn<\/td><\/tr><tr><td>SN1128<\/td><td>5.5*5.5*6cm<\/td><td>62*31*31cm<\/td><td>7kg<\/td><td>22g<\/td><td>250 pcs\/ctn<\/td><\/tr><\/tbody><\/table><\/figure>\n<\/div>\n\n\n\n<div class=\"wp-block-column is-layout-flow wp-block-column-is-layout-flow\">\n<figure class=\"wp-block-image size-full\"><img decoding=\"async\" width=\"800\" height=\"800\" src=\"https:\/\/www.xhplasticlife.com\/wp-content\/uploads\/2025\/10\/Wholesale-Infant-Formula-Dispenser.webp\" alt=\"Distributeur de lait maternis\u00e9 en gros\" class=\"wp-image-1526\" srcset=\"https:\/\/www.xhplasticlife.com\/wp-content\/uploads\/2025\/10\/Wholesale-Infant-Formula-Dispenser.webp 800w, https:\/\/www.xhplasticlife.com\/wp-content\/uploads\/2025\/10\/Wholesale-Infant-Formula-Dispenser-300x300.webp 300w, https:\/\/www.xhplasticlife.com\/wp-content\/uploads\/2025\/10\/Wholesale-Infant-Formula-Dispenser-150x150.webp 150w, https:\/\/www.xhplasticlife.com\/wp-content\/uploads\/2025\/10\/Wholesale-Infant-Formula-Dispenser-768x768.webp 768w, https:\/\/www.xhplasticlife.com\/wp-content\/uploads\/2025\/10\/Wholesale-Infant-Formula-Dispenser-12x12.webp 12w, https:\/\/www.xhplasticlife.com\/wp-content\/uploads\/2025\/10\/Wholesale-Infant-Formula-Dispenser-600x600.webp 600w, https:\/\/www.xhplasticlife.com\/wp-content\/uploads\/2025\/10\/Wholesale-Infant-Formula-Dispenser-100x100.webp 100w\" sizes=\"(max-width: 800px) 100vw, 800px\" \/><\/figure>\n<\/div>\n<\/div>\n\n\n\n<div class=\"wp-block-columns is-layout-flex wp-container-core-columns-is-layout-9d6595d7 wp-block-columns-is-layout-flex\">\n<div class=\"wp-block-column is-layout-flow wp-block-column-is-layout-flow\">\n<figure class=\"wp-block-image size-full\"><img decoding=\"async\" width=\"721\" height=\"962\" src=\"https:\/\/www.xhplasticlife.com\/wp-content\/uploads\/2025\/10\/Plastic-Portable-Milk-Powder-Box-in-Bulk.webp\" alt=\"Bo\u00eete \u00e0 lait portable en plastique en vrac\" class=\"wp-image-1529\" srcset=\"https:\/\/www.xhplasticlife.com\/wp-content\/uploads\/2025\/10\/Plastic-Portable-Milk-Powder-Box-in-Bulk.webp 721w, https:\/\/www.xhplasticlife.com\/wp-content\/uploads\/2025\/10\/Plastic-Portable-Milk-Powder-Box-in-Bulk-225x300.webp 225w, https:\/\/www.xhplasticlife.com\/wp-content\/uploads\/2025\/10\/Plastic-Portable-Milk-Powder-Box-in-Bulk-9x12.webp 9w, https:\/\/www.xhplasticlife.com\/wp-content\/uploads\/2025\/10\/Plastic-Portable-Milk-Powder-Box-in-Bulk-600x801.webp 600w\" sizes=\"(max-width: 721px) 100vw, 721px\" \/><\/figure>\n<\/div>\n\n\n\n<div class=\"wp-block-column is-layout-flow wp-block-column-is-layout-flow\">\n<figure class=\"wp-block-image size-full\"><img decoding=\"async\" width=\"800\" height=\"1067\" src=\"https:\/\/www.xhplasticlife.com\/wp-content\/uploads\/2025\/10\/Wholesale-Infant-Formula-Dispenser-Sizes.webp\" alt=\"Distributeur de lait maternis\u00e9 en gros - Tailles\" class=\"wp-image-1530\" srcset=\"https:\/\/www.xhplasticlife.com\/wp-content\/uploads\/2025\/10\/Wholesale-Infant-Formula-Dispenser-Sizes.webp 800w, https:\/\/www.xhplasticlife.com\/wp-content\/uploads\/2025\/10\/Wholesale-Infant-Formula-Dispenser-Sizes-225x300.webp 225w, https:\/\/www.xhplasticlife.com\/wp-content\/uploads\/2025\/10\/Wholesale-Infant-Formula-Dispenser-Sizes-768x1024.webp 768w, https:\/\/www.xhplasticlife.com\/wp-content\/uploads\/2025\/10\/Wholesale-Infant-Formula-Dispenser-Sizes-9x12.webp 9w, https:\/\/www.xhplasticlife.com\/wp-content\/uploads\/2025\/10\/Wholesale-Infant-Formula-Dispenser-Sizes-600x800.webp 600w\" sizes=\"(max-width: 800px) 100vw, 800px\" \/><\/figure>\n<\/div>\n<\/div>\n\n\n\n<div class=\"wp-block-columns is-layout-flex wp-container-core-columns-is-layout-9d6595d7 wp-block-columns-is-layout-flex\">\n<div class=\"wp-block-column is-layout-flow wp-block-column-is-layout-flow\">\n<figure class=\"wp-block-image size-full\"><img decoding=\"async\" width=\"716\" height=\"954\" src=\"https:\/\/www.xhplasticlife.com\/wp-content\/uploads\/2025\/10\/Bulk-Infant-Formula-Dispenser-for-Baby.webp\" alt=\"Distributeur de lait maternis\u00e9 en vrac pour b\u00e9b\u00e9\" class=\"wp-image-1528\" srcset=\"https:\/\/www.xhplasticlife.com\/wp-content\/uploads\/2025\/10\/Bulk-Infant-Formula-Dispenser-for-Baby.webp 716w, https:\/\/www.xhplasticlife.com\/wp-content\/uploads\/2025\/10\/Bulk-Infant-Formula-Dispenser-for-Baby-225x300.webp 225w, https:\/\/www.xhplasticlife.com\/wp-content\/uploads\/2025\/10\/Bulk-Infant-Formula-Dispenser-for-Baby-9x12.webp 9w, https:\/\/www.xhplasticlife.com\/wp-content\/uploads\/2025\/10\/Bulk-Infant-Formula-Dispenser-for-Baby-600x799.webp 600w\" sizes=\"(max-width: 716px) 100vw, 716px\" \/><\/figure>\n<\/div>\n\n\n\n<div class=\"wp-block-column is-layout-flow wp-block-column-is-layout-flow\">\n<figure class=\"wp-block-image size-full\"><img decoding=\"async\" width=\"800\" height=\"1117\" src=\"https:\/\/www.xhplasticlife.com\/wp-content\/uploads\/2025\/10\/BPA-Free-Portable-Milk-Powder-Box-for-Baby.webp\" alt=\"Bo\u00eete \u00e0 lait en poudre portable sans BPA pour b\u00e9b\u00e9\" class=\"wp-image-1527\" srcset=\"https:\/\/www.xhplasticlife.com\/wp-content\/uploads\/2025\/10\/BPA-Free-Portable-Milk-Powder-Box-for-Baby.webp 800w, https:\/\/www.xhplasticlife.com\/wp-content\/uploads\/2025\/10\/BPA-Free-Portable-Milk-Powder-Box-for-Baby-215x300.webp 215w, https:\/\/www.xhplasticlife.com\/wp-content\/uploads\/2025\/10\/BPA-Free-Portable-Milk-Powder-Box-for-Baby-768x1072.webp 768w, https:\/\/www.xhplasticlife.com\/wp-content\/uploads\/2025\/10\/BPA-Free-Portable-Milk-Powder-Box-for-Baby-9x12.webp 9w, https:\/\/www.xhplasticlife.com\/wp-content\/uploads\/2025\/10\/BPA-Free-Portable-Milk-Powder-Box-for-Baby-600x838.webp 600w\" sizes=\"(max-width: 800px) 100vw, 800px\" \/><\/figure>\n<\/div>\n<\/div>\n\n\n\n<div class=\"wp-block-columns is-layout-flex wp-container-core-columns-is-layout-9d6595d7 wp-block-columns-is-layout-flex\">\n<div class=\"wp-block-column is-layout-flow wp-block-column-is-layout-flow\"><div class=\"wp-block-image\">\n<figure class=\"aligncenter size-full\"><img decoding=\"async\" width=\"800\" height=\"800\" src=\"https:\/\/www.xhplasticlife.com\/wp-content\/uploads\/2025\/10\/Infant-Formula-Storage-Dispenser-Wholesale-4.webp\" alt=\"Distributeur de lait maternis\u00e9 Wholesale (4)\" class=\"wp-image-1525\" srcset=\"https:\/\/www.xhplasticlife.com\/wp-content\/uploads\/2025\/10\/Infant-Formula-Storage-Dispenser-Wholesale-4.webp 800w, https:\/\/www.xhplasticlife.com\/wp-content\/uploads\/2025\/10\/Infant-Formula-Storage-Dispenser-Wholesale-4-300x300.webp 300w, https:\/\/www.xhplasticlife.com\/wp-content\/uploads\/2025\/10\/Infant-Formula-Storage-Dispenser-Wholesale-4-150x150.webp 150w, https:\/\/www.xhplasticlife.com\/wp-content\/uploads\/2025\/10\/Infant-Formula-Storage-Dispenser-Wholesale-4-768x768.webp 768w, https:\/\/www.xhplasticlife.com\/wp-content\/uploads\/2025\/10\/Infant-Formula-Storage-Dispenser-Wholesale-4-12x12.webp 12w, https:\/\/www.xhplasticlife.com\/wp-content\/uploads\/2025\/10\/Infant-Formula-Storage-Dispenser-Wholesale-4-600x600.webp 600w, https:\/\/www.xhplasticlife.com\/wp-content\/uploads\/2025\/10\/Infant-Formula-Storage-Dispenser-Wholesale-4-100x100.webp 100w\" sizes=\"(max-width: 800px) 100vw, 800px\" \/><figcaption class=\"wp-element-caption\">\u00c9viter le distributeur de lait maternis\u00e9<\/figcaption><\/figure>\n<\/div><\/div>\n\n\n\n<div class=\"wp-block-column is-layout-flow wp-block-column-is-layout-flow\"><div class=\"wp-block-image\">\n<figure class=\"aligncenter size-full\"><img decoding=\"async\" width=\"800\" height=\"800\" src=\"https:\/\/www.xhplasticlife.com\/wp-content\/uploads\/2025\/10\/Infant-Formula-Storage-Dispenser-Wholesale-3.webp\" alt=\"Distributeur de lait maternis\u00e9 Wholesale (3)\" class=\"wp-image-1524\" srcset=\"https:\/\/www.xhplasticlife.com\/wp-content\/uploads\/2025\/10\/Infant-Formula-Storage-Dispenser-Wholesale-3.webp 800w, https:\/\/www.xhplasticlife.com\/wp-content\/uploads\/2025\/10\/Infant-Formula-Storage-Dispenser-Wholesale-3-300x300.webp 300w, https:\/\/www.xhplasticlife.com\/wp-content\/uploads\/2025\/10\/Infant-Formula-Storage-Dispenser-Wholesale-3-150x150.webp 150w, https:\/\/www.xhplasticlife.com\/wp-content\/uploads\/2025\/10\/Infant-Formula-Storage-Dispenser-Wholesale-3-768x768.webp 768w, https:\/\/www.xhplasticlife.com\/wp-content\/uploads\/2025\/10\/Infant-Formula-Storage-Dispenser-Wholesale-3-12x12.webp 12w, https:\/\/www.xhplasticlife.com\/wp-content\/uploads\/2025\/10\/Infant-Formula-Storage-Dispenser-Wholesale-3-600x600.webp 600w, https:\/\/www.xhplasticlife.com\/wp-content\/uploads\/2025\/10\/Infant-Formula-Storage-Dispenser-Wholesale-3-100x100.webp 100w\" sizes=\"(max-width: 800px) 100vw, 800px\" \/><figcaption class=\"wp-element-caption\">Distributeur transparent de lait maternis\u00e9<\/figcaption><\/figure>\n<\/div><\/div>\n<\/div>","protected":false},"excerpt":{"rendered":"<p>Nous vous invitons \u00e0 commander notre distributeur de lait en poudre pour nourrissons en gros ! Ce distributeur de lait en poudre portable sans BPA est \u00e9tanche, empilable, portable, avec un prix d'usine et des \u00e9chantillons gratuits disponibles.<\/p>\n<h2>Distributeur de lait maternis\u00e9 Param\u00e8tre :<\/h2>\n<ul>\n<li><strong>Mod\u00e8le<\/strong>: SN1127-SN1128<\/li>\n<li><strong>Nom de la marque<\/strong>: Xinghui<\/li>\n<li><strong>Mat\u00e9riau<\/strong>: Plastique (PP)<\/li>\n<li><strong>Couleur<\/strong>: Transparent<\/li>\n<li><strong>Emballage<\/strong>: Emballage OPP<\/li>\n<li><strong>OEM\/ODM<\/strong>: Disponible<\/li>\n<li><strong>MOQ :\u00a0<\/strong>2000 pi\u00e8ces<\/li>\n<li><strong>Option personnalis\u00e9e<\/strong>: Couleur\/Taille\/Logo\/Emballage<\/li>\n<\/ul>\n<h2>De Daily Plasticware, fabricant de produits en plastique :<\/h2>\n<p>Fond\u00e9e en 2000,\u00a0<a href=\"https:\/\/www.xhplasticlife.com\/fr\/\"><strong>Xinghui<\/strong><\/a>\u00a0est sp\u00e9cialis\u00e9e dans la production et la vente en gros de bo\u00eetes \u00e0 lunch, de r\u00e9cipients pour la conservation des aliments, de r\u00e9cipients pour les boissons, de r\u00e9cipients pour la conservation des produits m\u00e9nagers et d'autres produits quotidiens en plastique. Fournir un guichet unique <a href=\"https:\/\/www.xhplasticlife.com\/fr\/custom-food-storage-containers\/\">OEM ET ODM<\/a> et e<a href=\"https:\/\/www.xhplasticlife.com\/fr\/e-commerce-service\/\"><strong>-Services d'achat en ligne<\/strong><\/a> pour les clients.<\/p>","protected":false},"featured_media":1521,"comment_status":"closed","ping_status":"closed","template":"","meta":{"_acf_changed":false},"product_brand":[],"product_cat":[22],"product_tag":[],"class_list":{"0":"post-1518","1":"product","2":"type-product","3":"status-publish","4":"has-post-thumbnail","6":"product_cat-portable-organizers-wholesale","8":"first","9":"instock","10":"shipping-taxable","11":"product-type-simple"},"acf":[],"_links":{"self":[{"href":"https:\/\/www.xhplasticlife.com\/fr\/wp-json\/wp\/v2\/product\/1518","targetHints":{"allow":["GET"]}}],"collection":[{"href":"https:\/\/www.xhplasticlife.com\/fr\/wp-json\/wp\/v2\/product"}],"about":[{"href":"https:\/\/www.xhplasticlife.com\/fr\/wp-json\/wp\/v2\/types\/product"}],"replies":[{"embeddable":true,"href":"https:\/\/www.xhplasticlife.com\/fr\/wp-json\/wp\/v2\/comments?post=1518"}],"wp:featuredmedia":[{"embeddable":true,"href":"https:\/\/www.xhplasticlife.com\/fr\/wp-json\/wp\/v2\/media\/1521"}],"wp:attachment":[{"href":"https:\/\/www.xhplasticlife.com\/fr\/wp-json\/wp\/v2\/media?parent=1518"}],"wp:term":[{"taxonomy":"product_brand","embeddable":true,"href":"https:\/\/www.xhplasticlife.com\/fr\/wp-json\/wp\/v2\/product_brand?post=1518"},{"taxonomy":"product_cat","embeddable":true,"href":"https:\/\/www.xhplasticlife.com\/fr\/wp-json\/wp\/v2\/product_cat?post=1518"},{"taxonomy":"product_tag","embeddable":true,"href":"https:\/\/www.xhplasticlife.com\/fr\/wp-json\/wp\/v2\/product_tag?post=1518"}],"curies":[{"name":"wp","href":"https:\/\/api.w.org\/{rel}","templated":true}]}}