{"id":1502,"date":"2025-10-11T08:51:58","date_gmt":"2025-10-11T08:14:43","guid":{"rendered":"https:\/\/www.xhplasticlife.com\/?post_type=product&#038;p=1502"},"modified":"2025-10-11T10:02:44","modified_gmt":"2025-10-11T10:02:44","slug":"7-day-bulk-pill-boxes-supplier","status":"publish","type":"product","link":"https:\/\/www.xhplasticlife.com\/fr\/produit\/7-day-bulk-pill-boxes-supplier\/","title":{"rendered":"7 Day Bulk Pill Boxes Supplier, Plastic Portable Pharmacy Medicine Case"},"content":{"rendered":"<div class=\"wp-block-columns is-layout-flex wp-container-core-columns-is-layout-9d6595d7 wp-block-columns-is-layout-flex\">\n<div class=\"wp-block-column is-layout-flow wp-block-column-is-layout-flow\">\n<h2 class=\"wp-block-heading\">7 Day Bulk Pill Boxes Caract\u00e9ristiques :<\/h2>\n\n\n\n<ul class=\"wp-block-list\">\n<li><strong>Conception durable et portable<\/strong>: Le produit de ce fournisseur de piluliers en vrac est fabriqu\u00e9 en plastique de haute qualit\u00e9 avec un triple scellement, garantissant une r\u00e9sistance \u00e0 la poussi\u00e8re et \u00e0 l'humidit\u00e9 pour un stockage en toute s\u00e9curit\u00e9.<\/li>\n\n\n\n<li><strong>7 compartiments pour l'organisation<\/strong>: En tant que trousse \u00e0 pharmacie portable de gros, elle comporte 7 compartiments distincts pour les diff\u00e9rents m\u00e9dicaments, ce qui \u00e9vite les confusions et facilite le suivi des dosages.<\/li>\n\n\n\n<li><strong>Enregistrement de l'heure et couvercle visible<\/strong>: Le couvercle int\u00e9rieur transparent et l'enregistrement coulissant de l'heure aident les utilisateurs \u00e0 suivre les doses, facilitant ainsi la m\u00e9morisation des programmes de m\u00e9dication quotidiens.<\/li>\n\n\n\n<li><strong>Grande capacit\u00e9 et facilit\u00e9 de d\u00e9placement<\/strong>: Compact et portable, ce fournisseur de bo\u00eetes \u00e0 pilules en vrac se glisse dans les sacs ou les bagages. Disponible en 2 tailles et 3 couleurs (rose, violet, blanc).<\/li>\n\n\n\n<li><strong>Prix d'usine et options personnalis\u00e9es<\/strong>: Prise en charge du marquage OEM\/ODM ; les <strong>pharmacie portative en gros, bo\u00eete \u00e0 pharmacie<\/strong> est id\u00e9al pour les pharmacies, les fournisseurs de soins de sant\u00e9 ou les commandes en gros.<\/li>\n<\/ul>\n<\/div>\n\n\n\n<div class=\"wp-block-column is-layout-flow wp-block-column-is-layout-flow\">\n<figure class=\"wp-block-image size-full\"><img decoding=\"async\" width=\"712\" height=\"712\" src=\"https:\/\/www.xhplasticlife.com\/wp-content\/uploads\/2025\/10\/Portable-Pharmacy-Pill-Boxes-Supplier.webp\" alt=\"Bo\u00eetes \u00e0 pilules portables pour pharmacies Fournisseur\" class=\"wp-image-1513\" srcset=\"https:\/\/www.xhplasticlife.com\/wp-content\/uploads\/2025\/10\/Portable-Pharmacy-Pill-Boxes-Supplier.webp 712w, https:\/\/www.xhplasticlife.com\/wp-content\/uploads\/2025\/10\/Portable-Pharmacy-Pill-Boxes-Supplier-300x300.webp 300w, https:\/\/www.xhplasticlife.com\/wp-content\/uploads\/2025\/10\/Portable-Pharmacy-Pill-Boxes-Supplier-150x150.webp 150w, https:\/\/www.xhplasticlife.com\/wp-content\/uploads\/2025\/10\/Portable-Pharmacy-Pill-Boxes-Supplier-12x12.webp 12w, https:\/\/www.xhplasticlife.com\/wp-content\/uploads\/2025\/10\/Portable-Pharmacy-Pill-Boxes-Supplier-600x600.webp 600w, https:\/\/www.xhplasticlife.com\/wp-content\/uploads\/2025\/10\/Portable-Pharmacy-Pill-Boxes-Supplier-100x100.webp 100w\" sizes=\"(max-width: 712px) 100vw, 712px\" \/><\/figure>\n<\/div>\n<\/div>\n\n\n\n<figure class=\"wp-block-table is-style-stripes\"><table class=\"has-fixed-layout\"><tbody><tr><td>Mod\u00e8le<\/td><td>Taille du produit<\/td><td>Taille du carton<\/td><td>Poids brut<\/td><td>Poids de base<\/td><td>Emballage<\/td><\/tr><tr><td>BX398<\/td><td>7,8*7,2*3,5cm<\/td><td>26*32*56cm<\/td><td>9kg<\/td><td>50g<\/td><td>168 pcs\/ctn<\/td><\/tr><tr><td>BX399<\/td><td>11*7.2*3.5cm<\/td><td>35*33*45cm<\/td><td>10kg<\/td><td>67g<\/td><td>144 pcs\/ctn<\/td><\/tr><\/tbody><\/table><\/figure>\n\n\n\n<div class=\"wp-block-columns is-layout-flex wp-container-core-columns-is-layout-9d6595d7 wp-block-columns-is-layout-flex\">\n<div class=\"wp-block-column is-layout-flow wp-block-column-is-layout-flow\"><div class=\"wp-block-image\">\n<figure class=\"aligncenter size-full\"><img decoding=\"async\" width=\"800\" height=\"800\" src=\"https:\/\/www.xhplasticlife.com\/wp-content\/uploads\/2025\/10\/Large-white-Pill-Boxes-Supplier.webp\" alt=\"Large white - Pill Boxes Supplier\" class=\"wp-image-1510\" srcset=\"https:\/\/www.xhplasticlife.com\/wp-content\/uploads\/2025\/10\/Large-white-Pill-Boxes-Supplier.webp 800w, https:\/\/www.xhplasticlife.com\/wp-content\/uploads\/2025\/10\/Large-white-Pill-Boxes-Supplier-300x300.webp 300w, https:\/\/www.xhplasticlife.com\/wp-content\/uploads\/2025\/10\/Large-white-Pill-Boxes-Supplier-150x150.webp 150w, https:\/\/www.xhplasticlife.com\/wp-content\/uploads\/2025\/10\/Large-white-Pill-Boxes-Supplier-768x768.webp 768w, https:\/\/www.xhplasticlife.com\/wp-content\/uploads\/2025\/10\/Large-white-Pill-Boxes-Supplier-12x12.webp 12w, https:\/\/www.xhplasticlife.com\/wp-content\/uploads\/2025\/10\/Large-white-Pill-Boxes-Supplier-600x600.webp 600w, https:\/\/www.xhplasticlife.com\/wp-content\/uploads\/2025\/10\/Large-white-Pill-Boxes-Supplier-100x100.webp 100w\" sizes=\"(max-width: 800px) 100vw, 800px\" \/><figcaption class=\"wp-element-caption\">Grand pilulier blanc<\/figcaption><\/figure>\n<\/div><\/div>\n\n\n\n<div class=\"wp-block-column is-layout-flow wp-block-column-is-layout-flow\"><div class=\"wp-block-image\">\n<figure class=\"aligncenter size-full\"><img decoding=\"async\" width=\"800\" height=\"800\" src=\"https:\/\/www.xhplasticlife.com\/wp-content\/uploads\/2025\/10\/Large-purple-Pill-Boxes-Supplier.webp\" alt=\"Grand violet - Pill Boxes Supplier\" class=\"wp-image-1509\" srcset=\"https:\/\/www.xhplasticlife.com\/wp-content\/uploads\/2025\/10\/Large-purple-Pill-Boxes-Supplier.webp 800w, https:\/\/www.xhplasticlife.com\/wp-content\/uploads\/2025\/10\/Large-purple-Pill-Boxes-Supplier-300x300.webp 300w, https:\/\/www.xhplasticlife.com\/wp-content\/uploads\/2025\/10\/Large-purple-Pill-Boxes-Supplier-150x150.webp 150w, https:\/\/www.xhplasticlife.com\/wp-content\/uploads\/2025\/10\/Large-purple-Pill-Boxes-Supplier-768x768.webp 768w, https:\/\/www.xhplasticlife.com\/wp-content\/uploads\/2025\/10\/Large-purple-Pill-Boxes-Supplier-12x12.webp 12w, https:\/\/www.xhplasticlife.com\/wp-content\/uploads\/2025\/10\/Large-purple-Pill-Boxes-Supplier-600x600.webp 600w, https:\/\/www.xhplasticlife.com\/wp-content\/uploads\/2025\/10\/Large-purple-Pill-Boxes-Supplier-100x100.webp 100w\" sizes=\"(max-width: 800px) 100vw, 800px\" \/><figcaption class=\"wp-element-caption\">Grand pilulier violet<\/figcaption><\/figure>\n<\/div><\/div>\n\n\n\n<div class=\"wp-block-column is-layout-flow wp-block-column-is-layout-flow\"><div class=\"wp-block-image\">\n<figure class=\"aligncenter size-full\"><img decoding=\"async\" width=\"800\" height=\"800\" src=\"https:\/\/www.xhplasticlife.com\/wp-content\/uploads\/2025\/10\/Large-pink-Pill-Boxes-Supplier.webp\" alt=\"Grand rose - Piluliers Fournisseur\" class=\"wp-image-1508\" srcset=\"https:\/\/www.xhplasticlife.com\/wp-content\/uploads\/2025\/10\/Large-pink-Pill-Boxes-Supplier.webp 800w, https:\/\/www.xhplasticlife.com\/wp-content\/uploads\/2025\/10\/Large-pink-Pill-Boxes-Supplier-300x300.webp 300w, https:\/\/www.xhplasticlife.com\/wp-content\/uploads\/2025\/10\/Large-pink-Pill-Boxes-Supplier-150x150.webp 150w, https:\/\/www.xhplasticlife.com\/wp-content\/uploads\/2025\/10\/Large-pink-Pill-Boxes-Supplier-768x768.webp 768w, https:\/\/www.xhplasticlife.com\/wp-content\/uploads\/2025\/10\/Large-pink-Pill-Boxes-Supplier-12x12.webp 12w, https:\/\/www.xhplasticlife.com\/wp-content\/uploads\/2025\/10\/Large-pink-Pill-Boxes-Supplier-600x600.webp 600w, https:\/\/www.xhplasticlife.com\/wp-content\/uploads\/2025\/10\/Large-pink-Pill-Boxes-Supplier-100x100.webp 100w\" sizes=\"(max-width: 800px) 100vw, 800px\" \/><figcaption class=\"wp-element-caption\">Grand pilulier rose<\/figcaption><\/figure>\n<\/div><\/div>\n<\/div>\n\n\n\n<div class=\"wp-block-columns is-layout-flex wp-container-core-columns-is-layout-9d6595d7 wp-block-columns-is-layout-flex\">\n<div class=\"wp-block-column is-layout-flow wp-block-column-is-layout-flow\"><div class=\"wp-block-image\">\n<figure class=\"aligncenter size-full\"><img decoding=\"async\" width=\"800\" height=\"800\" src=\"https:\/\/www.xhplasticlife.com\/wp-content\/uploads\/2025\/10\/Small-white-Pill-Boxes-Manufacturer.webp\" alt=\"Petit blanc - Fabricant de piluliers\" class=\"wp-image-1516\" srcset=\"https:\/\/www.xhplasticlife.com\/wp-content\/uploads\/2025\/10\/Small-white-Pill-Boxes-Manufacturer.webp 800w, https:\/\/www.xhplasticlife.com\/wp-content\/uploads\/2025\/10\/Small-white-Pill-Boxes-Manufacturer-300x300.webp 300w, https:\/\/www.xhplasticlife.com\/wp-content\/uploads\/2025\/10\/Small-white-Pill-Boxes-Manufacturer-150x150.webp 150w, https:\/\/www.xhplasticlife.com\/wp-content\/uploads\/2025\/10\/Small-white-Pill-Boxes-Manufacturer-768x768.webp 768w, https:\/\/www.xhplasticlife.com\/wp-content\/uploads\/2025\/10\/Small-white-Pill-Boxes-Manufacturer-12x12.webp 12w, https:\/\/www.xhplasticlife.com\/wp-content\/uploads\/2025\/10\/Small-white-Pill-Boxes-Manufacturer-600x600.webp 600w, https:\/\/www.xhplasticlife.com\/wp-content\/uploads\/2025\/10\/Small-white-Pill-Boxes-Manufacturer-100x100.webp 100w\" sizes=\"(max-width: 800px) 100vw, 800px\" \/><figcaption class=\"wp-element-caption\">Petit pilulier blanc<\/figcaption><\/figure>\n<\/div><\/div>\n\n\n\n<div class=\"wp-block-column is-layout-flow wp-block-column-is-layout-flow\"><div class=\"wp-block-image\">\n<figure class=\"aligncenter size-full\"><img decoding=\"async\" width=\"800\" height=\"800\" src=\"https:\/\/www.xhplasticlife.com\/wp-content\/uploads\/2025\/10\/Small-purple-Pill-Boxes-Manufacturer.webp\" alt=\"Petit violet - Fabricant de piluliers\" class=\"wp-image-1515\" srcset=\"https:\/\/www.xhplasticlife.com\/wp-content\/uploads\/2025\/10\/Small-purple-Pill-Boxes-Manufacturer.webp 800w, https:\/\/www.xhplasticlife.com\/wp-content\/uploads\/2025\/10\/Small-purple-Pill-Boxes-Manufacturer-300x300.webp 300w, https:\/\/www.xhplasticlife.com\/wp-content\/uploads\/2025\/10\/Small-purple-Pill-Boxes-Manufacturer-150x150.webp 150w, https:\/\/www.xhplasticlife.com\/wp-content\/uploads\/2025\/10\/Small-purple-Pill-Boxes-Manufacturer-768x768.webp 768w, https:\/\/www.xhplasticlife.com\/wp-content\/uploads\/2025\/10\/Small-purple-Pill-Boxes-Manufacturer-12x12.webp 12w, https:\/\/www.xhplasticlife.com\/wp-content\/uploads\/2025\/10\/Small-purple-Pill-Boxes-Manufacturer-600x600.webp 600w, https:\/\/www.xhplasticlife.com\/wp-content\/uploads\/2025\/10\/Small-purple-Pill-Boxes-Manufacturer-100x100.webp 100w\" sizes=\"(max-width: 800px) 100vw, 800px\" \/><figcaption class=\"wp-element-caption\">Petit pilulier violet<\/figcaption><\/figure>\n<\/div><\/div>\n\n\n\n<div class=\"wp-block-column is-layout-flow wp-block-column-is-layout-flow\"><div class=\"wp-block-image\">\n<figure class=\"aligncenter size-full\"><img decoding=\"async\" width=\"800\" height=\"800\" src=\"https:\/\/www.xhplasticlife.com\/wp-content\/uploads\/2025\/10\/Small-pink-Pill-Boxes-Manufacturer.webp\" alt=\"Petit rose - Fabricant de piluliers\" class=\"wp-image-1514\" srcset=\"https:\/\/www.xhplasticlife.com\/wp-content\/uploads\/2025\/10\/Small-pink-Pill-Boxes-Manufacturer.webp 800w, https:\/\/www.xhplasticlife.com\/wp-content\/uploads\/2025\/10\/Small-pink-Pill-Boxes-Manufacturer-300x300.webp 300w, https:\/\/www.xhplasticlife.com\/wp-content\/uploads\/2025\/10\/Small-pink-Pill-Boxes-Manufacturer-150x150.webp 150w, https:\/\/www.xhplasticlife.com\/wp-content\/uploads\/2025\/10\/Small-pink-Pill-Boxes-Manufacturer-768x768.webp 768w, https:\/\/www.xhplasticlife.com\/wp-content\/uploads\/2025\/10\/Small-pink-Pill-Boxes-Manufacturer-12x12.webp 12w, https:\/\/www.xhplasticlife.com\/wp-content\/uploads\/2025\/10\/Small-pink-Pill-Boxes-Manufacturer-600x600.webp 600w, https:\/\/www.xhplasticlife.com\/wp-content\/uploads\/2025\/10\/Small-pink-Pill-Boxes-Manufacturer-100x100.webp 100w\" sizes=\"(max-width: 800px) 100vw, 800px\" \/><figcaption class=\"wp-element-caption\">Petit pilulier rose<\/figcaption><\/figure>\n<\/div><\/div>\n<\/div>","protected":false},"excerpt":{"rendered":"<p>Bienvenue chez notre fournisseur de bo\u00eetes \u00e0 pilules en vrac ! Cette bo\u00eete \u00e0 pharmacie portable en gros est triple scell\u00e9e, portable et personnalisable, avec un prix d'usine et des \u00e9chantillons gratuits disponibles.<\/p>\n<h2>7 Day Bulk Pill Boxes Param\u00e8tre :<\/h2>\n<ul>\n<li><strong>Mod\u00e8le<\/strong>: BX398-BX399<\/li>\n<li><strong>Nom de la marque<\/strong>: Xinghui<\/li>\n<li><strong>Mat\u00e9riau<\/strong>: PP+silicone<\/li>\n<li><strong>Couleur<\/strong>: blanc, violet, rose<\/li>\n<li><strong>Emballage<\/strong>: Couleur Carton<\/li>\n<li><strong>OEM\/ODM<\/strong>: Disponible<\/li>\n<li><strong>MOQ :\u00a0<\/strong>2000 pi\u00e8ces<\/li>\n<li><strong>Option personnalis\u00e9e<\/strong>: Couleur\/Taille\/Logo\/Emballage<\/li>\n<\/ul>\n<h2>De Daily Plasticware, fabricant de produits en plastique :<\/h2>\n<p>Fond\u00e9e en 2000,\u00a0<a href=\"https:\/\/www.xhplasticlife.com\/fr\/\"><strong>Xinghui<\/strong><\/a>\u00a0est sp\u00e9cialis\u00e9e dans la production et la vente en gros de bo\u00eetes \u00e0 lunch, de r\u00e9cipients pour la conservation des aliments, de r\u00e9cipients pour les boissons, de r\u00e9cipients pour la conservation des produits m\u00e9nagers et d'autres produits quotidiens en plastique. Fournir un guichet unique <a href=\"https:\/\/www.xhplasticlife.com\/fr\/custom-food-storage-containers\/\">OEM ET ODM<\/a> et e<a href=\"https:\/\/www.xhplasticlife.com\/fr\/e-commerce-service\/\"><strong>-Services d'achat en ligne<\/strong><\/a> pour les clients.<\/p>","protected":false},"featured_media":1507,"comment_status":"closed","ping_status":"closed","template":"","meta":{"_acf_changed":false},"product_brand":[],"product_cat":[22],"product_tag":[],"class_list":{"0":"post-1502","1":"product","2":"type-product","3":"status-publish","4":"has-post-thumbnail","6":"product_cat-portable-organizers-wholesale","8":"first","9":"instock","10":"shipping-taxable","11":"product-type-simple"},"acf":[],"_links":{"self":[{"href":"https:\/\/www.xhplasticlife.com\/fr\/wp-json\/wp\/v2\/product\/1502","targetHints":{"allow":["GET"]}}],"collection":[{"href":"https:\/\/www.xhplasticlife.com\/fr\/wp-json\/wp\/v2\/product"}],"about":[{"href":"https:\/\/www.xhplasticlife.com\/fr\/wp-json\/wp\/v2\/types\/product"}],"replies":[{"embeddable":true,"href":"https:\/\/www.xhplasticlife.com\/fr\/wp-json\/wp\/v2\/comments?post=1502"}],"wp:featuredmedia":[{"embeddable":true,"href":"https:\/\/www.xhplasticlife.com\/fr\/wp-json\/wp\/v2\/media\/1507"}],"wp:attachment":[{"href":"https:\/\/www.xhplasticlife.com\/fr\/wp-json\/wp\/v2\/media?parent=1502"}],"wp:term":[{"taxonomy":"product_brand","embeddable":true,"href":"https:\/\/www.xhplasticlife.com\/fr\/wp-json\/wp\/v2\/product_brand?post=1502"},{"taxonomy":"product_cat","embeddable":true,"href":"https:\/\/www.xhplasticlife.com\/fr\/wp-json\/wp\/v2\/product_cat?post=1502"},{"taxonomy":"product_tag","embeddable":true,"href":"https:\/\/www.xhplasticlife.com\/fr\/wp-json\/wp\/v2\/product_tag?post=1502"}],"curies":[{"name":"wp","href":"https:\/\/api.w.org\/{rel}","templated":true}]}}