{"id":1492,"date":"2025-10-11T08:02:33","date_gmt":"2025-10-11T08:02:33","guid":{"rendered":"https:\/\/www.xhplasticlife.com\/?post_type=product&#038;p=1492"},"modified":"2025-10-11T08:04:06","modified_gmt":"2025-10-11T08:04:06","slug":"custom-pill-box-wholesaler","status":"publish","type":"product","link":"https:\/\/www.xhplasticlife.com\/fr\/produit\/custom-pill-box-wholesaler\/","title":{"rendered":"Bo\u00eete \u00e0 pilules en plastique 7 jours Factory"},"content":{"rendered":"<div class=\"wp-block-columns is-layout-flex wp-container-core-columns-is-layout-9d6595d7 wp-block-columns-is-layout-flex\">\n<div class=\"wp-block-column is-layout-flow wp-block-column-is-layout-flow\">\n<h2 class=\"wp-block-heading\">Bo\u00eete \u00e0 pilules personnalis\u00e9e Caract\u00e9ristiques :<\/h2>\n\n\n\n<ul class=\"wp-block-list\">\n<li><strong>Mat\u00e9riau et design de qualit\u00e9 sup\u00e9rieure :<\/strong> Cette trousse \u00e0 pharmacie de 7 jours est fabriqu\u00e9e en plastique PP sans BPA pour la s\u00e9curit\u00e9, la durabilit\u00e9 et la fermeture herm\u00e9tique pour un usage quotidien.<\/li>\n\n\n\n<li><strong>Design 7 jours et divis\u00e9 :<\/strong> En tant que bo\u00eete \u00e0 pharmacie en plastique pour 7 jours, elle est pr\u00e9-\u00e9quip\u00e9e de sept compartiments clairement \u00e9tiquet\u00e9s pour trier les diff\u00e9rents m\u00e9dicaments jour par jour ou par dosage.<\/li>\n\n\n\n<li><strong>Translucide Int\u00e9rieur : <\/strong>La conception transparente de la partie sup\u00e9rieure permet de voir facilement les pilules et de v\u00e9rifier les doses restantes sans avoir \u00e0 ouvrir la bo\u00eete.<\/li>\n\n\n\n<li><strong>Double \u00e9tanch\u00e9it\u00e9 et protection contre l'humidit\u00e9 : <\/strong>Ce produit offre une double protection pour emp\u00eacher l'humidit\u00e9 et la poussi\u00e8re de p\u00e9n\u00e9trer dans l'emballage, ce qui permet de garder les pilules s\u00e8ches et fra\u00eeches.<\/li>\n\n\n\n<li><strong>Portable et personnalisable<\/strong>: Portable, \u00e9tanche et l\u00e9ger, le pilulier personnalis\u00e9 peut \u00eatre personnalis\u00e9 avec votre logo (OEM\/ODM) pour la promotion de votre marque.<\/li>\n\n\n\n<li><strong>Facile \u00e0 nettoyer et r\u00e9utilisable<\/strong>: Respectueuse du lave-vaisselle et de l'environnement, cette bo\u00eete \u00e0 pharmacie de 7 jours en plastique est appropri\u00e9e pour une utilisation en voyage, \u00e0 la maison ou dans le domaine de la sant\u00e9.<\/li>\n<\/ul>\n<\/div>\n\n\n\n<div class=\"wp-block-column is-layout-flow wp-block-column-is-layout-flow\">\n<figure class=\"wp-block-image size-full\"><img decoding=\"async\" width=\"800\" height=\"800\" src=\"https:\/\/www.xhplasticlife.com\/wp-content\/uploads\/2025\/10\/Custom-Pill-Box-Wholesale-Plastic-7-Days-Medicine-Case-2.webp\" alt=\"Bo\u00eetier \u00e0 pilules en plastique 7 jours (2)\" class=\"wp-image-1494\" srcset=\"https:\/\/www.xhplasticlife.com\/wp-content\/uploads\/2025\/10\/Custom-Pill-Box-Wholesale-Plastic-7-Days-Medicine-Case-2.webp 800w, https:\/\/www.xhplasticlife.com\/wp-content\/uploads\/2025\/10\/Custom-Pill-Box-Wholesale-Plastic-7-Days-Medicine-Case-2-300x300.webp 300w, https:\/\/www.xhplasticlife.com\/wp-content\/uploads\/2025\/10\/Custom-Pill-Box-Wholesale-Plastic-7-Days-Medicine-Case-2-150x150.webp 150w, https:\/\/www.xhplasticlife.com\/wp-content\/uploads\/2025\/10\/Custom-Pill-Box-Wholesale-Plastic-7-Days-Medicine-Case-2-768x768.webp 768w, https:\/\/www.xhplasticlife.com\/wp-content\/uploads\/2025\/10\/Custom-Pill-Box-Wholesale-Plastic-7-Days-Medicine-Case-2-12x12.webp 12w, https:\/\/www.xhplasticlife.com\/wp-content\/uploads\/2025\/10\/Custom-Pill-Box-Wholesale-Plastic-7-Days-Medicine-Case-2-600x600.webp 600w, https:\/\/www.xhplasticlife.com\/wp-content\/uploads\/2025\/10\/Custom-Pill-Box-Wholesale-Plastic-7-Days-Medicine-Case-2-100x100.webp 100w\" sizes=\"(max-width: 800px) 100vw, 800px\" \/><\/figure>\n<\/div>\n<\/div>\n\n\n\n<div class=\"wp-block-columns is-layout-flex wp-container-core-columns-is-layout-9d6595d7 wp-block-columns-is-layout-flex\">\n<div class=\"wp-block-column is-layout-flow wp-block-column-is-layout-flow\"><div class=\"wp-block-image\">\n<figure class=\"aligncenter size-full\"><img decoding=\"async\" width=\"800\" height=\"800\" src=\"https:\/\/www.xhplasticlife.com\/wp-content\/uploads\/2025\/10\/Pink-Plastic-7-Days-Medicine-Case-Factory.webp\" alt=\"Rose - Boite \u00e0 pharmacie en plastique 7 jours Factory\" class=\"wp-image-1500\" srcset=\"https:\/\/www.xhplasticlife.com\/wp-content\/uploads\/2025\/10\/Pink-Plastic-7-Days-Medicine-Case-Factory.webp 800w, https:\/\/www.xhplasticlife.com\/wp-content\/uploads\/2025\/10\/Pink-Plastic-7-Days-Medicine-Case-Factory-300x300.webp 300w, https:\/\/www.xhplasticlife.com\/wp-content\/uploads\/2025\/10\/Pink-Plastic-7-Days-Medicine-Case-Factory-150x150.webp 150w, https:\/\/www.xhplasticlife.com\/wp-content\/uploads\/2025\/10\/Pink-Plastic-7-Days-Medicine-Case-Factory-768x768.webp 768w, https:\/\/www.xhplasticlife.com\/wp-content\/uploads\/2025\/10\/Pink-Plastic-7-Days-Medicine-Case-Factory-12x12.webp 12w, https:\/\/www.xhplasticlife.com\/wp-content\/uploads\/2025\/10\/Pink-Plastic-7-Days-Medicine-Case-Factory-600x600.webp 600w, https:\/\/www.xhplasticlife.com\/wp-content\/uploads\/2025\/10\/Pink-Plastic-7-Days-Medicine-Case-Factory-100x100.webp 100w\" sizes=\"(max-width: 800px) 100vw, 800px\" \/><figcaption class=\"wp-element-caption\">Rose<\/figcaption><\/figure>\n<\/div><\/div>\n\n\n\n<div class=\"wp-block-column is-layout-flow wp-block-column-is-layout-flow\"><div class=\"wp-block-image\">\n<figure class=\"aligncenter size-full\"><img decoding=\"async\" width=\"800\" height=\"800\" src=\"https:\/\/www.xhplasticlife.com\/wp-content\/uploads\/2025\/10\/Green-Plastic-7-Days-Pill-Box-Wholesaler.webp\" alt=\"Vert - Plastique 7 jours Pilulier grossiste\" class=\"wp-image-1499\" srcset=\"https:\/\/www.xhplasticlife.com\/wp-content\/uploads\/2025\/10\/Green-Plastic-7-Days-Pill-Box-Wholesaler.webp 800w, https:\/\/www.xhplasticlife.com\/wp-content\/uploads\/2025\/10\/Green-Plastic-7-Days-Pill-Box-Wholesaler-300x300.webp 300w, https:\/\/www.xhplasticlife.com\/wp-content\/uploads\/2025\/10\/Green-Plastic-7-Days-Pill-Box-Wholesaler-150x150.webp 150w, https:\/\/www.xhplasticlife.com\/wp-content\/uploads\/2025\/10\/Green-Plastic-7-Days-Pill-Box-Wholesaler-768x768.webp 768w, https:\/\/www.xhplasticlife.com\/wp-content\/uploads\/2025\/10\/Green-Plastic-7-Days-Pill-Box-Wholesaler-12x12.webp 12w, https:\/\/www.xhplasticlife.com\/wp-content\/uploads\/2025\/10\/Green-Plastic-7-Days-Pill-Box-Wholesaler-600x600.webp 600w, https:\/\/www.xhplasticlife.com\/wp-content\/uploads\/2025\/10\/Green-Plastic-7-Days-Pill-Box-Wholesaler-100x100.webp 100w\" sizes=\"(max-width: 800px) 100vw, 800px\" \/><figcaption class=\"wp-element-caption\">Vert<\/figcaption><\/figure>\n<\/div><\/div>\n\n\n\n<div class=\"wp-block-column is-layout-flow wp-block-column-is-layout-flow\"><div class=\"wp-block-image\">\n<figure class=\"aligncenter size-full\"><img decoding=\"async\" width=\"800\" height=\"800\" src=\"https:\/\/www.xhplasticlife.com\/wp-content\/uploads\/2025\/10\/Bule-Plastic-7-Days-Pill-Box-Wholesaler.webp\" alt=\"Bule - Grossiste Pilulier 7 jours en plastique\" class=\"wp-image-1493\" srcset=\"https:\/\/www.xhplasticlife.com\/wp-content\/uploads\/2025\/10\/Bule-Plastic-7-Days-Pill-Box-Wholesaler.webp 800w, https:\/\/www.xhplasticlife.com\/wp-content\/uploads\/2025\/10\/Bule-Plastic-7-Days-Pill-Box-Wholesaler-300x300.webp 300w, https:\/\/www.xhplasticlife.com\/wp-content\/uploads\/2025\/10\/Bule-Plastic-7-Days-Pill-Box-Wholesaler-150x150.webp 150w, https:\/\/www.xhplasticlife.com\/wp-content\/uploads\/2025\/10\/Bule-Plastic-7-Days-Pill-Box-Wholesaler-768x768.webp 768w, https:\/\/www.xhplasticlife.com\/wp-content\/uploads\/2025\/10\/Bule-Plastic-7-Days-Pill-Box-Wholesaler-12x12.webp 12w, https:\/\/www.xhplasticlife.com\/wp-content\/uploads\/2025\/10\/Bule-Plastic-7-Days-Pill-Box-Wholesaler-600x600.webp 600w, https:\/\/www.xhplasticlife.com\/wp-content\/uploads\/2025\/10\/Bule-Plastic-7-Days-Pill-Box-Wholesaler-100x100.webp 100w\" sizes=\"(max-width: 800px) 100vw, 800px\" \/><figcaption class=\"wp-element-caption\">Bleu<\/figcaption><\/figure>\n<\/div><\/div>\n\n\n\n<div class=\"wp-block-column is-layout-flow wp-block-column-is-layout-flow\"><div class=\"wp-block-image\">\n<figure class=\"aligncenter size-full\"><img decoding=\"async\" width=\"800\" height=\"800\" src=\"https:\/\/www.xhplasticlife.com\/wp-content\/uploads\/2025\/10\/Purple-Bule-Plastic-7-Days-Pill-Box-Factory.webp\" alt=\"Violet - Bule - Boite \u00e0 pilules plastique 7 jours Factory\" class=\"wp-image-1501\" srcset=\"https:\/\/www.xhplasticlife.com\/wp-content\/uploads\/2025\/10\/Purple-Bule-Plastic-7-Days-Pill-Box-Factory.webp 800w, https:\/\/www.xhplasticlife.com\/wp-content\/uploads\/2025\/10\/Purple-Bule-Plastic-7-Days-Pill-Box-Factory-300x300.webp 300w, https:\/\/www.xhplasticlife.com\/wp-content\/uploads\/2025\/10\/Purple-Bule-Plastic-7-Days-Pill-Box-Factory-150x150.webp 150w, https:\/\/www.xhplasticlife.com\/wp-content\/uploads\/2025\/10\/Purple-Bule-Plastic-7-Days-Pill-Box-Factory-768x768.webp 768w, https:\/\/www.xhplasticlife.com\/wp-content\/uploads\/2025\/10\/Purple-Bule-Plastic-7-Days-Pill-Box-Factory-12x12.webp 12w, https:\/\/www.xhplasticlife.com\/wp-content\/uploads\/2025\/10\/Purple-Bule-Plastic-7-Days-Pill-Box-Factory-600x600.webp 600w, https:\/\/www.xhplasticlife.com\/wp-content\/uploads\/2025\/10\/Purple-Bule-Plastic-7-Days-Pill-Box-Factory-100x100.webp 100w\" sizes=\"(max-width: 800px) 100vw, 800px\" \/><figcaption class=\"wp-element-caption\">Pourpre<\/figcaption><\/figure>\n<\/div><\/div>\n<\/div>\n\n\n\n<p><\/p>","protected":false},"excerpt":{"rendered":"<p>Bienvenue dans notre bo\u00eete \u00e0 pilules personnalis\u00e9e, une bo\u00eete \u00e0 m\u00e9dicaments en plastique durable et \u00e9tanche pour 7 jours, avec des compartiments divis\u00e9s, un couvercle transparent et un double scellage - parfait pour les commandes en gros !<\/p>\n<h2>Bo\u00eete \u00e0 pilules 7 jours en plastique Param\u00e8tre :<\/h2>\n<ul>\n<li><strong>Mod\u00e8le<\/strong>: BH339<\/li>\n<li><strong>Nom de la marque<\/strong>: Xinghui<\/li>\n<li><strong>Mat\u00e9riau<\/strong>: PP+silicone<\/li>\n<li><strong>Taille du produit : <\/strong>8,5*8*3,45cm<\/li>\n<li><strong>Poids du produit :<\/strong>54.9g<\/li>\n<li><strong>Couleur<\/strong>: vert, bleu, violet, rose<\/li>\n<li><strong>Emballage<\/strong>: Couleur Carton<\/li>\n<li><strong>Quantit\u00e9 d'emballage : <\/strong>168 pcs\/ctn<\/li>\n<li><strong>Taille du carton<\/strong>: 53*36*29cm<\/li>\n<li><strong>Poids brut :<\/strong>11,9 kg<\/li>\n<li><strong>OEM\/ODM<\/strong>: Disponible<\/li>\n<li><strong>MOQ :\u00a0<\/strong>2000 pi\u00e8ces<\/li>\n<li><strong>Option personnalis\u00e9e<\/strong>: Couleur\/Taille\/Logo\/Emballage<\/li>\n<\/ul>\n<h2>De Daily Plasticware, fabricant de produits en plastique :<\/h2>\n<p>Fond\u00e9e en 2000,\u00a0<a href=\"https:\/\/www.xhplasticlife.com\/fr\/\"><strong>Xinghui<\/strong><\/a>\u00a0est sp\u00e9cialis\u00e9e dans la production et la vente en gros de bo\u00eetes \u00e0 lunch, de r\u00e9cipients pour la conservation des aliments, de r\u00e9cipients pour les boissons, de r\u00e9cipients pour la conservation des produits m\u00e9nagers et d'autres produits quotidiens en plastique. Elle propose \u00e0 ses clients des services OEM et ODM ainsi que des services d'approvisionnement en ligne.<\/p>","protected":false},"featured_media":1496,"comment_status":"closed","ping_status":"closed","template":"","meta":{"_acf_changed":false},"product_brand":[],"product_cat":[22],"product_tag":[],"class_list":{"0":"post-1492","1":"product","2":"type-product","3":"status-publish","4":"has-post-thumbnail","6":"product_cat-portable-organizers-wholesale","8":"first","9":"instock","10":"shipping-taxable","11":"product-type-simple"},"acf":[],"_links":{"self":[{"href":"https:\/\/www.xhplasticlife.com\/fr\/wp-json\/wp\/v2\/product\/1492","targetHints":{"allow":["GET"]}}],"collection":[{"href":"https:\/\/www.xhplasticlife.com\/fr\/wp-json\/wp\/v2\/product"}],"about":[{"href":"https:\/\/www.xhplasticlife.com\/fr\/wp-json\/wp\/v2\/types\/product"}],"replies":[{"embeddable":true,"href":"https:\/\/www.xhplasticlife.com\/fr\/wp-json\/wp\/v2\/comments?post=1492"}],"wp:featuredmedia":[{"embeddable":true,"href":"https:\/\/www.xhplasticlife.com\/fr\/wp-json\/wp\/v2\/media\/1496"}],"wp:attachment":[{"href":"https:\/\/www.xhplasticlife.com\/fr\/wp-json\/wp\/v2\/media?parent=1492"}],"wp:term":[{"taxonomy":"product_brand","embeddable":true,"href":"https:\/\/www.xhplasticlife.com\/fr\/wp-json\/wp\/v2\/product_brand?post=1492"},{"taxonomy":"product_cat","embeddable":true,"href":"https:\/\/www.xhplasticlife.com\/fr\/wp-json\/wp\/v2\/product_cat?post=1492"},{"taxonomy":"product_tag","embeddable":true,"href":"https:\/\/www.xhplasticlife.com\/fr\/wp-json\/wp\/v2\/product_tag?post=1492"}],"curies":[{"name":"wp","href":"https:\/\/api.w.org\/{rel}","templated":true}]}}