{"id":1444,"date":"2025-09-23T02:43:19","date_gmt":"2025-09-23T02:43:19","guid":{"rendered":"https:\/\/www.xhplasticlife.com\/?post_type=product&#038;p=1444"},"modified":"2025-09-29T03:58:14","modified_gmt":"2025-09-29T03:58:14","slug":"tissue-paper-box-wholesale","status":"publish","type":"product","link":"https:\/\/www.xhplasticlife.com\/fr\/produit\/tissue-paper-box-wholesale\/","title":{"rendered":"Bo\u00eete \u00e0 mouchoirs en papier Wholesale, Bo\u00eete \u00e0 mouchoirs en plastique en grain de bois"},"content":{"rendered":"<div class=\"wp-block-columns is-layout-flex wp-container-core-columns-is-layout-9d6595d7 wp-block-columns-is-layout-flex\">\n<div class=\"wp-block-column is-layout-flow wp-block-column-is-layout-flow\">\n<h2 class=\"wp-block-heading\">Bo\u00eete en papier de soie en gros Caract\u00e9ristiques :<\/h2>\n\n\n\n<ul class=\"wp-block-list\">\n<li><strong>Bo\u00eete de papier de soie professionnelle en gros : <\/strong>En tant que fournisseur fiable, nous fournissons des solutions de vente en gros de bo\u00eetes en papier de soie avec des prix d'usine, un support OEM\/ODM, une faible MOQ et des \u00e9chantillons gratuits pour r\u00e9pondre aux besoins des commandes en vrac.<\/li>\n\n\n\n<li><strong>Grain de bois Plastique Design :<\/strong> Bo\u00eete \u00e0 mouchoirs murale avec une finition en bois qui ajoute de l'\u00e9l\u00e9gance aux salles de bains, aux cuisines, aux bureaux ou aux h\u00f4tels.<\/li>\n\n\n\n<li><strong>Mat\u00e9riau PP de qualit\u00e9 sup\u00e9rieure :<\/strong> Fabriqu\u00e9 en PP \u00e9pais avec des bords arrondis et lisses, sans bavures, s\u00fbr au toucher, durable et r\u00e9sistant aux chutes pour une utilisation \u00e0 long terme.<\/li>\n\n\n\n<li><strong>Installation facile au mur :<\/strong> Aucun per\u00e7age ni clou n'est n\u00e9cessaire - une installation simple, adapt\u00e9e aux locataires, qui n'endommage pas les murs et garantit une bonne tenue.<\/li>\n\n\n\n<li><strong>Support \u00e0 ressort int\u00e9gr\u00e9 :<\/strong> Le syst\u00e8me de levage et d'abaissement automatique permet de garder les mouchoirs accessibles m\u00eame lorsque la bo\u00eete est presque vide.<\/li>\n\n\n\n<li><strong>Imperm\u00e9able et r\u00e9sistant \u00e0 l'humidit\u00e9 :<\/strong> Parfait pour les environnements humides tels que les salles de bains ou les cuisines, il ne tombera pas facilement, garantissant une utilisation quotidienne fiable.<\/li>\n\n\n\n<li><strong>Rangement multifonctionnel :<\/strong> Le design plus profond permet d'utiliser \u00e0 la fois des rouleaux de papier et des mouchoirs en papier, tandis que la partie sup\u00e9rieure peut accueillir de petits objets tels que des t\u00e9l\u00e9phones ou des articles de toilette lorsqu'elle est fix\u00e9e au mur.<\/li>\n\n\n\n<li><strong>Distribution en douceur :<\/strong> La large ouverture permet de tirer les mouchoirs en papier en douceur, sans les d\u00e9chirer ni les coincer, ce qui facilite la t\u00e2che de l'utilisateur.<\/li>\n\n\n\n<li><strong>Rentable pour les commandes en gros :<\/strong> Nos options de vente en gros de bo\u00eetes de papier de soie offrent une valeur ajout\u00e9e aux distributeurs et aux d\u00e9taillants qui recherchent la qualit\u00e9, le style et la durabilit\u00e9 \u00e0 un prix d'usine.<\/li>\n<\/ul>\n<\/div>\n\n\n\n<div class=\"wp-block-column is-layout-flow wp-block-column-is-layout-flow\">\n<figure class=\"wp-block-image size-full\"><img decoding=\"async\" width=\"790\" height=\"790\" src=\"https:\/\/www.xhplasticlife.com\/wp-content\/uploads\/2025\/09\/Factory-Supply-Tissue-Paper-Box-Wholesale-2.webp\" alt=\"Bo\u00eete en papier de soie en gros (2)\" class=\"wp-image-1449\" srcset=\"https:\/\/www.xhplasticlife.com\/wp-content\/uploads\/2025\/09\/Factory-Supply-Tissue-Paper-Box-Wholesale-2.webp 790w, https:\/\/www.xhplasticlife.com\/wp-content\/uploads\/2025\/09\/Factory-Supply-Tissue-Paper-Box-Wholesale-2-300x300.webp 300w, https:\/\/www.xhplasticlife.com\/wp-content\/uploads\/2025\/09\/Factory-Supply-Tissue-Paper-Box-Wholesale-2-150x150.webp 150w, https:\/\/www.xhplasticlife.com\/wp-content\/uploads\/2025\/09\/Factory-Supply-Tissue-Paper-Box-Wholesale-2-768x768.webp 768w, https:\/\/www.xhplasticlife.com\/wp-content\/uploads\/2025\/09\/Factory-Supply-Tissue-Paper-Box-Wholesale-2-12x12.webp 12w, https:\/\/www.xhplasticlife.com\/wp-content\/uploads\/2025\/09\/Factory-Supply-Tissue-Paper-Box-Wholesale-2-600x600.webp 600w, https:\/\/www.xhplasticlife.com\/wp-content\/uploads\/2025\/09\/Factory-Supply-Tissue-Paper-Box-Wholesale-2-100x100.webp 100w\" sizes=\"(max-width: 790px) 100vw, 790px\" \/><\/figure>\n<\/div>\n<\/div>\n\n\n\n<figure class=\"wp-block-table\"><table class=\"has-fixed-layout\"><tbody><tr><td>Mod\u00e8le<\/td><td>Produit<\/td><td>Capacit\u00e9<\/td><td>Poids brut<\/td><td>Taille du carton<\/td><td>Emballage<\/td><\/tr><tr><td>SH3121<\/td><td>Bo\u00eete \u00e0 mouchoirs rectangulaire en bois recycl\u00e9<\/td><td>177G<\/td><td>12,2 kg<\/td><td>52.5X35X70.5cm<\/td><td>60 pcs\/ctn<\/td><\/tr><tr><td>SH3122<\/td><td>Bo\u00eete \u00e0 mouchoirs ronde en bois<\/td><td>175G<\/td><td>12,4 kg<\/td><td>68X41X54cm<\/td><td>60 pcs\/ctn<\/td><\/tr><\/tbody><\/table><\/figure>\n\n\n\n<div class=\"wp-block-columns is-layout-flex wp-container-core-columns-is-layout-9d6595d7 wp-block-columns-is-layout-flex\">\n<div class=\"wp-block-column is-layout-flow wp-block-column-is-layout-flow\">\n<figure class=\"wp-block-image size-full\"><img decoding=\"async\" width=\"800\" height=\"800\" src=\"https:\/\/www.xhplasticlife.com\/wp-content\/uploads\/2025\/09\/Black-Walnut-wood-grain-Tissue-Paper-Box-size.webp\" alt=\"Bo\u00eete de papier de soie en bois de noyer noir Taille de la bo\u00eete\" class=\"wp-image-1446\" srcset=\"https:\/\/www.xhplasticlife.com\/wp-content\/uploads\/2025\/09\/Black-Walnut-wood-grain-Tissue-Paper-Box-size.webp 800w, https:\/\/www.xhplasticlife.com\/wp-content\/uploads\/2025\/09\/Black-Walnut-wood-grain-Tissue-Paper-Box-size-300x300.webp 300w, https:\/\/www.xhplasticlife.com\/wp-content\/uploads\/2025\/09\/Black-Walnut-wood-grain-Tissue-Paper-Box-size-150x150.webp 150w, https:\/\/www.xhplasticlife.com\/wp-content\/uploads\/2025\/09\/Black-Walnut-wood-grain-Tissue-Paper-Box-size-768x768.webp 768w, https:\/\/www.xhplasticlife.com\/wp-content\/uploads\/2025\/09\/Black-Walnut-wood-grain-Tissue-Paper-Box-size-12x12.webp 12w, https:\/\/www.xhplasticlife.com\/wp-content\/uploads\/2025\/09\/Black-Walnut-wood-grain-Tissue-Paper-Box-size-600x600.webp 600w, https:\/\/www.xhplasticlife.com\/wp-content\/uploads\/2025\/09\/Black-Walnut-wood-grain-Tissue-Paper-Box-size-100x100.webp 100w\" sizes=\"(max-width: 800px) 100vw, 800px\" \/><\/figure>\n<\/div>\n\n\n\n<div class=\"wp-block-column is-layout-flow wp-block-column-is-layout-flow\">\n<figure class=\"wp-block-image size-full\"><img decoding=\"async\" width=\"800\" height=\"800\" src=\"https:\/\/www.xhplasticlife.com\/wp-content\/uploads\/2025\/09\/Black-walnut-wood-grain-Tissue-Paper-Box-2.webp\" alt=\"Bo\u00eete \u00e0 papier de soie en noyer noir (2)\" class=\"wp-image-1445\" srcset=\"https:\/\/www.xhplasticlife.com\/wp-content\/uploads\/2025\/09\/Black-walnut-wood-grain-Tissue-Paper-Box-2.webp 800w, https:\/\/www.xhplasticlife.com\/wp-content\/uploads\/2025\/09\/Black-walnut-wood-grain-Tissue-Paper-Box-2-300x300.webp 300w, https:\/\/www.xhplasticlife.com\/wp-content\/uploads\/2025\/09\/Black-walnut-wood-grain-Tissue-Paper-Box-2-150x150.webp 150w, https:\/\/www.xhplasticlife.com\/wp-content\/uploads\/2025\/09\/Black-walnut-wood-grain-Tissue-Paper-Box-2-768x768.webp 768w, https:\/\/www.xhplasticlife.com\/wp-content\/uploads\/2025\/09\/Black-walnut-wood-grain-Tissue-Paper-Box-2-12x12.webp 12w, https:\/\/www.xhplasticlife.com\/wp-content\/uploads\/2025\/09\/Black-walnut-wood-grain-Tissue-Paper-Box-2-600x600.webp 600w, https:\/\/www.xhplasticlife.com\/wp-content\/uploads\/2025\/09\/Black-walnut-wood-grain-Tissue-Paper-Box-2-100x100.webp 100w\" sizes=\"(max-width: 800px) 100vw, 800px\" \/><\/figure>\n<\/div>\n\n\n\n<div class=\"wp-block-column is-layout-flow wp-block-column-is-layout-flow\">\n<figure class=\"wp-block-image size-full\"><img decoding=\"async\" width=\"800\" height=\"800\" src=\"https:\/\/www.xhplasticlife.com\/wp-content\/uploads\/2025\/09\/Cherry-wood-grain-Tissue-Paper-Box-size.webp\" alt=\"Papier de soie grain cerise Taille de la bo\u00eete\" class=\"wp-image-1448\" srcset=\"https:\/\/www.xhplasticlife.com\/wp-content\/uploads\/2025\/09\/Cherry-wood-grain-Tissue-Paper-Box-size.webp 800w, https:\/\/www.xhplasticlife.com\/wp-content\/uploads\/2025\/09\/Cherry-wood-grain-Tissue-Paper-Box-size-300x300.webp 300w, https:\/\/www.xhplasticlife.com\/wp-content\/uploads\/2025\/09\/Cherry-wood-grain-Tissue-Paper-Box-size-150x150.webp 150w, https:\/\/www.xhplasticlife.com\/wp-content\/uploads\/2025\/09\/Cherry-wood-grain-Tissue-Paper-Box-size-768x768.webp 768w, https:\/\/www.xhplasticlife.com\/wp-content\/uploads\/2025\/09\/Cherry-wood-grain-Tissue-Paper-Box-size-12x12.webp 12w, https:\/\/www.xhplasticlife.com\/wp-content\/uploads\/2025\/09\/Cherry-wood-grain-Tissue-Paper-Box-size-600x600.webp 600w, https:\/\/www.xhplasticlife.com\/wp-content\/uploads\/2025\/09\/Cherry-wood-grain-Tissue-Paper-Box-size-100x100.webp 100w\" sizes=\"(max-width: 800px) 100vw, 800px\" \/><\/figure>\n<\/div>\n\n\n\n<div class=\"wp-block-column is-layout-flow wp-block-column-is-layout-flow\">\n<figure class=\"wp-block-image size-full\"><img decoding=\"async\" width=\"800\" height=\"800\" src=\"https:\/\/www.xhplasticlife.com\/wp-content\/uploads\/2025\/09\/Cherry-wood-grain-Tissue-Paper-Box-2.webp\" alt=\"Bo\u00eete \u00e0 papier de soie en bois de cerisier (2)\" class=\"wp-image-1447\" srcset=\"https:\/\/www.xhplasticlife.com\/wp-content\/uploads\/2025\/09\/Cherry-wood-grain-Tissue-Paper-Box-2.webp 800w, https:\/\/www.xhplasticlife.com\/wp-content\/uploads\/2025\/09\/Cherry-wood-grain-Tissue-Paper-Box-2-300x300.webp 300w, https:\/\/www.xhplasticlife.com\/wp-content\/uploads\/2025\/09\/Cherry-wood-grain-Tissue-Paper-Box-2-150x150.webp 150w, https:\/\/www.xhplasticlife.com\/wp-content\/uploads\/2025\/09\/Cherry-wood-grain-Tissue-Paper-Box-2-768x768.webp 768w, https:\/\/www.xhplasticlife.com\/wp-content\/uploads\/2025\/09\/Cherry-wood-grain-Tissue-Paper-Box-2-12x12.webp 12w, https:\/\/www.xhplasticlife.com\/wp-content\/uploads\/2025\/09\/Cherry-wood-grain-Tissue-Paper-Box-2-600x600.webp 600w, https:\/\/www.xhplasticlife.com\/wp-content\/uploads\/2025\/09\/Cherry-wood-grain-Tissue-Paper-Box-2-100x100.webp 100w\" sizes=\"(max-width: 800px) 100vw, 800px\" \/><\/figure>\n<\/div>\n<\/div>\n\n\n\n<div class=\"wp-block-columns is-layout-flex wp-container-core-columns-is-layout-9d6595d7 wp-block-columns-is-layout-flex\">\n<div class=\"wp-block-column is-layout-flow wp-block-column-is-layout-flow\">\n<figure class=\"wp-block-image size-full\"><img decoding=\"async\" width=\"800\" height=\"800\" src=\"https:\/\/www.xhplasticlife.com\/wp-content\/uploads\/2025\/09\/Plastic-Facial-Tissue-Box-Wholesaler-1.webp\" alt=\"Grossiste en bo\u00eetes de mouchoirs en plastique (1)\" class=\"wp-image-1451\" srcset=\"https:\/\/www.xhplasticlife.com\/wp-content\/uploads\/2025\/09\/Plastic-Facial-Tissue-Box-Wholesaler-1.webp 800w, https:\/\/www.xhplasticlife.com\/wp-content\/uploads\/2025\/09\/Plastic-Facial-Tissue-Box-Wholesaler-1-300x300.webp 300w, https:\/\/www.xhplasticlife.com\/wp-content\/uploads\/2025\/09\/Plastic-Facial-Tissue-Box-Wholesaler-1-150x150.webp 150w, https:\/\/www.xhplasticlife.com\/wp-content\/uploads\/2025\/09\/Plastic-Facial-Tissue-Box-Wholesaler-1-768x768.webp 768w, https:\/\/www.xhplasticlife.com\/wp-content\/uploads\/2025\/09\/Plastic-Facial-Tissue-Box-Wholesaler-1-12x12.webp 12w, https:\/\/www.xhplasticlife.com\/wp-content\/uploads\/2025\/09\/Plastic-Facial-Tissue-Box-Wholesaler-1-600x600.webp 600w, https:\/\/www.xhplasticlife.com\/wp-content\/uploads\/2025\/09\/Plastic-Facial-Tissue-Box-Wholesaler-1-100x100.webp 100w\" sizes=\"(max-width: 800px) 100vw, 800px\" \/><\/figure>\n<\/div>\n\n\n\n<div class=\"wp-block-column is-layout-flow wp-block-column-is-layout-flow\">\n<figure class=\"wp-block-image size-full\"><img decoding=\"async\" width=\"790\" height=\"790\" src=\"https:\/\/www.xhplasticlife.com\/wp-content\/uploads\/2025\/09\/Plastic-Facial-Tissue-Box-Wholesaler-2.webp\" alt=\"Grossiste en bo\u00eetes de mouchoirs en plastique (2)\" class=\"wp-image-1453\" srcset=\"https:\/\/www.xhplasticlife.com\/wp-content\/uploads\/2025\/09\/Plastic-Facial-Tissue-Box-Wholesaler-2.webp 790w, https:\/\/www.xhplasticlife.com\/wp-content\/uploads\/2025\/09\/Plastic-Facial-Tissue-Box-Wholesaler-2-300x300.webp 300w, https:\/\/www.xhplasticlife.com\/wp-content\/uploads\/2025\/09\/Plastic-Facial-Tissue-Box-Wholesaler-2-150x150.webp 150w, https:\/\/www.xhplasticlife.com\/wp-content\/uploads\/2025\/09\/Plastic-Facial-Tissue-Box-Wholesaler-2-768x768.webp 768w, https:\/\/www.xhplasticlife.com\/wp-content\/uploads\/2025\/09\/Plastic-Facial-Tissue-Box-Wholesaler-2-12x12.webp 12w, https:\/\/www.xhplasticlife.com\/wp-content\/uploads\/2025\/09\/Plastic-Facial-Tissue-Box-Wholesaler-2-600x600.webp 600w, https:\/\/www.xhplasticlife.com\/wp-content\/uploads\/2025\/09\/Plastic-Facial-Tissue-Box-Wholesaler-2-100x100.webp 100w\" sizes=\"(max-width: 790px) 100vw, 790px\" \/><\/figure>\n<\/div>\n\n\n\n<div class=\"wp-block-column is-layout-flow wp-block-column-is-layout-flow\">\n<figure class=\"wp-block-image size-full\"><img decoding=\"async\" width=\"790\" height=\"790\" src=\"https:\/\/www.xhplasticlife.com\/wp-content\/uploads\/2025\/09\/Plastic-Facial-Tissue-Box-Wholesaler-1_1.webp\" alt=\"Bo\u00eete de mouchoirs en plastique Grossiste (1)_1\" class=\"wp-image-1452\" srcset=\"https:\/\/www.xhplasticlife.com\/wp-content\/uploads\/2025\/09\/Plastic-Facial-Tissue-Box-Wholesaler-1_1.webp 790w, https:\/\/www.xhplasticlife.com\/wp-content\/uploads\/2025\/09\/Plastic-Facial-Tissue-Box-Wholesaler-1_1-300x300.webp 300w, https:\/\/www.xhplasticlife.com\/wp-content\/uploads\/2025\/09\/Plastic-Facial-Tissue-Box-Wholesaler-1_1-150x150.webp 150w, https:\/\/www.xhplasticlife.com\/wp-content\/uploads\/2025\/09\/Plastic-Facial-Tissue-Box-Wholesaler-1_1-768x768.webp 768w, https:\/\/www.xhplasticlife.com\/wp-content\/uploads\/2025\/09\/Plastic-Facial-Tissue-Box-Wholesaler-1_1-12x12.webp 12w, https:\/\/www.xhplasticlife.com\/wp-content\/uploads\/2025\/09\/Plastic-Facial-Tissue-Box-Wholesaler-1_1-600x600.webp 600w, https:\/\/www.xhplasticlife.com\/wp-content\/uploads\/2025\/09\/Plastic-Facial-Tissue-Box-Wholesaler-1_1-100x100.webp 100w\" sizes=\"(max-width: 790px) 100vw, 790px\" \/><\/figure>\n<\/div>\n<\/div>","protected":false},"excerpt":{"rendered":"<p>En tant que fournisseur professionnel de bo\u00eetes \u00e0 mouchoirs en gros, nous offrons un service OEM\/ODM \u00e0 un prix d'usine avec un faible MOQ et des \u00e9chantillons gratuits. Fabriqu\u00e9e en PP \u00e9pais avec un design en bois, elle pr\u00e9sente des bords lisses, une installation murale \u00e9tanche et un ressort int\u00e9gr\u00e9 pour faciliter l'extraction des mouchoirs.<\/p>\n<h2>Bo\u00eete en papier de soie Param\u00e8tres :<\/h2>\n<ul>\n<li><strong>Nom de la marque<\/strong>: Xinghui<\/li>\n<li><strong>Mat\u00e9riau<\/strong>Mati\u00e8res premi\u00e8res : plastique (PP)+PS<\/li>\n<li><strong>Couleur<\/strong>: grain de bois de noyer noir, grain de bois de cerisier\u00a0<\/li>\n<li><strong>OEM\/ODM<\/strong>: Disponible<\/li>\n<li><strong>Option personnalis\u00e9e<\/strong>: Couleur\/Taille\/Logo\/Emballage<\/li>\n<\/ul>\n<h2>De Daily Plasticware, fabricant de produits en plastique :<\/h2>\n<p>Fond\u00e9e en 2000,\u00a0<a href=\"https:\/\/www.xhplasticlife.com\/fr\/\"><strong>Xinghui<\/strong><\/a>\u00a0est sp\u00e9cialis\u00e9e dans la production et la vente en gros de bo\u00eetes \u00e0 lunch, de r\u00e9cipients pour la conservation des aliments, de r\u00e9cipients pour les boissons, de r\u00e9cipients pour la conservation des produits m\u00e9nagers et d'autres produits quotidiens en plastique. Fournir un guichet unique <em><a href=\"https:\/\/www.xhplasticlife.com\/fr\/custom-food-storage-containers\/\">OEM ET ODM<\/a><\/em> et <em><a href=\"https:\/\/www.xhplasticlife.com\/fr\/e-commerce-service\/\">services d'achat en ligne<\/a><\/em> pour les clients.<\/p>","protected":false},"featured_media":1454,"comment_status":"closed","ping_status":"closed","template":"","meta":{"_acf_changed":false},"product_brand":[],"product_cat":[21],"product_tag":[],"class_list":{"0":"post-1444","1":"product","2":"type-product","3":"status-publish","4":"has-post-thumbnail","6":"product_cat-home-storage-containers-wholesaler","8":"first","9":"instock","10":"shipping-taxable","11":"product-type-simple"},"acf":[],"_links":{"self":[{"href":"https:\/\/www.xhplasticlife.com\/fr\/wp-json\/wp\/v2\/product\/1444","targetHints":{"allow":["GET"]}}],"collection":[{"href":"https:\/\/www.xhplasticlife.com\/fr\/wp-json\/wp\/v2\/product"}],"about":[{"href":"https:\/\/www.xhplasticlife.com\/fr\/wp-json\/wp\/v2\/types\/product"}],"replies":[{"embeddable":true,"href":"https:\/\/www.xhplasticlife.com\/fr\/wp-json\/wp\/v2\/comments?post=1444"}],"wp:featuredmedia":[{"embeddable":true,"href":"https:\/\/www.xhplasticlife.com\/fr\/wp-json\/wp\/v2\/media\/1454"}],"wp:attachment":[{"href":"https:\/\/www.xhplasticlife.com\/fr\/wp-json\/wp\/v2\/media?parent=1444"}],"wp:term":[{"taxonomy":"product_brand","embeddable":true,"href":"https:\/\/www.xhplasticlife.com\/fr\/wp-json\/wp\/v2\/product_brand?post=1444"},{"taxonomy":"product_cat","embeddable":true,"href":"https:\/\/www.xhplasticlife.com\/fr\/wp-json\/wp\/v2\/product_cat?post=1444"},{"taxonomy":"product_tag","embeddable":true,"href":"https:\/\/www.xhplasticlife.com\/fr\/wp-json\/wp\/v2\/product_tag?post=1444"}],"curies":[{"name":"wp","href":"https:\/\/api.w.org\/{rel}","templated":true}]}}