{"id":1432,"date":"2025-09-29T01:07:01","date_gmt":"2025-09-29T01:07:01","guid":{"rendered":"https:\/\/www.xhplasticlife.com\/?post_type=product&#038;p=1432"},"modified":"2025-09-29T01:47:15","modified_gmt":"2025-09-29T01:47:15","slug":"wholesale-round-tissue-box","status":"publish","type":"product","link":"https:\/\/www.xhplasticlife.com\/fr\/produit\/wholesale-round-tissue-box\/","title":{"rendered":"Bo\u00eete \u00e0 mouchoirs ronde en gros, OEM Support de rangement pour papier hygi\u00e9nique en plastique"},"content":{"rendered":"<div class=\"wp-block-columns is-layout-flex wp-container-core-columns-is-layout-9d6595d7 wp-block-columns-is-layout-flex\">\n<div class=\"wp-block-column is-layout-flow wp-block-column-is-layout-flow\">\n<h2 class=\"wp-block-heading\">Bo\u00eete \u00e0 mouchoirs ronde en gros Caract\u00e9ristiques :<\/h2>\n\n\n\n<ul class=\"wp-block-list\">\n<li><strong>Bo\u00eete \u00e0 mouchoirs ronde fiable Factory<\/strong>: En tant que fabricant professionnel de bo\u00eetes de mouchoirs rondes, nous fournissons un service OEM\/ODM \u00e0 un prix d'usine avec une faible QMo et des \u00e9chantillons gratuits pour les commandes en gros.<\/li>\n\n\n\n<li><strong>Bo\u00eete de mouchoirs en rouleaux en plastique de qualit\u00e9 sup\u00e9rieure<\/strong>: Fabriqu\u00e9e en plastique durable, cette bo\u00eete \u00e0 mouchoirs en rouleau est solide, imperm\u00e9able et convient \u00e0 une utilisation \u00e0 long terme dans les salles de bains, les cuisines ou les bureaux.<\/li>\n\n\n\n<li><strong>Couvercle d\u00e9tachable pour un remplacement facile<\/strong>: Le couvercle sup\u00e9rieur peut \u00eatre facilement retir\u00e9, ce qui permet de remplacer les tissus rapidement et sans probl\u00e8me, ce qui est id\u00e9al pour les environnements tr\u00e8s fr\u00e9quent\u00e9s ou commerciaux.<\/li>\n\n\n\n<li><strong>Distribution de mouchoirs en papier en douceur<\/strong>: Con\u00e7u pour une traction douce et soyeuse, sans d\u00e9chirure ni blocage, pour une utilisation quotidienne pratique.<\/li>\n\n\n\n<li><strong>\u00c9l\u00e9gant et polyvalent :<\/strong> La bo\u00eete \u00e0 mouchoirs ronde de gros est propos\u00e9e dans un design moderne qui s'int\u00e8gre \u00e0 tous les d\u00e9cors. Elle est parfaite pour les applications domestiques et h\u00f4teli\u00e8res.<\/li>\n\n\n\n<li><strong>Une solution de gros rentable<\/strong>: Que ce soit pour la vente au d\u00e9tail ou pour des projets \u00e0 grande \u00e9chelle, notre option de bo\u00eete de mouchoirs ronde en gros offre une excellente valeur avec des prix directs d'usine.<\/li>\n<\/ul>\n<\/div>\n\n\n\n<div class=\"wp-block-column is-layout-flow wp-block-column-is-layout-flow\">\n<figure class=\"wp-block-image size-full\"><img decoding=\"async\" width=\"800\" height=\"800\" src=\"https:\/\/www.xhplasticlife.com\/wp-content\/uploads\/2025\/09\/Wholesale-Round-Tissue-Box-Factory-3.webp\" alt=\"Bo\u00eete de mouchoirs ronde en gros (3)\" class=\"wp-image-1439\" srcset=\"https:\/\/www.xhplasticlife.com\/wp-content\/uploads\/2025\/09\/Wholesale-Round-Tissue-Box-Factory-3.webp 800w, https:\/\/www.xhplasticlife.com\/wp-content\/uploads\/2025\/09\/Wholesale-Round-Tissue-Box-Factory-3-300x300.webp 300w, https:\/\/www.xhplasticlife.com\/wp-content\/uploads\/2025\/09\/Wholesale-Round-Tissue-Box-Factory-3-150x150.webp 150w, https:\/\/www.xhplasticlife.com\/wp-content\/uploads\/2025\/09\/Wholesale-Round-Tissue-Box-Factory-3-768x768.webp 768w, https:\/\/www.xhplasticlife.com\/wp-content\/uploads\/2025\/09\/Wholesale-Round-Tissue-Box-Factory-3-12x12.webp 12w, https:\/\/www.xhplasticlife.com\/wp-content\/uploads\/2025\/09\/Wholesale-Round-Tissue-Box-Factory-3-600x600.webp 600w, https:\/\/www.xhplasticlife.com\/wp-content\/uploads\/2025\/09\/Wholesale-Round-Tissue-Box-Factory-3-100x100.webp 100w\" sizes=\"(max-width: 800px) 100vw, 800px\" \/><\/figure>\n<\/div>\n<\/div>\n\n\n\n<div class=\"wp-block-columns is-layout-flex wp-container-core-columns-is-layout-9d6595d7 wp-block-columns-is-layout-flex\">\n<div class=\"wp-block-column is-layout-flow wp-block-column-is-layout-flow\">\n<figure class=\"wp-block-image size-full\"><img decoding=\"async\" width=\"800\" height=\"800\" src=\"https:\/\/www.xhplasticlife.com\/wp-content\/uploads\/2025\/09\/Red-Round-Tissue-Box-Factory-3.webp\" alt=\"Bo\u00eete de mouchoirs ronde rouge Factory (3)\" class=\"wp-image-1436\" srcset=\"https:\/\/www.xhplasticlife.com\/wp-content\/uploads\/2025\/09\/Red-Round-Tissue-Box-Factory-3.webp 800w, https:\/\/www.xhplasticlife.com\/wp-content\/uploads\/2025\/09\/Red-Round-Tissue-Box-Factory-3-300x300.webp 300w, https:\/\/www.xhplasticlife.com\/wp-content\/uploads\/2025\/09\/Red-Round-Tissue-Box-Factory-3-150x150.webp 150w, https:\/\/www.xhplasticlife.com\/wp-content\/uploads\/2025\/09\/Red-Round-Tissue-Box-Factory-3-768x768.webp 768w, https:\/\/www.xhplasticlife.com\/wp-content\/uploads\/2025\/09\/Red-Round-Tissue-Box-Factory-3-12x12.webp 12w, https:\/\/www.xhplasticlife.com\/wp-content\/uploads\/2025\/09\/Red-Round-Tissue-Box-Factory-3-600x600.webp 600w, https:\/\/www.xhplasticlife.com\/wp-content\/uploads\/2025\/09\/Red-Round-Tissue-Box-Factory-3-100x100.webp 100w\" sizes=\"(max-width: 800px) 100vw, 800px\" \/><\/figure>\n<\/div>\n\n\n\n<div class=\"wp-block-column is-layout-flow wp-block-column-is-layout-flow\">\n<figure class=\"wp-block-image size-full\"><img decoding=\"async\" width=\"800\" height=\"800\" src=\"https:\/\/www.xhplasticlife.com\/wp-content\/uploads\/2025\/09\/Orange-Round-Tissue-Box-Factory-4.webp\" alt=\"Bo\u00eete de mouchoirs ronde orange Factory (4)\" class=\"wp-image-1435\" srcset=\"https:\/\/www.xhplasticlife.com\/wp-content\/uploads\/2025\/09\/Orange-Round-Tissue-Box-Factory-4.webp 800w, https:\/\/www.xhplasticlife.com\/wp-content\/uploads\/2025\/09\/Orange-Round-Tissue-Box-Factory-4-300x300.webp 300w, https:\/\/www.xhplasticlife.com\/wp-content\/uploads\/2025\/09\/Orange-Round-Tissue-Box-Factory-4-150x150.webp 150w, https:\/\/www.xhplasticlife.com\/wp-content\/uploads\/2025\/09\/Orange-Round-Tissue-Box-Factory-4-768x768.webp 768w, https:\/\/www.xhplasticlife.com\/wp-content\/uploads\/2025\/09\/Orange-Round-Tissue-Box-Factory-4-12x12.webp 12w, https:\/\/www.xhplasticlife.com\/wp-content\/uploads\/2025\/09\/Orange-Round-Tissue-Box-Factory-4-600x600.webp 600w, https:\/\/www.xhplasticlife.com\/wp-content\/uploads\/2025\/09\/Orange-Round-Tissue-Box-Factory-4-100x100.webp 100w\" sizes=\"(max-width: 800px) 100vw, 800px\" \/><\/figure>\n<\/div>\n\n\n\n<div class=\"wp-block-column is-layout-flow wp-block-column-is-layout-flow\">\n<figure class=\"wp-block-image size-full\"><img decoding=\"async\" width=\"800\" height=\"800\" src=\"https:\/\/www.xhplasticlife.com\/wp-content\/uploads\/2025\/09\/Green-Round-Tissue-Box-Factory-1.webp\" alt=\"Bo\u00eete de mouchoirs ronde verte Factory (1)\" class=\"wp-image-1434\" srcset=\"https:\/\/www.xhplasticlife.com\/wp-content\/uploads\/2025\/09\/Green-Round-Tissue-Box-Factory-1.webp 800w, https:\/\/www.xhplasticlife.com\/wp-content\/uploads\/2025\/09\/Green-Round-Tissue-Box-Factory-1-300x300.webp 300w, https:\/\/www.xhplasticlife.com\/wp-content\/uploads\/2025\/09\/Green-Round-Tissue-Box-Factory-1-150x150.webp 150w, https:\/\/www.xhplasticlife.com\/wp-content\/uploads\/2025\/09\/Green-Round-Tissue-Box-Factory-1-768x768.webp 768w, https:\/\/www.xhplasticlife.com\/wp-content\/uploads\/2025\/09\/Green-Round-Tissue-Box-Factory-1-12x12.webp 12w, https:\/\/www.xhplasticlife.com\/wp-content\/uploads\/2025\/09\/Green-Round-Tissue-Box-Factory-1-600x600.webp 600w, https:\/\/www.xhplasticlife.com\/wp-content\/uploads\/2025\/09\/Green-Round-Tissue-Box-Factory-1-100x100.webp 100w\" sizes=\"(max-width: 800px) 100vw, 800px\" \/><\/figure>\n<\/div>\n\n\n\n<div class=\"wp-block-column is-layout-flow wp-block-column-is-layout-flow\">\n<figure class=\"wp-block-image size-full\"><img decoding=\"async\" width=\"800\" height=\"800\" src=\"https:\/\/www.xhplasticlife.com\/wp-content\/uploads\/2025\/09\/Black-Round-Tissue-Box-Factory-2.webp\" alt=\"Bo\u00eete \u00e0 mouchoirs ronde noire Factory (2)\" class=\"wp-image-1433\" srcset=\"https:\/\/www.xhplasticlife.com\/wp-content\/uploads\/2025\/09\/Black-Round-Tissue-Box-Factory-2.webp 800w, https:\/\/www.xhplasticlife.com\/wp-content\/uploads\/2025\/09\/Black-Round-Tissue-Box-Factory-2-300x300.webp 300w, https:\/\/www.xhplasticlife.com\/wp-content\/uploads\/2025\/09\/Black-Round-Tissue-Box-Factory-2-150x150.webp 150w, https:\/\/www.xhplasticlife.com\/wp-content\/uploads\/2025\/09\/Black-Round-Tissue-Box-Factory-2-768x768.webp 768w, https:\/\/www.xhplasticlife.com\/wp-content\/uploads\/2025\/09\/Black-Round-Tissue-Box-Factory-2-12x12.webp 12w, https:\/\/www.xhplasticlife.com\/wp-content\/uploads\/2025\/09\/Black-Round-Tissue-Box-Factory-2-600x600.webp 600w, https:\/\/www.xhplasticlife.com\/wp-content\/uploads\/2025\/09\/Black-Round-Tissue-Box-Factory-2-100x100.webp 100w\" sizes=\"(max-width: 800px) 100vw, 800px\" \/><\/figure>\n<\/div>\n<\/div>\n\n\n\n<p><\/p>","protected":false},"excerpt":{"rendered":"<p>En tant que fabricant de bo\u00eetes de mouchoirs rondes de confiance, nous fournissons un service OEM\/ODM avec un prix d'usine, une faible quantit\u00e9 de pi\u00e8ces et des \u00e9chantillons gratuits. Le rouleau en plastique durable, le couvercle amovible pour un remplacement facile et la distribution en douceur sont id\u00e9aux pour une utilisation \u00e0 la maison, \u00e0 l'h\u00f4tel et au bureau.<\/p>\n<h2>Bo\u00eete \u00e0 mouchoirs ronde Param\u00e8tre :<\/h2>\n<ul>\n<li><strong>Nom de la marque<\/strong>: Xinghui<\/li>\n<li><strong>Mod\u00e8le<\/strong>: SH3182<\/li>\n<li><strong>Mat\u00e9riau<\/strong>: PP+PS<\/li>\n<li><strong>Couleur<\/strong>: noir, orange, rouge et vert<\/li>\n<li><strong>Poids :<\/strong> 175G<\/li>\n<li><strong>Poids brut :\u00a0<\/strong>12,4 kg<\/li>\n<li><strong>Taille du carton<\/strong>Dimensions : 67,5\u00d740,5\u00d755,5cm<\/li>\n<li><strong>OEM\/ODM<\/strong>: Disponible<\/li>\n<li><strong>Option personnalis\u00e9e<\/strong>: Couleur\/Taille\/Logo\/Emballage<\/li>\n<\/ul>\n<h2>De Daily Plasticware, fabricant de produits en plastique :<\/h2>\n<p>Fond\u00e9e en 2000,\u00a0<a href=\"https:\/\/www.xhplasticlife.com\/fr\/\"><strong>Xinghui<\/strong><\/a>\u00a0est sp\u00e9cialis\u00e9e dans la production et la vente en gros de bo\u00eetes \u00e0 lunch, de r\u00e9cipients pour la conservation des aliments, de r\u00e9cipients pour les boissons, de r\u00e9cipients pour la conservation des produits m\u00e9nagers et d'autres produits quotidiens en plastique. Fournir un guichet unique <em><a href=\"https:\/\/www.xhplasticlife.com\/fr\/custom-food-storage-containers\/\">OEM ET ODM<\/a><\/em> et <em><a href=\"https:\/\/www.xhplasticlife.com\/fr\/e-commerce-service\/\">services d'achat en ligne<\/a><\/em> pour les clients.<\/p>","protected":false},"featured_media":1440,"comment_status":"closed","ping_status":"closed","template":"","meta":{"_acf_changed":false},"product_brand":[],"product_cat":[21],"product_tag":[],"class_list":{"0":"post-1432","1":"product","2":"type-product","3":"status-publish","4":"has-post-thumbnail","6":"product_cat-home-storage-containers-wholesaler","8":"first","9":"instock","10":"shipping-taxable","11":"product-type-simple"},"acf":[],"_links":{"self":[{"href":"https:\/\/www.xhplasticlife.com\/fr\/wp-json\/wp\/v2\/product\/1432","targetHints":{"allow":["GET"]}}],"collection":[{"href":"https:\/\/www.xhplasticlife.com\/fr\/wp-json\/wp\/v2\/product"}],"about":[{"href":"https:\/\/www.xhplasticlife.com\/fr\/wp-json\/wp\/v2\/types\/product"}],"replies":[{"embeddable":true,"href":"https:\/\/www.xhplasticlife.com\/fr\/wp-json\/wp\/v2\/comments?post=1432"}],"wp:featuredmedia":[{"embeddable":true,"href":"https:\/\/www.xhplasticlife.com\/fr\/wp-json\/wp\/v2\/media\/1440"}],"wp:attachment":[{"href":"https:\/\/www.xhplasticlife.com\/fr\/wp-json\/wp\/v2\/media?parent=1432"}],"wp:term":[{"taxonomy":"product_brand","embeddable":true,"href":"https:\/\/www.xhplasticlife.com\/fr\/wp-json\/wp\/v2\/product_brand?post=1432"},{"taxonomy":"product_cat","embeddable":true,"href":"https:\/\/www.xhplasticlife.com\/fr\/wp-json\/wp\/v2\/product_cat?post=1432"},{"taxonomy":"product_tag","embeddable":true,"href":"https:\/\/www.xhplasticlife.com\/fr\/wp-json\/wp\/v2\/product_tag?post=1432"}],"curies":[{"name":"wp","href":"https:\/\/api.w.org\/{rel}","templated":true}]}}