{"id":1422,"date":"2025-09-28T14:54:51","date_gmt":"2025-09-28T14:54:51","guid":{"rendered":"https:\/\/www.xhplasticlife.com\/?post_type=product&#038;p=1422"},"modified":"2025-09-28T15:25:46","modified_gmt":"2025-09-28T15:25:46","slug":"rectangular-tissue-box-supplier","status":"publish","type":"product","link":"https:\/\/www.xhplasticlife.com\/fr\/produit\/rectangular-tissue-box-supplier\/","title":{"rendered":"Bo\u00eete \u00e0 mouchoirs rectangulaire Supplier, OEM Clear Wall Mounted Paper Holder"},"content":{"rendered":"<div class=\"wp-block-columns is-layout-flex wp-container-core-columns-is-layout-9d6595d7 wp-block-columns-is-layout-flex\">\n<div class=\"wp-block-column is-layout-flow wp-block-column-is-layout-flow\">\n<h2 class=\"wp-block-heading\">Bo\u00eete \u00e0 mouchoirs rectangulaire Caract\u00e9ristiques :<\/h2>\n\n\n\n<ul class=\"wp-block-list\">\n<li><strong>Fournisseur de confiance de bo\u00eetes \u00e0 mouchoirs rectangulaires<\/strong>: En tant que fournisseur professionnel de bo\u00eetes \u00e0 mouchoirs rectangulaires, nous proposons un service OEM\/ODM avec des prix d'usine, une qualit\u00e9 durable et des designs modernes et \u00e9l\u00e9gants.<\/li>\n\n\n\n<li><strong>Bo\u00eete \u00e0 mouchoirs multifonctionnelle<\/strong>: Con\u00e7u non seulement pour contenir des mouchoirs, mais aussi comme une solution de rangement pratique sur le bureau ou au mur, ajoutant de la fonctionnalit\u00e9 \u00e0 tout espace.<\/li>\n\n\n\n<li><strong>Une exp\u00e9rience de traction en douceur :<\/strong> Con\u00e7u pour un arrachage des tissus en douceur et sans blocage, il garantit une utilisation confortable et pratique \u00e0 chaque fois.<\/li>\n\n\n\n<li><strong>Installation sans clou ni coup de poing :<\/strong> Facile \u00e0 installer sans percer de trous ni utiliser de clous. Le montage mural permet de gagner du temps et d'\u00e9viter d'endommager les murs, ce qui en fait une solution int\u00e9ressante pour les locataires.<\/li>\n\n\n\n<li><strong>Durable et \u00e9l\u00e9gant Options de couleur :<\/strong> Fabriqu\u00e9 dans un mat\u00e9riau de haute qualit\u00e9, il est disponible en quatre couleurs attrayantes : noir, orange, rouge et vert, pour s'adapter aux diff\u00e9rents d\u00e9cors de la maison ou du bureau.<\/li>\n\n\n\n<li><strong>Applications polyvalentes :<\/strong> Parfait pour les salles de bains, les cuisines, les bureaux, les h\u00f4tels ou les salons. Id\u00e9al pour un usage personnel ou pour des projets d'achat en gros.<\/li>\n<\/ul>\n<\/div>\n\n\n\n<div class=\"wp-block-column is-layout-flow wp-block-column-is-layout-flow\">\n<figure class=\"wp-block-image size-full\"><img decoding=\"async\" width=\"800\" height=\"800\" src=\"https:\/\/www.xhplasticlife.com\/wp-content\/uploads\/2025\/09\/Rectangular-Tissue-Box-Supplier-1.webp\" alt=\"Bo\u00eete \u00e0 mouchoirs rectangulaire Fournisseur (1)\" class=\"wp-image-1426\" srcset=\"https:\/\/www.xhplasticlife.com\/wp-content\/uploads\/2025\/09\/Rectangular-Tissue-Box-Supplier-1.webp 800w, https:\/\/www.xhplasticlife.com\/wp-content\/uploads\/2025\/09\/Rectangular-Tissue-Box-Supplier-1-300x300.webp 300w, https:\/\/www.xhplasticlife.com\/wp-content\/uploads\/2025\/09\/Rectangular-Tissue-Box-Supplier-1-150x150.webp 150w, https:\/\/www.xhplasticlife.com\/wp-content\/uploads\/2025\/09\/Rectangular-Tissue-Box-Supplier-1-768x768.webp 768w, https:\/\/www.xhplasticlife.com\/wp-content\/uploads\/2025\/09\/Rectangular-Tissue-Box-Supplier-1-12x12.webp 12w, https:\/\/www.xhplasticlife.com\/wp-content\/uploads\/2025\/09\/Rectangular-Tissue-Box-Supplier-1-600x600.webp 600w, https:\/\/www.xhplasticlife.com\/wp-content\/uploads\/2025\/09\/Rectangular-Tissue-Box-Supplier-1-100x100.webp 100w\" sizes=\"(max-width: 800px) 100vw, 800px\" \/><\/figure>\n<\/div>\n<\/div>\n\n\n\n<div class=\"wp-block-columns is-layout-flex wp-container-core-columns-is-layout-9d6595d7 wp-block-columns-is-layout-flex\">\n<div class=\"wp-block-column is-layout-flow wp-block-column-is-layout-flow\">\n<figure class=\"wp-block-image size-full\"><img decoding=\"async\" width=\"800\" height=\"800\" src=\"https:\/\/www.xhplasticlife.com\/wp-content\/uploads\/2025\/09\/Red-Rectangular-Tissue-Box-Supplier-4.webp\" alt=\"Bo\u00eete \u00e0 mouchoirs rectangulaire rouge Fournisseur (4)\" class=\"wp-image-1429\" srcset=\"https:\/\/www.xhplasticlife.com\/wp-content\/uploads\/2025\/09\/Red-Rectangular-Tissue-Box-Supplier-4.webp 800w, https:\/\/www.xhplasticlife.com\/wp-content\/uploads\/2025\/09\/Red-Rectangular-Tissue-Box-Supplier-4-300x300.webp 300w, https:\/\/www.xhplasticlife.com\/wp-content\/uploads\/2025\/09\/Red-Rectangular-Tissue-Box-Supplier-4-150x150.webp 150w, https:\/\/www.xhplasticlife.com\/wp-content\/uploads\/2025\/09\/Red-Rectangular-Tissue-Box-Supplier-4-768x768.webp 768w, https:\/\/www.xhplasticlife.com\/wp-content\/uploads\/2025\/09\/Red-Rectangular-Tissue-Box-Supplier-4-12x12.webp 12w, https:\/\/www.xhplasticlife.com\/wp-content\/uploads\/2025\/09\/Red-Rectangular-Tissue-Box-Supplier-4-600x600.webp 600w, https:\/\/www.xhplasticlife.com\/wp-content\/uploads\/2025\/09\/Red-Rectangular-Tissue-Box-Supplier-4-100x100.webp 100w\" sizes=\"(max-width: 800px) 100vw, 800px\" \/><\/figure>\n<\/div>\n\n\n\n<div class=\"wp-block-column is-layout-flow wp-block-column-is-layout-flow\">\n<figure class=\"wp-block-image size-full\"><img decoding=\"async\" width=\"800\" height=\"800\" src=\"https:\/\/www.xhplasticlife.com\/wp-content\/uploads\/2025\/09\/Orange-Rectangular-Tissue-Box-Supplier-1.webp\" alt=\"Bo\u00eete \u00e0 mouchoirs rectangulaire orange Fournisseur (1)\" class=\"wp-image-1425\" srcset=\"https:\/\/www.xhplasticlife.com\/wp-content\/uploads\/2025\/09\/Orange-Rectangular-Tissue-Box-Supplier-1.webp 800w, https:\/\/www.xhplasticlife.com\/wp-content\/uploads\/2025\/09\/Orange-Rectangular-Tissue-Box-Supplier-1-300x300.webp 300w, https:\/\/www.xhplasticlife.com\/wp-content\/uploads\/2025\/09\/Orange-Rectangular-Tissue-Box-Supplier-1-150x150.webp 150w, https:\/\/www.xhplasticlife.com\/wp-content\/uploads\/2025\/09\/Orange-Rectangular-Tissue-Box-Supplier-1-768x768.webp 768w, https:\/\/www.xhplasticlife.com\/wp-content\/uploads\/2025\/09\/Orange-Rectangular-Tissue-Box-Supplier-1-12x12.webp 12w, https:\/\/www.xhplasticlife.com\/wp-content\/uploads\/2025\/09\/Orange-Rectangular-Tissue-Box-Supplier-1-600x600.webp 600w, https:\/\/www.xhplasticlife.com\/wp-content\/uploads\/2025\/09\/Orange-Rectangular-Tissue-Box-Supplier-1-100x100.webp 100w\" sizes=\"(max-width: 800px) 100vw, 800px\" \/><\/figure>\n<\/div>\n\n\n\n<div class=\"wp-block-column is-layout-flow wp-block-column-is-layout-flow\">\n<figure class=\"wp-block-image size-full\"><img decoding=\"async\" width=\"800\" height=\"800\" src=\"https:\/\/www.xhplasticlife.com\/wp-content\/uploads\/2025\/09\/Green-Rectangular-Tissue-Box-Supplier-2.webp\" alt=\"Bo\u00eete \u00e0 mouchoirs rectangulaire verte Fournisseur (2)\" class=\"wp-image-1424\" srcset=\"https:\/\/www.xhplasticlife.com\/wp-content\/uploads\/2025\/09\/Green-Rectangular-Tissue-Box-Supplier-2.webp 800w, https:\/\/www.xhplasticlife.com\/wp-content\/uploads\/2025\/09\/Green-Rectangular-Tissue-Box-Supplier-2-300x300.webp 300w, https:\/\/www.xhplasticlife.com\/wp-content\/uploads\/2025\/09\/Green-Rectangular-Tissue-Box-Supplier-2-150x150.webp 150w, https:\/\/www.xhplasticlife.com\/wp-content\/uploads\/2025\/09\/Green-Rectangular-Tissue-Box-Supplier-2-768x768.webp 768w, https:\/\/www.xhplasticlife.com\/wp-content\/uploads\/2025\/09\/Green-Rectangular-Tissue-Box-Supplier-2-12x12.webp 12w, https:\/\/www.xhplasticlife.com\/wp-content\/uploads\/2025\/09\/Green-Rectangular-Tissue-Box-Supplier-2-600x600.webp 600w, https:\/\/www.xhplasticlife.com\/wp-content\/uploads\/2025\/09\/Green-Rectangular-Tissue-Box-Supplier-2-100x100.webp 100w\" sizes=\"(max-width: 800px) 100vw, 800px\" \/><\/figure>\n<\/div>\n\n\n\n<div class=\"wp-block-column is-layout-flow wp-block-column-is-layout-flow\">\n<figure class=\"wp-block-image size-full\"><img decoding=\"async\" width=\"800\" height=\"800\" src=\"https:\/\/www.xhplasticlife.com\/wp-content\/uploads\/2025\/09\/Black-Rectangular-Tissue-Box-Supplier-3.webp\" alt=\"Bo\u00eete \u00e0 mouchoirs rectangulaire noire Fournisseur (3)\" class=\"wp-image-1423\" srcset=\"https:\/\/www.xhplasticlife.com\/wp-content\/uploads\/2025\/09\/Black-Rectangular-Tissue-Box-Supplier-3.webp 800w, https:\/\/www.xhplasticlife.com\/wp-content\/uploads\/2025\/09\/Black-Rectangular-Tissue-Box-Supplier-3-300x300.webp 300w, https:\/\/www.xhplasticlife.com\/wp-content\/uploads\/2025\/09\/Black-Rectangular-Tissue-Box-Supplier-3-150x150.webp 150w, https:\/\/www.xhplasticlife.com\/wp-content\/uploads\/2025\/09\/Black-Rectangular-Tissue-Box-Supplier-3-768x768.webp 768w, https:\/\/www.xhplasticlife.com\/wp-content\/uploads\/2025\/09\/Black-Rectangular-Tissue-Box-Supplier-3-12x12.webp 12w, https:\/\/www.xhplasticlife.com\/wp-content\/uploads\/2025\/09\/Black-Rectangular-Tissue-Box-Supplier-3-600x600.webp 600w, https:\/\/www.xhplasticlife.com\/wp-content\/uploads\/2025\/09\/Black-Rectangular-Tissue-Box-Supplier-3-100x100.webp 100w\" sizes=\"(max-width: 800px) 100vw, 800px\" \/><\/figure>\n<\/div>\n<\/div>\n\n\n\n<p><\/p>","protected":false},"excerpt":{"rendered":"<p>En tant que fournisseur fiable de bo\u00eetes \u00e0 mouchoirs rectangulaires, nous proposons un service OEM\/ODM avec des prix d'usine, des \u00e9chantillons gratuits et une faible quantit\u00e9 de pi\u00e8ces. Notre conception murale se caract\u00e9rise par une traction douce, une installation sans clou et est disponible en noir, orange, rouge et vert, id\u00e9al pour les commandes en gros.<\/p>\n<h2>Bo\u00eete \u00e0 mouchoirs rectangulaire Param\u00e8tre :<\/h2>\n<ul>\n<li><strong>Nom de la marque<\/strong>: Xinghui<\/li>\n<li><strong>Mod\u00e8le<\/strong>: SH3181<\/li>\n<li><strong>Mat\u00e9riau<\/strong>: PP+PS<\/li>\n<li><strong>Couleur<\/strong>: noir, orange, rouge et vert<\/li>\n<li><strong>Poids brut :\u00a0<\/strong>12,2 kg<\/li>\n<li><strong>Taille du carton<\/strong>: 51.5x34x70.5cm<\/li>\n<li><strong>OEM\/ODM<\/strong>: Disponible<\/li>\n<li><strong>Option personnalis\u00e9e<\/strong>: Couleur\/Taille\/Logo\/Emballage<\/li>\n<\/ul>\n<h2>De Daily Plasticware, fabricant de produits en plastique :<\/h2>\n<p>Fond\u00e9e en 2000,\u00a0<a href=\"https:\/\/www.xhplasticlife.com\/fr\/\"><strong>Xinghui<\/strong><\/a>\u00a0est sp\u00e9cialis\u00e9e dans la production et la vente en gros de bo\u00eetes \u00e0 lunch, de r\u00e9cipients pour la conservation des aliments, de r\u00e9cipients pour les boissons, de r\u00e9cipients pour la conservation des produits m\u00e9nagers et d'autres produits quotidiens en plastique. Fournir un guichet unique <em><a href=\"https:\/\/www.xhplasticlife.com\/fr\/custom-food-storage-containers\/\">OEM ET ODM<\/a><\/em> et <em><a href=\"https:\/\/www.xhplasticlife.com\/fr\/e-commerce-service\/\">services d'achat en ligne<\/a><\/em> pour les clients.<\/p>","protected":false},"featured_media":1427,"comment_status":"closed","ping_status":"closed","template":"","meta":{"_acf_changed":false},"product_brand":[],"product_cat":[21],"product_tag":[],"class_list":{"0":"post-1422","1":"product","2":"type-product","3":"status-publish","4":"has-post-thumbnail","6":"product_cat-home-storage-containers-wholesaler","8":"first","9":"instock","10":"shipping-taxable","11":"product-type-simple"},"acf":[],"_links":{"self":[{"href":"https:\/\/www.xhplasticlife.com\/fr\/wp-json\/wp\/v2\/product\/1422","targetHints":{"allow":["GET"]}}],"collection":[{"href":"https:\/\/www.xhplasticlife.com\/fr\/wp-json\/wp\/v2\/product"}],"about":[{"href":"https:\/\/www.xhplasticlife.com\/fr\/wp-json\/wp\/v2\/types\/product"}],"replies":[{"embeddable":true,"href":"https:\/\/www.xhplasticlife.com\/fr\/wp-json\/wp\/v2\/comments?post=1422"}],"wp:featuredmedia":[{"embeddable":true,"href":"https:\/\/www.xhplasticlife.com\/fr\/wp-json\/wp\/v2\/media\/1427"}],"wp:attachment":[{"href":"https:\/\/www.xhplasticlife.com\/fr\/wp-json\/wp\/v2\/media?parent=1422"}],"wp:term":[{"taxonomy":"product_brand","embeddable":true,"href":"https:\/\/www.xhplasticlife.com\/fr\/wp-json\/wp\/v2\/product_brand?post=1422"},{"taxonomy":"product_cat","embeddable":true,"href":"https:\/\/www.xhplasticlife.com\/fr\/wp-json\/wp\/v2\/product_cat?post=1422"},{"taxonomy":"product_tag","embeddable":true,"href":"https:\/\/www.xhplasticlife.com\/fr\/wp-json\/wp\/v2\/product_tag?post=1422"}],"curies":[{"name":"wp","href":"https:\/\/api.w.org\/{rel}","templated":true}]}}