{"id":1408,"date":"2025-09-28T09:01:51","date_gmt":"2025-09-28T09:01:51","guid":{"rendered":"https:\/\/www.xhplasticlife.com\/?post_type=product&#038;p=1408"},"modified":"2025-09-28T14:51:59","modified_gmt":"2025-09-28T14:51:59","slug":"plastic-facial-tissue-box-in-bulk","status":"publish","type":"product","link":"https:\/\/www.xhplasticlife.com\/fr\/produit\/plastic-facial-tissue-box-in-bulk\/","title":{"rendered":"Bo\u00eete \u00e0 mouchoirs en plastique en vrac, bo\u00eete \u00e0 rouleaux de papier rectangulaire et ronde, support mural"},"content":{"rendered":"<div class=\"wp-block-columns is-layout-flex wp-container-core-columns-is-layout-9d6595d7 wp-block-columns-is-layout-flex\">\n<div class=\"wp-block-column is-layout-flow wp-block-column-is-layout-flow\">\n<h2 class=\"wp-block-heading\">Bo\u00eete de mouchoirs en plastique Caract\u00e9ristiques :<\/h2>\n\n\n\n<ul class=\"wp-block-list\">\n<li><strong>Installation facile :<\/strong> Il n'est pas n\u00e9cessaire de percer des trous ou d'utiliser des clous pour l'installation. Cette bo\u00eete de mouchoirs en vrac est con\u00e7ue avec un syst\u00e8me de montage mural simple qui permet de gagner du temps et de prot\u00e9ger vos murs.<\/li>\n\n\n\n<li><strong>Design multifonctionnel :<\/strong> Peut contenir des objets sur la surface sup\u00e9rieure, m\u00eame lorsqu'il est fix\u00e9 au mur, ce qui ajoute \u00e0 la commodit\u00e9 de votre espace.<\/li>\n\n\n\n<li><strong>Imperm\u00e9able et r\u00e9sistant \u00e0 l'humidit\u00e9 :<\/strong> Con\u00e7ue pour r\u00e9sister aux cuisines, salles de bains et autres environnements humides, cette bo\u00eete \u00e0 mouchoirs ne se d\u00e9tache pas facilement, ce qui garantit une utilisation durable.<\/li>\n\n\n\n<li><strong>Options de couleurs \u00e9l\u00e9gantes :<\/strong> Disponible en quatre teintes modernes : rose, vert, violet et kaki, cette bo\u00eete \u00e0 mouchoirs en vrac constitue un ajout \u00e9l\u00e9gant \u00e0 la d\u00e9coration de n'importe quelle pi\u00e8ce.<\/li>\n<\/ul>\n<\/div>\n\n\n\n<div class=\"wp-block-column is-layout-flow wp-block-column-is-layout-flow\">\n<figure class=\"wp-block-image size-full\"><img decoding=\"async\" width=\"800\" height=\"800\" src=\"https:\/\/www.xhplasticlife.com\/wp-content\/uploads\/2025\/09\/Plastic-Facial-Tissue-Box-in-Bulk-4.webp\" alt=\"Bo\u00eete de mouchoirs en plastique en vrac (4)\" class=\"wp-image-1418\" srcset=\"https:\/\/www.xhplasticlife.com\/wp-content\/uploads\/2025\/09\/Plastic-Facial-Tissue-Box-in-Bulk-4.webp 800w, https:\/\/www.xhplasticlife.com\/wp-content\/uploads\/2025\/09\/Plastic-Facial-Tissue-Box-in-Bulk-4-300x300.webp 300w, https:\/\/www.xhplasticlife.com\/wp-content\/uploads\/2025\/09\/Plastic-Facial-Tissue-Box-in-Bulk-4-150x150.webp 150w, https:\/\/www.xhplasticlife.com\/wp-content\/uploads\/2025\/09\/Plastic-Facial-Tissue-Box-in-Bulk-4-768x768.webp 768w, https:\/\/www.xhplasticlife.com\/wp-content\/uploads\/2025\/09\/Plastic-Facial-Tissue-Box-in-Bulk-4-12x12.webp 12w, https:\/\/www.xhplasticlife.com\/wp-content\/uploads\/2025\/09\/Plastic-Facial-Tissue-Box-in-Bulk-4-600x600.webp 600w, https:\/\/www.xhplasticlife.com\/wp-content\/uploads\/2025\/09\/Plastic-Facial-Tissue-Box-in-Bulk-4-100x100.webp 100w\" sizes=\"(max-width: 800px) 100vw, 800px\" \/><\/figure>\n<\/div>\n<\/div>\n\n\n\n<figure class=\"wp-block-table\"><table class=\"has-fixed-layout\"><tbody><tr><td>Mod\u00e8le<\/td><td>Produit<\/td><td>Capacit\u00e9<\/td><td>Poids brut<\/td><td>Taille du carton<\/td><td>Emballage<\/td><\/tr><tr><td>SH3181<\/td><td>Bo\u00eete \u00e0 mouchoirs rectangulaire<\/td><td>177G<\/td><td>12,2 kg<\/td><td>51.5x34x70.5cm<\/td><td>60 pcs\/ctn<\/td><\/tr><tr><td>SH3182<\/td><td>Bo\u00eete \u00e0 mouchoirs ronde<\/td><td>175G<\/td><td>12,4 kg<\/td><td>67.5\u00d740.5\u00d755.5cm<\/td><td>60 pcs\/ctn<\/td><\/tr><\/tbody><\/table><\/figure>\n\n\n\n<div class=\"wp-block-columns is-layout-flex wp-container-core-columns-is-layout-9d6595d7 wp-block-columns-is-layout-flex\">\n<div class=\"wp-block-column is-layout-flow wp-block-column-is-layout-flow\">\n<figure class=\"wp-block-image size-full\"><img decoding=\"async\" width=\"800\" height=\"800\" src=\"https:\/\/www.xhplasticlife.com\/wp-content\/uploads\/2025\/09\/Green-Rectangular-Tissue-Box-in-Bulk.webp\" alt=\"Bo\u00eete \u00e0 mouchoirs rectangulaire verte en vrac\" class=\"wp-image-1409\" srcset=\"https:\/\/www.xhplasticlife.com\/wp-content\/uploads\/2025\/09\/Green-Rectangular-Tissue-Box-in-Bulk.webp 800w, https:\/\/www.xhplasticlife.com\/wp-content\/uploads\/2025\/09\/Green-Rectangular-Tissue-Box-in-Bulk-300x300.webp 300w, https:\/\/www.xhplasticlife.com\/wp-content\/uploads\/2025\/09\/Green-Rectangular-Tissue-Box-in-Bulk-150x150.webp 150w, https:\/\/www.xhplasticlife.com\/wp-content\/uploads\/2025\/09\/Green-Rectangular-Tissue-Box-in-Bulk-768x768.webp 768w, https:\/\/www.xhplasticlife.com\/wp-content\/uploads\/2025\/09\/Green-Rectangular-Tissue-Box-in-Bulk-12x12.webp 12w, https:\/\/www.xhplasticlife.com\/wp-content\/uploads\/2025\/09\/Green-Rectangular-Tissue-Box-in-Bulk-600x600.webp 600w, https:\/\/www.xhplasticlife.com\/wp-content\/uploads\/2025\/09\/Green-Rectangular-Tissue-Box-in-Bulk-100x100.webp 100w\" sizes=\"(max-width: 800px) 100vw, 800px\" \/><\/figure>\n<\/div>\n\n\n\n<div class=\"wp-block-column is-layout-flow wp-block-column-is-layout-flow\">\n<figure class=\"wp-block-image size-full\"><img decoding=\"async\" width=\"800\" height=\"800\" src=\"https:\/\/www.xhplasticlife.com\/wp-content\/uploads\/2025\/09\/Green-Round-Tissue-Box-in-Bulk.webp\" alt=\"Bo\u00eete de mouchoirs ronde verte en vrac\" class=\"wp-image-1410\" srcset=\"https:\/\/www.xhplasticlife.com\/wp-content\/uploads\/2025\/09\/Green-Round-Tissue-Box-in-Bulk.webp 800w, https:\/\/www.xhplasticlife.com\/wp-content\/uploads\/2025\/09\/Green-Round-Tissue-Box-in-Bulk-300x300.webp 300w, https:\/\/www.xhplasticlife.com\/wp-content\/uploads\/2025\/09\/Green-Round-Tissue-Box-in-Bulk-150x150.webp 150w, https:\/\/www.xhplasticlife.com\/wp-content\/uploads\/2025\/09\/Green-Round-Tissue-Box-in-Bulk-768x768.webp 768w, https:\/\/www.xhplasticlife.com\/wp-content\/uploads\/2025\/09\/Green-Round-Tissue-Box-in-Bulk-12x12.webp 12w, https:\/\/www.xhplasticlife.com\/wp-content\/uploads\/2025\/09\/Green-Round-Tissue-Box-in-Bulk-600x600.webp 600w, https:\/\/www.xhplasticlife.com\/wp-content\/uploads\/2025\/09\/Green-Round-Tissue-Box-in-Bulk-100x100.webp 100w\" sizes=\"(max-width: 800px) 100vw, 800px\" \/><\/figure>\n<\/div>\n\n\n\n<div class=\"wp-block-column is-layout-flow wp-block-column-is-layout-flow\">\n<figure class=\"wp-block-image size-full\"><img decoding=\"async\" width=\"800\" height=\"800\" src=\"https:\/\/www.xhplasticlife.com\/wp-content\/uploads\/2025\/09\/Pink-Rectangular-Tissue-Box-in-Bulk.webp\" alt=\"Bo\u00eete de mouchoirs rectangulaire rose en vrac\" class=\"wp-image-1413\" srcset=\"https:\/\/www.xhplasticlife.com\/wp-content\/uploads\/2025\/09\/Pink-Rectangular-Tissue-Box-in-Bulk.webp 800w, https:\/\/www.xhplasticlife.com\/wp-content\/uploads\/2025\/09\/Pink-Rectangular-Tissue-Box-in-Bulk-300x300.webp 300w, https:\/\/www.xhplasticlife.com\/wp-content\/uploads\/2025\/09\/Pink-Rectangular-Tissue-Box-in-Bulk-150x150.webp 150w, https:\/\/www.xhplasticlife.com\/wp-content\/uploads\/2025\/09\/Pink-Rectangular-Tissue-Box-in-Bulk-768x768.webp 768w, https:\/\/www.xhplasticlife.com\/wp-content\/uploads\/2025\/09\/Pink-Rectangular-Tissue-Box-in-Bulk-12x12.webp 12w, https:\/\/www.xhplasticlife.com\/wp-content\/uploads\/2025\/09\/Pink-Rectangular-Tissue-Box-in-Bulk-600x600.webp 600w, https:\/\/www.xhplasticlife.com\/wp-content\/uploads\/2025\/09\/Pink-Rectangular-Tissue-Box-in-Bulk-100x100.webp 100w\" sizes=\"(max-width: 800px) 100vw, 800px\" \/><\/figure>\n<\/div>\n\n\n\n<div class=\"wp-block-column is-layout-flow wp-block-column-is-layout-flow\">\n<figure class=\"wp-block-image size-full\"><img decoding=\"async\" width=\"800\" height=\"800\" src=\"https:\/\/www.xhplasticlife.com\/wp-content\/uploads\/2025\/09\/Pink-Round-Tissue-Box-in-Bulk.webp\" alt=\"Bo\u00eete de mouchoirs ronde rose en vrac\" class=\"wp-image-1414\" srcset=\"https:\/\/www.xhplasticlife.com\/wp-content\/uploads\/2025\/09\/Pink-Round-Tissue-Box-in-Bulk.webp 800w, https:\/\/www.xhplasticlife.com\/wp-content\/uploads\/2025\/09\/Pink-Round-Tissue-Box-in-Bulk-300x300.webp 300w, https:\/\/www.xhplasticlife.com\/wp-content\/uploads\/2025\/09\/Pink-Round-Tissue-Box-in-Bulk-150x150.webp 150w, https:\/\/www.xhplasticlife.com\/wp-content\/uploads\/2025\/09\/Pink-Round-Tissue-Box-in-Bulk-768x768.webp 768w, https:\/\/www.xhplasticlife.com\/wp-content\/uploads\/2025\/09\/Pink-Round-Tissue-Box-in-Bulk-12x12.webp 12w, https:\/\/www.xhplasticlife.com\/wp-content\/uploads\/2025\/09\/Pink-Round-Tissue-Box-in-Bulk-600x600.webp 600w, https:\/\/www.xhplasticlife.com\/wp-content\/uploads\/2025\/09\/Pink-Round-Tissue-Box-in-Bulk-100x100.webp 100w\" sizes=\"(max-width: 800px) 100vw, 800px\" \/><\/figure>\n<\/div>\n<\/div>\n\n\n\n<div class=\"wp-block-columns is-layout-flex wp-container-core-columns-is-layout-9d6595d7 wp-block-columns-is-layout-flex\">\n<div class=\"wp-block-column is-layout-flow wp-block-column-is-layout-flow\">\n<figure class=\"wp-block-image size-full\"><img decoding=\"async\" width=\"800\" height=\"800\" src=\"https:\/\/www.xhplasticlife.com\/wp-content\/uploads\/2025\/09\/Khaki-Rectangular-Tissue-Box-in-Bulk.webp\" alt=\"Bo\u00eete \u00e0 mouchoirs rectangulaire kaki en vrac\" class=\"wp-image-1411\" srcset=\"https:\/\/www.xhplasticlife.com\/wp-content\/uploads\/2025\/09\/Khaki-Rectangular-Tissue-Box-in-Bulk.webp 800w, https:\/\/www.xhplasticlife.com\/wp-content\/uploads\/2025\/09\/Khaki-Rectangular-Tissue-Box-in-Bulk-300x300.webp 300w, https:\/\/www.xhplasticlife.com\/wp-content\/uploads\/2025\/09\/Khaki-Rectangular-Tissue-Box-in-Bulk-150x150.webp 150w, https:\/\/www.xhplasticlife.com\/wp-content\/uploads\/2025\/09\/Khaki-Rectangular-Tissue-Box-in-Bulk-768x768.webp 768w, https:\/\/www.xhplasticlife.com\/wp-content\/uploads\/2025\/09\/Khaki-Rectangular-Tissue-Box-in-Bulk-12x12.webp 12w, https:\/\/www.xhplasticlife.com\/wp-content\/uploads\/2025\/09\/Khaki-Rectangular-Tissue-Box-in-Bulk-600x600.webp 600w, https:\/\/www.xhplasticlife.com\/wp-content\/uploads\/2025\/09\/Khaki-Rectangular-Tissue-Box-in-Bulk-100x100.webp 100w\" sizes=\"(max-width: 800px) 100vw, 800px\" \/><\/figure>\n<\/div>\n\n\n\n<div class=\"wp-block-column is-layout-flow wp-block-column-is-layout-flow\">\n<figure class=\"wp-block-image size-full\"><img decoding=\"async\" width=\"800\" height=\"800\" src=\"https:\/\/www.xhplasticlife.com\/wp-content\/uploads\/2025\/09\/Khaki-Round-Tissue-Box-in-Bulk.webp\" alt=\"Bo\u00eete \u00e0 mouchoirs ronde kaki en vrac\" class=\"wp-image-1412\" srcset=\"https:\/\/www.xhplasticlife.com\/wp-content\/uploads\/2025\/09\/Khaki-Round-Tissue-Box-in-Bulk.webp 800w, https:\/\/www.xhplasticlife.com\/wp-content\/uploads\/2025\/09\/Khaki-Round-Tissue-Box-in-Bulk-300x300.webp 300w, https:\/\/www.xhplasticlife.com\/wp-content\/uploads\/2025\/09\/Khaki-Round-Tissue-Box-in-Bulk-150x150.webp 150w, https:\/\/www.xhplasticlife.com\/wp-content\/uploads\/2025\/09\/Khaki-Round-Tissue-Box-in-Bulk-768x768.webp 768w, https:\/\/www.xhplasticlife.com\/wp-content\/uploads\/2025\/09\/Khaki-Round-Tissue-Box-in-Bulk-12x12.webp 12w, https:\/\/www.xhplasticlife.com\/wp-content\/uploads\/2025\/09\/Khaki-Round-Tissue-Box-in-Bulk-600x600.webp 600w, https:\/\/www.xhplasticlife.com\/wp-content\/uploads\/2025\/09\/Khaki-Round-Tissue-Box-in-Bulk-100x100.webp 100w\" sizes=\"(max-width: 800px) 100vw, 800px\" \/><\/figure>\n<\/div>\n\n\n\n<div class=\"wp-block-column is-layout-flow wp-block-column-is-layout-flow\">\n<figure class=\"wp-block-image size-full\"><img decoding=\"async\" width=\"800\" height=\"800\" src=\"https:\/\/www.xhplasticlife.com\/wp-content\/uploads\/2025\/09\/Purple-Rectangular-Tissue-Box-in-Bulk.webp\" alt=\"Bo\u00eete de mouchoirs rectangulaire violette en vrac\" class=\"wp-image-1419\" srcset=\"https:\/\/www.xhplasticlife.com\/wp-content\/uploads\/2025\/09\/Purple-Rectangular-Tissue-Box-in-Bulk.webp 800w, https:\/\/www.xhplasticlife.com\/wp-content\/uploads\/2025\/09\/Purple-Rectangular-Tissue-Box-in-Bulk-300x300.webp 300w, https:\/\/www.xhplasticlife.com\/wp-content\/uploads\/2025\/09\/Purple-Rectangular-Tissue-Box-in-Bulk-150x150.webp 150w, https:\/\/www.xhplasticlife.com\/wp-content\/uploads\/2025\/09\/Purple-Rectangular-Tissue-Box-in-Bulk-768x768.webp 768w, https:\/\/www.xhplasticlife.com\/wp-content\/uploads\/2025\/09\/Purple-Rectangular-Tissue-Box-in-Bulk-12x12.webp 12w, https:\/\/www.xhplasticlife.com\/wp-content\/uploads\/2025\/09\/Purple-Rectangular-Tissue-Box-in-Bulk-600x600.webp 600w, https:\/\/www.xhplasticlife.com\/wp-content\/uploads\/2025\/09\/Purple-Rectangular-Tissue-Box-in-Bulk-100x100.webp 100w\" sizes=\"(max-width: 800px) 100vw, 800px\" \/><\/figure>\n<\/div>\n\n\n\n<div class=\"wp-block-column is-layout-flow wp-block-column-is-layout-flow\">\n<figure class=\"wp-block-image size-full\"><img decoding=\"async\" width=\"800\" height=\"800\" src=\"https:\/\/www.xhplasticlife.com\/wp-content\/uploads\/2025\/09\/Purple-Round-Tissue-Box-in-Bulk.webp\" alt=\"Bo\u00eete de mouchoirs ronde violette en vrac\" class=\"wp-image-1420\" srcset=\"https:\/\/www.xhplasticlife.com\/wp-content\/uploads\/2025\/09\/Purple-Round-Tissue-Box-in-Bulk.webp 800w, https:\/\/www.xhplasticlife.com\/wp-content\/uploads\/2025\/09\/Purple-Round-Tissue-Box-in-Bulk-300x300.webp 300w, https:\/\/www.xhplasticlife.com\/wp-content\/uploads\/2025\/09\/Purple-Round-Tissue-Box-in-Bulk-150x150.webp 150w, https:\/\/www.xhplasticlife.com\/wp-content\/uploads\/2025\/09\/Purple-Round-Tissue-Box-in-Bulk-768x768.webp 768w, https:\/\/www.xhplasticlife.com\/wp-content\/uploads\/2025\/09\/Purple-Round-Tissue-Box-in-Bulk-12x12.webp 12w, https:\/\/www.xhplasticlife.com\/wp-content\/uploads\/2025\/09\/Purple-Round-Tissue-Box-in-Bulk-600x600.webp 600w, https:\/\/www.xhplasticlife.com\/wp-content\/uploads\/2025\/09\/Purple-Round-Tissue-Box-in-Bulk-100x100.webp 100w\" sizes=\"(max-width: 800px) 100vw, 800px\" \/><\/figure>\n<\/div>\n<\/div>\n\n\n\n<p><\/p>","protected":false},"excerpt":{"rendered":"<p>Am\u00e9liorez votre espace avec notre bo\u00eete \u00e0 mouchoirs en vrac, con\u00e7ue pour un montage mural facile, sans clou ni per\u00e7age. Imperm\u00e9able et r\u00e9sistante \u00e0 l'humidit\u00e9, elle est parfaite pour les salles de bains et les cuisines. La partie sup\u00e9rieure multifonctionnelle permet de ranger de petits objets. Choisissez entre le rose, le vert, le violet ou le kaki.<\/p>\n<h2>Bo\u00eete de mouchoirs en plastique Param\u00e8tres :<\/h2>\n<ul>\n<li><strong>Nom de la marque<\/strong>: Xinghui<\/li>\n<li><strong>Mat\u00e9riau<\/strong>Mati\u00e8res premi\u00e8res : plastique (PP)+PS<\/li>\n<li><strong>Couleur<\/strong>: rose, vert, violet, kaki<\/li>\n<li><strong>OEM\/ODM<\/strong>: Disponible<\/li>\n<li><strong>Option personnalis\u00e9e<\/strong>: Couleur\/Taille\/Logo\/Emballage<\/li>\n<\/ul>\n<h2>De Daily Plasticware, fabricant de produits en plastique :<\/h2>\n<p>Fond\u00e9e en 2000,\u00a0<a href=\"https:\/\/www.xhplasticlife.com\/fr\/\"><strong>Xinghui<\/strong><\/a>\u00a0est sp\u00e9cialis\u00e9e dans la production et la vente en gros de bo\u00eetes \u00e0 lunch, de r\u00e9cipients pour la conservation des aliments, de r\u00e9cipients pour les boissons, de r\u00e9cipients pour la conservation des produits m\u00e9nagers et d'autres produits quotidiens en plastique. Fournir un guichet unique <em><a href=\"https:\/\/www.xhplasticlife.com\/fr\/custom-food-storage-containers\/\">OEM ET ODM<\/a><\/em> et <em><a href=\"https:\/\/www.xhplasticlife.com\/fr\/e-commerce-service\/\">services d'achat en ligne<\/a><\/em> pour les clients.<\/p>","protected":false},"featured_media":1417,"comment_status":"closed","ping_status":"closed","template":"","meta":{"_acf_changed":false},"product_brand":[],"product_cat":[21],"product_tag":[],"class_list":{"0":"post-1408","1":"product","2":"type-product","3":"status-publish","4":"has-post-thumbnail","6":"product_cat-home-storage-containers-wholesaler","8":"first","9":"instock","10":"shipping-taxable","11":"product-type-simple"},"acf":[],"_links":{"self":[{"href":"https:\/\/www.xhplasticlife.com\/fr\/wp-json\/wp\/v2\/product\/1408","targetHints":{"allow":["GET"]}}],"collection":[{"href":"https:\/\/www.xhplasticlife.com\/fr\/wp-json\/wp\/v2\/product"}],"about":[{"href":"https:\/\/www.xhplasticlife.com\/fr\/wp-json\/wp\/v2\/types\/product"}],"replies":[{"embeddable":true,"href":"https:\/\/www.xhplasticlife.com\/fr\/wp-json\/wp\/v2\/comments?post=1408"}],"wp:featuredmedia":[{"embeddable":true,"href":"https:\/\/www.xhplasticlife.com\/fr\/wp-json\/wp\/v2\/media\/1417"}],"wp:attachment":[{"href":"https:\/\/www.xhplasticlife.com\/fr\/wp-json\/wp\/v2\/media?parent=1408"}],"wp:term":[{"taxonomy":"product_brand","embeddable":true,"href":"https:\/\/www.xhplasticlife.com\/fr\/wp-json\/wp\/v2\/product_brand?post=1408"},{"taxonomy":"product_cat","embeddable":true,"href":"https:\/\/www.xhplasticlife.com\/fr\/wp-json\/wp\/v2\/product_cat?post=1408"},{"taxonomy":"product_tag","embeddable":true,"href":"https:\/\/www.xhplasticlife.com\/fr\/wp-json\/wp\/v2\/product_tag?post=1408"}],"curies":[{"name":"wp","href":"https:\/\/api.w.org\/{rel}","templated":true}]}}