{"id":1396,"date":"2025-09-28T06:48:03","date_gmt":"2025-09-28T06:48:03","guid":{"rendered":"https:\/\/www.xhplasticlife.com\/?post_type=product&#038;p=1396"},"modified":"2025-09-28T08:44:57","modified_gmt":"2025-09-28T08:44:57","slug":"custom-tissue-boxes","status":"publish","type":"product","link":"https:\/\/www.xhplasticlife.com\/fr\/produit\/custom-tissue-boxes\/","title":{"rendered":"Bo\u00eetes de mouchoirs personnalis\u00e9es, Porte-mouchoirs en plastique de luxe pour la maison et l'h\u00f4tel"},"content":{"rendered":"<div class=\"wp-block-columns is-layout-flex wp-container-core-columns-is-layout-9d6595d7 wp-block-columns-is-layout-flex\">\n<div class=\"wp-block-column is-layout-flow wp-block-column-is-layout-flow\">\n<h2 class=\"wp-block-heading\">Bo\u00eetes de mouchoirs personnalis\u00e9es Caract\u00e9ristiques :<\/h2>\n\n\n\n<ul class=\"wp-block-list\">\n<li><strong>Ouverture large : <\/strong>L'ouverture large permet de retirer les mouchoirs en douceur sans les d\u00e9chirer, ce qui rend ces bo\u00eetes \u00e0 mouchoirs personnalis\u00e9es \u00e0 la fois pratiques et conviviales.<\/li>\n\n\n\n<li><strong>Compartiment multifonctionnel : <\/strong>Con\u00e7ues avec un compartiment de rangement pouvant contenir de petits objets, les bo\u00eetes \u00e0 mouchoirs personnalis\u00e9es vous permettent de garder votre bureau propre et organis\u00e9.<\/li>\n\n\n\n<li><strong>Support \u00e0 ressort int\u00e9gr\u00e9 :<\/strong> Gr\u00e2ce aux ressorts de levage et d'abaissement automatiques, les tissus peuvent \u00eatre facilement retir\u00e9s m\u00eame lorsque la bo\u00eete est vide.<\/li>\n\n\n\n<li><strong>Mat\u00e9riau durable : <\/strong>Fabriqu\u00e9es en PP+PS de haute qualit\u00e9, ces bo\u00eetes \u00e0 mouchoirs personnalis\u00e9es sont durables, robustes et r\u00e9sistantes aux chutes, ce qui garantit une utilisation \u00e0 long terme.<\/li>\n\n\n\n<li><strong>Sc\u00e8ne applicable : <\/strong>Parfait pour la maison, l'h\u00f4tel, le bureau et l'utilisation de bureau, ajoutant une touche d'\u00e9l\u00e9gance et de commodit\u00e9 \u00e0 n'importe quel environnement.<\/li>\n<\/ul>\n<\/div>\n\n\n\n<div class=\"wp-block-column is-layout-flow wp-block-column-is-layout-flow\">\n<figure class=\"wp-block-image size-full\"><img decoding=\"async\" width=\"800\" height=\"800\" src=\"https:\/\/www.xhplasticlife.com\/wp-content\/uploads\/2025\/09\/Custom-Tissue-Boxes-Plastic-Facial-Tissue-Holder-Supplier-8.webp\" alt=\"Bo\u00eetes de mouchoirs personnalis\u00e9es Porte-mouchoirs en plastique Fournisseur (8)\" class=\"wp-image-1404\" srcset=\"https:\/\/www.xhplasticlife.com\/wp-content\/uploads\/2025\/09\/Custom-Tissue-Boxes-Plastic-Facial-Tissue-Holder-Supplier-8.webp 800w, https:\/\/www.xhplasticlife.com\/wp-content\/uploads\/2025\/09\/Custom-Tissue-Boxes-Plastic-Facial-Tissue-Holder-Supplier-8-300x300.webp 300w, https:\/\/www.xhplasticlife.com\/wp-content\/uploads\/2025\/09\/Custom-Tissue-Boxes-Plastic-Facial-Tissue-Holder-Supplier-8-150x150.webp 150w, https:\/\/www.xhplasticlife.com\/wp-content\/uploads\/2025\/09\/Custom-Tissue-Boxes-Plastic-Facial-Tissue-Holder-Supplier-8-768x768.webp 768w, https:\/\/www.xhplasticlife.com\/wp-content\/uploads\/2025\/09\/Custom-Tissue-Boxes-Plastic-Facial-Tissue-Holder-Supplier-8-12x12.webp 12w, https:\/\/www.xhplasticlife.com\/wp-content\/uploads\/2025\/09\/Custom-Tissue-Boxes-Plastic-Facial-Tissue-Holder-Supplier-8-600x600.webp 600w, https:\/\/www.xhplasticlife.com\/wp-content\/uploads\/2025\/09\/Custom-Tissue-Boxes-Plastic-Facial-Tissue-Holder-Supplier-8-100x100.webp 100w\" sizes=\"(max-width: 800px) 100vw, 800px\" \/><\/figure>\n<\/div>\n<\/div>\n\n\n\n<figure class=\"wp-block-table\"><table class=\"has-fixed-layout\"><tbody><tr><td>Mod\u00e8le<\/td><td>Poids<\/td><td>Poids brut<\/td><\/tr><tr><td>SH2488<\/td><td>510G<\/td><td>16,5 kg<\/td><\/tr><tr><td>SH2499(avec porte cure-dents)<\/td><td>550G<\/td><td>17,7 kg<\/td><\/tr><\/tbody><\/table><\/figure>\n\n\n\n<div class=\"wp-block-columns is-layout-flex wp-container-core-columns-is-layout-9d6595d7 wp-block-columns-is-layout-flex\">\n<div class=\"wp-block-column is-layout-flow wp-block-column-is-layout-flow\">\n<figure class=\"wp-block-image size-full\"><img decoding=\"async\" width=\"800\" height=\"800\" src=\"https:\/\/www.xhplasticlife.com\/wp-content\/uploads\/2025\/09\/Custom-Plastic-Tissue-Boxes-2.webp\" alt=\"Bo\u00eetes de mouchoirs en plastique personnalis\u00e9es (2)\" class=\"wp-image-1397\" srcset=\"https:\/\/www.xhplasticlife.com\/wp-content\/uploads\/2025\/09\/Custom-Plastic-Tissue-Boxes-2.webp 800w, https:\/\/www.xhplasticlife.com\/wp-content\/uploads\/2025\/09\/Custom-Plastic-Tissue-Boxes-2-300x300.webp 300w, https:\/\/www.xhplasticlife.com\/wp-content\/uploads\/2025\/09\/Custom-Plastic-Tissue-Boxes-2-150x150.webp 150w, https:\/\/www.xhplasticlife.com\/wp-content\/uploads\/2025\/09\/Custom-Plastic-Tissue-Boxes-2-768x768.webp 768w, https:\/\/www.xhplasticlife.com\/wp-content\/uploads\/2025\/09\/Custom-Plastic-Tissue-Boxes-2-12x12.webp 12w, https:\/\/www.xhplasticlife.com\/wp-content\/uploads\/2025\/09\/Custom-Plastic-Tissue-Boxes-2-600x600.webp 600w, https:\/\/www.xhplasticlife.com\/wp-content\/uploads\/2025\/09\/Custom-Plastic-Tissue-Boxes-2-100x100.webp 100w\" sizes=\"(max-width: 800px) 100vw, 800px\" \/><\/figure>\n<\/div>\n\n\n\n<div class=\"wp-block-column is-layout-flow wp-block-column-is-layout-flow\">\n<figure class=\"wp-block-image size-full\"><img decoding=\"async\" width=\"800\" height=\"800\" src=\"https:\/\/www.xhplasticlife.com\/wp-content\/uploads\/2025\/09\/Custom-Plastic-Tissue-Boxes-4.webp\" alt=\"Bo\u00eetes de mouchoirs en plastique personnalis\u00e9es (4)\" class=\"wp-image-1398\" srcset=\"https:\/\/www.xhplasticlife.com\/wp-content\/uploads\/2025\/09\/Custom-Plastic-Tissue-Boxes-4.webp 800w, https:\/\/www.xhplasticlife.com\/wp-content\/uploads\/2025\/09\/Custom-Plastic-Tissue-Boxes-4-300x300.webp 300w, https:\/\/www.xhplasticlife.com\/wp-content\/uploads\/2025\/09\/Custom-Plastic-Tissue-Boxes-4-150x150.webp 150w, https:\/\/www.xhplasticlife.com\/wp-content\/uploads\/2025\/09\/Custom-Plastic-Tissue-Boxes-4-768x768.webp 768w, https:\/\/www.xhplasticlife.com\/wp-content\/uploads\/2025\/09\/Custom-Plastic-Tissue-Boxes-4-12x12.webp 12w, https:\/\/www.xhplasticlife.com\/wp-content\/uploads\/2025\/09\/Custom-Plastic-Tissue-Boxes-4-600x600.webp 600w, https:\/\/www.xhplasticlife.com\/wp-content\/uploads\/2025\/09\/Custom-Plastic-Tissue-Boxes-4-100x100.webp 100w\" sizes=\"(max-width: 800px) 100vw, 800px\" \/><\/figure>\n<\/div>\n<\/div>\n\n\n\n<div class=\"wp-block-columns is-layout-flex wp-container-core-columns-is-layout-9d6595d7 wp-block-columns-is-layout-flex\">\n<div class=\"wp-block-column is-layout-flow wp-block-column-is-layout-flow\">\n<figure class=\"wp-block-image size-full\"><img decoding=\"async\" width=\"800\" height=\"800\" src=\"https:\/\/www.xhplasticlife.com\/wp-content\/uploads\/2025\/09\/Custom-Plastic-Tissue-Boxes-with-toothpick-and-cotton-swab-holder-3.webp\" alt=\"Bo\u00eetes de mouchoirs en plastique personnalis\u00e9es avec support pour cure-dents et coton-tige (3)\" class=\"wp-image-1399\" srcset=\"https:\/\/www.xhplasticlife.com\/wp-content\/uploads\/2025\/09\/Custom-Plastic-Tissue-Boxes-with-toothpick-and-cotton-swab-holder-3.webp 800w, https:\/\/www.xhplasticlife.com\/wp-content\/uploads\/2025\/09\/Custom-Plastic-Tissue-Boxes-with-toothpick-and-cotton-swab-holder-3-300x300.webp 300w, https:\/\/www.xhplasticlife.com\/wp-content\/uploads\/2025\/09\/Custom-Plastic-Tissue-Boxes-with-toothpick-and-cotton-swab-holder-3-150x150.webp 150w, https:\/\/www.xhplasticlife.com\/wp-content\/uploads\/2025\/09\/Custom-Plastic-Tissue-Boxes-with-toothpick-and-cotton-swab-holder-3-768x768.webp 768w, https:\/\/www.xhplasticlife.com\/wp-content\/uploads\/2025\/09\/Custom-Plastic-Tissue-Boxes-with-toothpick-and-cotton-swab-holder-3-12x12.webp 12w, https:\/\/www.xhplasticlife.com\/wp-content\/uploads\/2025\/09\/Custom-Plastic-Tissue-Boxes-with-toothpick-and-cotton-swab-holder-3-600x600.webp 600w, https:\/\/www.xhplasticlife.com\/wp-content\/uploads\/2025\/09\/Custom-Plastic-Tissue-Boxes-with-toothpick-and-cotton-swab-holder-3-100x100.webp 100w\" sizes=\"(max-width: 800px) 100vw, 800px\" \/><\/figure>\n<\/div>\n\n\n\n<div class=\"wp-block-column is-layout-flow wp-block-column-is-layout-flow\">\n<figure class=\"wp-block-image size-full\"><img decoding=\"async\" width=\"800\" height=\"800\" src=\"https:\/\/www.xhplasticlife.com\/wp-content\/uploads\/2025\/09\/Custom-Plastic-Tissue-Boxes-with-toothpick-and-cotton-swab-holder-4.webp\" alt=\"Bo\u00eetes de mouchoirs en plastique personnalis\u00e9es avec support pour cure-dents et coton-tige (4)\" class=\"wp-image-1400\" srcset=\"https:\/\/www.xhplasticlife.com\/wp-content\/uploads\/2025\/09\/Custom-Plastic-Tissue-Boxes-with-toothpick-and-cotton-swab-holder-4.webp 800w, https:\/\/www.xhplasticlife.com\/wp-content\/uploads\/2025\/09\/Custom-Plastic-Tissue-Boxes-with-toothpick-and-cotton-swab-holder-4-300x300.webp 300w, https:\/\/www.xhplasticlife.com\/wp-content\/uploads\/2025\/09\/Custom-Plastic-Tissue-Boxes-with-toothpick-and-cotton-swab-holder-4-150x150.webp 150w, https:\/\/www.xhplasticlife.com\/wp-content\/uploads\/2025\/09\/Custom-Plastic-Tissue-Boxes-with-toothpick-and-cotton-swab-holder-4-768x768.webp 768w, https:\/\/www.xhplasticlife.com\/wp-content\/uploads\/2025\/09\/Custom-Plastic-Tissue-Boxes-with-toothpick-and-cotton-swab-holder-4-12x12.webp 12w, https:\/\/www.xhplasticlife.com\/wp-content\/uploads\/2025\/09\/Custom-Plastic-Tissue-Boxes-with-toothpick-and-cotton-swab-holder-4-600x600.webp 600w, https:\/\/www.xhplasticlife.com\/wp-content\/uploads\/2025\/09\/Custom-Plastic-Tissue-Boxes-with-toothpick-and-cotton-swab-holder-4-100x100.webp 100w\" sizes=\"(max-width: 800px) 100vw, 800px\" \/><\/figure>\n<\/div>\n<\/div>","protected":false},"excerpt":{"rendered":"<p>Obtenez des bo\u00eetes \u00e0 mouchoirs personnalis\u00e9es \u00e0 des prix d'usine avec un support OEM\/ODM. Fabriqu\u00e9es en PP+PS durable, elles sont dot\u00e9es d'une large ouverture, d'un support \u00e0 ressort et d'une conception de rangement. \u00c9chantillons gratuits limit\u00e9s offerts pour la maison, l'h\u00f4tel et la salle de bain.<\/p>\n<h2>Param\u00e8tres des bo\u00eetes \u00e0 mouchoirs en plastique de luxe<\/h2>\n<ul>\n<li><strong>Nom de la marque<\/strong>: Xinghui<\/li>\n<li><strong>Mat\u00e9riau<\/strong>Mati\u00e8res premi\u00e8res : plastique (PP)+PS<\/li>\n<li><strong>Couleur<\/strong>blanc, cr\u00e8me<\/li>\n<li><strong>Taille du produit : <\/strong>24*16.5*10.8cm<\/li>\n<li><strong>Taille du carton<\/strong>Dimensions : 79*56*49.5cm<\/li>\n<li><strong>OEM\/ODM<\/strong>: Disponible<\/li>\n<li><strong>Option personnalis\u00e9e<\/strong>: Couleur\/Taille\/Logo\/Emballage<\/li>\n<\/ul>\n<h2>De Daily Plasticware, fabricant de produits en plastique :<\/h2>\n<p>Fond\u00e9e en 2000,\u00a0<a href=\"https:\/\/www.xhplasticlife.com\/fr\/\"><strong>Xinghui<\/strong><\/a>\u00a0est sp\u00e9cialis\u00e9e dans la production et la vente en gros de bo\u00eetes \u00e0 lunch, de r\u00e9cipients pour la conservation des aliments, de r\u00e9cipients pour les boissons, de r\u00e9cipients pour la conservation des produits m\u00e9nagers et d'autres produits quotidiens en plastique. Elle propose \u00e0 ses clients des services OEM et ODM ainsi que des services d'approvisionnement en ligne.<\/p>","protected":false},"featured_media":1403,"comment_status":"closed","ping_status":"closed","template":"","meta":{"_acf_changed":false},"product_brand":[],"product_cat":[21],"product_tag":[],"class_list":{"0":"post-1396","1":"product","2":"type-product","3":"status-publish","4":"has-post-thumbnail","6":"product_cat-home-storage-containers-wholesaler","8":"first","9":"instock","10":"shipping-taxable","11":"product-type-simple"},"acf":[],"_links":{"self":[{"href":"https:\/\/www.xhplasticlife.com\/fr\/wp-json\/wp\/v2\/product\/1396","targetHints":{"allow":["GET"]}}],"collection":[{"href":"https:\/\/www.xhplasticlife.com\/fr\/wp-json\/wp\/v2\/product"}],"about":[{"href":"https:\/\/www.xhplasticlife.com\/fr\/wp-json\/wp\/v2\/types\/product"}],"replies":[{"embeddable":true,"href":"https:\/\/www.xhplasticlife.com\/fr\/wp-json\/wp\/v2\/comments?post=1396"}],"wp:featuredmedia":[{"embeddable":true,"href":"https:\/\/www.xhplasticlife.com\/fr\/wp-json\/wp\/v2\/media\/1403"}],"wp:attachment":[{"href":"https:\/\/www.xhplasticlife.com\/fr\/wp-json\/wp\/v2\/media?parent=1396"}],"wp:term":[{"taxonomy":"product_brand","embeddable":true,"href":"https:\/\/www.xhplasticlife.com\/fr\/wp-json\/wp\/v2\/product_brand?post=1396"},{"taxonomy":"product_cat","embeddable":true,"href":"https:\/\/www.xhplasticlife.com\/fr\/wp-json\/wp\/v2\/product_cat?post=1396"},{"taxonomy":"product_tag","embeddable":true,"href":"https:\/\/www.xhplasticlife.com\/fr\/wp-json\/wp\/v2\/product_tag?post=1396"}],"curies":[{"name":"wp","href":"https:\/\/api.w.org\/{rel}","templated":true}]}}