{"id":1378,"date":"2025-09-23T03:40:56","date_gmt":"2025-09-23T03:40:56","guid":{"rendered":"https:\/\/www.xhplasticlife.com\/?post_type=product&#038;p=1378"},"modified":"2026-04-02T10:02:49","modified_gmt":"2026-04-02T10:02:49","slug":"custom-insulated-lunch-box","status":"publish","type":"product","link":"https:\/\/www.xhplasticlife.com\/fr\/produit\/custom-insulated-lunch-box\/","title":{"rendered":"Bo\u00eete \u00e0 lunch isol\u00e9e personnalis\u00e9e, Bo\u00eete \u00e0 lunch Bento en acier inoxydable pour enfants"},"content":{"rendered":"<div class=\"wp-block-columns is-layout-flex wp-container-core-columns-is-layout-9d6595d7 wp-block-columns-is-layout-flex\">\n<div class=\"wp-block-column is-layout-flow wp-block-column-is-layout-flow\">\n<h2 class=\"wp-block-heading\">Bo\u00eete \u00e0 lunch isol\u00e9e personnalis\u00e9e Caract\u00e9ristiques :<\/h2>\n\n\n\n<ul class=\"wp-block-list\">\n<li><strong>Mat\u00e9riau alimentaire de qualit\u00e9 sup\u00e9rieure<\/strong>: Fabriqu\u00e9e en acier inoxydable 304, cette bo\u00eete \u00e0 lunch est solide, r\u00e9sistante \u00e0 la rouille et s\u00fbre pour une utilisation quotidienne par les enfants. Elle pr\u00e9serve la fra\u00eecheur des aliments et l'hygi\u00e8ne.<\/li>\n\n\n\n<li><strong>Capacit\u00e9 de 850 ml avec 2 compartiments : <\/strong>La bo\u00eete \u00e0 bento est con\u00e7ue avec des doubles grilles pour s\u00e9parer les plats. Elle est donc id\u00e9ale pour les d\u00e9jeuners scolaires, les r\u00e9gimes \u00e9quilibr\u00e9s et le contr\u00f4le des portions.<\/li>\n\n\n\n<li><strong>Conception \u00e9tanche avec joint en silicone<\/strong>: \u00c9quip\u00e9e d'un anneau d'\u00e9tanch\u00e9it\u00e9 en silicone pr\u00e9install\u00e9 et de 4 fermetures \u00e0 pression, la bo\u00eete emp\u00eache les fuites et pr\u00e9serve la s\u00e9curit\u00e9 des aliments pendant le transport.<\/li>\n\n\n\n<li><strong>Rangement int\u00e9gr\u00e9 des couverts :<\/strong> Le couvercle comporte une bo\u00eete \u00e0 couverts d\u00e9di\u00e9e, permettant aux enfants de ranger cuill\u00e8res, fourchettes ou baguettes sans emballage suppl\u00e9mentaire.<\/li>\n\n\n\n<li><strong>Sac de transport isotherme inclus : <\/strong>Le sac thermique inclus permet de r\u00e9chauffer les aliments, ce qui en fait une excellente bo\u00eete \u00e0 lunch isotherme personnalis\u00e9e pour l'\u00e9cole, les voyages ou les sorties.<\/li>\n\n\n\n<li><strong>Bol \u00e0 soupe polyvalent avec couvercle :<\/strong> Le bol \u00e0 soupe en acier inoxydable 304 est dot\u00e9 d'un couvercle \u00e9tanche qui permet de transporter des liquides tels que de la soupe ou de la sauce sans les renverser.<\/li>\n\n\n\n<li><strong>Options de personnalisation et de vente en gros : <\/strong>Avec l'option de personnalisation OEM\/ODM, cette bo\u00eete \u00e0 bento en acier inoxydable permet le marquage, le dimensionnement et la disponibilit\u00e9 en gros pour les acheteurs \u00e9trangers.<\/li>\n<\/ul>\n<\/div>\n\n\n\n<div class=\"wp-block-column is-layout-flow wp-block-column-is-layout-flow\">\n<figure class=\"wp-block-image size-full\"><img decoding=\"async\" width=\"800\" height=\"800\" src=\"https:\/\/www.xhplasticlife.com\/wp-content\/uploads\/2025\/09\/Custom-Insulated-Lunch-Box-Manufacturer.webp\" alt=\"Fabricant de bo\u00eetes \u00e0 lunch isol\u00e9es sur mesure\" class=\"wp-image-1379\" srcset=\"https:\/\/www.xhplasticlife.com\/wp-content\/uploads\/2025\/09\/Custom-Insulated-Lunch-Box-Manufacturer.webp 800w, https:\/\/www.xhplasticlife.com\/wp-content\/uploads\/2025\/09\/Custom-Insulated-Lunch-Box-Manufacturer-300x300.webp 300w, https:\/\/www.xhplasticlife.com\/wp-content\/uploads\/2025\/09\/Custom-Insulated-Lunch-Box-Manufacturer-150x150.webp 150w, https:\/\/www.xhplasticlife.com\/wp-content\/uploads\/2025\/09\/Custom-Insulated-Lunch-Box-Manufacturer-768x768.webp 768w, https:\/\/www.xhplasticlife.com\/wp-content\/uploads\/2025\/09\/Custom-Insulated-Lunch-Box-Manufacturer-12x12.webp 12w, https:\/\/www.xhplasticlife.com\/wp-content\/uploads\/2025\/09\/Custom-Insulated-Lunch-Box-Manufacturer-600x600.webp 600w, https:\/\/www.xhplasticlife.com\/wp-content\/uploads\/2025\/09\/Custom-Insulated-Lunch-Box-Manufacturer-100x100.webp 100w\" sizes=\"(max-width: 800px) 100vw, 800px\" \/><\/figure>\n<\/div>\n<\/div>\n\n\n\n<div class=\"wp-block-columns is-layout-flex wp-container-core-columns-is-layout-9d6595d7 wp-block-columns-is-layout-flex\">\n<div class=\"wp-block-column is-layout-flow wp-block-column-is-layout-flow\">\n<h3 class=\"wp-block-heading\">Bo\u00eete \u00e0 lunch isol\u00e9e en gros Taille :<\/h3>\n\n\n\n<figure class=\"wp-block-image size-full\"><img decoding=\"async\" width=\"790\" height=\"790\" src=\"https:\/\/www.xhplasticlife.com\/wp-content\/uploads\/2025\/09\/Custom-Insulated-Lunch-Box-Supplier-xinghui-2.webp\" alt=\"Bo\u00eete \u00e0 lunch isotherme personnalis\u00e9e Fournisseur - xinghui (2)\" class=\"wp-image-1381\" srcset=\"https:\/\/www.xhplasticlife.com\/wp-content\/uploads\/2025\/09\/Custom-Insulated-Lunch-Box-Supplier-xinghui-2.webp 790w, https:\/\/www.xhplasticlife.com\/wp-content\/uploads\/2025\/09\/Custom-Insulated-Lunch-Box-Supplier-xinghui-2-300x300.webp 300w, https:\/\/www.xhplasticlife.com\/wp-content\/uploads\/2025\/09\/Custom-Insulated-Lunch-Box-Supplier-xinghui-2-150x150.webp 150w, https:\/\/www.xhplasticlife.com\/wp-content\/uploads\/2025\/09\/Custom-Insulated-Lunch-Box-Supplier-xinghui-2-768x768.webp 768w, https:\/\/www.xhplasticlife.com\/wp-content\/uploads\/2025\/09\/Custom-Insulated-Lunch-Box-Supplier-xinghui-2-12x12.webp 12w, https:\/\/www.xhplasticlife.com\/wp-content\/uploads\/2025\/09\/Custom-Insulated-Lunch-Box-Supplier-xinghui-2-600x600.webp 600w, https:\/\/www.xhplasticlife.com\/wp-content\/uploads\/2025\/09\/Custom-Insulated-Lunch-Box-Supplier-xinghui-2-100x100.webp 100w\" sizes=\"(max-width: 790px) 100vw, 790px\" \/><\/figure>\n<\/div>\n\n\n\n<div class=\"wp-block-column is-layout-flow wp-block-column-is-layout-flow\">\n<figure class=\"wp-block-image size-full\"><img decoding=\"async\" width=\"800\" height=\"800\" src=\"https:\/\/www.xhplasticlife.com\/wp-content\/uploads\/2025\/09\/Custom-Insulated-Lunch-Box-Supplier-xinghui-7.webp\" alt=\"Bo\u00eete \u00e0 lunch isotherme personnalis\u00e9e Fournisseur - xinghui (7)\" class=\"wp-image-1386\" srcset=\"https:\/\/www.xhplasticlife.com\/wp-content\/uploads\/2025\/09\/Custom-Insulated-Lunch-Box-Supplier-xinghui-7.webp 800w, https:\/\/www.xhplasticlife.com\/wp-content\/uploads\/2025\/09\/Custom-Insulated-Lunch-Box-Supplier-xinghui-7-300x300.webp 300w, https:\/\/www.xhplasticlife.com\/wp-content\/uploads\/2025\/09\/Custom-Insulated-Lunch-Box-Supplier-xinghui-7-150x150.webp 150w, https:\/\/www.xhplasticlife.com\/wp-content\/uploads\/2025\/09\/Custom-Insulated-Lunch-Box-Supplier-xinghui-7-768x768.webp 768w, https:\/\/www.xhplasticlife.com\/wp-content\/uploads\/2025\/09\/Custom-Insulated-Lunch-Box-Supplier-xinghui-7-12x12.webp 12w, https:\/\/www.xhplasticlife.com\/wp-content\/uploads\/2025\/09\/Custom-Insulated-Lunch-Box-Supplier-xinghui-7-600x600.webp 600w, https:\/\/www.xhplasticlife.com\/wp-content\/uploads\/2025\/09\/Custom-Insulated-Lunch-Box-Supplier-xinghui-7-100x100.webp 100w\" sizes=\"(max-width: 800px) 100vw, 800px\" \/><\/figure>\n<\/div>\n<\/div>\n\n\n\n<figure class=\"wp-block-table\"><table class=\"has-fixed-layout\"><tbody><tr><td>Mod\u00e8le<\/td><td>Taille<\/td><td>Capacit\u00e9<\/td><td>Poids brut<\/td><td>Taille du carton<\/td><td>Emballage<\/td><\/tr><tr><td>6639-1<\/td><td>23*16,5*7,5 cm<\/td><td>850ML<\/td><td>25 kg<\/td><td>65*48*53 cm<\/td><td>48 pcs\/ctn<\/td><\/tr><tr><td>6639-2<\/td><td>28*20*7,5 cm<\/td><td>1550ML<\/td><td>27,5 kg<\/td><td>73*57*43 cm<\/td><td>36 pcs\/ctn<\/td><\/tr><\/tbody><\/table><\/figure>\n\n\n\n<div class=\"wp-block-columns is-layout-flex wp-container-core-columns-is-layout-9d6595d7 wp-block-columns-is-layout-flex\">\n<div class=\"wp-block-column is-layout-flow wp-block-column-is-layout-flow\">\n<figure class=\"wp-block-image size-full\"><img decoding=\"async\" width=\"712\" height=\"712\" src=\"https:\/\/www.xhplasticlife.com\/wp-content\/uploads\/2025\/09\/Custom-Insulated-Lunch-Box-Supplier-xinghui-1.webp\" alt=\"Bo\u00eete \u00e0 lunch isotherme personnalis\u00e9e Fournisseur - xinghui (1)\" class=\"wp-image-1380\" srcset=\"https:\/\/www.xhplasticlife.com\/wp-content\/uploads\/2025\/09\/Custom-Insulated-Lunch-Box-Supplier-xinghui-1.webp 712w, https:\/\/www.xhplasticlife.com\/wp-content\/uploads\/2025\/09\/Custom-Insulated-Lunch-Box-Supplier-xinghui-1-300x300.webp 300w, https:\/\/www.xhplasticlife.com\/wp-content\/uploads\/2025\/09\/Custom-Insulated-Lunch-Box-Supplier-xinghui-1-150x150.webp 150w, https:\/\/www.xhplasticlife.com\/wp-content\/uploads\/2025\/09\/Custom-Insulated-Lunch-Box-Supplier-xinghui-1-12x12.webp 12w, https:\/\/www.xhplasticlife.com\/wp-content\/uploads\/2025\/09\/Custom-Insulated-Lunch-Box-Supplier-xinghui-1-600x600.webp 600w, https:\/\/www.xhplasticlife.com\/wp-content\/uploads\/2025\/09\/Custom-Insulated-Lunch-Box-Supplier-xinghui-1-100x100.webp 100w\" sizes=\"(max-width: 712px) 100vw, 712px\" \/><\/figure>\n<\/div>\n\n\n\n<div class=\"wp-block-column is-layout-flow wp-block-column-is-layout-flow\">\n<figure class=\"wp-block-image size-full\"><img decoding=\"async\" width=\"708\" height=\"708\" src=\"https:\/\/www.xhplasticlife.com\/wp-content\/uploads\/2025\/09\/Custom-Insulated-Lunch-Box-Supplier-xinghui-3.webp\" alt=\"Bo\u00eete \u00e0 lunch isotherme personnalis\u00e9e Fournisseur - xinghui (3)\" class=\"wp-image-1382\" srcset=\"https:\/\/www.xhplasticlife.com\/wp-content\/uploads\/2025\/09\/Custom-Insulated-Lunch-Box-Supplier-xinghui-3.webp 708w, https:\/\/www.xhplasticlife.com\/wp-content\/uploads\/2025\/09\/Custom-Insulated-Lunch-Box-Supplier-xinghui-3-300x300.webp 300w, https:\/\/www.xhplasticlife.com\/wp-content\/uploads\/2025\/09\/Custom-Insulated-Lunch-Box-Supplier-xinghui-3-150x150.webp 150w, https:\/\/www.xhplasticlife.com\/wp-content\/uploads\/2025\/09\/Custom-Insulated-Lunch-Box-Supplier-xinghui-3-12x12.webp 12w, https:\/\/www.xhplasticlife.com\/wp-content\/uploads\/2025\/09\/Custom-Insulated-Lunch-Box-Supplier-xinghui-3-600x600.webp 600w, https:\/\/www.xhplasticlife.com\/wp-content\/uploads\/2025\/09\/Custom-Insulated-Lunch-Box-Supplier-xinghui-3-100x100.webp 100w\" sizes=\"(max-width: 708px) 100vw, 708px\" \/><\/figure>\n<\/div>\n<\/div>\n\n\n\n<p><\/p>","protected":false},"excerpt":{"rendered":"<p>Fournisseur en gros de bo\u00eetes \u00e0 lunch isol\u00e9es personnalis\u00e9es offrant des bo\u00eetes \u00e0 lunch bento en acier inoxydable 304 avec conception \u00e0 2 grilles, joint \u00e9tanche, bol \u00e0 soupe avec couvercle, sac isotherme et bo\u00eete \u00e0 couverts int\u00e9gr\u00e9e. Possibilit\u00e9 de personnalisation OEM et ODM pour les acheteurs internationaux.<\/p>\n<h2>Bo\u00eete \u00e0 lunch isol\u00e9e personnalis\u00e9e Param\u00e8tre :<\/h2>\n<ul>\n<li><strong>Mod\u00e8le<\/strong>: 6639<\/li>\n<li><strong>Nom de la marque<\/strong>: Xinghui<\/li>\n<li><strong>Mat\u00e9riau<\/strong>: PP+silicone+inox 304<\/li>\n<li><strong>Couleur<\/strong>: blanc+bleu<\/li>\n<li><strong>Emballage<\/strong>: Couleur Carton<\/li>\n<li><strong>OEM\/ODM<\/strong>: Disponible<\/li>\n<li><strong>MOQ : <\/strong>2000 pi\u00e8ces<\/li>\n<li><strong>Option personnalis\u00e9e<\/strong>: Couleur\/Taille\/Logo\/Emballage<\/li>\n<\/ul>\n<h2>De Daily Plasticware, fabricant de produits en plastique :<\/h2>\n<p>Fond\u00e9e en 2000,\u00a0<a href=\"https:\/\/www.xhplasticlife.com\/fr\/\"><strong>Xinghui<\/strong><\/a>\u00a0est sp\u00e9cialis\u00e9e dans la production et la vente en gros de bo\u00eetes \u00e0 lunch, de r\u00e9cipients pour la conservation des aliments, de r\u00e9cipients pour les boissons, de r\u00e9cipients pour la conservation des produits m\u00e9nagers et d'autres produits quotidiens en plastique. Elle propose \u00e0 ses clients des services OEM et ODM ainsi que des services d'approvisionnement en ligne.<\/p>","protected":false},"featured_media":1384,"comment_status":"closed","ping_status":"closed","template":"","meta":{"_acf_changed":false},"product_brand":[],"product_cat":[17,35],"product_tag":[],"class_list":{"0":"post-1378","1":"product","2":"type-product","3":"status-publish","4":"has-post-thumbnail","6":"product_cat-wholesale-lunch-boxes","7":"product_cat-stainless-steel-lunch-box-manufacturer","9":"first","10":"instock","11":"shipping-taxable","12":"product-type-simple"},"acf":[],"_links":{"self":[{"href":"https:\/\/www.xhplasticlife.com\/fr\/wp-json\/wp\/v2\/product\/1378","targetHints":{"allow":["GET"]}}],"collection":[{"href":"https:\/\/www.xhplasticlife.com\/fr\/wp-json\/wp\/v2\/product"}],"about":[{"href":"https:\/\/www.xhplasticlife.com\/fr\/wp-json\/wp\/v2\/types\/product"}],"replies":[{"embeddable":true,"href":"https:\/\/www.xhplasticlife.com\/fr\/wp-json\/wp\/v2\/comments?post=1378"}],"wp:featuredmedia":[{"embeddable":true,"href":"https:\/\/www.xhplasticlife.com\/fr\/wp-json\/wp\/v2\/media\/1384"}],"wp:attachment":[{"href":"https:\/\/www.xhplasticlife.com\/fr\/wp-json\/wp\/v2\/media?parent=1378"}],"wp:term":[{"taxonomy":"product_brand","embeddable":true,"href":"https:\/\/www.xhplasticlife.com\/fr\/wp-json\/wp\/v2\/product_brand?post=1378"},{"taxonomy":"product_cat","embeddable":true,"href":"https:\/\/www.xhplasticlife.com\/fr\/wp-json\/wp\/v2\/product_cat?post=1378"},{"taxonomy":"product_tag","embeddable":true,"href":"https:\/\/www.xhplasticlife.com\/fr\/wp-json\/wp\/v2\/product_tag?post=1378"}],"curies":[{"name":"wp","href":"https:\/\/api.w.org\/{rel}","templated":true}]}}